{"id":3357,"date":"2025-04-05T16:41:52","date_gmt":"2025-04-05T16:41:52","guid":{"rendered":"https:\/\/babypillowwholesale.com\/?post_type=product&#038;p=3357"},"modified":"2025-06-08T11:33:56","modified_gmt":"2025-06-08T11:33:56","slug":"cartoon-infant-pillow","status":"publish","type":"product","link":"https:\/\/babypillowwholesale.com\/hu\/product\/cartoon-infant-pillow\/","title":{"rendered":"Cartoon csecsem\u0151 p\u00e1rna"},"content":{"rendered":"<div class=\"auto-hide-last-sibling-br paragraph-qzbcQC paragraph-element br-paragraph-space\" data-immersive-translate-walked=\"8e61f2e7-6af2-46e5-9672-3b9e4f4033d9\" data-immersive-translate-paragraph=\"1\">\n<div class=\"auto-hide-last-sibling-br paragraph-qzbcQC paragraph-element br-paragraph-space\">\n<div class=\"auto-hide-last-sibling-br paragraph-qzbcQC paragraph-element br-paragraph-space\">\n<div class=\"auto-hide-last-sibling-br paragraph-qzbcQC paragraph-element br-paragraph-space\">\n<div class=\"auto-hide-last-sibling-br paragraph-qzbcQC paragraph-element br-paragraph-space\">\n<div class=\"auto-hide-last-sibling-br paragraph-qzbcQC paragraph-element br-paragraph-space\">\n<div class=\"auto-hide-last-sibling-br paragraph-qzbcQC paragraph-element br-paragraph-space\">\n<div class=\"auto-hide-last-sibling-br paragraph-qzbcQC paragraph-element br-paragraph-space\">\n<div class=\"auto-hide-last-sibling-br paragraph-qzbcQC paragraph-element br-paragraph-space\">\n<div class=\"auto-hide-last-sibling-br paragraph-qzbcQC paragraph-element br-paragraph-space\">\n<div class=\"auto-hide-last-sibling-br paragraph-qzbcQC paragraph-element br-paragraph-space\">\n<div class=\"auto-hide-last-sibling-br paragraph-qzbcQC paragraph-element br-paragraph-space\">\n<div class=\"auto-hide-last-sibling-br paragraph-qzbcQC paragraph-element br-paragraph-space\">\n<div class=\"auto-hide-last-sibling-br paragraph-qzbcQC paragraph-element br-paragraph-space\">\n<div class=\"auto-hide-last-sibling-br paragraph-qzbcQC paragraph-element br-paragraph-space\">\n<div class=\"auto-hide-last-sibling-br paragraph-qzbcQC paragraph-element br-paragraph-space\">\n<div class=\"auto-hide-last-sibling-br paragraph-qzbcQC paragraph-element br-paragraph-space\">\n<div class=\"auto-hide-last-sibling-br paragraph-qzbcQC paragraph-element br-paragraph-space\">Bemutatjuk a Cartoon Infant Pillow-t, egy b\u00e1jos alv\u00f3t\u00e1rsat, amelyet kifejezetten 1-3 \u00e9ves kor\u00fa gyermekek sz\u00e1m\u00e1ra k\u00e9sz\u00edtettek. Ez a p\u00e1rna egy kapu a h\u00f3bortos vil\u00e1gba, k\u00e9t ellen\u00e1llhatatlanul aranyos rajzfilmfigur\u00e1val. A r\u00f3zsasz\u00edn p\u00e1rna egy Szerelmes nyuszit mutat be, nagy, kifejez\u0151 szemekkel \u00e9s kedves, bar\u00e1ts\u00e1gos mosollyal, m\u00edg a k\u00e9k p\u00e1rna egy Tigrist \u00e1br\u00e1zol, amely j\u00e1t\u00e9kos b\u00e1jt sug\u00e1roz.<\/div>\n<p>&nbsp;<\/p>\n<div class=\"auto-hide-last-sibling-br paragraph-qzbcQC paragraph-element br-paragraph-space\">M\u00e9r\u00e9s 40*<em>24*<\/em>3CM, szak\u00e9rt\u0151 m\u00f3don \u00fagy tervezt\u00e9k, hogy optim\u00e1lis t\u00e1mogat\u00e1st ny\u00fajtson gyermeke fej\u00e9nek \u00e9s nyak\u00e1nak. Ahogy beb\u00fajik \u00e9jszak\u00e1ra, a p\u00e1rna gyeng\u00e9den b\u00f6lcs\u0151zi \u0151ket, el\u0151seg\u00edtve a k\u00e9nyelmes \u00e9s eg\u00e9szs\u00e9ges alv\u00e1si testtart\u00e1st. Pomp\u00e1san puha anyagokb\u00f3l k\u00e9sz\u00fclt, b\u00e1rsonyos - sima tapint\u00e1s\u00fa, amely megnyugtatja a kisgyermeket, \u00e9s a nyugalom fellegv\u00e1r\u00e1t teremti meg a pihentet\u0151 alv\u00e1shoz.<\/div>\n<p>&nbsp;<\/p>\n<div class=\"auto-hide-last-sibling-br paragraph-qzbcQC paragraph-element br-paragraph-space\">Ezek a p\u00e1rn\u00e1k nem csak funkcion\u00e1lisak, hanem \u00e9l\u00e9nk kieg\u00e9sz\u00edt\u0151i b\u00e1rmelyik gyerekszob\u00e1nak. A r\u00f3zsasz\u00edn \u00e9s a k\u00e9k kontrasztos sz\u00ednei a b\u00e1jos figur\u00e1kkal p\u00e1rosulva vid\u00e1ms\u00e1got \u00e9s szem\u00e9lyis\u00e9get k\u00f6lcs\u00f6n\u00f6znek. K\u00e9pzelje el gyermek\u00e9t lefekv\u00e9skor, ahogy felcsillan a szeme, mik\u00f6zben v\u00e1laszt szeretett Szerelmes nyuszija vagy b\u00e1tor Tigrise k\u00f6z\u00fcl. Ez t\u00f6bb lesz, mint egy egyszer\u0171 p\u00e1rna; a k\u00e9nyelem, a biztons\u00e1g \u00e9s a k\u00e9pzelet forr\u00e1sa. Napk\u00f6zben ezek a p\u00e1rn\u00e1k \u00e1talakulhatnak j\u00e1t\u00e9k kell\u00e9keiv\u00e9, csatlakozhatnak a sz\u00ednlelt kalandokhoz, vagy puha helyet biztos\u00edthatnak a nappali padl\u00f3j\u00e1n r\u00f6gt\u00f6nz\u00f6tt szundik\u00e1l\u00e1shoz.<\/div>\n<p>&nbsp;<\/p>\n<div class=\"auto-hide-last-sibling-br paragraph-qzbcQC paragraph-element br-paragraph-space\">A sz\u00fcl\u0151k tele vannak dics\u00e9rettel ezekr\u0151l a b\u00e1jos p\u00e1rn\u00e1kr\u00f3l. \"A 2 \u00e9ves kisfiam megsz\u00e1llottja ezeknek a rajzfilmes csecsem\u0151p\u00e1rn\u00e1knak! Im\u00e1dj\u00e1k kiv\u00e1lasztani, hogy melyik\u00fckkel alszanak minden este. A puhas\u00e1guk elk\u00e9peszt\u0151, \u00e9s az aranyos mint\u00e1k sokkal sz\u00f3rakoztat\u00f3bb\u00e1 teszik az alv\u00e1sid\u0151t\" - osztotta meg egy vid\u00e1m anyuka. Egy apuka hozz\u00e1tette: \"Im\u00e1djuk, ahogy ezek a p\u00e1rn\u00e1k karaktert k\u00f6lcs\u00f6n\u00f6znek a gyermek\u00fcnk szob\u00e1j\u00e1nak. Tart\u00f3sak is, kib\u00edrj\u00e1k az \u00f6lelkez\u00e9seket \u00e9s a durvas\u00e1gokat. Nagyszer\u0171 tal\u00e1lat!\"<\/div>\n<p>&nbsp;<\/p>\n<div class=\"auto-hide-last-sibling-br paragraph-qzbcQC paragraph-element br-paragraph-space\">A Cartoon Infant Pillow l\u00e9nyeg\u00e9ben a k\u00e9nyelem, a cukis\u00e1g \u00e9s a funkcionalit\u00e1s harmonikus kever\u00e9ke. Ez nem csak egy \u00e1gynem\u0171, hanem gyermeke mindennapjainak megbecs\u00fclt r\u00e9sze, amely minden pillanatot egy kis rajzfilm ihlette var\u00e1zslattal t\u00f6lt meg.<\/div>\n<\/div>\n<\/div>\n<\/div>\n<\/div>\n<\/div>\n<\/div>\n<\/div>\n<\/div>\n<\/div>\n<\/div>\n<\/div>\n<\/div>\n<\/div>\n<\/div>\n<\/div>\n<\/div>\n<\/div>","protected":false},"excerpt":{"rendered":"<div class=\"container-QE4ayg\">\n<div class=\"item-jU10IN\">\n<div class=\"container-jODEnh chrome70-container\">\n<div class=\"inner-eE95c9 inner-item-aL3Ui_\" data-target-id=\"message-box-target-id\" data-testid=\"union_message\">\n<div class=\"message-block-container-liuetz\" data-testid=\"message-block-container\">\n<div class=\"message-box-ZWbBdF\" data-testid=\"receive_message\">\n<div class=\"message-box-content-wrapper-srHdUj\">\n<div class=\"message-content message-box-content-otxGGw receive-message-box-content-_lREFj samantha-message-box-content-Qjmpja\" data-testid=\"message_content\">\n<div class=\"container-hfX5E8 flow-markdown-body theme-samantha-yJEgBp\" dir=\"ltr\" data-testid=\"message_text_content\" data-show-indicator=\"false\">\n<div class=\"auto-hide-last-sibling-br paragraph-qzbcQC paragraph-element br-paragraph-space\">\n<div class=\"container-QE4ayg\">\n<div class=\"item-jU10IN\">\n<div class=\"container-jODEnh chrome70-container\">\n<div class=\"inner-eE95c9 inner-item-aL3Ui_\" data-target-id=\"message-box-target-id\" data-testid=\"union_message\">\n<div class=\"message-block-container-liuetz\" data-testid=\"message-block-container\">\n<div class=\"message-box-ZWbBdF\" data-testid=\"receive_message\">\n<div class=\"message-box-content-wrapper-srHdUj\">\n<div class=\"message-content message-box-content-otxGGw receive-message-box-content-_lREFj samantha-message-box-content-Qjmpja\" data-testid=\"message_content\">\n<div class=\"container-hfX5E8 flow-markdown-body theme-samantha-yJEgBp\" dir=\"ltr\" data-testid=\"message_text_content\" data-show-indicator=\"false\">\n<div class=\"auto-hide-last-sibling-br paragraph-qzbcQC paragraph-element br-paragraph-space\">A Cartoon Infant Pillow egy b\u00e1jos alv\u00e1si kieg\u00e9sz\u00edt\u0151, amelyet 1-3 \u00e9ves kor\u00fa gyermekek sz\u00e1m\u00e1ra terveztek. Kialak\u00edt\u00e1s\u00e1ban k\u00e9t im\u00e1dnival\u00f3 rajzfilmfigura l\u00e1that\u00f3 - a r\u00f3zsasz\u00edn p\u00e1rn\u00e1n egy szerelmes nyuszi, a k\u00e9k p\u00e1rn\u00e1n pedig egy tigris, mindkett\u0151 k\u00fcl\u00f6n\u00e1ll\u00f3 \u00e9s kedves arckifejez\u00e9ssel. M\u00e9rete 40*<em>24*<\/em>3CM, megfelel\u0151 al\u00e1t\u00e1maszt\u00e1st ny\u00fajt a gyermek fej\u00e9nek \u00e9s nyak\u00e1nak alv\u00e1s k\u00f6zben. Puha anyagokb\u00f3l k\u00e9sz\u00fclt, gyeng\u00e9d \u00e9s k\u00e9nyelmes tapint\u00e1st biztos\u00edt. Ezek a p\u00e1rn\u00e1k nem csak a k\u00e9nyelmes alv\u00e1st seg\u00edtik biztos\u00edtani a kisgyermeke sz\u00e1m\u00e1ra, hanem egy kis vid\u00e1ms\u00e1got \u00e9s sz\u00ednt is adnak a h\u00e1l\u00f3szob\u00e1juknak, \u00edgy \u00e9lvezetesebb\u00e9 t\u00e9ve a lefekv\u00e9st. A k\u00fcl\u00f6nb\u00f6z\u0151 sz\u00edn- \u00e9s karakterv\u00e1laszt\u00e9k lehet\u0151v\u00e9 teszi a szem\u00e9lyre szab\u00e1st, gyermeke preferenci\u00e1inak megfelel\u0151en.<\/div>\n<\/div>\n<\/div>\n<\/div>\n<\/div>\n<\/div>\n<\/div>\n<\/div>\n<\/div>\n<\/div>\n<\/div>\n<\/div>\n<\/div>\n<\/div>\n<\/div>\n<\/div>\n<\/div>\n<\/div>\n<\/div>\n<\/div>","protected":false},"featured_media":3358,"comment_status":"open","ping_status":"closed","template":"","meta":{"_uag_custom_page_level_css":"","site-sidebar-layout":"default","site-content-layout":"","ast-site-content-layout":"default","site-content-style":"default","site-sidebar-style":"default","ast-global-header-display":"","ast-banner-title-visibility":"","ast-main-header-display":"","ast-hfb-above-header-display":"","ast-hfb-below-header-display":"","ast-hfb-mobile-header-display":"","site-post-title":"","ast-breadcrumbs-content":"","ast-featured-img":"","footer-sml-layout":"","ast-disable-related-posts":"","theme-transparent-header-meta":"default","adv-header-id-meta":"","stick-header-meta":"","header-above-stick-meta":"","header-main-stick-meta":"","header-below-stick-meta":"","astra-migrate-meta-layouts":"set","ast-page-background-enabled":"default","ast-page-background-meta":{"desktop":{"background-color":"","background-image":"","background-repeat":"repeat","background-position":"center center","background-size":"auto","background-attachment":"scroll","background-type":"","background-media":"","overlay-type":"","overlay-color":"","overlay-opacity":"","overlay-gradient":""},"tablet":{"background-color":"","background-image":"","background-repeat":"repeat","background-position":"center center","background-size":"auto","background-attachment":"scroll","background-type":"","background-media":"","overlay-type":"","overlay-color":"","overlay-opacity":"","overlay-gradient":""},"mobile":{"background-color":"","background-image":"","background-repeat":"repeat","background-position":"center center","background-size":"auto","background-attachment":"scroll","background-type":"","background-media":"","overlay-type":"","overlay-color":"","overlay-opacity":"","overlay-gradient":""}},"ast-content-background-meta":{"desktop":{"background-color":"var(--ast-global-color-5)","background-image":"","background-repeat":"repeat","background-position":"center center","background-size":"auto","background-attachment":"scroll","background-type":"","background-media":"","overlay-type":"","overlay-color":"","overlay-opacity":"","overlay-gradient":""},"tablet":{"background-color":"var(--ast-global-color-5)","background-image":"","background-repeat":"repeat","background-position":"center center","background-size":"auto","background-attachment":"scroll","background-type":"","background-media":"","overlay-type":"","overlay-color":"","overlay-opacity":"","overlay-gradient":""},"mobile":{"background-color":"var(--ast-global-color-5)","background-image":"","background-repeat":"repeat","background-position":"center center","background-size":"auto","background-attachment":"scroll","background-type":"","background-media":"","overlay-type":"","overlay-color":"","overlay-opacity":"","overlay-gradient":""}}},"product_brand":[],"product_cat":[56,42],"product_tag":[70,68,71,69],"class_list":{"0":"post-3357","1":"product","2":"type-product","3":"status-publish","4":"has-post-thumbnail","6":"product_cat-1-to-3-years","7":"product_cat-merchandise","8":"product_tag-babypillow","9":"product_tag-cuteanimalpillow","10":"product_tag-headshapesupport","11":"product_tag-kouniushapingpillow","12":"desktop-align-left","13":"tablet-align-left","14":"mobile-align-left","16":"first","17":"instock","18":"shipping-taxable","19":"product-type-simple"},"aioseo_notices":[],"uagb_featured_image_src":{"full":["https:\/\/babypillowwholesale.com\/wp-content\/uploads\/2025\/04\/\u4ea7\u54c1\u4e3b\u56fe-10.jpg",1000,1000,false],"thumbnail":["https:\/\/babypillowwholesale.com\/wp-content\/uploads\/2025\/04\/\u4ea7\u54c1\u4e3b\u56fe-10-150x150.jpg",150,150,true],"medium":["https:\/\/babypillowwholesale.com\/wp-content\/uploads\/2025\/04\/\u4ea7\u54c1\u4e3b\u56fe-10-300x300.jpg",300,300,true],"medium_large":["https:\/\/babypillowwholesale.com\/wp-content\/uploads\/2025\/04\/\u4ea7\u54c1\u4e3b\u56fe-10-768x768.jpg",768,768,true],"large":["https:\/\/babypillowwholesale.com\/wp-content\/uploads\/2025\/04\/\u4ea7\u54c1\u4e3b\u56fe-10.jpg",1000,1000,false],"1536x1536":["https:\/\/babypillowwholesale.com\/wp-content\/uploads\/2025\/04\/\u4ea7\u54c1\u4e3b\u56fe-10.jpg",1000,1000,false],"2048x2048":["https:\/\/babypillowwholesale.com\/wp-content\/uploads\/2025\/04\/\u4ea7\u54c1\u4e3b\u56fe-10.jpg",1000,1000,false],"trp-custom-language-flag":["https:\/\/babypillowwholesale.com\/wp-content\/uploads\/2025\/04\/\u4ea7\u54c1\u4e3b\u56fe-10.jpg",12,12,false],"woocommerce_thumbnail":["https:\/\/babypillowwholesale.com\/wp-content\/uploads\/2025\/04\/\u4ea7\u54c1\u4e3b\u56fe-10-300x300.jpg",300,300,true],"woocommerce_single":["https:\/\/babypillowwholesale.com\/wp-content\/uploads\/2025\/04\/\u4ea7\u54c1\u4e3b\u56fe-10-600x600.jpg",600,600,true],"woocommerce_gallery_thumbnail":["https:\/\/babypillowwholesale.com\/wp-content\/uploads\/2025\/04\/\u4ea7\u54c1\u4e3b\u56fe-10-100x100.jpg",100,100,true]},"uagb_author_info":{"display_name":"Etnen zhong","author_link":"https:\/\/babypillowwholesale.com\/hu\/author\/"},"uagb_comment_info":0,"uagb_excerpt":"The Cartoon Infant Pillow is a charming sleep accessory designed for children aged 1 - 3 years. Its design features two adorable cartoon characters - a Love Bunny on the pink pillow and a Tiger on the blue one, each with a distinct and endearing expression. Measuring 40*24*3CM, it provides suitable support for a child's&hellip;","jetpack_sharing_enabled":true,"_links":{"self":[{"href":"https:\/\/babypillowwholesale.com\/hu\/wp-json\/wp\/v2\/product\/3357","targetHints":{"allow":["GET"]}}],"collection":[{"href":"https:\/\/babypillowwholesale.com\/hu\/wp-json\/wp\/v2\/product"}],"about":[{"href":"https:\/\/babypillowwholesale.com\/hu\/wp-json\/wp\/v2\/types\/product"}],"replies":[{"embeddable":true,"href":"https:\/\/babypillowwholesale.com\/hu\/wp-json\/wp\/v2\/comments?post=3357"}],"wp:featuredmedia":[{"embeddable":true,"href":"https:\/\/babypillowwholesale.com\/hu\/wp-json\/wp\/v2\/media\/3358"}],"wp:attachment":[{"href":"https:\/\/babypillowwholesale.com\/hu\/wp-json\/wp\/v2\/media?parent=3357"}],"wp:term":[{"taxonomy":"product_brand","embeddable":true,"href":"https:\/\/babypillowwholesale.com\/hu\/wp-json\/wp\/v2\/product_brand?post=3357"},{"taxonomy":"product_cat","embeddable":true,"href":"https:\/\/babypillowwholesale.com\/hu\/wp-json\/wp\/v2\/product_cat?post=3357"},{"taxonomy":"product_tag","embeddable":true,"href":"https:\/\/babypillowwholesale.com\/hu\/wp-json\/wp\/v2\/product_tag?post=3357"}],"curies":[{"name":"wp","href":"https:\/\/api.w.org\/{rel}","templated":true}]}}