{"id":3345,"date":"2025-04-05T16:15:39","date_gmt":"2025-04-05T16:15:39","guid":{"rendered":"https:\/\/babypillowwholesale.com\/?post_type=product&#038;p=3345"},"modified":"2025-06-08T11:45:40","modified_gmt":"2025-06-08T11:45:40","slug":"happy-moments-soothing-pillow","status":"publish","type":"product","link":"https:\/\/babypillowwholesale.com\/hu\/product\/happy-moments-soothing-pillow\/","title":{"rendered":"Happy Moments nyugtat\u00f3 p\u00e1rna"},"content":{"rendered":"<div class=\"auto-hide-last-sibling-br paragraph-qzbcQC paragraph-element br-paragraph-space\" data-immersive-translate-walked=\"8e61f2e7-6af2-46e5-9672-3b9e4f4033d9\" data-immersive-translate-paragraph=\"1\">\n<div class=\"auto-hide-last-sibling-br paragraph-qzbcQC paragraph-element br-paragraph-space\">\n<div class=\"auto-hide-last-sibling-br paragraph-qzbcQC paragraph-element br-paragraph-space\">\n<div class=\"auto-hide-last-sibling-br paragraph-qzbcQC paragraph-element br-paragraph-space\">\n<div class=\"auto-hide-last-sibling-br paragraph-qzbcQC paragraph-element br-paragraph-space\">\n<div class=\"auto-hide-last-sibling-br paragraph-qzbcQC paragraph-element br-paragraph-space\">\n<div class=\"auto-hide-last-sibling-br paragraph-qzbcQC paragraph-element br-paragraph-space\">\n<div class=\"auto-hide-last-sibling-br paragraph-qzbcQC paragraph-element br-paragraph-space\">\n<div class=\"auto-hide-last-sibling-br paragraph-qzbcQC paragraph-element br-paragraph-space\">\n<div class=\"auto-hide-last-sibling-br paragraph-qzbcQC paragraph-element br-paragraph-space\">\n<div class=\"auto-hide-last-sibling-br paragraph-qzbcQC paragraph-element br-paragraph-space\">\n<div class=\"auto-hide-last-sibling-br paragraph-qzbcQC paragraph-element br-paragraph-space\">\n<div class=\"auto-hide-last-sibling-br paragraph-qzbcQC paragraph-element br-paragraph-space\">\n<div class=\"auto-hide-last-sibling-br paragraph-qzbcQC paragraph-element br-paragraph-space\">\n<div class=\"auto-hide-last-sibling-br paragraph-qzbcQC paragraph-element br-paragraph-space\">Bemutatjuk a Happy Moments nyugtat\u00f3 p\u00e1rn\u00e1t, amely b\u00e1jos \u00e9s n\u00e9lk\u00fcl\u00f6zhetetlen kieg\u00e9sz\u00edt\u0151je az 1-3 \u00e9ves kor\u00fa gyermekek alv\u00e1si rutinj\u00e1nak. Ez a p\u00e1rna a vid\u00e1ms\u00e1g jelz\u0151f\u00e9nye, egy aranyos, mosolyg\u00f3s arccal d\u00edsz\u00edtve, amely melegs\u00e9get \u00e9s k\u00e9nyelmet sug\u00e1roz, \u00e9s azonnal feldobja b\u00e1rmelyik gyerekszob\u00e1t.<\/div>\n<p>&nbsp;<\/p>\n<div class=\"auto-hide-last-sibling-br paragraph-qzbcQC paragraph-element br-paragraph-space\">M\u00e9r\u00e9s 40*<em>24*<\/em>3CM, szakszer\u0171en megmunk\u00e1lt, hogy optim\u00e1lis t\u00e1mogat\u00e1st ny\u00fajtson gyermeke fej\u00e9nek \u00e9s nyak\u00e1nak. Mik\u00f6zben elalszik, a p\u00e1rna gyeng\u00e9den b\u00f6lcs\u0151zi \u0151t, biztos\u00edtva a k\u00e9nyelmes \u00e9s eg\u00e9szs\u00e9ges alv\u00e1si testtart\u00e1st. Pomp\u00e1san puha anyagokb\u00f3l k\u00e9sz\u00fclt, b\u00e1rsonyos - sima tapint\u00e1s\u00fa, amely megnyugtatja a kisgyermeket, \u00e9s a nyugalom fellegv\u00e1r\u00e1t teremti meg a pihentet\u0151 alv\u00e1shoz.<\/div>\n<p>&nbsp;<\/p>\n<div class=\"auto-hide-last-sibling-br paragraph-qzbcQC paragraph-element br-paragraph-space\">A r\u00f3zsasz\u00edn \u00e9s a k\u00e9k l\u00e1gy, h\u00edvogat\u00f3 \u00e1rnyalataiban kaphat\u00f3, k\u00f6nnyed\u00e9n kieg\u00e9sz\u00edti a gyerekszoba b\u00e1rmelyik dekor\u00e1ci\u00f3j\u00e1t, sz\u00ednt \u00e9s b\u00e1jt adva hozz\u00e1. K\u00e9pzelje el gyermek\u00e9t lefekv\u00e9skor, amint a Happy Moments nyugtat\u00f3 p\u00e1rn\u00e1hoz b\u00fajik. Megb\u00edzhat\u00f3 bar\u00e1tj\u00e1v\u00e1 v\u00e1lik, biztons\u00e1g\u00e9rzetet \u00e9s k\u00e9nyelmet ny\u00fajtva, ami seg\u00edt neki k\u00f6nnyed\u00e9n elaludni. A lefekv\u00e9sen t\u00fal, napk\u00f6zben pedig j\u00e1tsz\u00f3pajt\u00e1ss\u00e1 alakul \u00e1t. Ak\u00e1r fant\u00e1ziad\u00fas j\u00e1t\u00e9kokat j\u00e1tszik gyermeke, ak\u00e1r egyszer\u0171en csak egy puha helyre van sz\u00fcks\u00e9ge, ahol megpihenhet egy f\u00e1radt pillanatban, ez a p\u00e1rna ott van, k\u00e9szen arra, hogy k\u00e9nyelmet \u00e9s t\u00e1rsas\u00e1got ny\u00fajtson.<\/div>\n<p>&nbsp;<\/p>\n<div class=\"auto-hide-last-sibling-br paragraph-qzbcQC paragraph-element br-paragraph-space\">A sz\u00fcl\u0151k \u00e1radozva dics\u00e9rik ezt az elragad\u00f3 p\u00e1rn\u00e1t. \"A 2 \u00e9ves kisfiam mindig felragyog, amikor megl\u00e1tja a Happy Moments p\u00e1rn\u00e1t. Ez lett a kedvenc\u00fck, amivel \u00f6sszeb\u00fajnak \u00e9jszaka \u00e9s alv\u00e1s k\u00f6zben. A puhas\u00e1ga csod\u00e1latos, \u00e9s az aranyos diz\u00e1jn igazi nyer\u0151\" - osztotta meg egy vid\u00e1m anyuka. Egy apuka hozz\u00e1tette: \"Im\u00e1djuk, hogy pozit\u00edv hangulatot k\u00f6lcs\u00f6n\u00f6z a gyermek\u00fcnk szob\u00e1j\u00e1nak. Tart\u00f3s is, kib\u00edrja a sok \u00f6lel\u00e9st \u00e9s szor\u00edt\u00e1st. Ez t\u00e9nyleg egy must - have ennek a koroszt\u00e1lynak\".<\/div>\n<p>&nbsp;<\/p>\n<div class=\"auto-hide-last-sibling-br paragraph-qzbcQC paragraph-element br-paragraph-space\">A Happy Moments nyugtat\u00f3 p\u00e1rna l\u00e9nyeg\u00e9ben t\u00f6bb, mint egy egyszer\u0171 p\u00e1rna; a boldogs\u00e1g, a k\u00e9nyelem \u00e9s a biztons\u00e1g forr\u00e1sa, amely gyermeke 1-3 \u00e9ves kor\u00e1nak minden \u00e9rt\u00e9kes pillanat\u00e1t gazdag\u00edtja.<\/div>\n<\/div>\n<\/div>\n<\/div>\n<\/div>\n<\/div>\n<\/div>\n<\/div>\n<\/div>\n<\/div>\n<\/div>\n<\/div>\n<\/div>\n<\/div>\n<\/div>","protected":false},"excerpt":{"rendered":"<div class=\"container-QE4ayg\">\n<div class=\"item-jU10IN\">\n<div class=\"container-jODEnh chrome70-container\">\n<div class=\"inner-eE95c9 inner-item-aL3Ui_\" data-target-id=\"message-box-target-id\" data-testid=\"union_message\">\n<div class=\"message-block-container-liuetz\" data-testid=\"message-block-container\">\n<div class=\"message-box-ZWbBdF\" data-testid=\"receive_message\">\n<div class=\"message-box-content-wrapper-srHdUj\">\n<div class=\"message-content message-box-content-otxGGw receive-message-box-content-_lREFj samantha-message-box-content-Qjmpja\" data-testid=\"message_content\">\n<div class=\"container-hfX5E8 flow-markdown-body theme-samantha-yJEgBp\" dir=\"ltr\" data-testid=\"message_text_content\" data-show-indicator=\"false\">\n<div class=\"auto-hide-last-sibling-br paragraph-qzbcQC paragraph-element br-paragraph-space\">\n<div class=\"container-QE4ayg\">\n<div class=\"item-jU10IN\">\n<div class=\"container-jODEnh chrome70-container\">\n<div class=\"inner-eE95c9 inner-item-aL3Ui_\" data-target-id=\"message-box-target-id\" data-testid=\"union_message\">\n<div class=\"message-block-container-liuetz\" data-testid=\"message-block-container\">\n<div class=\"message-box-ZWbBdF\" data-testid=\"receive_message\">\n<div class=\"message-box-content-wrapper-srHdUj\">\n<div class=\"message-content message-box-content-otxGGw receive-message-box-content-_lREFj samantha-message-box-content-Qjmpja\" data-testid=\"message_content\">\n<div class=\"container-hfX5E8 flow-markdown-body theme-samantha-yJEgBp\" dir=\"ltr\" data-testid=\"message_text_content\" data-show-indicator=\"false\">\n<div class=\"auto-hide-last-sibling-br paragraph-qzbcQC paragraph-element br-paragraph-space\">A Happy Moments nyugtat\u00f3 p\u00e1rna egy kellemes alv\u00e1sid\u0151h\u00f6z sz\u00fcks\u00e9ges, 1-3 \u00e9ves kor\u00fa gyermekek sz\u00e1m\u00e1ra kifejlesztett p\u00e1rna. Kialak\u00edt\u00e1sa egy aranyos \u00e9s vid\u00e1m arcot \u00e1br\u00e1zol, amely \u00f6r\u00f6m\u00f6t \u00e9s k\u00e9nyelmet sug\u00e1roz. M\u00e9retei 40*<em>24*<\/em>3CM, megfelel\u0151 al\u00e1t\u00e1maszt\u00e1st biztos\u00edt a gyermek feje \u00e9s nyaka sz\u00e1m\u00e1ra alv\u00e1s k\u00f6zben. Puha anyagokb\u00f3l k\u00e9sz\u00fclt, gyeng\u00e9d \u00e9s k\u00e9nyelmes tapint\u00e1st biztos\u00edt, biztos\u00edtva a pihentet\u0151 alv\u00e1st. R\u00f3zsasz\u00edn \u00e9s k\u00e9k sz\u00ednben kaphat\u00f3, \u00edgy k\u00fcl\u00f6nb\u00f6z\u0151 gyerekszobai dekor\u00e1ci\u00f3khoz illeszkedik. Ez a p\u00e1rna nem csak seg\u00edt gyermek\u00e9nek a k\u00f6nny\u0171 elalv\u00e1sban, hanem megnyugtat\u00f3 t\u00e1rsk\u00e9nt is szolg\u00e1l j\u00e1t\u00e9kid\u0151ben, vagy amikor biztons\u00e1g\u00e9rzetre van sz\u00fcks\u00e9ge, \u00edgy csod\u00e1latos kieg\u00e9sz\u00edt\u0151je az alv\u00e1shoz \u00e9s j\u00e1t\u00e9khoz sz\u00fcks\u00e9ges alapvet\u0151 felszerel\u00e9seknek.<\/div>\n<\/div>\n<\/div>\n<\/div>\n<\/div>\n<\/div>\n<\/div>\n<\/div>\n<\/div>\n<\/div>\n<\/div>\n<\/div>\n<\/div>\n<\/div>\n<\/div>\n<\/div>\n<\/div>\n<\/div>\n<\/div>\n<\/div>","protected":false},"featured_media":3346,"comment_status":"open","ping_status":"closed","template":"","meta":{"_uag_custom_page_level_css":"","site-sidebar-layout":"default","site-content-layout":"","ast-site-content-layout":"default","site-content-style":"default","site-sidebar-style":"default","ast-global-header-display":"","ast-banner-title-visibility":"","ast-main-header-display":"","ast-hfb-above-header-display":"","ast-hfb-below-header-display":"","ast-hfb-mobile-header-display":"","site-post-title":"","ast-breadcrumbs-content":"","ast-featured-img":"","footer-sml-layout":"","ast-disable-related-posts":"","theme-transparent-header-meta":"default","adv-header-id-meta":"","stick-header-meta":"","header-above-stick-meta":"","header-main-stick-meta":"","header-below-stick-meta":"","astra-migrate-meta-layouts":"set","ast-page-background-enabled":"default","ast-page-background-meta":{"desktop":{"background-color":"","background-image":"","background-repeat":"repeat","background-position":"center center","background-size":"auto","background-attachment":"scroll","background-type":"","background-media":"","overlay-type":"","overlay-color":"","overlay-opacity":"","overlay-gradient":""},"tablet":{"background-color":"","background-image":"","background-repeat":"repeat","background-position":"center center","background-size":"auto","background-attachment":"scroll","background-type":"","background-media":"","overlay-type":"","overlay-color":"","overlay-opacity":"","overlay-gradient":""},"mobile":{"background-color":"","background-image":"","background-repeat":"repeat","background-position":"center center","background-size":"auto","background-attachment":"scroll","background-type":"","background-media":"","overlay-type":"","overlay-color":"","overlay-opacity":"","overlay-gradient":""}},"ast-content-background-meta":{"desktop":{"background-color":"var(--ast-global-color-5)","background-image":"","background-repeat":"repeat","background-position":"center center","background-size":"auto","background-attachment":"scroll","background-type":"","background-media":"","overlay-type":"","overlay-color":"","overlay-opacity":"","overlay-gradient":""},"tablet":{"background-color":"var(--ast-global-color-5)","background-image":"","background-repeat":"repeat","background-position":"center center","background-size":"auto","background-attachment":"scroll","background-type":"","background-media":"","overlay-type":"","overlay-color":"","overlay-opacity":"","overlay-gradient":""},"mobile":{"background-color":"var(--ast-global-color-5)","background-image":"","background-repeat":"repeat","background-position":"center center","background-size":"auto","background-attachment":"scroll","background-type":"","background-media":"","overlay-type":"","overlay-color":"","overlay-opacity":"","overlay-gradient":""}}},"product_brand":[],"product_cat":[56,42],"product_tag":[70,68,71,69],"class_list":{"0":"post-3345","1":"product","2":"type-product","3":"status-publish","4":"has-post-thumbnail","6":"product_cat-1-to-3-years","7":"product_cat-merchandise","8":"product_tag-babypillow","9":"product_tag-cuteanimalpillow","10":"product_tag-headshapesupport","11":"product_tag-kouniushapingpillow","12":"desktop-align-left","13":"tablet-align-left","14":"mobile-align-left","16":"first","17":"instock","18":"shipping-taxable","19":"product-type-simple"},"aioseo_notices":[],"uagb_featured_image_src":{"full":["https:\/\/babypillowwholesale.com\/wp-content\/uploads\/2025\/04\/1525.jpg",1000,1000,false],"thumbnail":["https:\/\/babypillowwholesale.com\/wp-content\/uploads\/2025\/04\/1525-150x150.jpg",150,150,true],"medium":["https:\/\/babypillowwholesale.com\/wp-content\/uploads\/2025\/04\/1525-300x300.jpg",300,300,true],"medium_large":["https:\/\/babypillowwholesale.com\/wp-content\/uploads\/2025\/04\/1525-768x768.jpg",768,768,true],"large":["https:\/\/babypillowwholesale.com\/wp-content\/uploads\/2025\/04\/1525.jpg",1000,1000,false],"1536x1536":["https:\/\/babypillowwholesale.com\/wp-content\/uploads\/2025\/04\/1525.jpg",1000,1000,false],"2048x2048":["https:\/\/babypillowwholesale.com\/wp-content\/uploads\/2025\/04\/1525.jpg",1000,1000,false],"trp-custom-language-flag":["https:\/\/babypillowwholesale.com\/wp-content\/uploads\/2025\/04\/1525.jpg",12,12,false],"woocommerce_thumbnail":["https:\/\/babypillowwholesale.com\/wp-content\/uploads\/2025\/04\/1525-300x300.jpg",300,300,true],"woocommerce_single":["https:\/\/babypillowwholesale.com\/wp-content\/uploads\/2025\/04\/1525-600x600.jpg",600,600,true],"woocommerce_gallery_thumbnail":["https:\/\/babypillowwholesale.com\/wp-content\/uploads\/2025\/04\/1525-100x100.jpg",100,100,true]},"uagb_author_info":{"display_name":"Etnen zhong","author_link":"https:\/\/babypillowwholesale.com\/hu\/author\/"},"uagb_comment_info":0,"uagb_excerpt":"The Happy Moments Soothing Pillow is a delightful sleep - time essential designed for children aged 1 - 3 years. Its design features a cute and cheerful face, exuding a sense of joy and comfort. With dimensions of 40*24*3CM, it provides proper support for a child's head and neck during sleep. Made from soft materials,&hellip;","jetpack_sharing_enabled":true,"_links":{"self":[{"href":"https:\/\/babypillowwholesale.com\/hu\/wp-json\/wp\/v2\/product\/3345","targetHints":{"allow":["GET"]}}],"collection":[{"href":"https:\/\/babypillowwholesale.com\/hu\/wp-json\/wp\/v2\/product"}],"about":[{"href":"https:\/\/babypillowwholesale.com\/hu\/wp-json\/wp\/v2\/types\/product"}],"replies":[{"embeddable":true,"href":"https:\/\/babypillowwholesale.com\/hu\/wp-json\/wp\/v2\/comments?post=3345"}],"wp:featuredmedia":[{"embeddable":true,"href":"https:\/\/babypillowwholesale.com\/hu\/wp-json\/wp\/v2\/media\/3346"}],"wp:attachment":[{"href":"https:\/\/babypillowwholesale.com\/hu\/wp-json\/wp\/v2\/media?parent=3345"}],"wp:term":[{"taxonomy":"product_brand","embeddable":true,"href":"https:\/\/babypillowwholesale.com\/hu\/wp-json\/wp\/v2\/product_brand?post=3345"},{"taxonomy":"product_cat","embeddable":true,"href":"https:\/\/babypillowwholesale.com\/hu\/wp-json\/wp\/v2\/product_cat?post=3345"},{"taxonomy":"product_tag","embeddable":true,"href":"https:\/\/babypillowwholesale.com\/hu\/wp-json\/wp\/v2\/product_tag?post=3345"}],"curies":[{"name":"wp","href":"https:\/\/api.w.org\/{rel}","templated":true}]}}