{"id":3339,"date":"2025-04-05T02:54:17","date_gmt":"2025-04-05T02:54:17","guid":{"rendered":"https:\/\/babypillowwholesale.com\/?post_type=product&#038;p=3339"},"modified":"2025-06-08T11:49:36","modified_gmt":"2025-06-08T11:49:36","slug":"long-eared-rabbit-infant-pillow","status":"publish","type":"product","link":"https:\/\/babypillowwholesale.com\/hu\/product\/long-eared-rabbit-infant-pillow\/","title":{"rendered":"Hossz\u00fa f\u00fcl\u0171 ny\u00fal csecsem\u0151 p\u00e1rna"},"content":{"rendered":"<div class=\"auto-hide-last-sibling-br paragraph-qzbcQC paragraph-element br-paragraph-space\" data-immersive-translate-walked=\"8e61f2e7-6af2-46e5-9672-3b9e4f4033d9\" data-immersive-translate-paragraph=\"1\">\n<div class=\"auto-hide-last-sibling-br paragraph-qzbcQC paragraph-element br-paragraph-space\">\n<div class=\"auto-hide-last-sibling-br paragraph-qzbcQC paragraph-element br-paragraph-space\">\n<div class=\"auto-hide-last-sibling-br paragraph-qzbcQC paragraph-element br-paragraph-space\">\n<div class=\"auto-hide-last-sibling-br paragraph-qzbcQC paragraph-element br-paragraph-space\">\n<div class=\"auto-hide-last-sibling-br paragraph-qzbcQC paragraph-element br-paragraph-space\">\n<div class=\"auto-hide-last-sibling-br paragraph-qzbcQC paragraph-element br-paragraph-space\">\n<div class=\"auto-hide-last-sibling-br paragraph-qzbcQC paragraph-element br-paragraph-space\">\n<div class=\"auto-hide-last-sibling-br paragraph-qzbcQC paragraph-element br-paragraph-space\">\n<div class=\"auto-hide-last-sibling-br paragraph-qzbcQC paragraph-element br-paragraph-space\">\n<div class=\"auto-hide-last-sibling-br paragraph-qzbcQC paragraph-element br-paragraph-space\">\n<div class=\"auto-hide-last-sibling-br paragraph-qzbcQC paragraph-element br-paragraph-space\">\n<div class=\"auto-hide-last-sibling-br paragraph-qzbcQC paragraph-element br-paragraph-space\">Bemutatjuk a Hossz\u00faf\u00fcl\u0171 ny\u00fal csecsem\u0151p\u00e1rn\u00e1t, egy b\u00e1jos \u00e9s n\u00e9lk\u00fcl\u00f6zhetetlen alv\u00f3t\u00e1rsat 1-3 \u00e9ves kor\u00fa gyermekek sz\u00e1m\u00e1ra. Ez a p\u00e1rna a kedves hossz\u00faf\u00fcl\u0171 ny\u00falb\u00f3l mer\u00edt ihletet, \u00e9s olyan tulajdons\u00e1gokkal b\u00fcszk\u00e9lkedhet, amelyek egyszerre b\u00e1josak \u00e9s elb\u0171v\u00f6l\u0151ek. Hossz\u00fa, fel\u00e1ll\u00f3 f\u00fclei mintha mindig \u00e9berek lenn\u00e9nek, m\u00edg a ragyog\u00f3, kifejez\u0151 szemek \u00e9s az \u00e9desen kipirult arcok ellen\u00e1llhatatlanul aranyos \u00e9s h\u00edvogat\u00f3 megjelen\u00e9st k\u00f6lcs\u00f6n\u00f6znek neki.<\/div>\n<p>&nbsp;<\/p>\n<div class=\"auto-hide-last-sibling-br paragraph-qzbcQC paragraph-element br-paragraph-space\">M\u00e9r\u00e9s 40*<em>24*<\/em>3CM, apr\u00f3l\u00e9kosan \u00fagy tervezt\u00e9k, hogy a megfelel\u0151 mennyis\u00e9g\u0171 t\u00e1mogat\u00e1st ny\u00fajtsa gyermeke fej\u00e9nek \u00e9s nyak\u00e1nak. Ahogy a kicsi lefekszik aludni, a p\u00e1rna gyeng\u00e9den b\u00f6lcs\u0151zi \u0151t, el\u0151seg\u00edtve a k\u00e9nyelmes \u00e9s eg\u00e9szs\u00e9ges alv\u00e1si testtart\u00e1st, amely seg\u00edt biztos\u00edtani a pihentet\u0151 \u00e9jszak\u00e1t. A pl\u00fcss, b\u0151rbar\u00e1t anyagokb\u00f3l k\u00e9sz\u00fclt p\u00e1rna b\u00e1rsonyosan puha tapint\u00e1s\u00fa, mint egy gyeng\u00e9d \u00f6lel\u00e9s, \u00e9s olyan k\u00e9nyelmes mened\u00e9ket teremt, amely gyermek\u00e9t b\u00e9k\u00e9s \u00e1lomba ringatja.<\/div>\n<p>&nbsp;<\/p>\n<div class=\"auto-hide-last-sibling-br paragraph-qzbcQC paragraph-element br-paragraph-space\">A r\u00f3zsasz\u00edn \u00e9s a k\u00e9k l\u00e1gy, nyugtat\u00f3 \u00e1rnyalataiban kaphat\u00f3, k\u00f6nnyed\u00e9n kieg\u00e9sz\u00edti a gyerekszoba b\u00e1rmelyik dekor\u00e1ci\u00f3j\u00e1t, sz\u00ednt \u00e9s b\u00e1jt k\u00f6lcs\u00f6n\u00f6zve neki. K\u00e9pzelje el a nyugodt est\u00e9ket, amikor gyermeke a Hossz\u00faf\u00fcl\u0171 ny\u00fal csecsem\u0151p\u00e1rn\u00e1hoz b\u00fajik. T\u00f6bb lesz, mint egy egyszer\u0171 p\u00e1rna; a k\u00e9nyelem \u00e9s a biztons\u00e1g forr\u00e1sa. Napk\u00f6zben a j\u00e1t\u00e9kid\u0151 kedvenc\u00e9v\u00e9, a k\u00e9pzeletbeli kalandok puha kell\u00e9k\u00e9v\u00e9, vagy a f\u00e1radts\u00e1g vagy nyugtalans\u00e1g pillanataiban megnyugtat\u00f3 bar\u00e1tt\u00e1 v\u00e1lhat.<\/div>\n<p>&nbsp;<\/p>\n<div class=\"auto-hide-last-sibling-br paragraph-qzbcQC paragraph-element br-paragraph-space\">A sz\u00fcl\u0151k tele vannak dics\u00e9rettel err\u0151l a sz\u00e9p p\u00e1rn\u00e1r\u00f3l. \"A kisgyermekem teljesen im\u00e1dja a Hossz\u00fa f\u00fcl\u0171 ny\u00fal p\u00e1rn\u00e1t. Ez lett a lefekv\u00e9s el\u0151tti alapdarabjuk. A puhas\u00e1ga csod\u00e1latos, \u00e9s az aranyos diz\u00e1jn teszi olyan k\u00fcl\u00f6nlegess\u00e9\" - osztotta meg egy elragadtatott anyuka. Egy apuka hozz\u00e1tette: \"Im\u00e1djuk, hogy ez nem csak egy p\u00e1rna, hanem a gyermek\u00fcnk j\u00e1t\u00e9kidej\u00e9nek r\u00e9sze is. Tart\u00f3s is, ami nagyszer\u0171, tekintve, hogy mennyit haszn\u00e1lj\u00e1k. Csod\u00e1latos kieg\u00e9sz\u00edt\u0151je az otthonunknak\".<\/div>\n<p>&nbsp;<\/p>\n<div class=\"auto-hide-last-sibling-br paragraph-qzbcQC paragraph-element br-paragraph-space\">A Hossz\u00faf\u00fcl\u0171 ny\u00fal csecsem\u0151p\u00e1rna l\u00e9nyeg\u00e9ben a k\u00e9nyelem, a cukis\u00e1g \u00e9s a funkcionalit\u00e1s harmonikus kever\u00e9ke. Ez nem csup\u00e1n egy \u00e1gynem\u0171, hanem gyermeke mindennapjainak megbecs\u00fclt r\u00e9sze, amely minden pillanatot egy kis nyuszi ihlette var\u00e1zslattal t\u00f6lt meg.<\/div>\n<\/div>\n<\/div>\n<\/div>\n<\/div>\n<\/div>\n<\/div>\n<\/div>\n<\/div>\n<\/div>\n<\/div>\n<\/div>\n<\/div>","protected":false},"excerpt":{"rendered":"<div class=\"container-QE4ayg\">\n<div class=\"item-jU10IN\">\n<div class=\"container-jODEnh chrome70-container\">\n<div class=\"inner-eE95c9 inner-item-aL3Ui_\" data-target-id=\"message-box-target-id\" data-testid=\"union_message\">\n<div class=\"message-block-container-liuetz\" data-testid=\"message-block-container\">\n<div class=\"message-box-ZWbBdF\" data-testid=\"receive_message\">\n<div class=\"message-box-content-wrapper-srHdUj\">\n<div class=\"message-content message-box-content-otxGGw receive-message-box-content-_lREFj samantha-message-box-content-Qjmpja\" data-testid=\"message_content\">\n<div class=\"container-hfX5E8 flow-markdown-body theme-samantha-yJEgBp\" dir=\"ltr\" data-testid=\"message_text_content\" data-show-indicator=\"false\">\n<div class=\"auto-hide-last-sibling-br paragraph-qzbcQC paragraph-element br-paragraph-space\">A Hossz\u00fa f\u00fcl\u0171 ny\u00fal csecsem\u0151p\u00e1rna egy b\u00e1jos alv\u00e1si kieg\u00e9sz\u00edt\u0151, amely 1-3 \u00e9ves kor\u00fa gyermekek sz\u00e1m\u00e1ra k\u00e9sz\u00fclt. Kialak\u00edt\u00e1s\u00e1t egy aranyos hossz\u00faf\u00fcl\u0171 ny\u00fal ihlette, hossz\u00fa, fel\u00e1ll\u00f3 f\u00fclekkel, ragyog\u00f3 szemekkel \u00e9s kipirult arcocsk\u00e1kkal, ami ellen\u00e1llhatatlanul im\u00e1dnival\u00f3 megjelen\u00e9st k\u00f6lcs\u00f6n\u00f6z neki. M\u00e9rete 40*<em>24*<\/em>3CM, megfelel\u0151 al\u00e1t\u00e1maszt\u00e1st biztos\u00edt a gyermek feje \u00e9s nyaka sz\u00e1m\u00e1ra, seg\u00edt fenntartani a k\u00e9nyelmes alv\u00e1si testtart\u00e1st. Puha \u00e9s b\u0151rbar\u00e1t anyagokb\u00f3l k\u00e9sz\u00fclt, gyeng\u00e9d \u00e9s k\u00e9nyelmes tapint\u00e1st biztos\u00edt. R\u00f3zsasz\u00edn \u00e9s k\u00e9k sz\u00ednben kaphat\u00f3, \u00edgy j\u00f3l illeszkedik a k\u00fcl\u00f6nb\u00f6z\u0151 gyerekszobai dekor\u00e1ci\u00f3khoz. Ez a p\u00e1rna nem csak pihentet\u0151 alv\u00e1st biztos\u00edt a kisgyermeke sz\u00e1m\u00e1ra, hanem egy kis h\u00f3bortot \u00e9s melegs\u00e9get is k\u00f6lcs\u00f6n\u00f6z a lefekv\u00e9s\u00fckh\u00f6z, \u00edgy kedves kieg\u00e9sz\u00edt\u0151je az alv\u00e1shoz kapcsol\u00f3d\u00f3 t\u00e1rgyaknak.<\/div>\n<\/div>\n<\/div>\n<\/div>\n<\/div>\n<\/div>\n<\/div>\n<\/div>\n<\/div>\n<\/div>","protected":false},"featured_media":3340,"comment_status":"open","ping_status":"closed","template":"","meta":{"_uag_custom_page_level_css":"","site-sidebar-layout":"default","site-content-layout":"","ast-site-content-layout":"default","site-content-style":"default","site-sidebar-style":"default","ast-global-header-display":"","ast-banner-title-visibility":"","ast-main-header-display":"","ast-hfb-above-header-display":"","ast-hfb-below-header-display":"","ast-hfb-mobile-header-display":"","site-post-title":"","ast-breadcrumbs-content":"","ast-featured-img":"","footer-sml-layout":"","ast-disable-related-posts":"","theme-transparent-header-meta":"default","adv-header-id-meta":"","stick-header-meta":"","header-above-stick-meta":"","header-main-stick-meta":"","header-below-stick-meta":"","astra-migrate-meta-layouts":"set","ast-page-background-enabled":"default","ast-page-background-meta":{"desktop":{"background-color":"","background-image":"","background-repeat":"repeat","background-position":"center center","background-size":"auto","background-attachment":"scroll","background-type":"","background-media":"","overlay-type":"","overlay-color":"","overlay-opacity":"","overlay-gradient":""},"tablet":{"background-color":"","background-image":"","background-repeat":"repeat","background-position":"center center","background-size":"auto","background-attachment":"scroll","background-type":"","background-media":"","overlay-type":"","overlay-color":"","overlay-opacity":"","overlay-gradient":""},"mobile":{"background-color":"","background-image":"","background-repeat":"repeat","background-position":"center center","background-size":"auto","background-attachment":"scroll","background-type":"","background-media":"","overlay-type":"","overlay-color":"","overlay-opacity":"","overlay-gradient":""}},"ast-content-background-meta":{"desktop":{"background-color":"var(--ast-global-color-5)","background-image":"","background-repeat":"repeat","background-position":"center center","background-size":"auto","background-attachment":"scroll","background-type":"","background-media":"","overlay-type":"","overlay-color":"","overlay-opacity":"","overlay-gradient":""},"tablet":{"background-color":"var(--ast-global-color-5)","background-image":"","background-repeat":"repeat","background-position":"center center","background-size":"auto","background-attachment":"scroll","background-type":"","background-media":"","overlay-type":"","overlay-color":"","overlay-opacity":"","overlay-gradient":""},"mobile":{"background-color":"var(--ast-global-color-5)","background-image":"","background-repeat":"repeat","background-position":"center center","background-size":"auto","background-attachment":"scroll","background-type":"","background-media":"","overlay-type":"","overlay-color":"","overlay-opacity":"","overlay-gradient":""}}},"product_brand":[],"product_cat":[56,42],"product_tag":[70,68,71,69],"class_list":{"0":"post-3339","1":"product","2":"type-product","3":"status-publish","4":"has-post-thumbnail","6":"product_cat-1-to-3-years","7":"product_cat-merchandise","8":"product_tag-babypillow","9":"product_tag-cuteanimalpillow","10":"product_tag-headshapesupport","11":"product_tag-kouniushapingpillow","12":"desktop-align-left","13":"tablet-align-left","14":"mobile-align-left","16":"first","17":"instock","18":"shipping-taxable","19":"product-type-simple"},"aioseo_notices":[],"uagb_featured_image_src":{"full":["https:\/\/babypillowwholesale.com\/wp-content\/uploads\/2025\/04\/1098.jpg",1000,1000,false],"thumbnail":["https:\/\/babypillowwholesale.com\/wp-content\/uploads\/2025\/04\/1098-150x150.jpg",150,150,true],"medium":["https:\/\/babypillowwholesale.com\/wp-content\/uploads\/2025\/04\/1098-300x300.jpg",300,300,true],"medium_large":["https:\/\/babypillowwholesale.com\/wp-content\/uploads\/2025\/04\/1098-768x768.jpg",768,768,true],"large":["https:\/\/babypillowwholesale.com\/wp-content\/uploads\/2025\/04\/1098.jpg",1000,1000,false],"1536x1536":["https:\/\/babypillowwholesale.com\/wp-content\/uploads\/2025\/04\/1098.jpg",1000,1000,false],"2048x2048":["https:\/\/babypillowwholesale.com\/wp-content\/uploads\/2025\/04\/1098.jpg",1000,1000,false],"trp-custom-language-flag":["https:\/\/babypillowwholesale.com\/wp-content\/uploads\/2025\/04\/1098.jpg",12,12,false],"woocommerce_thumbnail":["https:\/\/babypillowwholesale.com\/wp-content\/uploads\/2025\/04\/1098-300x300.jpg",300,300,true],"woocommerce_single":["https:\/\/babypillowwholesale.com\/wp-content\/uploads\/2025\/04\/1098-600x600.jpg",600,600,true],"woocommerce_gallery_thumbnail":["https:\/\/babypillowwholesale.com\/wp-content\/uploads\/2025\/04\/1098-100x100.jpg",100,100,true]},"uagb_author_info":{"display_name":"Etnen zhong","author_link":"https:\/\/babypillowwholesale.com\/hu\/author\/"},"uagb_comment_info":0,"uagb_excerpt":"The Long - Eared Rabbit Infant Pillow is a charming sleep accessory tailored for children aged 1 - 3 years. Its design is inspired by a cute long - eared rabbit, featuring long, upright ears, bright eyes, and blushing cheeks, which gives it an irresistibly adorable look. Measuring 40*24*3CM, it provides adequate support for a&hellip;","jetpack_sharing_enabled":true,"_links":{"self":[{"href":"https:\/\/babypillowwholesale.com\/hu\/wp-json\/wp\/v2\/product\/3339","targetHints":{"allow":["GET"]}}],"collection":[{"href":"https:\/\/babypillowwholesale.com\/hu\/wp-json\/wp\/v2\/product"}],"about":[{"href":"https:\/\/babypillowwholesale.com\/hu\/wp-json\/wp\/v2\/types\/product"}],"replies":[{"embeddable":true,"href":"https:\/\/babypillowwholesale.com\/hu\/wp-json\/wp\/v2\/comments?post=3339"}],"wp:featuredmedia":[{"embeddable":true,"href":"https:\/\/babypillowwholesale.com\/hu\/wp-json\/wp\/v2\/media\/3340"}],"wp:attachment":[{"href":"https:\/\/babypillowwholesale.com\/hu\/wp-json\/wp\/v2\/media?parent=3339"}],"wp:term":[{"taxonomy":"product_brand","embeddable":true,"href":"https:\/\/babypillowwholesale.com\/hu\/wp-json\/wp\/v2\/product_brand?post=3339"},{"taxonomy":"product_cat","embeddable":true,"href":"https:\/\/babypillowwholesale.com\/hu\/wp-json\/wp\/v2\/product_cat?post=3339"},{"taxonomy":"product_tag","embeddable":true,"href":"https:\/\/babypillowwholesale.com\/hu\/wp-json\/wp\/v2\/product_tag?post=3339"}],"curies":[{"name":"wp","href":"https:\/\/api.w.org\/{rel}","templated":true}]}}