{"id":3336,"date":"2025-04-04T08:45:12","date_gmt":"2025-04-04T08:45:12","guid":{"rendered":"https:\/\/babypillowwholesale.com\/?post_type=product&#038;p=3336"},"modified":"2025-06-08T14:07:34","modified_gmt":"2025-06-08T14:07:34","slug":"big-faced-cat-infant-pillow","status":"publish","type":"product","link":"https:\/\/babypillowwholesale.com\/hu\/product\/big-faced-cat-infant-pillow\/","title":{"rendered":"Nagy - arc\u00fa macska csecsem\u0151 p\u00e1rna"},"content":{"rendered":"<div class=\"auto-hide-last-sibling-br paragraph-qzbcQC paragraph-element br-paragraph-space\" data-immersive-translate-walked=\"8e61f2e7-6af2-46e5-9672-3b9e4f4033d9\" data-immersive-translate-paragraph=\"1\">\n<div class=\"auto-hide-last-sibling-br paragraph-qzbcQC paragraph-element br-paragraph-space\">\n<div class=\"auto-hide-last-sibling-br paragraph-qzbcQC paragraph-element br-paragraph-space\">\n<div class=\"auto-hide-last-sibling-br paragraph-qzbcQC paragraph-element br-paragraph-space\">\n<div class=\"auto-hide-last-sibling-br paragraph-qzbcQC paragraph-element br-paragraph-space\">\n<div class=\"auto-hide-last-sibling-br paragraph-qzbcQC paragraph-element br-paragraph-space\">\n<div class=\"auto-hide-last-sibling-br paragraph-qzbcQC paragraph-element br-paragraph-space\">\n<div class=\"auto-hide-last-sibling-br paragraph-qzbcQC paragraph-element br-paragraph-space\">\n<div class=\"auto-hide-last-sibling-br paragraph-qzbcQC paragraph-element br-paragraph-space\">\n<div class=\"auto-hide-last-sibling-br paragraph-qzbcQC paragraph-element br-paragraph-space\">\n<div class=\"auto-hide-last-sibling-br paragraph-qzbcQC paragraph-element br-paragraph-space\">\n<div class=\"auto-hide-last-sibling-br paragraph-qzbcQC paragraph-element br-paragraph-space\">Bemutatjuk a Big - Faced Cat Csecsem\u0151p\u00e1rn\u00e1t, egy kedves alv\u00f3t\u00e1rsat, amelyet kifejezetten az 1-3 \u00e9ves koroszt\u00e1ly sz\u00e1m\u00e1ra k\u00e9sz\u00edtettek. Kialak\u00edt\u00e1sa b\u00e1jos tisztelg\u00e9s a szeretetre m\u00e9lt\u00f3 nagyarc\u00fa macsk\u00e1k el\u0151tt, nagy, l\u00e9lekkel teli szemekkel, amelyekben mintha az \u00e1rtatlans\u00e1g vil\u00e1ga rejlene, kecses f\u00fclekkel, amelyek egy csipetnyi j\u00e1t\u00e9koss\u00e1got adnak hozz\u00e1, \u00e9s olyan \u00e9des arckifejez\u00e9ssel, amelyet lehetetlen nem im\u00e1dni.<\/div>\n<p>&nbsp;<\/p>\n<div class=\"auto-hide-last-sibling-br paragraph-qzbcQC paragraph-element br-paragraph-space\">40* m\u00e9retekkel<em>24*<\/em>3CM, ez a p\u00e1rna t\u00f6k\u00e9letesen ar\u00e1nyos, hogy optim\u00e1lis al\u00e1t\u00e1maszt\u00e1st ny\u00fajtson gyermeke fej\u00e9nek \u00e9s nyak\u00e1nak. Amint a gyerekek elhelyezkednek \u00e9jszak\u00e1ra, gyeng\u00e9den b\u00f6lcs\u0151be helyezi \u0151ket, el\u0151seg\u00edtve a k\u00e9nyelmes \u00e9s eg\u00e9szs\u00e9ges alv\u00e1si poz\u00edci\u00f3t. Pomp\u00e1san puha anyagokb\u00f3l k\u00e9sz\u00fclt, olyan \u00e9rz\u00e9s, mintha gyeng\u00e9den simogatn\u00e1 a b\u0151rt, a k\u00e9nyelem paradicsom\u00e1t teremtve, amely b\u00e9k\u00e9s \u00e1lomba ringatja kisgyermek\u00e9t.<\/div>\n<p>&nbsp;<\/p>\n<div class=\"auto-hide-last-sibling-br paragraph-qzbcQC paragraph-element br-paragraph-space\">A r\u00f3zsasz\u00edn \u00e9s a k\u00e9k l\u00e1gy \u00e1rnyalataiban kaphat\u00f3, k\u00f6nnyed\u00e9n kieg\u00e9sz\u00edti a gyerekszoba b\u00e1rmelyik dekor\u00e1ci\u00f3j\u00e1t, sz\u00ednt \u00e9s b\u00e1jt adva hozz\u00e1. K\u00e9pzelje el a lefekv\u00e9s var\u00e1zs\u00e1t, ahogy gyermeke a Big - Faced Cat csecsem\u0151p\u00e1rn\u00e1hoz b\u00fajik. Ez t\u00f6bb lesz, mint egy egyszer\u0171 p\u00e1rna; egy bar\u00e1t, aki t\u00e1rsas\u00e1got ny\u00fajt neki az \u00e9jszaka folyam\u00e1n. Napk\u00f6zben a k\u00e9pzeletbeli j\u00e1t\u00e9k kell\u00e9k\u00e9v\u00e9, a nappali padl\u00f3j\u00e1n r\u00f6gt\u00f6nz\u00f6tt szuny\u00f3k\u00e1l\u00e1s puha hely\u00e9v\u00e9, vagy a nyugtalans\u00e1g pillanataiban megnyugtat\u00f3 jelenl\u00e9tt\u00e9 v\u00e1lhat.<\/div>\n<p>&nbsp;<\/p>\n<div class=\"auto-hide-last-sibling-br paragraph-qzbcQC paragraph-element br-paragraph-space\">A sz\u00fcl\u0151k \u00e1radozva dics\u00e9rik ezt az elragad\u00f3 p\u00e1rn\u00e1t. \"A 2 \u00e9ves kisfiam nem tud aludni a Big Faced Cat Pillow n\u00e9lk\u00fcl! Annyira puha, \u00e9s az aranyos diz\u00e1jnnak k\u00f6sz\u00f6nhet\u0151en a lefekv\u00e9st m\u00e1r alig v\u00e1rj\u00e1k\" - osztotta meg egy boldog anyuka. Egy apa hozz\u00e1tette: \"Im\u00e1djuk, hogy egy kis vid\u00e1ms\u00e1got k\u00f6lcs\u00f6n\u00f6z a gyermek\u00fcnk szob\u00e1j\u00e1nak. J\u00f3l b\u00edrja a strap\u00e1t, m\u00e9g a sok durvas\u00e1g ellen\u00e9re is. Egy\u00e9rtelm\u0171en nagyszer\u0171 v\u00e1s\u00e1rl\u00e1s.\"<\/div>\n<p>&nbsp;<\/p>\n<div class=\"auto-hide-last-sibling-br paragraph-qzbcQC paragraph-element br-paragraph-space\">A Big - Faced Cat Csecsem\u0151p\u00e1rna l\u00e9nyeg\u00e9ben a k\u00e9nyelem, a cukis\u00e1g \u00e9s a funkcionalit\u00e1s harmonikus kever\u00e9ke. Ez nem csak egy \u00e1gynem\u0171, hanem gyermeke mindennapjainak megbecs\u00fclt r\u00e9sze, amely minden pillanatot egy kis macsk\u00e1s b\u00e1jjal t\u00f6lt meg.<\/div>\n<\/div>\n<\/div>\n<\/div>\n<\/div>\n<\/div>\n<\/div>\n<\/div>\n<\/div>\n<\/div>\n<\/div>\n<\/div>","protected":false},"excerpt":{"rendered":"<div class=\"container-QE4ayg\">\n<div class=\"item-jU10IN\">\n<div class=\"container-jODEnh chrome70-container\">\n<div class=\"inner-eE95c9 inner-item-aL3Ui_\" data-target-id=\"message-box-target-id\" data-testid=\"union_message\">\n<div class=\"message-block-container-liuetz\" data-testid=\"message-block-container\">\n<div class=\"message-box-ZWbBdF\" data-testid=\"receive_message\">\n<div class=\"message-box-content-wrapper-srHdUj\">\n<div class=\"message-content message-box-content-otxGGw receive-message-box-content-_lREFj samantha-message-box-content-Qjmpja\" data-testid=\"message_content\">\n<div class=\"container-hfX5E8 flow-markdown-body theme-samantha-yJEgBp\" dir=\"ltr\" data-testid=\"message_text_content\" data-show-indicator=\"false\">\n<div class=\"auto-hide-last-sibling-br paragraph-qzbcQC paragraph-element br-paragraph-space\">A Big - Faced Cat Csecsem\u0151p\u00e1rna az 1-3 \u00e9ves kor\u00fa gyermekek sz\u00e1m\u00e1ra kifejlesztett kellemes alv\u00e1si alapanyag. Kialak\u00edt\u00e1s\u00e1t egy aranyos, nagy arc\u00fa macska ihlette, nagy, kerek szemekkel, im\u00e1dnival\u00f3 f\u00fclekkel \u00e9s b\u00e1jos arckifejez\u00e9ssel, amely cukis\u00e1got sug\u00e1roz. M\u00e9rete 40*<em>24*<\/em>3CM, megfelel\u0151 al\u00e1t\u00e1maszt\u00e1st ny\u00fajt a gyermek fej\u00e9nek \u00e9s nyak\u00e1nak, biztos\u00edtva a k\u00e9nyelmes alv\u00e1si testtart\u00e1st. Puha \u00e9s k\u00e9nyelmes anyagokb\u00f3l k\u00e9sz\u00fclt, gyeng\u00e9d \u00e9s kellemes \u00e9rint\u00e9st biztos\u00edt a b\u0151rh\u00f6z. R\u00f3zsasz\u00edn \u00e9s k\u00e9k sz\u00ednben kaphat\u00f3, \u00edgy k\u00f6nnyed\u00e9n illeszkedik a k\u00fcl\u00f6nb\u00f6z\u0151 gyerekszobai dekor\u00e1ci\u00f3khoz. Ez a p\u00e1rna nem csak seg\u00edt a kisgyermekednek a pihentet\u0151 alv\u00e1sban, hanem egy kis h\u00f3bortot \u00e9s melegs\u00e9get is ad a lefekv\u00e9s el\u0151tti rutinhoz, \u00edgy csod\u00e1latos kieg\u00e9sz\u00edt\u0151je az alv\u00e1s - id\u0151 alapvet\u0151 kell\u00e9keinek.<\/div>\n<\/div>\n<\/div>\n<\/div>\n<\/div>\n<\/div>\n<\/div>\n<\/div>\n<\/div>\n<\/div>","protected":false},"featured_media":3337,"comment_status":"open","ping_status":"closed","template":"","meta":{"_uag_custom_page_level_css":"","site-sidebar-layout":"default","site-content-layout":"","ast-site-content-layout":"default","site-content-style":"default","site-sidebar-style":"default","ast-global-header-display":"","ast-banner-title-visibility":"","ast-main-header-display":"","ast-hfb-above-header-display":"","ast-hfb-below-header-display":"","ast-hfb-mobile-header-display":"","site-post-title":"","ast-breadcrumbs-content":"","ast-featured-img":"","footer-sml-layout":"","ast-disable-related-posts":"","theme-transparent-header-meta":"default","adv-header-id-meta":"","stick-header-meta":"","header-above-stick-meta":"","header-main-stick-meta":"","header-below-stick-meta":"","astra-migrate-meta-layouts":"set","ast-page-background-enabled":"default","ast-page-background-meta":{"desktop":{"background-color":"","background-image":"","background-repeat":"repeat","background-position":"center center","background-size":"auto","background-attachment":"scroll","background-type":"","background-media":"","overlay-type":"","overlay-color":"","overlay-opacity":"","overlay-gradient":""},"tablet":{"background-color":"","background-image":"","background-repeat":"repeat","background-position":"center center","background-size":"auto","background-attachment":"scroll","background-type":"","background-media":"","overlay-type":"","overlay-color":"","overlay-opacity":"","overlay-gradient":""},"mobile":{"background-color":"","background-image":"","background-repeat":"repeat","background-position":"center center","background-size":"auto","background-attachment":"scroll","background-type":"","background-media":"","overlay-type":"","overlay-color":"","overlay-opacity":"","overlay-gradient":""}},"ast-content-background-meta":{"desktop":{"background-color":"var(--ast-global-color-5)","background-image":"","background-repeat":"repeat","background-position":"center center","background-size":"auto","background-attachment":"scroll","background-type":"","background-media":"","overlay-type":"","overlay-color":"","overlay-opacity":"","overlay-gradient":""},"tablet":{"background-color":"var(--ast-global-color-5)","background-image":"","background-repeat":"repeat","background-position":"center center","background-size":"auto","background-attachment":"scroll","background-type":"","background-media":"","overlay-type":"","overlay-color":"","overlay-opacity":"","overlay-gradient":""},"mobile":{"background-color":"var(--ast-global-color-5)","background-image":"","background-repeat":"repeat","background-position":"center center","background-size":"auto","background-attachment":"scroll","background-type":"","background-media":"","overlay-type":"","overlay-color":"","overlay-opacity":"","overlay-gradient":""}}},"product_brand":[],"product_cat":[56,42],"product_tag":[70,68,71,69],"class_list":{"0":"post-3336","1":"product","2":"type-product","3":"status-publish","4":"has-post-thumbnail","6":"product_cat-1-to-3-years","7":"product_cat-merchandise","8":"product_tag-babypillow","9":"product_tag-cuteanimalpillow","10":"product_tag-headshapesupport","11":"product_tag-kouniushapingpillow","12":"desktop-align-left","13":"tablet-align-left","14":"mobile-align-left","16":"first","17":"instock","18":"featured","19":"shipping-taxable","20":"product-type-simple"},"aioseo_notices":[],"uagb_featured_image_src":{"full":["https:\/\/babypillowwholesale.com\/wp-content\/uploads\/2025\/04\/1528.jpg",1000,1000,false],"thumbnail":["https:\/\/babypillowwholesale.com\/wp-content\/uploads\/2025\/04\/1528-150x150.jpg",150,150,true],"medium":["https:\/\/babypillowwholesale.com\/wp-content\/uploads\/2025\/04\/1528-300x300.jpg",300,300,true],"medium_large":["https:\/\/babypillowwholesale.com\/wp-content\/uploads\/2025\/04\/1528-768x768.jpg",768,768,true],"large":["https:\/\/babypillowwholesale.com\/wp-content\/uploads\/2025\/04\/1528.jpg",1000,1000,false],"1536x1536":["https:\/\/babypillowwholesale.com\/wp-content\/uploads\/2025\/04\/1528.jpg",1000,1000,false],"2048x2048":["https:\/\/babypillowwholesale.com\/wp-content\/uploads\/2025\/04\/1528.jpg",1000,1000,false],"trp-custom-language-flag":["https:\/\/babypillowwholesale.com\/wp-content\/uploads\/2025\/04\/1528.jpg",12,12,false],"woocommerce_thumbnail":["https:\/\/babypillowwholesale.com\/wp-content\/uploads\/2025\/04\/1528-300x300.jpg",300,300,true],"woocommerce_single":["https:\/\/babypillowwholesale.com\/wp-content\/uploads\/2025\/04\/1528-600x600.jpg",600,600,true],"woocommerce_gallery_thumbnail":["https:\/\/babypillowwholesale.com\/wp-content\/uploads\/2025\/04\/1528-100x100.jpg",100,100,true]},"uagb_author_info":{"display_name":"Etnen zhong","author_link":"https:\/\/babypillowwholesale.com\/hu\/author\/"},"uagb_comment_info":0,"uagb_excerpt":"The Big - Faced Cat Infant Pillow is a delightful sleep essential designed for children aged 1 - 3 years. Its design is inspired by a cute big - faced cat, featuring large, round eyes, adorable ears, and a charming expression that exudes cuteness. Measuring 40*24*3CM, it offers proper support for a child's head and&hellip;","jetpack_sharing_enabled":true,"_links":{"self":[{"href":"https:\/\/babypillowwholesale.com\/hu\/wp-json\/wp\/v2\/product\/3336","targetHints":{"allow":["GET"]}}],"collection":[{"href":"https:\/\/babypillowwholesale.com\/hu\/wp-json\/wp\/v2\/product"}],"about":[{"href":"https:\/\/babypillowwholesale.com\/hu\/wp-json\/wp\/v2\/types\/product"}],"replies":[{"embeddable":true,"href":"https:\/\/babypillowwholesale.com\/hu\/wp-json\/wp\/v2\/comments?post=3336"}],"wp:featuredmedia":[{"embeddable":true,"href":"https:\/\/babypillowwholesale.com\/hu\/wp-json\/wp\/v2\/media\/3337"}],"wp:attachment":[{"href":"https:\/\/babypillowwholesale.com\/hu\/wp-json\/wp\/v2\/media?parent=3336"}],"wp:term":[{"taxonomy":"product_brand","embeddable":true,"href":"https:\/\/babypillowwholesale.com\/hu\/wp-json\/wp\/v2\/product_brand?post=3336"},{"taxonomy":"product_cat","embeddable":true,"href":"https:\/\/babypillowwholesale.com\/hu\/wp-json\/wp\/v2\/product_cat?post=3336"},{"taxonomy":"product_tag","embeddable":true,"href":"https:\/\/babypillowwholesale.com\/hu\/wp-json\/wp\/v2\/product_tag?post=3336"}],"curies":[{"name":"wp","href":"https:\/\/api.w.org\/{rel}","templated":true}]}}