{"id":3333,"date":"2025-04-04T08:28:31","date_gmt":"2025-04-04T08:28:31","guid":{"rendered":"https:\/\/babypillowwholesale.com\/?post_type=product&#038;p=3333"},"modified":"2025-06-08T14:08:50","modified_gmt":"2025-06-08T14:08:50","slug":"pikachu-infant-pillow","status":"publish","type":"product","link":"https:\/\/babypillowwholesale.com\/hu\/product\/pikachu-infant-pillow\/","title":{"rendered":"Pikachu csecsem\u0151 p\u00e1rna"},"content":{"rendered":"<div class=\"auto-hide-last-sibling-br paragraph-qzbcQC paragraph-element br-paragraph-space\" data-immersive-translate-walked=\"8e61f2e7-6af2-46e5-9672-3b9e4f4033d9\" data-immersive-translate-paragraph=\"1\">\n<div class=\"auto-hide-last-sibling-br paragraph-qzbcQC paragraph-element br-paragraph-space\">\n<div class=\"auto-hide-last-sibling-br paragraph-qzbcQC paragraph-element br-paragraph-space\">\n<div class=\"auto-hide-last-sibling-br paragraph-qzbcQC paragraph-element br-paragraph-space\">\n<div class=\"auto-hide-last-sibling-br paragraph-qzbcQC paragraph-element br-paragraph-space\">\n<div class=\"auto-hide-last-sibling-br paragraph-qzbcQC paragraph-element br-paragraph-space\">\n<div class=\"auto-hide-last-sibling-br paragraph-qzbcQC paragraph-element br-paragraph-space\">\n<div class=\"auto-hide-last-sibling-br paragraph-qzbcQC paragraph-element br-paragraph-space\">\n<div class=\"auto-hide-last-sibling-br paragraph-qzbcQC paragraph-element br-paragraph-space\">\n<div class=\"auto-hide-last-sibling-br paragraph-qzbcQC paragraph-element br-paragraph-space\">\n<div class=\"auto-hide-last-sibling-br paragraph-qzbcQC paragraph-element br-paragraph-space\">\u00cdme a Pikachu csecsem\u0151p\u00e1rna, egy mag\u00e1val ragad\u00f3 alv\u00f3t\u00e1rs, amely az 1-3 \u00e9ves kor\u00fa gyermekek sz\u00e1m\u00e1ra k\u00e9sz\u00fclt. Az ikonikus \u00e9s im\u00e1dott Pikachu \u00e1ltal inspir\u00e1lt p\u00e1rna mesterien ragadja meg a l\u00e9nyeget a hossz\u00fa, hegyes f\u00fclekkel, a nagy, kifejez\u0151 szemekkel \u00e9s az ellen\u00e1llhatatlanul aranyos, kipirult arcokkal, amelyek azonnal felismerhet\u0151k.<\/div>\n<p>&nbsp;<\/p>\n<div class=\"auto-hide-last-sibling-br paragraph-qzbcQC paragraph-element br-paragraph-space\">M\u00e9r\u00e9s 40*<em>24*<\/em>3CM, ergon\u00f3miailag \u00fagy tervezt\u00e9k, hogy optim\u00e1lis t\u00e1mogat\u00e1st ny\u00fajtson a kisgyermek feje \u00e9s nyaka sz\u00e1m\u00e1ra. Ahogy gyermeke elalszik, a p\u00e1rna gyeng\u00e9den b\u00f6lcs\u0151zi \u0151t, el\u0151seg\u00edtve a k\u00e9nyelmes \u00e9s eg\u00e9szs\u00e9ges alv\u00e1si testtart\u00e1st. A pl\u00fcss, b\u0151rbar\u00e1t anyagokb\u00f3l k\u00e9sz\u00fclt p\u00e1rna b\u00e1rsonyosan puha tapint\u00e1s\u00fa, mint egy gyeng\u00e9d \u00f6lel\u00e9s, \u00edgy gyermeke eg\u00e9sz \u00e9jszaka biztons\u00e1gban \u00e9s otthonosan \u00e9rezheti mag\u00e1t.<\/div>\n<p>&nbsp;<\/p>\n<div class=\"auto-hide-last-sibling-br paragraph-qzbcQC paragraph-element br-paragraph-space\">A r\u00f3zsasz\u00edn \u00e9s a k\u00e9k megnyugtat\u00f3 \u00e1rnyalataiban kaphat\u00f3, k\u00f6nnyed\u00e9n kieg\u00e9sz\u00edti a gyerekszoba b\u00e1rmelyik dekor\u00e1ci\u00f3j\u00e1t, sz\u00ednt \u00e9s b\u00e1jt adva hozz\u00e1. K\u00e9pzeld el a lefekv\u00e9s var\u00e1zs\u00e1t, ahogy gyermeked a Pikachu csecsem\u0151p\u00e1rn\u00e1hoz b\u00fajik. T\u00f6bb lesz, mint egy egyszer\u0171 p\u00e1rna; ez egy kapu a k\u00e9pzelet vil\u00e1g\u00e1ba, ahol az \u00e1lmok tele vannak elektromos kalandokkal. Napk\u00f6zben pedig h\u0171s\u00e9ges seg\u00edt\u0151t\u00e1rsa lehet a j\u00e1t\u00e9k k\u00f6zbeni sz\u00f6k\u00e9sekben, ak\u00e1r Pikachu izgalmas csat\u00e1it j\u00e1tssza el, ak\u00e1r egyszer\u0171en csak puha pihen\u0151helyk\u00e9nt haszn\u00e1lja a j\u00e1t\u00e9k sz\u00fcnet\u00e9ben.<\/div>\n<p>&nbsp;<\/p>\n<div class=\"auto-hide-last-sibling-br paragraph-qzbcQC paragraph-element br-paragraph-space\">A sz\u00fcl\u0151k \u00e1radoznak err\u0151l a b\u00e1jos p\u00e1rn\u00e1r\u00f3l. \"A 2 \u00e9ves kisfiam megsz\u00e1llottja a Pikachu p\u00e1rn\u00e1nak! Ez az els\u0151 dolog, ami\u00e9rt lefekv\u00e9skor ny\u00fal. A puhas\u00e1ga elk\u00e9peszt\u0151, \u00e9s olyan aranyos l\u00e1tni, ahogy \u00f6lelgetik\" - ki\u00e1ltott fel egy vid\u00e1m anyuka. Egy apuka pedig ezt osztotta meg: \"Im\u00e1djuk, hogy m\u00e9g sz\u00f3rakoztat\u00f3bb\u00e1 tette a lefekv\u00e9st. Tart\u00f3s is, t\u00fal\u00e9li az \u00f6sszes \u00f6lel\u00e9st \u00e9s dob\u00e1l\u00e1st. Biztosan nagyszer\u0171 v\u00e9tel!\"<\/div>\n<p>&nbsp;<\/p>\n<div class=\"auto-hide-last-sibling-br paragraph-qzbcQC paragraph-element br-paragraph-space\">R\u00f6viden, a Pikachu csecsem\u0151p\u00e1rna a k\u00e9nyelem, a cukis\u00e1g \u00e9s a funkcionalit\u00e1s harmonikus kever\u00e9ke. Ez nem csak egy alv\u00e1shoz sz\u00fcks\u00e9ges kieg\u00e9sz\u00edt\u0151, hanem gyermeked mindennapjainak megbecs\u00fclt r\u00e9sze, amely minden pillanatot egy csipetnyi Pikachu ihlette var\u00e1zslattal t\u00f6lt meg.<\/div>\n<\/div>\n<\/div>\n<\/div>\n<\/div>\n<\/div>\n<\/div>\n<\/div>\n<\/div>\n<\/div>\n<\/div>","protected":false},"excerpt":{"rendered":"<div class=\"container-QE4ayg\">\n<div class=\"item-jU10IN\">\n<div class=\"container-jODEnh chrome70-container\">\n<div class=\"inner-eE95c9 inner-item-aL3Ui_\" data-target-id=\"message-box-target-id\" data-testid=\"union_message\">\n<div class=\"message-block-container-liuetz\" data-testid=\"message-block-container\">\n<div class=\"message-box-ZWbBdF\" data-testid=\"receive_message\">\n<div class=\"message-box-content-wrapper-srHdUj\">\n<div class=\"message-content message-box-content-otxGGw receive-message-box-content-_lREFj samantha-message-box-content-Qjmpja\" data-testid=\"message_content\">\n<div class=\"container-hfX5E8 flow-markdown-body theme-samantha-yJEgBp\" dir=\"ltr\" data-testid=\"message_text_content\" data-show-indicator=\"false\">\n<div class=\"auto-hide-last-sibling-br paragraph-qzbcQC paragraph-element br-paragraph-space\">A Pikachu csecsem\u0151p\u00e1rna egy elb\u0171v\u00f6l\u0151 alv\u00e1si alapanyag 1-3 \u00e9ves kor\u00fa gyermekek sz\u00e1m\u00e1ra. A szeretett Pikachu ihlette, \u00e9s olyan ikonikus tulajdons\u00e1gokkal rendelkezik, mint a hossz\u00fa f\u00fclek, a ragyog\u00f3 szemek \u00e9s az aranyos, kipirult arcok. M\u00e9rete 40*<em>24*<\/em>3CM, \u00edgy pont megfelel\u0151 al\u00e1t\u00e1maszt\u00e1st ny\u00fajt a gyermek fej\u00e9nek \u00e9s nyak\u00e1nak, biztos\u00edtva a k\u00e9nyelmes alv\u00e1st. Puha \u00e9s k\u00e9nyelmes anyagokb\u00f3l k\u00e9sz\u00fclt, gyeng\u00e9d \u00e9rint\u00e9st biztos\u00edt a b\u0151rh\u00f6z. R\u00f3zsasz\u00edn \u00e9s k\u00e9k sz\u00ednben kaphat\u00f3, \u00edgy b\u00e1rmilyen gyerekszobai dekor\u00e1ci\u00f3hoz k\u00f6nnyen illeszkedik. Ez a p\u00e1rna nemcsak a j\u00f3 \u00e9jszakai pihen\u00e9st seg\u00edti el\u0151, hanem egy kis m\u00f3k\u00e1val \u00e9s fant\u00e1zi\u00e1val is gazdag\u00edtja a gyermek lefekv\u00e9s\u00e9t, \u00edgy elragad\u00f3 kieg\u00e9sz\u00edt\u0151je az alv\u00e1si rutinjuknak.<\/div>\n<\/div>\n<\/div>\n<\/div>\n<\/div>\n<\/div>\n<\/div>\n<\/div>\n<\/div>\n<\/div>","protected":false},"featured_media":3334,"comment_status":"open","ping_status":"closed","template":"","meta":{"_uag_custom_page_level_css":"","site-sidebar-layout":"default","site-content-layout":"","ast-site-content-layout":"default","site-content-style":"default","site-sidebar-style":"default","ast-global-header-display":"","ast-banner-title-visibility":"","ast-main-header-display":"","ast-hfb-above-header-display":"","ast-hfb-below-header-display":"","ast-hfb-mobile-header-display":"","site-post-title":"","ast-breadcrumbs-content":"","ast-featured-img":"","footer-sml-layout":"","ast-disable-related-posts":"","theme-transparent-header-meta":"default","adv-header-id-meta":"","stick-header-meta":"","header-above-stick-meta":"","header-main-stick-meta":"","header-below-stick-meta":"","astra-migrate-meta-layouts":"set","ast-page-background-enabled":"default","ast-page-background-meta":{"desktop":{"background-color":"","background-image":"","background-repeat":"repeat","background-position":"center center","background-size":"auto","background-attachment":"scroll","background-type":"","background-media":"","overlay-type":"","overlay-color":"","overlay-opacity":"","overlay-gradient":""},"tablet":{"background-color":"","background-image":"","background-repeat":"repeat","background-position":"center center","background-size":"auto","background-attachment":"scroll","background-type":"","background-media":"","overlay-type":"","overlay-color":"","overlay-opacity":"","overlay-gradient":""},"mobile":{"background-color":"","background-image":"","background-repeat":"repeat","background-position":"center center","background-size":"auto","background-attachment":"scroll","background-type":"","background-media":"","overlay-type":"","overlay-color":"","overlay-opacity":"","overlay-gradient":""}},"ast-content-background-meta":{"desktop":{"background-color":"var(--ast-global-color-5)","background-image":"","background-repeat":"repeat","background-position":"center center","background-size":"auto","background-attachment":"scroll","background-type":"","background-media":"","overlay-type":"","overlay-color":"","overlay-opacity":"","overlay-gradient":""},"tablet":{"background-color":"var(--ast-global-color-5)","background-image":"","background-repeat":"repeat","background-position":"center center","background-size":"auto","background-attachment":"scroll","background-type":"","background-media":"","overlay-type":"","overlay-color":"","overlay-opacity":"","overlay-gradient":""},"mobile":{"background-color":"var(--ast-global-color-5)","background-image":"","background-repeat":"repeat","background-position":"center center","background-size":"auto","background-attachment":"scroll","background-type":"","background-media":"","overlay-type":"","overlay-color":"","overlay-opacity":"","overlay-gradient":""}}},"product_brand":[],"product_cat":[56,42],"product_tag":[70,68,71,69],"class_list":{"0":"post-3333","1":"product","2":"type-product","3":"status-publish","4":"has-post-thumbnail","6":"product_cat-1-to-3-years","7":"product_cat-merchandise","8":"product_tag-babypillow","9":"product_tag-cuteanimalpillow","10":"product_tag-headshapesupport","11":"product_tag-kouniushapingpillow","12":"desktop-align-left","13":"tablet-align-left","14":"mobile-align-left","16":"first","17":"instock","18":"featured","19":"shipping-taxable","20":"product-type-simple"},"aioseo_notices":[],"uagb_featured_image_src":{"full":["https:\/\/babypillowwholesale.com\/wp-content\/uploads\/2025\/04\/1527.jpg",1000,1000,false],"thumbnail":["https:\/\/babypillowwholesale.com\/wp-content\/uploads\/2025\/04\/1527-150x150.jpg",150,150,true],"medium":["https:\/\/babypillowwholesale.com\/wp-content\/uploads\/2025\/04\/1527-300x300.jpg",300,300,true],"medium_large":["https:\/\/babypillowwholesale.com\/wp-content\/uploads\/2025\/04\/1527-768x768.jpg",768,768,true],"large":["https:\/\/babypillowwholesale.com\/wp-content\/uploads\/2025\/04\/1527.jpg",1000,1000,false],"1536x1536":["https:\/\/babypillowwholesale.com\/wp-content\/uploads\/2025\/04\/1527.jpg",1000,1000,false],"2048x2048":["https:\/\/babypillowwholesale.com\/wp-content\/uploads\/2025\/04\/1527.jpg",1000,1000,false],"trp-custom-language-flag":["https:\/\/babypillowwholesale.com\/wp-content\/uploads\/2025\/04\/1527.jpg",12,12,false],"woocommerce_thumbnail":["https:\/\/babypillowwholesale.com\/wp-content\/uploads\/2025\/04\/1527-300x300.jpg",300,300,true],"woocommerce_single":["https:\/\/babypillowwholesale.com\/wp-content\/uploads\/2025\/04\/1527-600x600.jpg",600,600,true],"woocommerce_gallery_thumbnail":["https:\/\/babypillowwholesale.com\/wp-content\/uploads\/2025\/04\/1527-100x100.jpg",100,100,true]},"uagb_author_info":{"display_name":"Etnen zhong","author_link":"https:\/\/babypillowwholesale.com\/hu\/author\/"},"uagb_comment_info":0,"uagb_excerpt":"The Pikachu Infant Pillow is a charming sleep essential for children aged 1 - 3 years. Inspired by the beloved Pikachu, it showcases iconic features like long ears, bright eyes, and cute blushing cheeks. Measuring 40*24*3CM, it provides just the right support for a child's head and neck, ensuring a comfortable sleep. Made from soft&hellip;","jetpack_sharing_enabled":true,"_links":{"self":[{"href":"https:\/\/babypillowwholesale.com\/hu\/wp-json\/wp\/v2\/product\/3333","targetHints":{"allow":["GET"]}}],"collection":[{"href":"https:\/\/babypillowwholesale.com\/hu\/wp-json\/wp\/v2\/product"}],"about":[{"href":"https:\/\/babypillowwholesale.com\/hu\/wp-json\/wp\/v2\/types\/product"}],"replies":[{"embeddable":true,"href":"https:\/\/babypillowwholesale.com\/hu\/wp-json\/wp\/v2\/comments?post=3333"}],"wp:featuredmedia":[{"embeddable":true,"href":"https:\/\/babypillowwholesale.com\/hu\/wp-json\/wp\/v2\/media\/3334"}],"wp:attachment":[{"href":"https:\/\/babypillowwholesale.com\/hu\/wp-json\/wp\/v2\/media?parent=3333"}],"wp:term":[{"taxonomy":"product_brand","embeddable":true,"href":"https:\/\/babypillowwholesale.com\/hu\/wp-json\/wp\/v2\/product_brand?post=3333"},{"taxonomy":"product_cat","embeddable":true,"href":"https:\/\/babypillowwholesale.com\/hu\/wp-json\/wp\/v2\/product_cat?post=3333"},{"taxonomy":"product_tag","embeddable":true,"href":"https:\/\/babypillowwholesale.com\/hu\/wp-json\/wp\/v2\/product_tag?post=3333"}],"curies":[{"name":"wp","href":"https:\/\/api.w.org\/{rel}","templated":true}]}}