{"id":3329,"date":"2025-04-03T15:57:48","date_gmt":"2025-04-03T15:57:48","guid":{"rendered":"https:\/\/babypillowwholesale.com\/?post_type=product&#038;p=3329"},"modified":"2025-06-08T14:55:14","modified_gmt":"2025-06-08T14:55:14","slug":"cute-pig-infant-pillow","status":"publish","type":"product","link":"https:\/\/babypillowwholesale.com\/hu\/product\/cute-pig-infant-pillow\/","title":{"rendered":"Aranyos malac csecsem\u0151 p\u00e1rna"},"content":{"rendered":"<div class=\"auto-hide-last-sibling-br paragraph-qzbcQC paragraph-element br-paragraph-space\" data-immersive-translate-walked=\"8e61f2e7-6af2-46e5-9672-3b9e4f4033d9\" data-immersive-translate-paragraph=\"1\">\n<div class=\"auto-hide-last-sibling-br paragraph-qzbcQC paragraph-element br-paragraph-space\">\n<div class=\"auto-hide-last-sibling-br paragraph-qzbcQC paragraph-element br-paragraph-space\">\n<div class=\"auto-hide-last-sibling-br paragraph-qzbcQC paragraph-element br-paragraph-space\">\n<div class=\"auto-hide-last-sibling-br paragraph-qzbcQC paragraph-element br-paragraph-space\">\n<div class=\"auto-hide-last-sibling-br paragraph-qzbcQC paragraph-element br-paragraph-space\">\n<div class=\"auto-hide-last-sibling-br paragraph-qzbcQC paragraph-element br-paragraph-space\">\n<div class=\"auto-hide-last-sibling-br paragraph-qzbcQC paragraph-element br-paragraph-space\">\n<div class=\"auto-hide-last-sibling-br paragraph-qzbcQC paragraph-element br-paragraph-space\">\n<div class=\"auto-hide-last-sibling-br paragraph-qzbcQC paragraph-element br-paragraph-space\">Bemutatjuk a Cute Pig csecsem\u0151p\u00e1rn\u00e1t, amely b\u00e1jos \u00e9s n\u00e9lk\u00fcl\u00f6zhetetlen alv\u00f3t\u00e1rs az 1-3 \u00e9ves kor\u00fa gyermekek sz\u00e1m\u00e1ra. Kialak\u00edt\u00e1sa egy im\u00e1dnival\u00f3 \u00f3da a szeretetrem\u00e9lt\u00f3 malachoz, amely egy nyugodt, csukott szem kifejez\u00e9ssel, egy t\u00f6k\u00e9letesen kerek orral \u00e9s finom, puha f\u00fclekkel rendelkezik, amelyek egy\u00fcttesen egy ellen\u00e1llhatatlanul kedves arcot alkotnak.<\/div>\n<p>&nbsp;<\/p>\n<div class=\"auto-hide-last-sibling-br paragraph-qzbcQC paragraph-element br-paragraph-space\">M\u00e9r\u00e9s 40*<em>24*<\/em>3CM, ez a p\u00e1rna szak\u00e9rt\u0151 m\u00f3don van m\u00e9retezve, hogy optim\u00e1lis t\u00e1mogat\u00e1st ny\u00fajtson a kisgyermek fej\u00e9nek \u00e9s nyak\u00e1nak. Gyeng\u00e9den \u00f6szt\u00f6nzi az eg\u00e9szs\u00e9ges alv\u00e1si testtart\u00e1st, biztos\u00edtva, hogy minden \u00e1lom \u00e9ppoly pihentet\u0151, mint amilyen \u00e9des. Pomp\u00e1san puha anyagokb\u00f3l k\u00e9sz\u00fclt, simogat\u00f3an puha tapint\u00e1s\u00fa, \u00e9s gyermek\u00e9t k\u00e9nyelemmel \u00f6leli k\u00f6rbe. A r\u00f3zsasz\u00edn \u00e9s a k\u00e9k gyeng\u00e9d \u00e1rnyalataiban kaphat\u00f3, k\u00f6nnyed\u00e9n kieg\u00e9sz\u00edt b\u00e1rmilyen gyerekszobai dekor\u00e1ci\u00f3t, k\u00f6nnyed\u00e9n alkalmazkodva az egy\u00e9ni \u00edzl\u00e9shez.<\/div>\n<p>&nbsp;<\/p>\n<div class=\"auto-hide-last-sibling-br paragraph-qzbcQC paragraph-element br-paragraph-space\">K\u00e9pzelje el a nyugodt est\u00e9ket, amikor gyermeke az \u00e1gy\u00e1ban f\u00e9szkel\u0151dve szorosan mag\u00e1hoz \u00f6leli a Cuki malac csecsem\u0151p\u00e1rn\u00e1t. Vigaszforr\u00e1ss\u00e1 v\u00e1lik, csendes bar\u00e1tj\u00e1v\u00e1, aki b\u00e9k\u00e9s \u00e1lmokba ringatja \u0151ket. Napk\u00f6zben pedig j\u00e1t\u00e9kos kell\u00e9kk\u00e9nt szolg\u00e1lhat fant\u00e1ziad\u00fas j\u00e1t\u00e9kaikban, puha lesz\u00e1ll\u00f3helyk\u00e9nt a nappali padl\u00f3j\u00e1n r\u00f6gt\u00f6nz\u00f6tt szundik\u00e1l\u00e1shoz, vagy vigasztal\u00f3 \u00f6lelget\u0151 pajt\u00e1sk\u00e9nt a f\u00e1radts\u00e1g pillanataiban.<\/div>\n<p>&nbsp;<\/p>\n<div class=\"auto-hide-last-sibling-br paragraph-qzbcQC paragraph-element br-paragraph-space\">A sz\u00fcl\u0151k tele vannak dics\u00e9rettel err\u0151l az elragad\u00f3 p\u00e1rn\u00e1r\u00f3l. \"A kisgyermekem teljesen im\u00e1dja a Cuki malac p\u00e1rn\u00e1t! Ez lett a lefekv\u00e9shez sz\u00fcks\u00e9ges eszk\u00f6z\u00fck. A puhas\u00e1ga csod\u00e1latos, \u00e9s az aranyos diz\u00e1jn miatt a szob\u00e1juk kedvenc r\u00e9sze\" - osztotta meg egy elragadtatott anyuka. Egy apa \u00edgy sz\u00f3lt hozz\u00e1: \"Im\u00e1djuk, hogy egy csipetnyi szesz\u00e9lyt ad a gyermek\u00fcnk alv\u00f3hely\u00e9hez. Tart\u00f3s is, kib\u00edrja az \u00f6lel\u00e9seket \u00e9s a szor\u00edt\u00e1sokat. Biztosan nagyszer\u0171 tal\u00e1lat!\"<\/div>\n<p>&nbsp;<\/p>\n<div class=\"auto-hide-last-sibling-br paragraph-qzbcQC paragraph-element br-paragraph-space\">A Cute Pig csecsem\u0151p\u00e1rna l\u00e9nyeg\u00e9ben t\u00f6bb mint egy egyszer\u0171 p\u00e1rna; ez a k\u00e9nyelem, a cukis\u00e1g \u00e9s a gyermekkori eml\u00e9kek k\u00f6tege, amely gyermeke 1-3 \u00e9ves kor\u00e1nak minden \u00e9rt\u00e9kes pillanat\u00e1t feldobja.<\/div>\n<\/div>\n<\/div>\n<\/div>\n<\/div>\n<\/div>\n<\/div>\n<\/div>\n<\/div>\n<\/div>","protected":false},"excerpt":{"rendered":"<div class=\"container-QE4ayg\">\n<div class=\"item-jU10IN\">\n<div class=\"container-jODEnh chrome70-container\">\n<div class=\"inner-eE95c9 inner-item-aL3Ui_\" data-target-id=\"message-box-target-id\" data-testid=\"union_message\">\n<div class=\"message-block-container-liuetz\" data-testid=\"message-block-container\">\n<div class=\"message-box-ZWbBdF\" data-testid=\"receive_message\">\n<div class=\"message-box-content-wrapper-srHdUj\">\n<div class=\"message-content message-box-content-otxGGw receive-message-box-content-_lREFj samantha-message-box-content-Qjmpja\" data-testid=\"message_content\">\n<div class=\"container-hfX5E8 flow-markdown-body theme-samantha-yJEgBp\" dir=\"ltr\" data-testid=\"message_text_content\" data-show-indicator=\"false\">\n<div class=\"auto-hide-last-sibling-br paragraph-qzbcQC paragraph-element br-paragraph-space\">A Cute Pig csecsem\u0151p\u00e1rna egy kedves alv\u00e1si kieg\u00e9sz\u00edt\u0151, amelyet 1-3 \u00e9ves kor\u00fa gyermekek sz\u00e1m\u00e1ra terveztek. Kialak\u00edt\u00e1s\u00e1t egy aranyos malac ihlette, olyan b\u00e1jos von\u00e1sokkal, mint a csukott szemek, a kerek orr \u00e9s a puha f\u00fclek, amelyek ellen\u00e1llhatatlanul im\u00e1dnival\u00f3 megjelen\u00e9st k\u00f6lcs\u00f6n\u00f6znek. M\u00e9rete 40*<em>24*<\/em>3CM, megfelel\u0151 al\u00e1t\u00e1maszt\u00e1st ny\u00fajt a gyermek feje \u00e9s nyaka sz\u00e1m\u00e1ra, el\u0151seg\u00edtve a k\u00e9nyelmes \u00e9s eg\u00e9szs\u00e9ges alv\u00e1si testtart\u00e1st. Puha anyagokb\u00f3l k\u00e9sz\u00fclt, gyeng\u00e9d \u00e9s k\u00e9nyelmes tapint\u00e1st biztos\u00edt. R\u00f3zsasz\u00edn \u00e9s k\u00e9k sz\u00ednben kaphat\u00f3, \u00edgy k\u00fcl\u00f6nb\u00f6z\u0151 gyerekszobai dekor\u00e1ci\u00f3khoz \u00e9s szem\u00e9lyes preferenci\u00e1khoz illeszkedik. Ez a p\u00e1rna nemcsak a j\u00f3 alv\u00e1st seg\u00edti, hanem egy cuki \u00e9s melegs\u00e9get is ad a gyermek lefekv\u00e9si rutinj\u00e1hoz.<\/div>\n<\/div>\n<\/div>\n<\/div>\n<\/div>\n<\/div>\n<\/div>\n<\/div>\n<\/div>\n<\/div>","protected":false},"featured_media":3331,"comment_status":"open","ping_status":"closed","template":"","meta":{"_uag_custom_page_level_css":"","site-sidebar-layout":"default","site-content-layout":"","ast-site-content-layout":"default","site-content-style":"default","site-sidebar-style":"default","ast-global-header-display":"","ast-banner-title-visibility":"","ast-main-header-display":"","ast-hfb-above-header-display":"","ast-hfb-below-header-display":"","ast-hfb-mobile-header-display":"","site-post-title":"","ast-breadcrumbs-content":"","ast-featured-img":"","footer-sml-layout":"","ast-disable-related-posts":"","theme-transparent-header-meta":"default","adv-header-id-meta":"","stick-header-meta":"","header-above-stick-meta":"","header-main-stick-meta":"","header-below-stick-meta":"","astra-migrate-meta-layouts":"set","ast-page-background-enabled":"default","ast-page-background-meta":{"desktop":{"background-color":"","background-image":"","background-repeat":"repeat","background-position":"center center","background-size":"auto","background-attachment":"scroll","background-type":"","background-media":"","overlay-type":"","overlay-color":"","overlay-opacity":"","overlay-gradient":""},"tablet":{"background-color":"","background-image":"","background-repeat":"repeat","background-position":"center center","background-size":"auto","background-attachment":"scroll","background-type":"","background-media":"","overlay-type":"","overlay-color":"","overlay-opacity":"","overlay-gradient":""},"mobile":{"background-color":"","background-image":"","background-repeat":"repeat","background-position":"center center","background-size":"auto","background-attachment":"scroll","background-type":"","background-media":"","overlay-type":"","overlay-color":"","overlay-opacity":"","overlay-gradient":""}},"ast-content-background-meta":{"desktop":{"background-color":"var(--ast-global-color-5)","background-image":"","background-repeat":"repeat","background-position":"center center","background-size":"auto","background-attachment":"scroll","background-type":"","background-media":"","overlay-type":"","overlay-color":"","overlay-opacity":"","overlay-gradient":""},"tablet":{"background-color":"var(--ast-global-color-5)","background-image":"","background-repeat":"repeat","background-position":"center center","background-size":"auto","background-attachment":"scroll","background-type":"","background-media":"","overlay-type":"","overlay-color":"","overlay-opacity":"","overlay-gradient":""},"mobile":{"background-color":"var(--ast-global-color-5)","background-image":"","background-repeat":"repeat","background-position":"center center","background-size":"auto","background-attachment":"scroll","background-type":"","background-media":"","overlay-type":"","overlay-color":"","overlay-opacity":"","overlay-gradient":""}}},"product_brand":[],"product_cat":[56,42],"product_tag":[70,68,71,69],"class_list":{"0":"post-3329","1":"product","2":"type-product","3":"status-publish","4":"has-post-thumbnail","6":"product_cat-1-to-3-years","7":"product_cat-merchandise","8":"product_tag-babypillow","9":"product_tag-cuteanimalpillow","10":"product_tag-headshapesupport","11":"product_tag-kouniushapingpillow","12":"desktop-align-left","13":"tablet-align-left","14":"mobile-align-left","16":"first","17":"instock","18":"shipping-taxable","19":"product-type-simple"},"aioseo_notices":[],"uagb_featured_image_src":{"full":["https:\/\/babypillowwholesale.com\/wp-content\/uploads\/2025\/04\/1096-1.jpg",1000,1000,false],"thumbnail":["https:\/\/babypillowwholesale.com\/wp-content\/uploads\/2025\/04\/1096-1-150x150.jpg",150,150,true],"medium":["https:\/\/babypillowwholesale.com\/wp-content\/uploads\/2025\/04\/1096-1-300x300.jpg",300,300,true],"medium_large":["https:\/\/babypillowwholesale.com\/wp-content\/uploads\/2025\/04\/1096-1-768x768.jpg",768,768,true],"large":["https:\/\/babypillowwholesale.com\/wp-content\/uploads\/2025\/04\/1096-1.jpg",1000,1000,false],"1536x1536":["https:\/\/babypillowwholesale.com\/wp-content\/uploads\/2025\/04\/1096-1.jpg",1000,1000,false],"2048x2048":["https:\/\/babypillowwholesale.com\/wp-content\/uploads\/2025\/04\/1096-1.jpg",1000,1000,false],"trp-custom-language-flag":["https:\/\/babypillowwholesale.com\/wp-content\/uploads\/2025\/04\/1096-1.jpg",12,12,false],"woocommerce_thumbnail":["https:\/\/babypillowwholesale.com\/wp-content\/uploads\/2025\/04\/1096-1-300x300.jpg",300,300,true],"woocommerce_single":["https:\/\/babypillowwholesale.com\/wp-content\/uploads\/2025\/04\/1096-1-600x600.jpg",600,600,true],"woocommerce_gallery_thumbnail":["https:\/\/babypillowwholesale.com\/wp-content\/uploads\/2025\/04\/1096-1-100x100.jpg",100,100,true]},"uagb_author_info":{"display_name":"Etnen zhong","author_link":"https:\/\/babypillowwholesale.com\/hu\/author\/"},"uagb_comment_info":0,"uagb_excerpt":"The Cute Pig Infant Pillow is an endearing sleep accessory designed for children aged 1 - 3 years. Its design is inspired by a cute pig, with charming features like closed - eye expressions, a round nose, and soft ears, creating an irresistibly adorable look. Measuring 40*24*3CM, it offers proper support for a child's head&hellip;","jetpack_sharing_enabled":true,"_links":{"self":[{"href":"https:\/\/babypillowwholesale.com\/hu\/wp-json\/wp\/v2\/product\/3329","targetHints":{"allow":["GET"]}}],"collection":[{"href":"https:\/\/babypillowwholesale.com\/hu\/wp-json\/wp\/v2\/product"}],"about":[{"href":"https:\/\/babypillowwholesale.com\/hu\/wp-json\/wp\/v2\/types\/product"}],"replies":[{"embeddable":true,"href":"https:\/\/babypillowwholesale.com\/hu\/wp-json\/wp\/v2\/comments?post=3329"}],"wp:featuredmedia":[{"embeddable":true,"href":"https:\/\/babypillowwholesale.com\/hu\/wp-json\/wp\/v2\/media\/3331"}],"wp:attachment":[{"href":"https:\/\/babypillowwholesale.com\/hu\/wp-json\/wp\/v2\/media?parent=3329"}],"wp:term":[{"taxonomy":"product_brand","embeddable":true,"href":"https:\/\/babypillowwholesale.com\/hu\/wp-json\/wp\/v2\/product_brand?post=3329"},{"taxonomy":"product_cat","embeddable":true,"href":"https:\/\/babypillowwholesale.com\/hu\/wp-json\/wp\/v2\/product_cat?post=3329"},{"taxonomy":"product_tag","embeddable":true,"href":"https:\/\/babypillowwholesale.com\/hu\/wp-json\/wp\/v2\/product_tag?post=3329"}],"curies":[{"name":"wp","href":"https:\/\/api.w.org\/{rel}","templated":true}]}}