{"id":3326,"date":"2025-04-03T15:31:54","date_gmt":"2025-04-03T15:31:54","guid":{"rendered":"https:\/\/babypillowwholesale.com\/?post_type=product&#038;p=3326"},"modified":"2025-06-08T15:08:21","modified_gmt":"2025-06-08T15:08:21","slug":"childlike-infant-pillow","status":"publish","type":"product","link":"https:\/\/babypillowwholesale.com\/hu\/product\/childlike-infant-pillow\/","title":{"rendered":"Gyermeki csecsem\u0151 p\u00e1rna"},"content":{"rendered":"<div class=\"auto-hide-last-sibling-br paragraph-qzbcQC paragraph-element br-paragraph-space\" data-immersive-translate-walked=\"8e61f2e7-6af2-46e5-9672-3b9e4f4033d9\" data-immersive-translate-paragraph=\"1\">\n<div class=\"auto-hide-last-sibling-br paragraph-qzbcQC paragraph-element br-paragraph-space\">\n<div class=\"auto-hide-last-sibling-br paragraph-qzbcQC paragraph-element br-paragraph-space\">\n<div class=\"auto-hide-last-sibling-br paragraph-qzbcQC paragraph-element br-paragraph-space\">\n<div class=\"auto-hide-last-sibling-br paragraph-qzbcQC paragraph-element br-paragraph-space\">\n<div class=\"auto-hide-last-sibling-br paragraph-qzbcQC paragraph-element br-paragraph-space\">\n<div class=\"auto-hide-last-sibling-br paragraph-qzbcQC paragraph-element br-paragraph-space\">\n<div class=\"auto-hide-last-sibling-br paragraph-qzbcQC paragraph-element br-paragraph-space\">\n<div class=\"auto-hide-last-sibling-br paragraph-qzbcQC paragraph-element br-paragraph-space\">Bemutatjuk a Childlike csecsem\u0151p\u00e1rn\u00e1t, egy var\u00e1zslatos alv\u00f3t\u00e1rsat, amelyet az 1-3 \u00e9vesek zsenge \u00e9veire terveztek. Mag\u00e1val ragad\u00f3 kialak\u00edt\u00e1sa egy aranyos, fantasztikus \u00e1llatb\u00f3l mer\u00edt ihletet, szesz\u00e9lyes testtel, kedves f\u00fclekkel \u00e9s szel\u00edd arckifejez\u00e9ssel b\u00fcszk\u00e9lkedhet, amely azonnal az \u00e1rtatlans\u00e1g \u00e9s a csod\u00e1k vil\u00e1g\u00e1t id\u00e9zi.<\/div>\n<p>&nbsp;<\/p>\n<div class=\"auto-hide-last-sibling-br paragraph-qzbcQC paragraph-element br-paragraph-space\">M\u00e9r\u00e9s 43*<em>26*<\/em>3CM, ez a p\u00e1rna pont a megfelel\u0151 al\u00e1t\u00e1maszt\u00e1st ny\u00fajtja a kisgyermek feje \u00e9s nyaka sz\u00e1m\u00e1ra, \u00edgy biztos\u00edtva a pihentet\u0151 alv\u00e1st \u00e9jszak\u00e1r\u00f3l \u00e9jszak\u00e1ra. Pomp\u00e1san puha anyagokb\u00f3l k\u00e9sz\u00fclt, f\u00e9ny\u0171z\u0151, k\u00e9nyelmes tapint\u00e1st biztos\u00edt, amelyhez gyermeke sz\u00edvesen b\u00fajik majd. A b\u00e1jos r\u00f3zsasz\u00edn \u00e9s k\u00e9k \u00e1rnyalatokban kaphat\u00f3, egy\u00e9ni preferenci\u00e1knak megfelel\u0151en, sz\u00ednpomp\u00e1s sz\u00ednfoltja b\u00e1rmelyik gyerekszob\u00e1nak vagy h\u00e1l\u00f3szob\u00e1nak.<\/div>\n<p>&nbsp;<\/p>\n<div class=\"auto-hide-last-sibling-br paragraph-qzbcQC paragraph-element br-paragraph-space\">K\u00e9pzelje el, hogy az esti mes\u00e9k \u00e9letre kelnek, mik\u00f6zben gyermeke ezt a p\u00e1rn\u00e1t \u00f6lelgeti, biztons\u00e1gban \u00e9s megnyugtatva \u00e9rzi mag\u00e1t. Nem csak alv\u00e1sra val\u00f3: napk\u00f6zben j\u00e1tsz\u00f3pajt\u00e1sk\u00e9nt, fant\u00e1ziad\u00fas kalandok kell\u00e9kek\u00e9nt, vagy puha lesz\u00e1ll\u00f3helyk\u00e9nt szolg\u00e1lhat a r\u00f6gt\u00f6nz\u00f6tt, benti szundik\u00e1l\u00e1sok sor\u00e1n.<\/div>\n<p>&nbsp;<\/p>\n<div class=\"auto-hide-last-sibling-br paragraph-qzbcQC paragraph-element br-paragraph-space\">A sz\u00fcl\u0151k el vannak ragadtatva ett\u0151l a term\u00e9kt\u0151l. \"A 2 \u00e9ves kisfiam im\u00e1dja ezt a p\u00e1rn\u00e1t! Ez lett a kedvenc alv\u00f3eszk\u00f6z\u00fck. A puhas\u00e1ga csod\u00e1latos, \u00e9s az aranyos diz\u00e1jnnak k\u00f6sz\u00f6nhet\u0151en gyerekj\u00e1t\u00e9k a lefekv\u00e9s\" - osztotta meg egy boldog anyuka. Egy apuka hozz\u00e1tette: \"Im\u00e1djuk, hogy egy kis vid\u00e1ms\u00e1got k\u00f6lcs\u00f6n\u00f6z a gyermek\u00fcnk szob\u00e1j\u00e1nak. Tart\u00f3s is, ami nagyszer\u0171, figyelembe v\u00e9ve a sok j\u00e1t\u00e9kot, amit kib\u00edr. Hat\u00e1rozottan must - have ennek a koroszt\u00e1lynak\".<\/div>\n<p>&nbsp;<\/p>\n<div class=\"auto-hide-last-sibling-br paragraph-qzbcQC paragraph-element br-paragraph-space\">R\u00f6viden, a Childlike csecsem\u0151p\u00e1rna t\u00f6bb, mint egy egyszer\u0171 \u00e1gynem\u0171. Ez az \u00e9des \u00e1lmok kapuja, a k\u00e9nyelem forr\u00e1sa \u00e9s gyermeke els\u0151 \u00e9veinek megbecs\u00fclt r\u00e9sze, amely a funkcionalit\u00e1st egy csipetnyi gyermeki var\u00e1zslattal \u00f6tv\u00f6zi.<\/div>\n<\/div>\n<\/div>\n<\/div>\n<\/div>\n<\/div>\n<\/div>\n<\/div>\n<\/div>","protected":false},"excerpt":{"rendered":"<div class=\"container-QE4ayg\">\n<div class=\"item-jU10IN\">\n<div class=\"container-jODEnh chrome70-container\">\n<div class=\"inner-eE95c9 inner-item-aL3Ui_\" data-target-id=\"message-box-target-id\" data-testid=\"union_message\">\n<div class=\"message-block-container-liuetz\" data-testid=\"message-block-container\">\n<div class=\"message-box-ZWbBdF\" data-testid=\"receive_message\">\n<div class=\"message-box-content-wrapper-srHdUj\">\n<div class=\"message-content message-box-content-otxGGw receive-message-box-content-_lREFj samantha-message-box-content-Qjmpja\" data-testid=\"message_content\">\n<div class=\"container-hfX5E8 flow-markdown-body theme-samantha-yJEgBp\" dir=\"ltr\" data-testid=\"message_text_content\" data-show-indicator=\"false\">\n<div class=\"auto-hide-last-sibling-br paragraph-qzbcQC paragraph-element br-paragraph-space\">A Childlike csecsem\u0151p\u00e1rna egy var\u00e1zslatos alv\u00f3t\u00e1rs, amely az 1-3 \u00e9ves kor\u00fa gyermekek sz\u00e1m\u00e1ra k\u00e9sz\u00fclt. Kialak\u00edt\u00e1s\u00e1t egy aranyos \u00e1llatfigura ihlette, szesz\u00e9lyes testform\u00e1val, im\u00e1dnival\u00f3 f\u00fclekkel \u00e9s nyugodt arckifejez\u00e9ssel, amely \u00e1rtatlans\u00e1got \u00e9s b\u00e1jt sug\u00e1roz. M\u00e9rete 43<em>26<\/em>3CM, \u00edgy elegend\u0151 t\u00e1maszt ny\u00fajt a gyermek fej\u00e9nek \u00e9s nyak\u00e1nak alv\u00e1s k\u00f6zben. Puha anyagokb\u00f3l k\u00e9sz\u00fclt, k\u00e9nyelmes \u00e9s k\u00e9nyelmes tapint\u00e1st biztos\u00edt. R\u00f3zsasz\u00edn \u00e9s k\u00e9k sz\u00ednben kaphat\u00f3, \u00edgy megfelel a k\u00fcl\u00f6nb\u00f6z\u0151 preferenci\u00e1knak. Ez a p\u00e1rna nemcsak pihentet\u0151 alv\u00e1st biztos\u00edt, hanem egy kis m\u00f3k\u00e1t \u00e9s fant\u00e1zi\u00e1t is ad a gyermek lefekv\u00e9si rutinj\u00e1hoz, \u00edgy kellemes kieg\u00e9sz\u00edt\u0151je az alv\u00e1shoz sz\u00fcks\u00e9ges felszerel\u00e9seknek.<\/div>\n<\/div>\n<\/div>\n<\/div>\n<div class=\"answer-action-bar-uORVoB bottom-action-bar-wrapper-XE0wUd hide-SOehmu answer-action-bar\" data-testid=\"message_action_bar\"><\/div>\n<\/div>\n<\/div>\n<\/div>\n<\/div>\n<\/div>\n<\/div>\n<div class=\"container-QE4ayg\">\n<div class=\"item-jU10IN\">\n<div class=\"container-jODEnh chrome70-container\">\n<div class=\"inner-eE95c9 inner-item-aL3Ui_\" data-target-id=\"message-box-target-id\" data-testid=\"union_message\">\n<div class=\"message-block-container-liuetz\" data-testid=\"message-block-container\">\n<div class=\"message-box-ZWbBdF message-box__reverse-vkxp8L\" data-testid=\"send_message\">\n<div class=\"message-box-content-wrapper-srHdUj send-message-e0EUGT\">\n<div class=\"message-content message-box-content-otxGGw send-message-box-content-N1r3Gh samantha-message-box-content-Qjmpja\" data-testid=\"message_content\"><\/div>\n<\/div>\n<\/div>\n<\/div>\n<\/div>\n<\/div>\n<\/div>\n<\/div>","protected":false},"featured_media":3327,"comment_status":"open","ping_status":"closed","template":"","meta":{"_uag_custom_page_level_css":"","site-sidebar-layout":"default","site-content-layout":"","ast-site-content-layout":"default","site-content-style":"default","site-sidebar-style":"default","ast-global-header-display":"","ast-banner-title-visibility":"","ast-main-header-display":"","ast-hfb-above-header-display":"","ast-hfb-below-header-display":"","ast-hfb-mobile-header-display":"","site-post-title":"","ast-breadcrumbs-content":"","ast-featured-img":"","footer-sml-layout":"","ast-disable-related-posts":"","theme-transparent-header-meta":"default","adv-header-id-meta":"","stick-header-meta":"","header-above-stick-meta":"","header-main-stick-meta":"","header-below-stick-meta":"","astra-migrate-meta-layouts":"set","ast-page-background-enabled":"default","ast-page-background-meta":{"desktop":{"background-color":"","background-image":"","background-repeat":"repeat","background-position":"center center","background-size":"auto","background-attachment":"scroll","background-type":"","background-media":"","overlay-type":"","overlay-color":"","overlay-opacity":"","overlay-gradient":""},"tablet":{"background-color":"","background-image":"","background-repeat":"repeat","background-position":"center center","background-size":"auto","background-attachment":"scroll","background-type":"","background-media":"","overlay-type":"","overlay-color":"","overlay-opacity":"","overlay-gradient":""},"mobile":{"background-color":"","background-image":"","background-repeat":"repeat","background-position":"center center","background-size":"auto","background-attachment":"scroll","background-type":"","background-media":"","overlay-type":"","overlay-color":"","overlay-opacity":"","overlay-gradient":""}},"ast-content-background-meta":{"desktop":{"background-color":"var(--ast-global-color-5)","background-image":"","background-repeat":"repeat","background-position":"center center","background-size":"auto","background-attachment":"scroll","background-type":"","background-media":"","overlay-type":"","overlay-color":"","overlay-opacity":"","overlay-gradient":""},"tablet":{"background-color":"var(--ast-global-color-5)","background-image":"","background-repeat":"repeat","background-position":"center center","background-size":"auto","background-attachment":"scroll","background-type":"","background-media":"","overlay-type":"","overlay-color":"","overlay-opacity":"","overlay-gradient":""},"mobile":{"background-color":"var(--ast-global-color-5)","background-image":"","background-repeat":"repeat","background-position":"center center","background-size":"auto","background-attachment":"scroll","background-type":"","background-media":"","overlay-type":"","overlay-color":"","overlay-opacity":"","overlay-gradient":""}}},"product_brand":[],"product_cat":[56,42],"product_tag":[70,68,71,69],"class_list":{"0":"post-3326","1":"product","2":"type-product","3":"status-publish","4":"has-post-thumbnail","6":"product_cat-1-to-3-years","7":"product_cat-merchandise","8":"product_tag-babypillow","9":"product_tag-cuteanimalpillow","10":"product_tag-headshapesupport","11":"product_tag-kouniushapingpillow","12":"desktop-align-left","13":"tablet-align-left","14":"mobile-align-left","16":"first","17":"instock","18":"shipping-taxable","19":"product-type-simple"},"aioseo_notices":[],"uagb_featured_image_src":{"full":["https:\/\/babypillowwholesale.com\/wp-content\/uploads\/2025\/04\/1526.jpg",1000,1000,false],"thumbnail":["https:\/\/babypillowwholesale.com\/wp-content\/uploads\/2025\/04\/1526-150x150.jpg",150,150,true],"medium":["https:\/\/babypillowwholesale.com\/wp-content\/uploads\/2025\/04\/1526-300x300.jpg",300,300,true],"medium_large":["https:\/\/babypillowwholesale.com\/wp-content\/uploads\/2025\/04\/1526-768x768.jpg",768,768,true],"large":["https:\/\/babypillowwholesale.com\/wp-content\/uploads\/2025\/04\/1526.jpg",1000,1000,false],"1536x1536":["https:\/\/babypillowwholesale.com\/wp-content\/uploads\/2025\/04\/1526.jpg",1000,1000,false],"2048x2048":["https:\/\/babypillowwholesale.com\/wp-content\/uploads\/2025\/04\/1526.jpg",1000,1000,false],"trp-custom-language-flag":["https:\/\/babypillowwholesale.com\/wp-content\/uploads\/2025\/04\/1526.jpg",12,12,false],"woocommerce_thumbnail":["https:\/\/babypillowwholesale.com\/wp-content\/uploads\/2025\/04\/1526-300x300.jpg",300,300,true],"woocommerce_single":["https:\/\/babypillowwholesale.com\/wp-content\/uploads\/2025\/04\/1526-600x600.jpg",600,600,true],"woocommerce_gallery_thumbnail":["https:\/\/babypillowwholesale.com\/wp-content\/uploads\/2025\/04\/1526-100x100.jpg",100,100,true]},"uagb_author_info":{"display_name":"Etnen zhong","author_link":"https:\/\/babypillowwholesale.com\/hu\/author\/"},"uagb_comment_info":0,"uagb_excerpt":"The Childlike Infant Pillow is an enchanting sleep companion tailored for children aged 1 - 3 years. Its design is inspired by a cute animal figure, featuring a whimsical body shape, adorable ears, and a serene expression that exudes a sense of innocence and charm. Measuring 43263CM, it provides ample support for a child's head&hellip;","jetpack_sharing_enabled":true,"_links":{"self":[{"href":"https:\/\/babypillowwholesale.com\/hu\/wp-json\/wp\/v2\/product\/3326","targetHints":{"allow":["GET"]}}],"collection":[{"href":"https:\/\/babypillowwholesale.com\/hu\/wp-json\/wp\/v2\/product"}],"about":[{"href":"https:\/\/babypillowwholesale.com\/hu\/wp-json\/wp\/v2\/types\/product"}],"replies":[{"embeddable":true,"href":"https:\/\/babypillowwholesale.com\/hu\/wp-json\/wp\/v2\/comments?post=3326"}],"wp:featuredmedia":[{"embeddable":true,"href":"https:\/\/babypillowwholesale.com\/hu\/wp-json\/wp\/v2\/media\/3327"}],"wp:attachment":[{"href":"https:\/\/babypillowwholesale.com\/hu\/wp-json\/wp\/v2\/media?parent=3326"}],"wp:term":[{"taxonomy":"product_brand","embeddable":true,"href":"https:\/\/babypillowwholesale.com\/hu\/wp-json\/wp\/v2\/product_brand?post=3326"},{"taxonomy":"product_cat","embeddable":true,"href":"https:\/\/babypillowwholesale.com\/hu\/wp-json\/wp\/v2\/product_cat?post=3326"},{"taxonomy":"product_tag","embeddable":true,"href":"https:\/\/babypillowwholesale.com\/hu\/wp-json\/wp\/v2\/product_tag?post=3326"}],"curies":[{"name":"wp","href":"https:\/\/api.w.org\/{rel}","templated":true}]}}