{"id":3323,"date":"2025-04-02T16:47:01","date_gmt":"2025-04-02T16:47:01","guid":{"rendered":"https:\/\/babypillowwholesale.com\/?post_type=product&#038;p=3323"},"modified":"2025-06-08T15:14:33","modified_gmt":"2025-06-08T15:14:33","slug":"hydrophilic-sponge-soothing-cloud-shaped-pillow","status":"publish","type":"product","link":"https:\/\/babypillowwholesale.com\/hu\/product\/hydrophilic-sponge-soothing-cloud-shaped-pillow\/","title":{"rendered":"Hidrofil szivacs nyugtat\u00f3 felh\u0151 - alak\u00fa p\u00e1rna"},"content":{"rendered":"<div class=\"auto-hide-last-sibling-br paragraph-qzbcQC paragraph-element br-paragraph-space\" data-immersive-translate-walked=\"8e61f2e7-6af2-46e5-9672-3b9e4f4033d9\" data-immersive-translate-paragraph=\"1\">\n<div class=\"auto-hide-last-sibling-br paragraph-qzbcQC paragraph-element br-paragraph-space\">\n<div class=\"auto-hide-last-sibling-br paragraph-qzbcQC paragraph-element br-paragraph-space\">\n<div class=\"auto-hide-last-sibling-br paragraph-qzbcQC paragraph-element br-paragraph-space\">\n<div class=\"auto-hide-last-sibling-br paragraph-qzbcQC paragraph-element br-paragraph-space\">\n<div class=\"auto-hide-last-sibling-br paragraph-qzbcQC paragraph-element br-paragraph-space\">\n<div class=\"auto-hide-last-sibling-br paragraph-qzbcQC paragraph-element br-paragraph-space\">\n<div class=\"auto-hide-last-sibling-br paragraph-qzbcQC paragraph-element br-paragraph-space\">Bemutatjuk a Hydrophilic Sponge Soothing Cloud - Shaped Pillow-t, egy gyeng\u00e9d \u00f6lel\u00e9s a bab\u00e1k sz\u00e1m\u00e1ra az els\u0151 \u00e9let\u00e9v\u00fckben. A felh\u0151 puha, megnyugtat\u00f3 form\u00e1j\u00e1t ut\u00e1nozva k\u00e9sz\u00fclt, \u00e9s azonnal a biztons\u00e1g \u00e9s a melegs\u00e9g \u00e9rz\u00e9s\u00e9be burkolja a kisgyermeket. A p\u00e1rna pr\u00e9mium kateg\u00f3ri\u00e1s hidrofil szivacsb\u00f3l k\u00e9sz\u00fclt, b\u00e1rsonyos - sima tapint\u00e1s\u00fa, amely rendk\u00edv\u00fcl gyeng\u00e9d a baba \u00e9rz\u00e9keny b\u0151r\u00e9hez.<\/div>\n<p>&nbsp;<\/p>\n<div class=\"auto-hide-last-sibling-br paragraph-qzbcQC paragraph-element br-paragraph-space\">A fel\u00fclet\u00e9n v\u00e9letlenszer\u0171en elosztott, im\u00e1dnival\u00f3 \u00e1llatmint\u00e1kkal d\u00edsz\u00edtett p\u00e1rna vizu\u00e1lisan is \u00e9lvezetes, k\u00edv\u00e1ncsis\u00e1got \u00e9s \u00f6r\u00f6m\u00f6t kelt a baba vil\u00e1g\u00e1ban. M\u00e9rete 45<em>28<\/em>1,5CM, nagyvonal\u00fa helyet biztos\u00edt, k\u00e9nyelmesen b\u00f6lcs\u0151zik a baba fej\u00e9t \u00e9s test\u00e9t alv\u00e1s \u00e9s j\u00e1t\u00e9k k\u00f6zben egyar\u00e1nt.<\/div>\n<p>&nbsp;<\/p>\n<div class=\"auto-hide-last-sibling-br paragraph-qzbcQC paragraph-element br-paragraph-space\">K\u00e9pzelje el a nyugodt alv\u00e1sid\u0151t, amikor a baba a p\u00e1rn\u00e1ba b\u00fajik, \u00e9s \u00e1lomorsz\u00e1gba mer\u00fcl, mintha egy puha felh\u0151 \u00f6leln\u00e9 \u00e1t. Vagy k\u00e9pzelje el a j\u00e1t\u00e9kos pillanatokat, amikor a baba a cuki \u00e1llatos nyomatokt\u00f3l elb\u0171v\u00f6lten ny\u00fajt\u00f3zkodik. Ny\u0171g\u00f6s id\u0151kben is t\u00f6k\u00e9letes nyugtat\u00f3, hiszen ismer\u0151s \u00e9s megnyugtat\u00f3 \u00e9rint\u00e9st ny\u00fajt.<\/div>\n<p>&nbsp;<\/p>\n<div class=\"auto-hide-last-sibling-br paragraph-qzbcQC paragraph-element br-paragraph-space\">A sz\u00fcl\u0151k \u00e1radoznak a dics\u00e9ret\u00fckben. \"Ez a felh\u0151 alak\u00fa p\u00e1rna \u00e9letment\u0151! A kisbab\u00e1m szinte azonnal megnyugszik, amikor r\u00e1helyezz\u00fck. A hidrofil szivacs puhas\u00e1ga \u00e9s az aranyos nyomatok egyszer\u0171en csod\u00e1latosak\" - mondta egy megk\u00f6nnyebb\u00fclt anyuka. Egy apuka hozz\u00e1tette: \"A bab\u00e1nk rutinj\u00e1nak egyik alapdarabj\u00e1v\u00e1 v\u00e1lt. Ak\u00e1r egy gyors szuny\u00f3k\u00e1l\u00e1sr\u00f3l, ak\u00e1r csak egy kis nyugodt id\u0151t\u00f6lt\u00e9sr\u0151l van sz\u00f3, ez a p\u00e1rna mindig ott van, k\u00e9nyelmet \u00e9s egy kis sz\u00f3rakoz\u00e1st ny\u00fajt\".\"<\/div>\n<p>&nbsp;<\/p>\n<div class=\"auto-hide-last-sibling-br paragraph-qzbcQC paragraph-element br-paragraph-space\">L\u00e9nyeg\u00e9ben a Hydrophilic Sponge Soothing Cloud - Shaped Pillow t\u00f6bb, mint egy egyszer\u0171 \u00e1gynem\u0171. Ez a funkcionalit\u00e1s, a k\u00e9nyelem \u00e9s a cukis\u00e1g kever\u00e9ke, egy n\u00e9lk\u00fcl\u00f6zhetetlen t\u00e1rs, amely a baba els\u0151 napjainak minden \u00e9rt\u00e9kes pillanat\u00e1t feldobja.<\/div>\n<\/div>\n<\/div>\n<\/div>\n<\/div>\n<\/div>\n<\/div>\n<\/div>","protected":false},"excerpt":{"rendered":"<p>A hidrofil szivacsos nyugtat\u00f3 felh\u0151 - form\u00e1j\u00fa p\u00e1rna csod\u00e1latos t\u00e1rs a 0 - 1 \u00e9ves kor\u00fa bab\u00e1k sz\u00e1m\u00e1ra. Kialak\u00edt\u00e1sa egy puha felh\u0151 form\u00e1j\u00e1t veszi fel, biztons\u00e1g\u00e9rzetet \u00e9s k\u00e9nyelmet teremtve. Hidrofil szivacsb\u00f3l k\u00e9sz\u00fclt, gyeng\u00e9d \u00e9s kellemes tapint\u00e1s\u00fa, t\u00f6k\u00e9letes a baba \u00e9rz\u00e9keny b\u0151r\u00e9hez. A p\u00e1rn\u00e1t aranyos \u00e1llatos nyomatok d\u00edsz\u00edtik, amelyek v\u00e9letlenszer\u0171en vannak elosztva, j\u00e1t\u00e9kos \u00e9s b\u00e1jos elemet adva hozz\u00e1. 45* specifik\u00e1ci\u00f3val<em>28*<\/em>1,5CM, \u00edgy elegend\u0151 helyet biztos\u00edt a baba fej\u00e9nek \u00e9s test\u00e9nek. Ez a p\u00e1rna nem csak szundik\u00e1l\u00e1shoz kiv\u00e1l\u00f3, hanem megnyugtat\u00f3 t\u00e1rgyk\u00e9nt is szolg\u00e1l j\u00e1t\u00e9kid\u0151ben, vagy amikor a bab\u00e1nak nyugtat\u00e1sra van sz\u00fcks\u00e9ge. Egyes\u00edti a funkcionalit\u00e1st, a puhas\u00e1got \u00e9s az aranyos eszt\u00e9tik\u00e1t, \u00edgy a baba els\u0151 napjainak elengedhetetlen t\u00e1rgya.<\/p>","protected":false},"featured_media":3324,"comment_status":"open","ping_status":"closed","template":"","meta":{"_uag_custom_page_level_css":"","site-sidebar-layout":"default","site-content-layout":"","ast-site-content-layout":"default","site-content-style":"default","site-sidebar-style":"default","ast-global-header-display":"","ast-banner-title-visibility":"","ast-main-header-display":"","ast-hfb-above-header-display":"","ast-hfb-below-header-display":"","ast-hfb-mobile-header-display":"","site-post-title":"","ast-breadcrumbs-content":"","ast-featured-img":"","footer-sml-layout":"","ast-disable-related-posts":"","theme-transparent-header-meta":"default","adv-header-id-meta":"","stick-header-meta":"","header-above-stick-meta":"","header-main-stick-meta":"","header-below-stick-meta":"","astra-migrate-meta-layouts":"set","ast-page-background-enabled":"default","ast-page-background-meta":{"desktop":{"background-color":"","background-image":"","background-repeat":"repeat","background-position":"center center","background-size":"auto","background-attachment":"scroll","background-type":"","background-media":"","overlay-type":"","overlay-color":"","overlay-opacity":"","overlay-gradient":""},"tablet":{"background-color":"","background-image":"","background-repeat":"repeat","background-position":"center center","background-size":"auto","background-attachment":"scroll","background-type":"","background-media":"","overlay-type":"","overlay-color":"","overlay-opacity":"","overlay-gradient":""},"mobile":{"background-color":"","background-image":"","background-repeat":"repeat","background-position":"center center","background-size":"auto","background-attachment":"scroll","background-type":"","background-media":"","overlay-type":"","overlay-color":"","overlay-opacity":"","overlay-gradient":""}},"ast-content-background-meta":{"desktop":{"background-color":"var(--ast-global-color-5)","background-image":"","background-repeat":"repeat","background-position":"center center","background-size":"auto","background-attachment":"scroll","background-type":"","background-media":"","overlay-type":"","overlay-color":"","overlay-opacity":"","overlay-gradient":""},"tablet":{"background-color":"var(--ast-global-color-5)","background-image":"","background-repeat":"repeat","background-position":"center center","background-size":"auto","background-attachment":"scroll","background-type":"","background-media":"","overlay-type":"","overlay-color":"","overlay-opacity":"","overlay-gradient":""},"mobile":{"background-color":"var(--ast-global-color-5)","background-image":"","background-repeat":"repeat","background-position":"center center","background-size":"auto","background-attachment":"scroll","background-type":"","background-media":"","overlay-type":"","overlay-color":"","overlay-opacity":"","overlay-gradient":""}}},"product_brand":[],"product_cat":[55,42],"product_tag":[70,68,71,69],"class_list":{"0":"post-3323","1":"product","2":"type-product","3":"status-publish","4":"has-post-thumbnail","6":"product_cat-0-to-1-year","7":"product_cat-merchandise","8":"product_tag-babypillow","9":"product_tag-cuteanimalpillow","10":"product_tag-headshapesupport","11":"product_tag-kouniushapingpillow","12":"desktop-align-left","13":"tablet-align-left","14":"mobile-align-left","16":"first","17":"instock","18":"shipping-taxable","19":"product-type-simple"},"aioseo_notices":[],"uagb_featured_image_src":{"full":["https:\/\/babypillowwholesale.com\/wp-content\/uploads\/2025\/04\/1026.jpg",1000,1000,false],"thumbnail":["https:\/\/babypillowwholesale.com\/wp-content\/uploads\/2025\/04\/1026-150x150.jpg",150,150,true],"medium":["https:\/\/babypillowwholesale.com\/wp-content\/uploads\/2025\/04\/1026-300x300.jpg",300,300,true],"medium_large":["https:\/\/babypillowwholesale.com\/wp-content\/uploads\/2025\/04\/1026-768x768.jpg",768,768,true],"large":["https:\/\/babypillowwholesale.com\/wp-content\/uploads\/2025\/04\/1026.jpg",1000,1000,false],"1536x1536":["https:\/\/babypillowwholesale.com\/wp-content\/uploads\/2025\/04\/1026.jpg",1000,1000,false],"2048x2048":["https:\/\/babypillowwholesale.com\/wp-content\/uploads\/2025\/04\/1026.jpg",1000,1000,false],"trp-custom-language-flag":["https:\/\/babypillowwholesale.com\/wp-content\/uploads\/2025\/04\/1026.jpg",12,12,false],"woocommerce_thumbnail":["https:\/\/babypillowwholesale.com\/wp-content\/uploads\/2025\/04\/1026-300x300.jpg",300,300,true],"woocommerce_single":["https:\/\/babypillowwholesale.com\/wp-content\/uploads\/2025\/04\/1026-600x600.jpg",600,600,true],"woocommerce_gallery_thumbnail":["https:\/\/babypillowwholesale.com\/wp-content\/uploads\/2025\/04\/1026-100x100.jpg",100,100,true]},"uagb_author_info":{"display_name":"Etnen zhong","author_link":"https:\/\/babypillowwholesale.com\/hu\/author\/"},"uagb_comment_info":0,"uagb_excerpt":"The Hydrophilic Sponge Soothing Cloud - Shaped Pillow is a wonderful companion for babies aged 0 - 1 year. Its design takes the form of a soft cloud, creating a sense of security and comfort. Made from hydrophilic sponge, it offers a gentle and pleasant touch, perfect for a baby's sensitive skin. The pillow is&hellip;","jetpack_sharing_enabled":true,"_links":{"self":[{"href":"https:\/\/babypillowwholesale.com\/hu\/wp-json\/wp\/v2\/product\/3323","targetHints":{"allow":["GET"]}}],"collection":[{"href":"https:\/\/babypillowwholesale.com\/hu\/wp-json\/wp\/v2\/product"}],"about":[{"href":"https:\/\/babypillowwholesale.com\/hu\/wp-json\/wp\/v2\/types\/product"}],"replies":[{"embeddable":true,"href":"https:\/\/babypillowwholesale.com\/hu\/wp-json\/wp\/v2\/comments?post=3323"}],"wp:featuredmedia":[{"embeddable":true,"href":"https:\/\/babypillowwholesale.com\/hu\/wp-json\/wp\/v2\/media\/3324"}],"wp:attachment":[{"href":"https:\/\/babypillowwholesale.com\/hu\/wp-json\/wp\/v2\/media?parent=3323"}],"wp:term":[{"taxonomy":"product_brand","embeddable":true,"href":"https:\/\/babypillowwholesale.com\/hu\/wp-json\/wp\/v2\/product_brand?post=3323"},{"taxonomy":"product_cat","embeddable":true,"href":"https:\/\/babypillowwholesale.com\/hu\/wp-json\/wp\/v2\/product_cat?post=3323"},{"taxonomy":"product_tag","embeddable":true,"href":"https:\/\/babypillowwholesale.com\/hu\/wp-json\/wp\/v2\/product_tag?post=3323"}],"curies":[{"name":"wp","href":"https:\/\/api.w.org\/{rel}","templated":true}]}}