{"id":3317,"date":"2025-03-31T02:51:30","date_gmt":"2025-03-31T02:51:30","guid":{"rendered":"https:\/\/babypillowwholesale.com\/?post_type=product&#038;p=3317"},"modified":"2025-06-08T15:19:36","modified_gmt":"2025-06-08T15:19:36","slug":"obedient-bear-contour-pillow","status":"publish","type":"product","link":"https:\/\/babypillowwholesale.com\/hu\/product\/obedient-bear-contour-pillow\/","title":{"rendered":"Engedelmes medve kont\u00far p\u00e1rna"},"content":{"rendered":"<div class=\"auto-hide-last-sibling-br paragraph-qzbcQC paragraph-element br-paragraph-space\" data-immersive-translate-walked=\"8e61f2e7-6af2-46e5-9672-3b9e4f4033d9\" data-immersive-translate-paragraph=\"1\">\n<div class=\"auto-hide-last-sibling-br paragraph-qzbcQC paragraph-element br-paragraph-space\">\n<div class=\"auto-hide-last-sibling-br paragraph-qzbcQC paragraph-element br-paragraph-space\">\n<div class=\"auto-hide-last-sibling-br paragraph-qzbcQC paragraph-element br-paragraph-space\">\n<div class=\"auto-hide-last-sibling-br paragraph-qzbcQC paragraph-element br-paragraph-space\">\n<div class=\"auto-hide-last-sibling-br paragraph-qzbcQC paragraph-element br-paragraph-space\">Bemutatjuk az Obedient Bear kont\u00farp\u00e1rn\u00e1t, a cukis\u00e1g \u00e9s a funkcionalit\u00e1s t\u00f6k\u00e9letes \u00f6tv\u00f6zet\u00e9t, amelyet kifejezetten a 0-12 h\u00f3napos kor\u00fa dr\u00e1ga csecsem\u0151k sz\u00e1m\u00e1ra terveztek. Ez a p\u00e1rna egy ellen\u00e1llhatatlanul b\u00e1jos mack\u00f3diz\u00e1jnt mutat be, bolyhos f\u00fclekkel, nagy, l\u00e9lekkel teli szemekkel \u00e9s im\u00e1dnival\u00f3an kipirult arcocsk\u00e1kkal, amelyek els\u0151 l\u00e1t\u00e1sra elolvasztj\u00e1k a sz\u00edv\u00e9t.<\/div>\n<p>&nbsp;<\/p>\n<div class=\"auto-hide-last-sibling-br paragraph-qzbcQC paragraph-element br-paragraph-space\">A p\u00e1rna kont\u00faros kialak\u00edt\u00e1sa az ergon\u00f3mia mesterm\u0171ve. Finoman idomul a baba fej\u00e9nek alakj\u00e1hoz, gyeng\u00e9d \u00e9s pontos al\u00e1t\u00e1maszt\u00e1st biztos\u00edt, ami elengedhetetlen az eg\u00e9szs\u00e9ges fejforma kialak\u00edt\u00e1s\u00e1hoz ezekben a kritikus els\u0151 h\u00f3napokban. M\u00e9rete 29*<em>21*<\/em>1.5CM, \u00edgy z\u00f6kken\u0151mentesen illeszkedik a k\u00fcl\u00f6nb\u00f6z\u0151 be\u00e1ll\u00edt\u00e1sokhoz. Ak\u00e1r egy k\u00e9nyelmes kis\u00e1gyba f\u00e9szkeli be mag\u00e1t a b\u00e9k\u00e9s alv\u00e1s idej\u00e9re, ak\u00e1r a babakocsiban k\u00eds\u00e9ri a kisgyermeket egy laza parki s\u00e9t\u00e1n, vagy egy puha j\u00e1tsz\u00f3sz\u0151nyegre helyezi a vid\u00e1m, j\u00e1t\u00e9kkal teli otthoni j\u00e1tszadoz\u00e1shoz, ez a p\u00e1rna \u00e1lland\u00f3 k\u00e9nyelemforr\u00e1s.<\/div>\n<p>&nbsp;<\/p>\n<div class=\"auto-hide-last-sibling-br paragraph-qzbcQC paragraph-element br-paragraph-space\">A sz\u00fcl\u0151k el vannak ragadtatva az Obedient Bear kont\u00farp\u00e1rn\u00e1t\u00f3l. \"A kisbab\u00e1m abszol\u00fat im\u00e1dja ezt a p\u00e1rn\u00e1t! Annyira puha, \u00e9s a medve mint\u00e1ja egyszer\u0171en t\u00fal aranyos. \u00dagy vettem \u00e9szre, hogy t\u00e9nyleg seg\u00edt a fej\u00e9t j\u00f3 poz\u00edci\u00f3ban tartani\" - mondta egy elragadtatott anyuka. Egy apa pedig \u00edgy nyilatkozott: \"Mindenhov\u00e1 magunkkal vissz\u00fck ezt a p\u00e1rn\u00e1t. Tart\u00f3s, k\u00f6nnyen tiszt\u00edthat\u00f3, \u00e9s a sz\u00ednv\u00e1laszt\u00e9k nagyszer\u0171. A bab\u00e1nk mindennapjainak n\u00e9lk\u00fcl\u00f6zhetetlen r\u00e9sz\u00e9v\u00e9 v\u00e1lt.\"<\/div>\n<p>&nbsp;<\/p>\n<div class=\"auto-hide-last-sibling-br paragraph-qzbcQC paragraph-element br-paragraph-space\">A r\u00f3zsasz\u00edn \u00e9s k\u00e9k b\u00e1jos \u00e1rnyalataiban kaphat\u00f3 Obedient Bear Contour Pillow nem csup\u00e1n egy babakieg\u00e9sz\u00edt\u0151; ez egy olyan kedves t\u00e1rs, amely a mack\u00f3 - t\u00e9m\u00e1j\u00fa design kedves vonzerej\u00e9t professzion\u00e1lis fejform\u00e1l\u00f3 t\u00e1mogat\u00e1ssal \u00f6tv\u00f6zi, biztos\u00edtva, hogy a kicsi a legnagyobb k\u00e9nyelemmel \u00e9s gondoskod\u00e1ssal \u00e9lvezze a korai napok minden \u00e9rt\u00e9kes pillanat\u00e1t.<\/div>\n<\/div>\n<\/div>\n<\/div>\n<\/div>\n<\/div>","protected":false},"excerpt":{"rendered":"<p>Az Obedient Bear kont\u00farp\u00e1rna ide\u00e1lis v\u00e1laszt\u00e1s 0-12 h\u00f3napos csecsem\u0151k sz\u00e1m\u00e1ra. Kialak\u00edt\u00e1s\u00e1t egy im\u00e1dnival\u00f3 medve ihlette, aranyos f\u00fclekkel, nagy szemekkel \u00e9s kipirult arcocsk\u00e1kkal, ami ellen\u00e1llhatatlanul b\u00e1joss\u00e1 teszi. A p\u00e1rna kont\u00faros kialak\u00edt\u00e1sa nemcsak vizu\u00e1lisan vonz\u00f3, hanem praktikus c\u00e9lt is szolg\u00e1l. Ergonomikus al\u00e1t\u00e1maszt\u00e1st biztos\u00edt, finoman alkalmazkodik a baba fej\u00e9nek alakj\u00e1hoz, \u00edgy seg\u00edt meg\u0151rizni az eg\u00e9szs\u00e9ges fejform\u00e1t. M\u00e9rete 29*<em>21*<\/em>1.5CM, j\u00f3l illeszkedik a kis\u00e1gyakba, babakocsikba vagy m\u00e1s baba - pihen\u0151helyekre. R\u00f3zsasz\u00edn \u00e9s k\u00e9k sz\u00ednben kaphat\u00f3, \u00edgy k\u00fcl\u00f6nb\u00f6z\u0151 gyerekszobai dekor\u00e1ci\u00f3khoz illeszkedik. Ez a p\u00e1rna \u00f6tv\u00f6zi a medve - t\u00e9m\u00e1j\u00fa diz\u00e1jn b\u00e1joss\u00e1g\u00e1t a professzion\u00e1lis fejform\u00e1l\u00f3 t\u00e1mogat\u00e1ssal, k\u00e9nyelmet \u00e9s gondoskod\u00e1st ny\u00fajtva a kicsi els\u0151 napjaiban.<\/p>","protected":false},"featured_media":3318,"comment_status":"open","ping_status":"closed","template":"","meta":{"_uag_custom_page_level_css":"","site-sidebar-layout":"default","site-content-layout":"","ast-site-content-layout":"default","site-content-style":"default","site-sidebar-style":"default","ast-global-header-display":"","ast-banner-title-visibility":"","ast-main-header-display":"","ast-hfb-above-header-display":"","ast-hfb-below-header-display":"","ast-hfb-mobile-header-display":"","site-post-title":"","ast-breadcrumbs-content":"","ast-featured-img":"","footer-sml-layout":"","ast-disable-related-posts":"","theme-transparent-header-meta":"default","adv-header-id-meta":"","stick-header-meta":"","header-above-stick-meta":"","header-main-stick-meta":"","header-below-stick-meta":"","astra-migrate-meta-layouts":"set","ast-page-background-enabled":"default","ast-page-background-meta":{"desktop":{"background-color":"","background-image":"","background-repeat":"repeat","background-position":"center center","background-size":"auto","background-attachment":"scroll","background-type":"","background-media":"","overlay-type":"","overlay-color":"","overlay-opacity":"","overlay-gradient":""},"tablet":{"background-color":"","background-image":"","background-repeat":"repeat","background-position":"center center","background-size":"auto","background-attachment":"scroll","background-type":"","background-media":"","overlay-type":"","overlay-color":"","overlay-opacity":"","overlay-gradient":""},"mobile":{"background-color":"","background-image":"","background-repeat":"repeat","background-position":"center center","background-size":"auto","background-attachment":"scroll","background-type":"","background-media":"","overlay-type":"","overlay-color":"","overlay-opacity":"","overlay-gradient":""}},"ast-content-background-meta":{"desktop":{"background-color":"var(--ast-global-color-5)","background-image":"","background-repeat":"repeat","background-position":"center center","background-size":"auto","background-attachment":"scroll","background-type":"","background-media":"","overlay-type":"","overlay-color":"","overlay-opacity":"","overlay-gradient":""},"tablet":{"background-color":"var(--ast-global-color-5)","background-image":"","background-repeat":"repeat","background-position":"center center","background-size":"auto","background-attachment":"scroll","background-type":"","background-media":"","overlay-type":"","overlay-color":"","overlay-opacity":"","overlay-gradient":""},"mobile":{"background-color":"var(--ast-global-color-5)","background-image":"","background-repeat":"repeat","background-position":"center center","background-size":"auto","background-attachment":"scroll","background-type":"","background-media":"","overlay-type":"","overlay-color":"","overlay-opacity":"","overlay-gradient":""}}},"product_brand":[],"product_cat":[55,42],"product_tag":[70,68,71,69],"class_list":{"0":"post-3317","1":"product","2":"type-product","3":"status-publish","4":"has-post-thumbnail","6":"product_cat-0-to-1-year","7":"product_cat-merchandise","8":"product_tag-babypillow","9":"product_tag-cuteanimalpillow","10":"product_tag-headshapesupport","11":"product_tag-kouniushapingpillow","12":"desktop-align-left","13":"tablet-align-left","14":"mobile-align-left","16":"first","17":"instock","18":"shipping-taxable","19":"product-type-simple"},"aioseo_notices":[],"uagb_featured_image_src":{"full":["https:\/\/babypillowwholesale.com\/wp-content\/uploads\/2025\/03\/1066.jpg",1000,1000,false],"thumbnail":["https:\/\/babypillowwholesale.com\/wp-content\/uploads\/2025\/03\/1066-150x150.jpg",150,150,true],"medium":["https:\/\/babypillowwholesale.com\/wp-content\/uploads\/2025\/03\/1066-300x300.jpg",300,300,true],"medium_large":["https:\/\/babypillowwholesale.com\/wp-content\/uploads\/2025\/03\/1066-768x768.jpg",768,768,true],"large":["https:\/\/babypillowwholesale.com\/wp-content\/uploads\/2025\/03\/1066.jpg",1000,1000,false],"1536x1536":["https:\/\/babypillowwholesale.com\/wp-content\/uploads\/2025\/03\/1066.jpg",1000,1000,false],"2048x2048":["https:\/\/babypillowwholesale.com\/wp-content\/uploads\/2025\/03\/1066.jpg",1000,1000,false],"trp-custom-language-flag":["https:\/\/babypillowwholesale.com\/wp-content\/uploads\/2025\/03\/1066.jpg",12,12,false],"woocommerce_thumbnail":["https:\/\/babypillowwholesale.com\/wp-content\/uploads\/2025\/03\/1066-300x300.jpg",300,300,true],"woocommerce_single":["https:\/\/babypillowwholesale.com\/wp-content\/uploads\/2025\/03\/1066-600x600.jpg",600,600,true],"woocommerce_gallery_thumbnail":["https:\/\/babypillowwholesale.com\/wp-content\/uploads\/2025\/03\/1066-100x100.jpg",100,100,true]},"uagb_author_info":{"display_name":"Etnen zhong","author_link":"https:\/\/babypillowwholesale.com\/hu\/author\/"},"uagb_comment_info":0,"uagb_excerpt":"The Obedient Bear Contour Pillow is an ideal choice for infants aged 0 - 12 months. Its design is inspired by an adorable bear, with cute ears, big eyes, and blushing cheeks, which makes it irresistibly charming. The pillow's contour design is not only visually appealing but also serves a practical purpose. It provides ergonomic&hellip;","jetpack_sharing_enabled":true,"_links":{"self":[{"href":"https:\/\/babypillowwholesale.com\/hu\/wp-json\/wp\/v2\/product\/3317","targetHints":{"allow":["GET"]}}],"collection":[{"href":"https:\/\/babypillowwholesale.com\/hu\/wp-json\/wp\/v2\/product"}],"about":[{"href":"https:\/\/babypillowwholesale.com\/hu\/wp-json\/wp\/v2\/types\/product"}],"replies":[{"embeddable":true,"href":"https:\/\/babypillowwholesale.com\/hu\/wp-json\/wp\/v2\/comments?post=3317"}],"wp:featuredmedia":[{"embeddable":true,"href":"https:\/\/babypillowwholesale.com\/hu\/wp-json\/wp\/v2\/media\/3318"}],"wp:attachment":[{"href":"https:\/\/babypillowwholesale.com\/hu\/wp-json\/wp\/v2\/media?parent=3317"}],"wp:term":[{"taxonomy":"product_brand","embeddable":true,"href":"https:\/\/babypillowwholesale.com\/hu\/wp-json\/wp\/v2\/product_brand?post=3317"},{"taxonomy":"product_cat","embeddable":true,"href":"https:\/\/babypillowwholesale.com\/hu\/wp-json\/wp\/v2\/product_cat?post=3317"},{"taxonomy":"product_tag","embeddable":true,"href":"https:\/\/babypillowwholesale.com\/hu\/wp-json\/wp\/v2\/product_tag?post=3317"}],"curies":[{"name":"wp","href":"https:\/\/api.w.org\/{rel}","templated":true}]}}