{"id":3313,"date":"2025-03-26T08:34:46","date_gmt":"2025-03-26T08:34:46","guid":{"rendered":"https:\/\/babypillowwholesale.com\/?post_type=product&#038;p=3313"},"modified":"2025-06-08T15:21:39","modified_gmt":"2025-06-08T15:21:39","slug":"little-raccoon-contour-pillow","status":"publish","type":"product","link":"https:\/\/babypillowwholesale.com\/hu\/product\/little-raccoon-contour-pillow\/","title":{"rendered":"Kis mos\u00f3medve kont\u00far p\u00e1rna"},"content":{"rendered":"<div class=\"auto-hide-last-sibling-br paragraph-qzbcQC paragraph-element br-paragraph-space\" data-immersive-translate-walked=\"8e61f2e7-6af2-46e5-9672-3b9e4f4033d9\" data-immersive-translate-paragraph=\"1\">\n<div class=\"auto-hide-last-sibling-br paragraph-qzbcQC paragraph-element br-paragraph-space\">\n<div class=\"auto-hide-last-sibling-br paragraph-qzbcQC paragraph-element br-paragraph-space\">\n<div class=\"auto-hide-last-sibling-br paragraph-qzbcQC paragraph-element br-paragraph-space\">\n<div class=\"auto-hide-last-sibling-br paragraph-qzbcQC paragraph-element br-paragraph-space\">Bemutatjuk a Little Raccoon Contour Pillow-t, az im\u00e1dnival\u00f3 diz\u00e1jn \u00e9s a professzion\u00e1lis gondoskod\u00e1s elragad\u00f3 kever\u00e9k\u00e9t, amelyet 0-12 h\u00f3napos csecsem\u0151k sz\u00e1m\u00e1ra k\u00e9sz\u00edtettek. B\u00e1jos kialak\u00edt\u00e1sa - egy pl\u00fcss kerek f\u00fclekkel \u00e9s der\u0171s arckifejez\u00e9ssel ell\u00e1tott, \u00f6lelget\u0151s mos\u00f3medv\u00e9vel - melegs\u00e9get k\u00f6lcs\u00f6n\u00f6z a baba alapvet\u0151 kell\u00e9keinek. Az aranyoss\u00e1g\u00e1n t\u00fal a p\u00e1rna kont\u00faros szerkezete tudom\u00e1nyos, ergonomikus al\u00e1t\u00e1maszt\u00e1st ny\u00fajt, gyeng\u00e9den b\u00f6lcs\u0151zi a baba fej\u00e9t, hogy el\u0151seg\u00edtse az eg\u00e9szs\u00e9ges fej-forma fejl\u0151d\u00e9st.<\/div>\n<p>&nbsp;<\/p>\n<div class=\"auto-hide-last-sibling-br paragraph-qzbcQC paragraph-element br-paragraph-space\">A mindennapi \u00e9letben z\u00f6kken\u0151mentesen illeszkedik a k\u00fcl\u00f6nb\u00f6z\u0151 jelenetekbe. Otthon a kis\u00e1gyba helyezve: ahogy a baba \u00e1lomba mer\u00fcl, a p\u00e1rna puha kont\u00farjai nyugodt mened\u00e9ket teremtenek. A szabadt\u00e9ri kir\u00e1ndul\u00e1sok sor\u00e1n - legyen sz\u00f3 parki s\u00e9t\u00e1r\u00f3l vagy csal\u00e1dl\u00e1togat\u00e1sr\u00f3l - t\u00f6k\u00e9letesen bef\u00e9szkeli mag\u00e1t a babakocsiba, \u00e9s \u00e1lland\u00f3 k\u00e9nyelmet biztos\u00edt. M\u00e9g a puha sz\u0151nyegen t\u00f6lt\u00f6tt j\u00e1t\u00e9kos pillanatok alatt is a p\u00e1rna megt\u00e1masztja a baba fej\u00e9t, \u00edgy minden tev\u00e9kenys\u00e9g sor\u00e1n k\u00e9nyelmet biztos\u00edt.<\/div>\n<p>&nbsp;<\/p>\n<div class=\"auto-hide-last-sibling-br paragraph-qzbcQC paragraph-element br-paragraph-space\">A sz\u00fcl\u0151k rajonganak ez\u00e9rt a p\u00e1rn\u00e1\u00e9rt. \"A kisbab\u00e1m olyan k\u00e9nyelmesnek t\u0171nik a Little Raccoon kont\u00farp\u00e1rn\u00e1n! Hihetetlen\u00fcl puha, \u00e9s im\u00e1dom, ahogy a kont\u00farkialak\u00edt\u00e1s finoman megt\u00e1masztja a fej\u00e9t. A r\u00f3zsasz\u00edn sz\u00edn is feldobja a gyerekszob\u00e1t\" - osztotta meg egy elragadtatott anyuka. Egy apuka hozz\u00e1tette: \"Ezt a p\u00e1rn\u00e1t mindenhov\u00e1 magunkkal vissz\u00fck. Tart\u00f3s, k\u00f6nnyen tiszt\u00edthat\u00f3, \u00e9s a k\u00e9k v\u00e1ltozat t\u00f6k\u00e9letesen illik a bab\u00e1nk t\u00e1rgyaihoz. Egy must - have mind a k\u00e9nyelem, mind a fejform\u00e1l\u00f3 el\u0151ny\u00f6k miatt!\"<\/div>\n<p>&nbsp;<\/p>\n<div class=\"auto-hide-last-sibling-br paragraph-qzbcQC paragraph-element br-paragraph-space\">A l\u00e1gy r\u00f3zsasz\u00edn vagy nyugtat\u00f3 k\u00e9k sz\u00ednben kaphat\u00f3 Little Raccoon Contour Pillow t\u00falmutat azon, hogy csak egy babakieg\u00e9sz\u00edt\u0151 legyen. Ez egy odaad\u00f3 t\u00e1rs, amely egyes\u00edti a kedves eszt\u00e9tik\u00e1t \u00e9s a professzion\u00e1lis fejform\u00e1l\u00f3 t\u00e1mogat\u00e1st, biztos\u00edtva, hogy a kicsi a k\u00e9nyelmet \u00e9s a gondoskod\u00e1st \u00e9lvezze a korai n\u00f6veked\u00e9s minden \u00e9rt\u00e9kes pillanat\u00e1ban.<\/div>\n<\/div>\n<\/div>\n<\/div>\n<\/div>","protected":false},"excerpt":{"rendered":"<p>A Little Raccoon kont\u00farp\u00e1rna, amely 0-12 h\u00f3napos csecsem\u0151k sz\u00e1m\u00e1ra k\u00e9sz\u00fclt, \u00f6sszehangolja a cukis\u00e1got a professzion\u00e1lis \u00e1pol\u00e1ssal. A kerek f\u00fclekkel \u00e9s der\u0171s arckifejez\u00e9ssel rendelkez\u0151, \u00f6lelget\u0151s kis mos\u00f3medve \u00e1ltal ihletett diz\u00e1jn kedves von\u00e1st k\u00f6lcs\u00f6n\u00f6z a baba alapvet\u0151 kell\u00e9keinek. A p\u00e1rna kont\u00farszerkezete tudom\u00e1nyos, ergonomikus al\u00e1t\u00e1maszt\u00e1st k\u00edn\u00e1l, gyeng\u00e9den \u00e1t\u00f6lelve a baba fej\u00e9t, hogy \u00e1polja a fejforma eg\u00e9szs\u00e9ges fejl\u0151d\u00e9s\u00e9t. M\u00e9rete 29*<em>21*<\/em>1,5CM, \u00edgy z\u00f6kken\u0151mentesen illeszkedik a kis\u00e1gyakba a pihentet\u0151 alv\u00e1shoz, a babakocsikba a kir\u00e1ndul\u00e1sok sor\u00e1n, vagy az otthoni j\u00e1tsz\u00f3terekbe. A puha r\u00f3zsasz\u00edn vagy nyugtat\u00f3 k\u00e9k sz\u00ednben kaphat\u00f3 p\u00e1rna nem csup\u00e1n egy funkcion\u00e1lis fejt\u00e1masz - ez egy meleg t\u00e1rs, amely k\u00e9nyelmet \u00e9s b\u00e1jt biztos\u00edt a baba \u00e9rt\u00e9kes korai n\u00f6veked\u00e9si szakaszaiban.<\/p>","protected":false},"featured_media":3314,"comment_status":"open","ping_status":"closed","template":"","meta":{"_uag_custom_page_level_css":"","site-sidebar-layout":"default","site-content-layout":"","ast-site-content-layout":"default","site-content-style":"default","site-sidebar-style":"default","ast-global-header-display":"","ast-banner-title-visibility":"","ast-main-header-display":"","ast-hfb-above-header-display":"","ast-hfb-below-header-display":"","ast-hfb-mobile-header-display":"","site-post-title":"","ast-breadcrumbs-content":"","ast-featured-img":"","footer-sml-layout":"","ast-disable-related-posts":"","theme-transparent-header-meta":"default","adv-header-id-meta":"","stick-header-meta":"","header-above-stick-meta":"","header-main-stick-meta":"","header-below-stick-meta":"","astra-migrate-meta-layouts":"set","ast-page-background-enabled":"default","ast-page-background-meta":{"desktop":{"background-color":"","background-image":"","background-repeat":"repeat","background-position":"center center","background-size":"auto","background-attachment":"scroll","background-type":"","background-media":"","overlay-type":"","overlay-color":"","overlay-opacity":"","overlay-gradient":""},"tablet":{"background-color":"","background-image":"","background-repeat":"repeat","background-position":"center center","background-size":"auto","background-attachment":"scroll","background-type":"","background-media":"","overlay-type":"","overlay-color":"","overlay-opacity":"","overlay-gradient":""},"mobile":{"background-color":"","background-image":"","background-repeat":"repeat","background-position":"center center","background-size":"auto","background-attachment":"scroll","background-type":"","background-media":"","overlay-type":"","overlay-color":"","overlay-opacity":"","overlay-gradient":""}},"ast-content-background-meta":{"desktop":{"background-color":"var(--ast-global-color-5)","background-image":"","background-repeat":"repeat","background-position":"center center","background-size":"auto","background-attachment":"scroll","background-type":"","background-media":"","overlay-type":"","overlay-color":"","overlay-opacity":"","overlay-gradient":""},"tablet":{"background-color":"var(--ast-global-color-5)","background-image":"","background-repeat":"repeat","background-position":"center center","background-size":"auto","background-attachment":"scroll","background-type":"","background-media":"","overlay-type":"","overlay-color":"","overlay-opacity":"","overlay-gradient":""},"mobile":{"background-color":"var(--ast-global-color-5)","background-image":"","background-repeat":"repeat","background-position":"center center","background-size":"auto","background-attachment":"scroll","background-type":"","background-media":"","overlay-type":"","overlay-color":"","overlay-opacity":"","overlay-gradient":""}}},"product_brand":[],"product_cat":[55,42],"product_tag":[70,68,71,69],"class_list":{"0":"post-3313","1":"product","2":"type-product","3":"status-publish","4":"has-post-thumbnail","6":"product_cat-0-to-1-year","7":"product_cat-merchandise","8":"product_tag-babypillow","9":"product_tag-cuteanimalpillow","10":"product_tag-headshapesupport","11":"product_tag-kouniushapingpillow","12":"desktop-align-left","13":"tablet-align-left","14":"mobile-align-left","16":"first","17":"instock","18":"featured","19":"shipping-taxable","20":"product-type-simple"},"aioseo_notices":[],"uagb_featured_image_src":{"full":["https:\/\/babypillowwholesale.com\/wp-content\/uploads\/2025\/03\/1520.jpg",1000,1000,false],"thumbnail":["https:\/\/babypillowwholesale.com\/wp-content\/uploads\/2025\/03\/1520-150x150.jpg",150,150,true],"medium":["https:\/\/babypillowwholesale.com\/wp-content\/uploads\/2025\/03\/1520-300x300.jpg",300,300,true],"medium_large":["https:\/\/babypillowwholesale.com\/wp-content\/uploads\/2025\/03\/1520-768x768.jpg",768,768,true],"large":["https:\/\/babypillowwholesale.com\/wp-content\/uploads\/2025\/03\/1520.jpg",1000,1000,false],"1536x1536":["https:\/\/babypillowwholesale.com\/wp-content\/uploads\/2025\/03\/1520.jpg",1000,1000,false],"2048x2048":["https:\/\/babypillowwholesale.com\/wp-content\/uploads\/2025\/03\/1520.jpg",1000,1000,false],"trp-custom-language-flag":["https:\/\/babypillowwholesale.com\/wp-content\/uploads\/2025\/03\/1520.jpg",12,12,false],"woocommerce_thumbnail":["https:\/\/babypillowwholesale.com\/wp-content\/uploads\/2025\/03\/1520-300x300.jpg",300,300,true],"woocommerce_single":["https:\/\/babypillowwholesale.com\/wp-content\/uploads\/2025\/03\/1520-600x600.jpg",600,600,true],"woocommerce_gallery_thumbnail":["https:\/\/babypillowwholesale.com\/wp-content\/uploads\/2025\/03\/1520-100x100.jpg",100,100,true]},"uagb_author_info":{"display_name":"Etnen zhong","author_link":"https:\/\/babypillowwholesale.com\/hu\/author\/"},"uagb_comment_info":0,"uagb_excerpt":"The Little Raccoon Contour Pillow, tailored for infants aged 0\u201312 months, harmonizes cuteness with professional care. Its design, inspired by a cuddly little raccoon with round ears and a serene expression, adds an endearing touch to baby essentials. The pillow\u2019s contour structure offers scientific, ergonomic support, gently embracing the baby\u2019s head to nurture healthy head&hellip;","jetpack_sharing_enabled":true,"_links":{"self":[{"href":"https:\/\/babypillowwholesale.com\/hu\/wp-json\/wp\/v2\/product\/3313","targetHints":{"allow":["GET"]}}],"collection":[{"href":"https:\/\/babypillowwholesale.com\/hu\/wp-json\/wp\/v2\/product"}],"about":[{"href":"https:\/\/babypillowwholesale.com\/hu\/wp-json\/wp\/v2\/types\/product"}],"replies":[{"embeddable":true,"href":"https:\/\/babypillowwholesale.com\/hu\/wp-json\/wp\/v2\/comments?post=3313"}],"wp:featuredmedia":[{"embeddable":true,"href":"https:\/\/babypillowwholesale.com\/hu\/wp-json\/wp\/v2\/media\/3314"}],"wp:attachment":[{"href":"https:\/\/babypillowwholesale.com\/hu\/wp-json\/wp\/v2\/media?parent=3313"}],"wp:term":[{"taxonomy":"product_brand","embeddable":true,"href":"https:\/\/babypillowwholesale.com\/hu\/wp-json\/wp\/v2\/product_brand?post=3313"},{"taxonomy":"product_cat","embeddable":true,"href":"https:\/\/babypillowwholesale.com\/hu\/wp-json\/wp\/v2\/product_cat?post=3313"},{"taxonomy":"product_tag","embeddable":true,"href":"https:\/\/babypillowwholesale.com\/hu\/wp-json\/wp\/v2\/product_tag?post=3313"}],"curies":[{"name":"wp","href":"https:\/\/api.w.org\/{rel}","templated":true}]}}