{"id":3309,"date":"2025-03-24T15:39:32","date_gmt":"2025-03-24T15:39:32","guid":{"rendered":"https:\/\/babypillowwholesale.com\/?post_type=product&#038;p=3309"},"modified":"2025-06-07T07:18:49","modified_gmt":"2025-06-07T07:18:49","slug":"crown-3d-contour-pillow","status":"publish","type":"product","link":"https:\/\/babypillowwholesale.com\/hu\/product\/crown-3d-contour-pillow\/","title":{"rendered":"Crown 3D kont\u00farp\u00e1rna"},"content":{"rendered":"<div class=\"auto-hide-last-sibling-br paragraph-qzbcQC paragraph-element br-paragraph-space\" data-immersive-translate-walked=\"8e61f2e7-6af2-46e5-9672-3b9e4f4033d9\" data-immersive-translate-paragraph=\"1\">\n<div class=\"auto-hide-last-sibling-br paragraph-qzbcQC paragraph-element br-paragraph-space\">\n<div class=\"auto-hide-last-sibling-br paragraph-qzbcQC paragraph-element br-paragraph-space\">\n<div class=\"auto-hide-last-sibling-br paragraph-qzbcQC paragraph-element br-paragraph-space\">Bemutatjuk a Crown 3D kont\u00farp\u00e1rn\u00e1t - ahol a biztons\u00e1g, a k\u00e9nyelem \u00e9s a b\u00e1j tal\u00e1lkozik a 0-12 h\u00f3napos bab\u00e1k sz\u00e1m\u00e1ra. Pr\u00e9mium min\u0151s\u00e9g\u0171, b\u0151rbar\u00e1t anyagokb\u00f3l k\u00e9sz\u00fclt, \u00e9s gyeng\u00e9d gondoskod\u00e1ssal helyezi el\u0151t\u00e9rbe a baba \u00e9rz\u00e9keny fej\u00e9t. Az egyed\u00fcl\u00e1ll\u00f3 3D - kont\u00faros kialak\u00edt\u00e1s, amelyet egy im\u00e1dnival\u00f3 mot\u00edvum koron\u00e1z meg, ergonomikus t\u00e1mogat\u00e1st ny\u00fajt az eg\u00e9szs\u00e9ges fejforma \u00e1pol\u00e1sa \u00e9rdek\u00e9ben, mik\u00f6zben minden jelenethez kir\u00e1lyi hangulatot k\u00f6lcs\u00f6n\u00f6z.<\/div>\n<p>&nbsp;<\/p>\n<div class=\"auto-hide-last-sibling-br paragraph-qzbcQC paragraph-element br-paragraph-space\">K\u00e9pzeld el a sz\u00edvmelenget\u0151 sz\u00fcl\u0151 - baba pillanatokat: lefekv\u00e9skor erre a p\u00e1rn\u00e1ra fekteted a kicsik\u00e9det, altat\u00f3dalokat mormolva. Puha \u00edvei b\u00f6lcs\u0151be sim\u00edtj\u00e1k a fej\u00e9t, biztons\u00e1gos helyet teremtve az \u00e9des \u00e1lmokhoz. J\u00e1t\u00e9kos reggelek sor\u00e1n, amikor cs\u00f6rg\u0151ket r\u00e1zol vagy kacagva osztozol, a p\u00e1rna bef\u00e9szkeli mag\u00e1t a kis\u00e1gyba, stabil t\u00e1maszt ny\u00fajtva, mik\u00f6zben a baba vid\u00e1man rugdal\u00f3zik, \u00e9s nevet\u00e9se bevil\u00e1g\u00edtja a szob\u00e1t.<\/div>\n<p>&nbsp;<\/p>\n<div class=\"auto-hide-last-sibling-br paragraph-qzbcQC paragraph-element br-paragraph-space\">A sz\u00fcl\u0151k im\u00e1dj\u00e1k! Egy anyuka megosztja vel\u00fcnk: \"Ez a koronap\u00e1rna megv\u00e1ltoztatta az alv\u00e1sid\u0151t - a bab\u00e1m nyugodtan alszik, \u00e9s az anyag hihetetlen\u00fcl biztons\u00e1gosnak t\u0171nik. R\u00e1ad\u00e1sul a korona minden fot\u00f3t ellen\u00e1llhatatlanul aranyoss\u00e1 tesz!\" Egy m\u00e1sik sz\u00fcl\u0151 \u00edgy dics\u00e9ri: \"Ez egy gyerekszobai alapdarab! A b\u00e1jos diz\u00e1jnon t\u00fal a t\u00e1maszt\u00e1sa enyh\u00edti a fejfejfejl\u0151d\u00e9ssel kapcsolatos aggodalmaimat\".<\/div>\n<p>&nbsp;<\/p>\n<div class=\"auto-hide-last-sibling-br paragraph-qzbcQC paragraph-element br-paragraph-space\">A l\u00e1gy r\u00f3zsasz\u00edn \u00e9s nyugtat\u00f3 k\u00e9k sz\u00ednben kaphat\u00f3 Crown 3D kont\u00farp\u00e1rna t\u00f6bb, mint egy term\u00e9k - ez egy szeretett t\u00e1rs, amely minden gyeng\u00e9d interakci\u00f3t feldob, mik\u00f6zben biztons\u00e1ggal, funkcionalit\u00e1ssal \u00e9s sz\u00edvmelenget\u0151 st\u00edlussal v\u00e9di a baba n\u00f6veked\u00e9s\u00e9t.<\/div>\n<\/div>\n<\/div>\n<\/div>","protected":false},"excerpt":{"rendered":"<p>A Crown 3D kont\u00farp\u00e1rna a 0 \u00e9s 12 h\u00f3napos kor k\u00f6z\u00f6tti csecsem\u0151k sz\u00e1m\u00e1ra k\u00e9sz\u00fclt, kiv\u00e1l\u00f3 \u00e9s funkcion\u00e1lis kieg\u00e9sz\u00edt\u0151. Kialak\u00edt\u00e1sa kiemeli a b\u00e1jos korona elemet, amely 3D - kont\u00faros szerkezettel p\u00e1rosul, amely egyszerre ad kir\u00e1lyi eleganci\u00e1t \u00e9s ergonomikus al\u00e1t\u00e1maszt\u00e1st. A p\u00e1rna form\u00e1ja gyeng\u00e9den b\u00f6lcs\u0151zi a baba fej\u00e9t, hat\u00e9konyan seg\u00edt fenntartani az eg\u00e9szs\u00e9ges fejform\u00e1t a baba n\u00f6veked\u00e9se sor\u00e1n. 29* specifik\u00e1ci\u00f3val<em>21*<\/em>1,5CM, \u00edgy b\u0151s\u00e9ges \u00e9s k\u00e9nyelmes helyet biztos\u00edt a fejnek. L\u00e1gy r\u00f3zsasz\u00edn vagy nyugtat\u00f3 k\u00e9k sz\u00ednben kaphat\u00f3, \u00edgy megfelel a k\u00fcl\u00f6nb\u00f6z\u0151 eszt\u00e9tikai preferenci\u00e1knak, \u00e9s z\u00f6kken\u0151mentesen \u00f6tv\u00f6zi a st\u00edlusos diz\u00e1jnt a praktikus fejform\u00e1l\u00f3 \u00e1pol\u00e1ssal az \u00e9rt\u00e9kes korai h\u00f3napokban.<\/p>","protected":false},"featured_media":3310,"comment_status":"open","ping_status":"closed","template":"","meta":{"_uag_custom_page_level_css":"","site-sidebar-layout":"default","site-content-layout":"","ast-site-content-layout":"default","site-content-style":"default","site-sidebar-style":"default","ast-global-header-display":"","ast-banner-title-visibility":"","ast-main-header-display":"","ast-hfb-above-header-display":"","ast-hfb-below-header-display":"","ast-hfb-mobile-header-display":"","site-post-title":"","ast-breadcrumbs-content":"","ast-featured-img":"","footer-sml-layout":"","ast-disable-related-posts":"","theme-transparent-header-meta":"default","adv-header-id-meta":"","stick-header-meta":"","header-above-stick-meta":"","header-main-stick-meta":"","header-below-stick-meta":"","astra-migrate-meta-layouts":"set","ast-page-background-enabled":"default","ast-page-background-meta":{"desktop":{"background-color":"","background-image":"","background-repeat":"repeat","background-position":"center center","background-size":"auto","background-attachment":"scroll","background-type":"","background-media":"","overlay-type":"","overlay-color":"","overlay-opacity":"","overlay-gradient":""},"tablet":{"background-color":"","background-image":"","background-repeat":"repeat","background-position":"center center","background-size":"auto","background-attachment":"scroll","background-type":"","background-media":"","overlay-type":"","overlay-color":"","overlay-opacity":"","overlay-gradient":""},"mobile":{"background-color":"","background-image":"","background-repeat":"repeat","background-position":"center center","background-size":"auto","background-attachment":"scroll","background-type":"","background-media":"","overlay-type":"","overlay-color":"","overlay-opacity":"","overlay-gradient":""}},"ast-content-background-meta":{"desktop":{"background-color":"var(--ast-global-color-5)","background-image":"","background-repeat":"repeat","background-position":"center center","background-size":"auto","background-attachment":"scroll","background-type":"","background-media":"","overlay-type":"","overlay-color":"","overlay-opacity":"","overlay-gradient":""},"tablet":{"background-color":"var(--ast-global-color-5)","background-image":"","background-repeat":"repeat","background-position":"center center","background-size":"auto","background-attachment":"scroll","background-type":"","background-media":"","overlay-type":"","overlay-color":"","overlay-opacity":"","overlay-gradient":""},"mobile":{"background-color":"var(--ast-global-color-5)","background-image":"","background-repeat":"repeat","background-position":"center center","background-size":"auto","background-attachment":"scroll","background-type":"","background-media":"","overlay-type":"","overlay-color":"","overlay-opacity":"","overlay-gradient":""}}},"product_brand":[],"product_cat":[55,42],"product_tag":[70,68,71,69],"class_list":{"0":"post-3309","1":"product","2":"type-product","3":"status-publish","4":"has-post-thumbnail","6":"product_cat-0-to-1-year","7":"product_cat-merchandise","8":"product_tag-babypillow","9":"product_tag-cuteanimalpillow","10":"product_tag-headshapesupport","11":"product_tag-kouniushapingpillow","12":"desktop-align-left","13":"tablet-align-left","14":"mobile-align-left","16":"first","17":"instock","18":"featured","19":"shipping-taxable","20":"product-type-simple"},"aioseo_notices":[],"uagb_featured_image_src":{"full":["https:\/\/babypillowwholesale.com\/wp-content\/uploads\/2025\/03\/1061.jpg",1000,1000,false],"thumbnail":["https:\/\/babypillowwholesale.com\/wp-content\/uploads\/2025\/03\/1061-150x150.jpg",150,150,true],"medium":["https:\/\/babypillowwholesale.com\/wp-content\/uploads\/2025\/03\/1061-300x300.jpg",300,300,true],"medium_large":["https:\/\/babypillowwholesale.com\/wp-content\/uploads\/2025\/03\/1061-768x768.jpg",768,768,true],"large":["https:\/\/babypillowwholesale.com\/wp-content\/uploads\/2025\/03\/1061.jpg",1000,1000,false],"1536x1536":["https:\/\/babypillowwholesale.com\/wp-content\/uploads\/2025\/03\/1061.jpg",1000,1000,false],"2048x2048":["https:\/\/babypillowwholesale.com\/wp-content\/uploads\/2025\/03\/1061.jpg",1000,1000,false],"trp-custom-language-flag":["https:\/\/babypillowwholesale.com\/wp-content\/uploads\/2025\/03\/1061.jpg",12,12,false],"woocommerce_thumbnail":["https:\/\/babypillowwholesale.com\/wp-content\/uploads\/2025\/03\/1061-300x300.jpg",300,300,true],"woocommerce_single":["https:\/\/babypillowwholesale.com\/wp-content\/uploads\/2025\/03\/1061-600x600.jpg",600,600,true],"woocommerce_gallery_thumbnail":["https:\/\/babypillowwholesale.com\/wp-content\/uploads\/2025\/03\/1061-100x100.jpg",100,100,true]},"uagb_author_info":{"display_name":"Etnen zhong","author_link":"https:\/\/babypillowwholesale.com\/hu\/author\/"},"uagb_comment_info":0,"uagb_excerpt":"The Crown 3D Contour Pillow is an exquisite and functional accessory tailored for infants aged 0 to 12 months. Its design highlights a charming crown element, paired with a 3D - contoured structure that adds both regal elegance and ergonomic support. The pillow\u2019s shape gently cradles the baby\u2019s head, effectively helping maintain a healthy head&hellip;","jetpack_sharing_enabled":true,"_links":{"self":[{"href":"https:\/\/babypillowwholesale.com\/hu\/wp-json\/wp\/v2\/product\/3309","targetHints":{"allow":["GET"]}}],"collection":[{"href":"https:\/\/babypillowwholesale.com\/hu\/wp-json\/wp\/v2\/product"}],"about":[{"href":"https:\/\/babypillowwholesale.com\/hu\/wp-json\/wp\/v2\/types\/product"}],"replies":[{"embeddable":true,"href":"https:\/\/babypillowwholesale.com\/hu\/wp-json\/wp\/v2\/comments?post=3309"}],"wp:featuredmedia":[{"embeddable":true,"href":"https:\/\/babypillowwholesale.com\/hu\/wp-json\/wp\/v2\/media\/3310"}],"wp:attachment":[{"href":"https:\/\/babypillowwholesale.com\/hu\/wp-json\/wp\/v2\/media?parent=3309"}],"wp:term":[{"taxonomy":"product_brand","embeddable":true,"href":"https:\/\/babypillowwholesale.com\/hu\/wp-json\/wp\/v2\/product_brand?post=3309"},{"taxonomy":"product_cat","embeddable":true,"href":"https:\/\/babypillowwholesale.com\/hu\/wp-json\/wp\/v2\/product_cat?post=3309"},{"taxonomy":"product_tag","embeddable":true,"href":"https:\/\/babypillowwholesale.com\/hu\/wp-json\/wp\/v2\/product_tag?post=3309"}],"curies":[{"name":"wp","href":"https:\/\/api.w.org\/{rel}","templated":true}]}}