{"id":3303,"date":"2025-03-24T15:07:17","date_gmt":"2025-03-24T15:07:17","guid":{"rendered":"https:\/\/babypillowwholesale.com\/?post_type=product&#038;p=3303"},"modified":"2025-06-08T15:36:07","modified_gmt":"2025-06-08T15:36:07","slug":"leopard-cat-shaping-pillow","status":"publish","type":"product","link":"https:\/\/babypillowwholesale.com\/hu\/product\/leopard-cat-shaping-pillow\/","title":{"rendered":"leop\u00e1rd macska alak\u00edt\u00f3 p\u00e1rna"},"content":{"rendered":"<div class=\"auto-hide-last-sibling-br paragraph-qzbcQC paragraph-element br-paragraph-space\" data-immersive-translate-walked=\"8e61f2e7-6af2-46e5-9672-3b9e4f4033d9\" data-immersive-translate-paragraph=\"1\">\n<div class=\"auto-hide-last-sibling-br paragraph-qzbcQC paragraph-element br-paragraph-space\">\n<p>\u00cdme, a leop\u00e1rd macska form\u00e1z\u00f3 p\u00e1rna, a b\u00e1joss\u00e1g \u00e9s a hasznoss\u00e1g t\u00f6k\u00e9letes harm\u00f3ni\u00e1ja, apr\u00f3l\u00e9kosan kidolgozva 0-6 h\u00f3napos csecsem\u0151k sz\u00e1m\u00e1ra. Elb\u0171v\u00f6l\u0151 diz\u00e1jnja - pimasz leop\u00e1rd - macskaf\u00fclekkel \u00e9s finom bajuszos r\u00e9szletekkel - b\u00e1jt sug\u00e1roz. Az ergonomikusan kialak\u00edtott k\u00f6zponti kiv\u00e1g\u00e1s gyeng\u00e9den t\u00e1mogatja a baba fej\u00e9t, gyeng\u00e9den ir\u00e1ny\u00edtva az eg\u00e9szs\u00e9ges fejfejl\u0151d\u00e9st a l\u00e9tfontoss\u00e1g\u00fa els\u0151 h\u00f3napokban.<\/p>\n<p>M\u00e9rete 26.5*25*1.5CM, \u00edgy z\u00f6kken\u0151mentesen alkalmazkodik a k\u00fcl\u00f6nb\u00f6z\u0151 jelenetekhez. Otthon a kis\u00e1gyba helyezve a szuny\u00f3k\u00e1l\u00e1st meghitt, \u00e1lmokkal teli ritu\u00e1l\u00e9v\u00e1 var\u00e1zsolja. Ha kint van - ak\u00e1r egy parki s\u00e9t\u00e1n, ak\u00e1r egy csal\u00e1di l\u00e1togat\u00e1son - t\u00f6k\u00e9letesen illeszkedik a babakocsikba, \u00edgy kisgyermeke k\u00e9nyelmesen elf\u00e9r az \u00fat sor\u00e1n.<\/p>\n<p>A sz\u00fcl\u0151k im\u00e1dj\u00e1k ezt a p\u00e1rn\u00e1t. \"A bab\u00e1m felragyog ennek a leop\u00e1rdmacska form\u00e1z\u00f3 p\u00e1rn\u00e1nak a l\u00e1tt\u00e1n! Pomp\u00e1san puha, \u00e9s az aranyos diz\u00e1jn mindig elb\u0171v\u00f6l. Csod\u00e1latos javul\u00e1st tapasztaltam a fejform\u00e1jukban\" - osztotta meg egy elragadtatott anyuka. Egy apuka hozz\u00e1tette: \"Ez egy must - have a babafelszerel\u00e9s\u00fcnkben. K\u00f6nnyen hordozhat\u00f3, \u00e9s a sz\u00ednv\u00e1laszt\u00e9k b\u00e1rmilyen gyerekszob\u00e1ba illik. A mi kicsiny\u00fcnk mindig meghittnek \u00e9s el\u00e9gedettnek t\u0171nik vele\".<\/p>\n<p>A b\u00e1jos r\u00f3zsasz\u00edn vagy k\u00e9k sz\u00ednben kaphat\u00f3 leop\u00e1rd macska form\u00e1z\u00f3 p\u00e1rna t\u00f6bb mint egy babakieg\u00e9sz\u00edt\u0151. Ez egy szeret\u0151 t\u00e1rs, amely k\u00e9nyelembe, cukis\u00e1gba \u00e9s megb\u00edzhat\u00f3 t\u00e1mogat\u00e1sba burkolja a bab\u00e1t a korai napok minden \u00e9rt\u00e9kes pillanat\u00e1ban.<\/p>\n<\/div>\n<\/div>","protected":false},"excerpt":{"rendered":"<p>A leop\u00e1rdmacska form\u00e1z\u00f3 p\u00e1rna a cukis\u00e1g \u00e9s a praktikum elb\u0171v\u00f6l\u0151 \u00f6tv\u00f6zete, 0-6 h\u00f3napos csecsem\u0151kre szabva. A leop\u00e1rd macska \u00e1ltal inspir\u00e1lt, b\u00e1tor f\u00fclekkel \u00e9s finom bajuszr\u00e9szletekkel ell\u00e1tott diz\u00e1jn b\u00e1jt sug\u00e1roz. Az ergonomikus k\u00f6zponti kiv\u00e1g\u00e1s gyeng\u00e9den al\u00e1t\u00e1masztja a baba fej\u00e9t, seg\u00edt fenntartani az eg\u00e9szs\u00e9ges fejform\u00e1t a baba kritikus korai n\u00f6veked\u00e9si szakasz\u00e1ban. M\u00e9rete 26,5*25*1,5CM, \u00edgy z\u00f6kken\u0151mentesen illeszkedik a kis\u00e1gyakba az otthoni nyugodt alv\u00e1shoz vagy a babakocsikba a szabadt\u00e9ri kalandok sor\u00e1n. L\u00e1gy r\u00f3zsasz\u00edn vagy k\u00e9k sz\u00ednben kaphat\u00f3, \u00e9s nem csak dekorat\u00edv kieg\u00e9sz\u00edt\u0151je a gyerekszoba dekor\u00e1ci\u00f3j\u00e1nak, hanem megb\u00edzhat\u00f3 t\u00e1maszt is ny\u00fajt, \u00edgy n\u00e9lk\u00fcl\u00f6zhetetlen t\u00e1rs a baba minden meghitt pillanat\u00e1ban.<\/p>","protected":false},"featured_media":3304,"comment_status":"open","ping_status":"closed","template":"","meta":{"_uag_custom_page_level_css":"","site-sidebar-layout":"default","site-content-layout":"","ast-site-content-layout":"default","site-content-style":"default","site-sidebar-style":"default","ast-global-header-display":"","ast-banner-title-visibility":"","ast-main-header-display":"","ast-hfb-above-header-display":"","ast-hfb-below-header-display":"","ast-hfb-mobile-header-display":"","site-post-title":"","ast-breadcrumbs-content":"","ast-featured-img":"","footer-sml-layout":"","ast-disable-related-posts":"","theme-transparent-header-meta":"default","adv-header-id-meta":"","stick-header-meta":"","header-above-stick-meta":"","header-main-stick-meta":"","header-below-stick-meta":"","astra-migrate-meta-layouts":"set","ast-page-background-enabled":"default","ast-page-background-meta":{"desktop":{"background-color":"","background-image":"","background-repeat":"repeat","background-position":"center center","background-size":"auto","background-attachment":"scroll","background-type":"","background-media":"","overlay-type":"","overlay-color":"","overlay-opacity":"","overlay-gradient":""},"tablet":{"background-color":"","background-image":"","background-repeat":"repeat","background-position":"center center","background-size":"auto","background-attachment":"scroll","background-type":"","background-media":"","overlay-type":"","overlay-color":"","overlay-opacity":"","overlay-gradient":""},"mobile":{"background-color":"","background-image":"","background-repeat":"repeat","background-position":"center center","background-size":"auto","background-attachment":"scroll","background-type":"","background-media":"","overlay-type":"","overlay-color":"","overlay-opacity":"","overlay-gradient":""}},"ast-content-background-meta":{"desktop":{"background-color":"var(--ast-global-color-5)","background-image":"","background-repeat":"repeat","background-position":"center center","background-size":"auto","background-attachment":"scroll","background-type":"","background-media":"","overlay-type":"","overlay-color":"","overlay-opacity":"","overlay-gradient":""},"tablet":{"background-color":"var(--ast-global-color-5)","background-image":"","background-repeat":"repeat","background-position":"center center","background-size":"auto","background-attachment":"scroll","background-type":"","background-media":"","overlay-type":"","overlay-color":"","overlay-opacity":"","overlay-gradient":""},"mobile":{"background-color":"var(--ast-global-color-5)","background-image":"","background-repeat":"repeat","background-position":"center center","background-size":"auto","background-attachment":"scroll","background-type":"","background-media":"","overlay-type":"","overlay-color":"","overlay-opacity":"","overlay-gradient":""}}},"product_brand":[],"product_cat":[54,42],"product_tag":[70,68,71,69],"class_list":{"0":"post-3303","1":"product","2":"type-product","3":"status-publish","4":"has-post-thumbnail","6":"product_cat-0-to-6months","7":"product_cat-merchandise","8":"product_tag-babypillow","9":"product_tag-cuteanimalpillow","10":"product_tag-headshapesupport","11":"product_tag-kouniushapingpillow","12":"desktop-align-left","13":"tablet-align-left","14":"mobile-align-left","16":"first","17":"instock","18":"shipping-taxable","19":"product-type-simple"},"aioseo_notices":[],"uagb_featured_image_src":{"full":["https:\/\/babypillowwholesale.com\/wp-content\/uploads\/2025\/03\/1512.jpg",1000,1000,false],"thumbnail":["https:\/\/babypillowwholesale.com\/wp-content\/uploads\/2025\/03\/1512-150x150.jpg",150,150,true],"medium":["https:\/\/babypillowwholesale.com\/wp-content\/uploads\/2025\/03\/1512-300x300.jpg",300,300,true],"medium_large":["https:\/\/babypillowwholesale.com\/wp-content\/uploads\/2025\/03\/1512-768x768.jpg",768,768,true],"large":["https:\/\/babypillowwholesale.com\/wp-content\/uploads\/2025\/03\/1512.jpg",1000,1000,false],"1536x1536":["https:\/\/babypillowwholesale.com\/wp-content\/uploads\/2025\/03\/1512.jpg",1000,1000,false],"2048x2048":["https:\/\/babypillowwholesale.com\/wp-content\/uploads\/2025\/03\/1512.jpg",1000,1000,false],"trp-custom-language-flag":["https:\/\/babypillowwholesale.com\/wp-content\/uploads\/2025\/03\/1512.jpg",12,12,false],"woocommerce_thumbnail":["https:\/\/babypillowwholesale.com\/wp-content\/uploads\/2025\/03\/1512-300x300.jpg",300,300,true],"woocommerce_single":["https:\/\/babypillowwholesale.com\/wp-content\/uploads\/2025\/03\/1512-600x600.jpg",600,600,true],"woocommerce_gallery_thumbnail":["https:\/\/babypillowwholesale.com\/wp-content\/uploads\/2025\/03\/1512-100x100.jpg",100,100,true]},"uagb_author_info":{"display_name":"Etnen zhong","author_link":"https:\/\/babypillowwholesale.com\/hu\/author\/"},"uagb_comment_info":0,"uagb_excerpt":"The leopard cat Shaping Pillow is a delightful fusion of cuteness and practicality, tailored for infants aged 0 to 6 months. Its design, inspired by a leopard cat with perky ears and delicate whisker details, exudes charm. The ergonomic central cut - out gently supports the baby\u2019s head, helping maintain a healthy head shape during&hellip;","jetpack_sharing_enabled":true,"_links":{"self":[{"href":"https:\/\/babypillowwholesale.com\/hu\/wp-json\/wp\/v2\/product\/3303","targetHints":{"allow":["GET"]}}],"collection":[{"href":"https:\/\/babypillowwholesale.com\/hu\/wp-json\/wp\/v2\/product"}],"about":[{"href":"https:\/\/babypillowwholesale.com\/hu\/wp-json\/wp\/v2\/types\/product"}],"replies":[{"embeddable":true,"href":"https:\/\/babypillowwholesale.com\/hu\/wp-json\/wp\/v2\/comments?post=3303"}],"wp:featuredmedia":[{"embeddable":true,"href":"https:\/\/babypillowwholesale.com\/hu\/wp-json\/wp\/v2\/media\/3304"}],"wp:attachment":[{"href":"https:\/\/babypillowwholesale.com\/hu\/wp-json\/wp\/v2\/media?parent=3303"}],"wp:term":[{"taxonomy":"product_brand","embeddable":true,"href":"https:\/\/babypillowwholesale.com\/hu\/wp-json\/wp\/v2\/product_brand?post=3303"},{"taxonomy":"product_cat","embeddable":true,"href":"https:\/\/babypillowwholesale.com\/hu\/wp-json\/wp\/v2\/product_cat?post=3303"},{"taxonomy":"product_tag","embeddable":true,"href":"https:\/\/babypillowwholesale.com\/hu\/wp-json\/wp\/v2\/product_tag?post=3303"}],"curies":[{"name":"wp","href":"https:\/\/api.w.org\/{rel}","templated":true}]}}