{"id":3300,"date":"2025-03-22T02:53:38","date_gmt":"2025-03-22T02:53:38","guid":{"rendered":"https:\/\/babypillowwholesale.com\/?post_type=product&#038;p=3300"},"modified":"2025-06-08T15:41:34","modified_gmt":"2025-06-08T15:41:34","slug":"penguin-shaping-pillow","status":"publish","type":"product","link":"https:\/\/babypillowwholesale.com\/hu\/product\/penguin-shaping-pillow\/","title":{"rendered":"Pingvin alak\u00edt\u00f3 p\u00e1rna"},"content":{"rendered":"<div class=\"auto-hide-last-sibling-br paragraph-qzbcQC paragraph-element br-paragraph-space\" data-immersive-translate-walked=\"8e61f2e7-6af2-46e5-9672-3b9e4f4033d9\" data-immersive-translate-paragraph=\"1\">\n<div class=\"auto-hide-last-sibling-br paragraph-qzbcQC paragraph-element br-paragraph-space\">\u00d6lelje mag\u00e1hoz a pingvin form\u00e1z\u00f3 p\u00e1rn\u00e1nk puszta b\u00e1j\u00e1t, amely a 0-6 h\u00f3napos kor\u00fa legkisebb kalandorok sz\u00e1m\u00e1ra k\u00e9sz\u00fclt, szeretettel megmunk\u00e1lt, alapvet\u0151 fontoss\u00e1g\u00fa term\u00e9k. Ez a p\u00e1rna egy kedves pingvinre eml\u00e9keztet puf\u00f3k test\u00e9vel, kecses uszonyaival \u00e9s aranyos kis cs\u0151r\u00e9vel egy olyan vizu\u00e1lis \u00e9lvezet, amely azonnali adag cukis\u00e1got hoz a baba vil\u00e1g\u00e1ba. A funkcionalit\u00e1s \u00e9s a st\u00edlus tal\u00e1lkozik ebben a p\u00e1rn\u00e1ban. Az \u00e1tgondoltan form\u00e1zott k\u00f6zponti kiv\u00e1g\u00e1s gyeng\u00e9d, b\u00f6lcs\u0151szer\u0171 t\u00e1maszt ny\u00fajt a baba finom fej\u00e9nek, sim\u00e1n vezetve azt a t\u00f6k\u00e9letes forma fel\u00e9, ahogyan a baba v\u00e9gigj\u00e1rja \u00e9rt\u00e9kes els\u0151 napjait. M\u00e9rete 26,5*25*1,5CM, \u00edgy hihetetlen\u00fcl alkalmazkod\u00f3. Az otthoni csendes est\u00e9ken helyezze a baba kis\u00e1gy\u00e1ba, \u00e9s figyelje, ahogyan egy k\u00e9nyelmes, pingvin t\u00e9m\u00e1j\u00fa mened\u00e9ket teremt, \u00e9s b\u00e9k\u00e9s \u00e1lomba ringatja a kisgyermeket. Ha t\u00e9li s\u00e9t\u00e1n vagy \u00e1llatkerti l\u00e1togat\u00e1son vesz r\u00e9szt, a p\u00e1rna z\u00f6kken\u0151mentesen illeszkedik a babakocsiba, biztos\u00edtva, hogy a baba k\u00e9nyelmesen elf\u00e9rjen, mik\u00f6zben k\u00f6r\u00fclveszi a b\u00e1jos pingvin-diz\u00e1jn. A sz\u00fcl\u0151k teljesen beleszerettek ebbe a p\u00e1rn\u00e1ba! Az egyik anyuka \u00edgy nyilatkozott: \"A bab\u00e1m nem tud betelni ezzel a pingvinp\u00e1rn\u00e1val. Annyira puha, \u00e9s a diz\u00e1jn egyszer\u0171en im\u00e1dnival\u00f3. R\u00e1ad\u00e1sul nagyon sokat seg\u00edt abban, hogy a fej\u00e9t j\u00f3 poz\u00edci\u00f3ban tartsa.\" Egy apa hozz\u00e1tette: \"Minden kir\u00e1ndul\u00e1shoz ez lett a kedvenc\u00fcnk. A sz\u00ednv\u00e1laszt\u00e9k nagyszer\u0171, \u00e9s a bab\u00e1nk mindig olyan boldognak t\u0171nik, amikor megl\u00e1tja a pingvint. Nagyon aj\u00e1nlott!\" A b\u00e1jos r\u00f3zsasz\u00edn \u00e9s k\u00e9k \u00e1rnyalatokban kaphat\u00f3 Pingvin alakform\u00e1l\u00f3 p\u00e1rna t\u00f6bb mint egy egyszer\u0171 babakieg\u00e9sz\u00edt\u0151; ez egy d\u00e9delgetett t\u00e1rs, amely k\u00e9nyelmet, t\u00e1mogat\u00e1st \u00e9s rengeteg pingvin - ihlette \u00f6r\u00f6m\u00f6t \u00edg\u00e9r a baba els\u0151 h\u00f3napjaiban.<\/div>\n<\/div>","protected":false},"excerpt":{"rendered":"<p>A Pingvin form\u00e1z\u00f3 p\u00e1rna egy ellen\u00e1llhatatlanul aranyos \u00e9s praktikus term\u00e9k, amely 0-6 h\u00f3napos csecsem\u0151k sz\u00e1m\u00e1ra k\u00e9sz\u00fclt. Az im\u00e1dnival\u00f3 pingvint mint\u00e1z\u00f3, puf\u00f3k testtel, uszonyokkal \u00e9s \u00e9des cs\u0151rrel rendelkez\u0151 kialak\u00edt\u00e1s\u00e1val els\u0151 l\u00e1t\u00e1sra elnyeri a sz\u00edvek tetsz\u00e9s\u00e9t. A p\u00e1rna k\u00f6zponti kiv\u00e1g\u00e1sa gondosan \u00fagy lett kialak\u00edtva, hogy gyeng\u00e9d \u00e9s ergonomikus t\u00e1maszt ny\u00fajtson a baba fej\u00e9nek, seg\u00edtve a megfelel\u0151 fejforma meg\u0151rz\u00e9s\u00e9t a fejl\u0151d\u00e9s kulcsfontoss\u00e1g\u00fa korai szakasz\u00e1ban. M\u00e9rete 26,5*<em>25*<\/em>1,5CM, k\u00e9nyelmesen illeszkedik a kis\u00e1gyakba, babakocsikba vagy babahordoz\u00f3kba, \u00edgy b\u00e1rhol is legyen a kicsi, otthonos \u00e9s ismer\u0151s pihen\u0151helyet k\u00edn\u00e1l neki. R\u00f3zsasz\u00edn \u00e9s k\u00e9k sz\u00ednben kaphat\u00f3, \u00edgy a sz\u00fcl\u0151k kiv\u00e1laszthatj\u00e1k a preferenci\u00e1juknak vagy a gyerekszoba dekor\u00e1ci\u00f3j\u00e1nak megfelel\u0151 sz\u00ednt, amely a b\u00e1jt \u00e9s a funkcionalit\u00e1st egyar\u00e1nt \u00f6tv\u00f6zi a baba\u00e1pol\u00e1s fokoz\u00e1sa \u00e9rdek\u00e9ben.<\/p>","protected":false},"featured_media":3301,"comment_status":"open","ping_status":"closed","template":"","meta":{"_uag_custom_page_level_css":"","site-sidebar-layout":"default","site-content-layout":"","ast-site-content-layout":"default","site-content-style":"default","site-sidebar-style":"default","ast-global-header-display":"","ast-banner-title-visibility":"","ast-main-header-display":"","ast-hfb-above-header-display":"","ast-hfb-below-header-display":"","ast-hfb-mobile-header-display":"","site-post-title":"","ast-breadcrumbs-content":"","ast-featured-img":"","footer-sml-layout":"","ast-disable-related-posts":"","theme-transparent-header-meta":"default","adv-header-id-meta":"","stick-header-meta":"","header-above-stick-meta":"","header-main-stick-meta":"","header-below-stick-meta":"","astra-migrate-meta-layouts":"set","ast-page-background-enabled":"default","ast-page-background-meta":{"desktop":{"background-color":"","background-image":"","background-repeat":"repeat","background-position":"center center","background-size":"auto","background-attachment":"scroll","background-type":"","background-media":"","overlay-type":"","overlay-color":"","overlay-opacity":"","overlay-gradient":""},"tablet":{"background-color":"","background-image":"","background-repeat":"repeat","background-position":"center center","background-size":"auto","background-attachment":"scroll","background-type":"","background-media":"","overlay-type":"","overlay-color":"","overlay-opacity":"","overlay-gradient":""},"mobile":{"background-color":"","background-image":"","background-repeat":"repeat","background-position":"center center","background-size":"auto","background-attachment":"scroll","background-type":"","background-media":"","overlay-type":"","overlay-color":"","overlay-opacity":"","overlay-gradient":""}},"ast-content-background-meta":{"desktop":{"background-color":"var(--ast-global-color-5)","background-image":"","background-repeat":"repeat","background-position":"center center","background-size":"auto","background-attachment":"scroll","background-type":"","background-media":"","overlay-type":"","overlay-color":"","overlay-opacity":"","overlay-gradient":""},"tablet":{"background-color":"var(--ast-global-color-5)","background-image":"","background-repeat":"repeat","background-position":"center center","background-size":"auto","background-attachment":"scroll","background-type":"","background-media":"","overlay-type":"","overlay-color":"","overlay-opacity":"","overlay-gradient":""},"mobile":{"background-color":"var(--ast-global-color-5)","background-image":"","background-repeat":"repeat","background-position":"center center","background-size":"auto","background-attachment":"scroll","background-type":"","background-media":"","overlay-type":"","overlay-color":"","overlay-opacity":"","overlay-gradient":""}}},"product_brand":[],"product_cat":[54,42],"product_tag":[70,68,71,69],"class_list":{"0":"post-3300","1":"product","2":"type-product","3":"status-publish","4":"has-post-thumbnail","6":"product_cat-0-to-6months","7":"product_cat-merchandise","8":"product_tag-babypillow","9":"product_tag-cuteanimalpillow","10":"product_tag-headshapesupport","11":"product_tag-kouniushapingpillow","12":"desktop-align-left","13":"tablet-align-left","14":"mobile-align-left","16":"first","17":"instock","18":"shipping-taxable","19":"product-type-simple"},"aioseo_notices":[],"uagb_featured_image_src":{"full":["https:\/\/babypillowwholesale.com\/wp-content\/uploads\/2025\/03\/1511.jpg",1000,1000,false],"thumbnail":["https:\/\/babypillowwholesale.com\/wp-content\/uploads\/2025\/03\/1511-150x150.jpg",150,150,true],"medium":["https:\/\/babypillowwholesale.com\/wp-content\/uploads\/2025\/03\/1511-300x300.jpg",300,300,true],"medium_large":["https:\/\/babypillowwholesale.com\/wp-content\/uploads\/2025\/03\/1511-768x768.jpg",768,768,true],"large":["https:\/\/babypillowwholesale.com\/wp-content\/uploads\/2025\/03\/1511.jpg",1000,1000,false],"1536x1536":["https:\/\/babypillowwholesale.com\/wp-content\/uploads\/2025\/03\/1511.jpg",1000,1000,false],"2048x2048":["https:\/\/babypillowwholesale.com\/wp-content\/uploads\/2025\/03\/1511.jpg",1000,1000,false],"trp-custom-language-flag":["https:\/\/babypillowwholesale.com\/wp-content\/uploads\/2025\/03\/1511.jpg",12,12,false],"woocommerce_thumbnail":["https:\/\/babypillowwholesale.com\/wp-content\/uploads\/2025\/03\/1511-300x300.jpg",300,300,true],"woocommerce_single":["https:\/\/babypillowwholesale.com\/wp-content\/uploads\/2025\/03\/1511-600x600.jpg",600,600,true],"woocommerce_gallery_thumbnail":["https:\/\/babypillowwholesale.com\/wp-content\/uploads\/2025\/03\/1511-100x100.jpg",100,100,true]},"uagb_author_info":{"display_name":"Etnen zhong","author_link":"https:\/\/babypillowwholesale.com\/hu\/author\/"},"uagb_comment_info":0,"uagb_excerpt":"The Penguin Shaping Pillow is an irresistibly cute and practical product tailored for infants aged 0 to 6 months. Its design, modeled after an adorable penguin with a chubby body, flippers, and a sweet beak, is sure to win hearts at first sight. The central cut - out of the pillow is carefully engineered to&hellip;","jetpack_sharing_enabled":true,"_links":{"self":[{"href":"https:\/\/babypillowwholesale.com\/hu\/wp-json\/wp\/v2\/product\/3300","targetHints":{"allow":["GET"]}}],"collection":[{"href":"https:\/\/babypillowwholesale.com\/hu\/wp-json\/wp\/v2\/product"}],"about":[{"href":"https:\/\/babypillowwholesale.com\/hu\/wp-json\/wp\/v2\/types\/product"}],"replies":[{"embeddable":true,"href":"https:\/\/babypillowwholesale.com\/hu\/wp-json\/wp\/v2\/comments?post=3300"}],"wp:featuredmedia":[{"embeddable":true,"href":"https:\/\/babypillowwholesale.com\/hu\/wp-json\/wp\/v2\/media\/3301"}],"wp:attachment":[{"href":"https:\/\/babypillowwholesale.com\/hu\/wp-json\/wp\/v2\/media?parent=3300"}],"wp:term":[{"taxonomy":"product_brand","embeddable":true,"href":"https:\/\/babypillowwholesale.com\/hu\/wp-json\/wp\/v2\/product_brand?post=3300"},{"taxonomy":"product_cat","embeddable":true,"href":"https:\/\/babypillowwholesale.com\/hu\/wp-json\/wp\/v2\/product_cat?post=3300"},{"taxonomy":"product_tag","embeddable":true,"href":"https:\/\/babypillowwholesale.com\/hu\/wp-json\/wp\/v2\/product_tag?post=3300"}],"curies":[{"name":"wp","href":"https:\/\/api.w.org\/{rel}","templated":true}]}}