{"id":3297,"date":"2025-03-22T02:36:47","date_gmt":"2025-03-22T02:36:47","guid":{"rendered":"https:\/\/babypillowwholesale.com\/?post_type=product&#038;p=3297"},"modified":"2025-06-08T16:05:37","modified_gmt":"2025-06-08T16:05:37","slug":"snotty-elephant-shaping-pillow","status":"publish","type":"product","link":"https:\/\/babypillowwholesale.com\/hu\/product\/snotty-elephant-shaping-pillow\/","title":{"rendered":"Taknyos elef\u00e1nt alak\u00edt\u00f3 p\u00e1rna"},"content":{"rendered":"<div class=\"auto-hide-last-sibling-br paragraph-qzbcQC paragraph-element br-paragraph-space\" data-immersive-translate-walked=\"8e61f2e7-6af2-46e5-9672-3b9e4f4033d9\" data-immersive-translate-paragraph=\"1\">\n<div class=\"auto-hide-last-sibling-br paragraph-qzbcQC paragraph-element br-paragraph-space\">Mer\u00fclj el a k\u00e9nyelem \u00e9s a cukis\u00e1g vil\u00e1g\u00e1ban a Snotty Elef\u00e1nt form\u00e1z\u00f3 p\u00e1rn\u00e1val, amely egy \u00e1lomsz\u00e9p, kifejezetten a 0 \u00e9s 6 h\u00f3napos kor k\u00f6z\u00f6tti legkisebb kincsek sz\u00e1m\u00e1ra kifejlesztett, alapvet\u0151 fontoss\u00e1g\u00fa term\u00e9k. A szel\u00edd Snotty elef\u00e1nt \u00e1ltal ihletett var\u00e1zslatos diz\u00e1jn nagy, l\u00f3g\u00f3 f\u00fclekkel \u00e9s \u00e9des, minimalista arccal rendelkezik, azonnal \u00f3ce\u00e1ni b\u00e1jt var\u00e1zsolva a baba gyerekszob\u00e1j\u00e1ba. Ez a p\u00e1rna nem csak im\u00e1dnival\u00f3 megjelen\u00e9s\u00e9r\u0151l sz\u00f3l; ez a p\u00e1rna er\u0151teljes t\u00e1maszt\u00e9kot ny\u00fajt. A pontosan kont\u00farozott k\u00f6z\u00e9ps\u0151 kiv\u00e1g\u00e1s gyeng\u00e9d, megnyugtat\u00f3 \u00f6lel\u00e9st ny\u00fajt a baba finom fej\u00e9nek, kecsesen vezetve azt a t\u00f6k\u00e9letes forma fel\u00e9, mik\u00f6zben felfedezi a korai id\u0151k csod\u00e1it. M\u00e9rete 26,5*25*1,5CM, \u00edgy hihetetlen\u00fcl sokoldal\u00fa. Az otthoni b\u00e9k\u00e9s d\u00e9lut\u00e1nokon helyezze a baba kis\u00e1gy\u00e1ba, \u00e9s figyelje, ahogy a szuny\u00f3k\u00e1l\u00e1st nyugodt \u00f3ce\u00e1ni kalandd\u00e1 v\u00e1ltoztatja. Ha csal\u00e1di kir\u00e1ndul\u00e1son veszel r\u00e9szt, legyen az egy kir\u00e1ndul\u00e1s a tengerpartra vagy egy l\u00e1togat\u00e1s az akv\u00e1riumban, a p\u00e1rna k\u00e9nyelmesen elf\u00e9r a babakocsiban, \u00edgy biztos\u00edtva, hogy a kicsi k\u00e9nyelmesen utazhasson a Snotty elef\u00e1nt ismer\u0151s b\u00e1j\u00e1val k\u00f6r\u00fclv\u00e9ve. A sz\u00fcl\u0151k odavannak ez\u00e9rt a p\u00e1rn\u00e1\u00e9rt! \"A kisbab\u00e1m im\u00e1d ehhez a Snotty elef\u00e1nt p\u00e1rn\u00e1hoz b\u00fajni. Olyan puha, \u00e9s a kialak\u00edt\u00e1sa is egyedi. Azt is \u00e9szrevettem, hogy remek\u00fcl tartja a fejform\u00e1j\u00e1t\" - mondta egy elragadtatott anyuka. Egy apuka pedig ezt osztotta meg: \"Nek\u00fcnk m\u00e1r k\u00f6telez\u0151 darab lett. K\u00f6nnyen hordozhat\u00f3, \u00e9s a sz\u00ednv\u00e1laszt\u00e9k nagyon sz\u00e9p. A bab\u00e1nk mindig olyan el\u00e9gedettnek t\u0171nik, amikor haszn\u00e1lja\". A b\u00e1jos r\u00f3zsasz\u00edn \u00e9s k\u00e9k \u00e1rnyalatokban kaphat\u00f3 Ocean Elephant Shaping Pillow t\u00f6bb mint egy babakell\u00e9k; ez egy szeretett t\u00e1rs, amely k\u00e9nyelmet, t\u00e1mogat\u00e1st \u00e9s rengeteg \u00f3ce\u00e1ni b\u00e1jt \u00edg\u00e9r a baba \u00e9rt\u00e9kes els\u0151 h\u00f3napjaiban.<\/div>\n<\/div>","protected":false},"excerpt":{"rendered":"<p>A Snotty Elef\u00e1nt form\u00e1z\u00f3 p\u00e1rna vonz\u00f3 \u00e9s praktikus v\u00e1laszt\u00e1s 0 \u00e9s 6 h\u00f3nap k\u00f6z\u00f6tti csecsem\u0151k sz\u00e1m\u00e1ra. Az \u00f3ce\u00e1n t\u00e9m\u00e1j\u00fa, nagy f\u00fclekkel \u00e9s egyszer\u0171, aranyos arccal rendelkez\u0151 elef\u00e1ntot mint\u00e1z\u00f3 kialak\u00edt\u00e1sa szemet gy\u00f6ny\u00f6rk\u00f6dtet\u0151. A p\u00e1rna k\u00f6zponti kiv\u00e1g\u00e1sa gondosan meg van form\u00e1zva, hogy gyeng\u00e9den megt\u00e1massza a baba fej\u00e9t, seg\u00edtve a megfelel\u0151 fejforma fenntart\u00e1s\u00e1t a korai fejl\u0151d\u00e9s sor\u00e1n. M\u00e9rete 26,5*<em>25*<\/em>1.5CM, j\u00f3l illeszkedik a kis\u00e1gyakba, babakocsikba, vagy amikor a baba a j\u00e1tsz\u00f3sz\u0151nyegen pihen. R\u00f3zsasz\u00edn \u00e9s k\u00e9k sz\u00ednben kaphat\u00f3, \u00edgy a sz\u00fcl\u0151knek lehet\u0151s\u00e9g\u00fck van az \u00edzl\u00e9s\u00fcknek vagy a gyerekszoba dekor\u00e1ci\u00f3j\u00e1nak megfelel\u0151 sz\u00ednt v\u00e1lasztani, amely egyszerre \u00f6tv\u00f6zi a b\u00e1jt \u00e9s a funkcionalit\u00e1st a baba\u00e1pol\u00e1sban.<\/p>","protected":false},"featured_media":3298,"comment_status":"open","ping_status":"closed","template":"","meta":{"_uag_custom_page_level_css":"","site-sidebar-layout":"default","site-content-layout":"","ast-site-content-layout":"default","site-content-style":"default","site-sidebar-style":"default","ast-global-header-display":"","ast-banner-title-visibility":"","ast-main-header-display":"","ast-hfb-above-header-display":"","ast-hfb-below-header-display":"","ast-hfb-mobile-header-display":"","site-post-title":"","ast-breadcrumbs-content":"","ast-featured-img":"","footer-sml-layout":"","ast-disable-related-posts":"","theme-transparent-header-meta":"default","adv-header-id-meta":"","stick-header-meta":"","header-above-stick-meta":"","header-main-stick-meta":"","header-below-stick-meta":"","astra-migrate-meta-layouts":"set","ast-page-background-enabled":"default","ast-page-background-meta":{"desktop":{"background-color":"","background-image":"","background-repeat":"repeat","background-position":"center center","background-size":"auto","background-attachment":"scroll","background-type":"","background-media":"","overlay-type":"","overlay-color":"","overlay-opacity":"","overlay-gradient":""},"tablet":{"background-color":"","background-image":"","background-repeat":"repeat","background-position":"center center","background-size":"auto","background-attachment":"scroll","background-type":"","background-media":"","overlay-type":"","overlay-color":"","overlay-opacity":"","overlay-gradient":""},"mobile":{"background-color":"","background-image":"","background-repeat":"repeat","background-position":"center center","background-size":"auto","background-attachment":"scroll","background-type":"","background-media":"","overlay-type":"","overlay-color":"","overlay-opacity":"","overlay-gradient":""}},"ast-content-background-meta":{"desktop":{"background-color":"var(--ast-global-color-5)","background-image":"","background-repeat":"repeat","background-position":"center center","background-size":"auto","background-attachment":"scroll","background-type":"","background-media":"","overlay-type":"","overlay-color":"","overlay-opacity":"","overlay-gradient":""},"tablet":{"background-color":"var(--ast-global-color-5)","background-image":"","background-repeat":"repeat","background-position":"center center","background-size":"auto","background-attachment":"scroll","background-type":"","background-media":"","overlay-type":"","overlay-color":"","overlay-opacity":"","overlay-gradient":""},"mobile":{"background-color":"var(--ast-global-color-5)","background-image":"","background-repeat":"repeat","background-position":"center center","background-size":"auto","background-attachment":"scroll","background-type":"","background-media":"","overlay-type":"","overlay-color":"","overlay-opacity":"","overlay-gradient":""}}},"product_brand":[],"product_cat":[54,42],"product_tag":[70,68,71,69],"class_list":{"0":"post-3297","1":"product","2":"type-product","3":"status-publish","4":"has-post-thumbnail","6":"product_cat-0-to-6months","7":"product_cat-merchandise","8":"product_tag-babypillow","9":"product_tag-cuteanimalpillow","10":"product_tag-headshapesupport","11":"product_tag-kouniushapingpillow","12":"desktop-align-left","13":"tablet-align-left","14":"mobile-align-left","16":"first","17":"instock","18":"shipping-taxable","19":"product-type-simple"},"aioseo_notices":[],"uagb_featured_image_src":{"full":["https:\/\/babypillowwholesale.com\/wp-content\/uploads\/2025\/03\/1510.jpg",1000,1000,false],"thumbnail":["https:\/\/babypillowwholesale.com\/wp-content\/uploads\/2025\/03\/1510-150x150.jpg",150,150,true],"medium":["https:\/\/babypillowwholesale.com\/wp-content\/uploads\/2025\/03\/1510-300x300.jpg",300,300,true],"medium_large":["https:\/\/babypillowwholesale.com\/wp-content\/uploads\/2025\/03\/1510-768x768.jpg",768,768,true],"large":["https:\/\/babypillowwholesale.com\/wp-content\/uploads\/2025\/03\/1510.jpg",1000,1000,false],"1536x1536":["https:\/\/babypillowwholesale.com\/wp-content\/uploads\/2025\/03\/1510.jpg",1000,1000,false],"2048x2048":["https:\/\/babypillowwholesale.com\/wp-content\/uploads\/2025\/03\/1510.jpg",1000,1000,false],"trp-custom-language-flag":["https:\/\/babypillowwholesale.com\/wp-content\/uploads\/2025\/03\/1510.jpg",12,12,false],"woocommerce_thumbnail":["https:\/\/babypillowwholesale.com\/wp-content\/uploads\/2025\/03\/1510-300x300.jpg",300,300,true],"woocommerce_single":["https:\/\/babypillowwholesale.com\/wp-content\/uploads\/2025\/03\/1510-600x600.jpg",600,600,true],"woocommerce_gallery_thumbnail":["https:\/\/babypillowwholesale.com\/wp-content\/uploads\/2025\/03\/1510-100x100.jpg",100,100,true]},"uagb_author_info":{"display_name":"Etnen zhong","author_link":"https:\/\/babypillowwholesale.com\/hu\/author\/"},"uagb_comment_info":1,"uagb_excerpt":"The Snotty Elephant Shaping Pillow is an appealing and practical choice for infants aged 0 to 6 months. Its design, modeled after an ocean - themed elephant with large ears and a simple, cute face, is eye - catching. The central cut - out of the pillow is carefully shaped to provide gentle support for&hellip;","jetpack_sharing_enabled":true,"_links":{"self":[{"href":"https:\/\/babypillowwholesale.com\/hu\/wp-json\/wp\/v2\/product\/3297","targetHints":{"allow":["GET"]}}],"collection":[{"href":"https:\/\/babypillowwholesale.com\/hu\/wp-json\/wp\/v2\/product"}],"about":[{"href":"https:\/\/babypillowwholesale.com\/hu\/wp-json\/wp\/v2\/types\/product"}],"replies":[{"embeddable":true,"href":"https:\/\/babypillowwholesale.com\/hu\/wp-json\/wp\/v2\/comments?post=3297"}],"wp:featuredmedia":[{"embeddable":true,"href":"https:\/\/babypillowwholesale.com\/hu\/wp-json\/wp\/v2\/media\/3298"}],"wp:attachment":[{"href":"https:\/\/babypillowwholesale.com\/hu\/wp-json\/wp\/v2\/media?parent=3297"}],"wp:term":[{"taxonomy":"product_brand","embeddable":true,"href":"https:\/\/babypillowwholesale.com\/hu\/wp-json\/wp\/v2\/product_brand?post=3297"},{"taxonomy":"product_cat","embeddable":true,"href":"https:\/\/babypillowwholesale.com\/hu\/wp-json\/wp\/v2\/product_cat?post=3297"},{"taxonomy":"product_tag","embeddable":true,"href":"https:\/\/babypillowwholesale.com\/hu\/wp-json\/wp\/v2\/product_tag?post=3297"}],"curies":[{"name":"wp","href":"https:\/\/api.w.org\/{rel}","templated":true}]}}