{"id":3289,"date":"2025-03-20T08:23:07","date_gmt":"2025-03-20T08:23:07","guid":{"rendered":"https:\/\/babypillowwholesale.com\/?post_type=product&#038;p=3289"},"modified":"2025-06-08T16:10:06","modified_gmt":"2025-06-08T16:10:06","slug":"crown-shaping-pillow","status":"publish","type":"product","link":"https:\/\/babypillowwholesale.com\/hu\/product\/crown-shaping-pillow\/","title":{"rendered":"Korona alak\u00edt\u00f3 p\u00e1rna"},"content":{"rendered":"<div class=\"auto-hide-last-sibling-br paragraph-qzbcQC paragraph-element br-paragraph-space\" data-immersive-translate-walked=\"8e61f2e7-6af2-46e5-9672-3b9e4f4033d9\" data-immersive-translate-paragraph=\"1\">\n<div class=\"auto-hide-last-sibling-br paragraph-qzbcQC paragraph-element br-paragraph-space\">Bemutatjuk a Crown Shaping Pillow-t, az elegancia \u00e9s a funkcionalit\u00e1s t\u00f6k\u00e9letes kever\u00e9k\u00e9t, amelyet apr\u00f3l\u00e9kosan kidolgoztak a legkisebb kir\u00e1lyi csal\u00e1dok sz\u00e1m\u00e1ra 0 \u00e9s 6 h\u00f3napos kor k\u00f6z\u00f6tt. K\u00fcl\u00f6nleges kialak\u00edt\u00e1sa, amelyet egy kecses korona d\u00edsz\u00edt a tetej\u00e9n, egy csipetnyi kir\u00e1lyi b\u00e1jjal ruh\u00e1zza fel, \u00edgy nem csup\u00e1n egy p\u00e1rna, hanem b\u00e1rmelyik gyerekszob\u00e1ban d\u00edszes darab lesz. Ez a p\u00e1rna a k\u00e9nyelem \u00e9s a t\u00e1mogat\u00e1s szent\u00e9lye. A pontosan kont\u00farozott k\u00f6z\u00e9ps\u0151 kiv\u00e1g\u00e1s gyeng\u00e9den b\u00f6lcs\u0151zi a baba finom fej\u00e9t, kecsesen vezetve azt a t\u00f6k\u00e9letes forma fel\u00e9, ahogyan a baba \u00e1tsodr\u00f3dik \u00e9rt\u00e9kes els\u0151 napjain. M\u00e9retei 26,5*25*1,5CM, \u00edgy ide\u00e1lisan illeszkedik a k\u00fcl\u00f6nb\u00f6z\u0151 k\u00f6rnyezetekhez. Ak\u00e1r a kis\u00e1gy f\u00e9ny\u0171z\u0151 puhas\u00e1g\u00e1ba f\u00e9szkeli be mag\u00e1t, k\u00e9nyelmes tr\u00f3nt teremtve b\u00e9k\u00e9s \u00e1lmukhoz, ak\u00e1r a babakocsiban k\u00eds\u00e9ri \u0151ket egy naps\u00fct\u00e9ses s\u00e9t\u00e1n a k\u00f6rny\u00e9ken, ez a p\u00e1rna rend\u00edthetetlen k\u00e9nyelmet biztos\u00edt. A babahordoz\u00f3ban is k\u00e9nyelmesen elf\u00e9r, \u00edgy a kir\u00e1ndul\u00e1sok is k\u00f6nnyed\u00e9n megval\u00f3sulnak, mik\u00f6zben a kisgyermeke k\u00e9nyelmesen t\u00e1maszkodik. A sz\u00fcl\u0151ket elvar\u00e1zsolja ez a p\u00e1rna! Egy elragadtatott anyuka megosztotta: \"A bab\u00e1m \u00fagy n\u00e9z ki, mint egy kis herceg\/hercegn\u0151, aki ezen a koron\u00e1s p\u00e1rn\u00e1n pihen. Hihetetlen\u00fcl puha, \u00e9s nagy javul\u00e1st vettem \u00e9szre a fejform\u00e1j\u00e1n. A k\u00e9k sz\u00edn, amit v\u00e1lasztottunk, egyszer\u0171en leny\u0171g\u00f6z\u0151 a gyerekszob\u00e1ban\". Egy apuka hozz\u00e1tette: \"Annyira k\u00e9nyelmes, hogy mindenhov\u00e1 magunkkal vihetj\u00fck. A diz\u00e1jnja egyedi, \u00e9s \u00fagy t\u0171nik, a bab\u00e1m im\u00e1dja. Nagyszer\u0171 kieg\u00e9sz\u00edt\u0151je a baba alapvet\u0151 kell\u00e9keinknek.\" A b\u00e1jos r\u00f3zsasz\u00edn \u00e9s k\u00e9k \u00e1rnyalatokban kaphat\u00f3 Crown Shaping Pillow t\u00f6bb, mint egy egyszer\u0171 babakell\u00e9k; ez egy d\u00e9delgetett t\u00e1rs, amely k\u00e9nyelmet, t\u00e1mogat\u00e1st \u00e9s egy csipetnyi kir\u00e1lyi b\u00e1jt \u00edg\u00e9r a baba \u00e9rt\u00e9kes els\u0151 h\u00f3napjaiban.<\/div>\n<\/div>","protected":false},"excerpt":{"rendered":"<p>A koronaform\u00e1z\u00f3 p\u00e1rna egy b\u00e1jos \u00e9s praktikus term\u00e9k, amelyet 0-6 h\u00f3napos csecsem\u0151k sz\u00e1m\u00e1ra terveztek. Egyed\u00fcl\u00e1ll\u00f3 kialak\u00edt\u00e1sa, tetej\u00e9n egy aranyos koron\u00e1val, kir\u00e1lyi \u00e9s im\u00e1dnival\u00f3 megjelen\u00e9st k\u00f6lcs\u00f6n\u00f6z neki. A p\u00e1rna k\u00f6zponti kiv\u00e1g\u00e1sa gondosan kidolgozott, hogy gyeng\u00e9d t\u00e1maszt ny\u00fajtson a baba fej\u00e9nek, seg\u00edtve a megfelel\u0151 fejforma meg\u0151rz\u00e9s\u00e9t a kulcsfontoss\u00e1g\u00fa korai fejl\u0151d\u00e9si szakaszban. M\u00e9rete 26,5<em>25<\/em>1.5CM, k\u00e9nyelmesen elf\u00e9r kis\u00e1gyban, babakocsiban, vagy amikor a baba a takar\u00f3n pihen. R\u00f3zsasz\u00edn \u00e9s k\u00e9k sz\u00ednben kaphat\u00f3, \u00edgy a sz\u00fcl\u0151k kiv\u00e1laszthatj\u00e1k az \u00edzl\u00e9s\u00fckh\u00f6z vagy a gyerekszoba dekor\u00e1ci\u00f3j\u00e1hoz ill\u0151 sz\u00ednt, \u00f6tv\u00f6zve a st\u00edlust \u00e9s a funkcionalit\u00e1st az optim\u00e1lis baba\u00e1pol\u00e1s \u00e9rdek\u00e9ben.<\/p>","protected":false},"featured_media":3290,"comment_status":"open","ping_status":"closed","template":"","meta":{"_uag_custom_page_level_css":"","site-sidebar-layout":"default","site-content-layout":"","ast-site-content-layout":"default","site-content-style":"default","site-sidebar-style":"default","ast-global-header-display":"","ast-banner-title-visibility":"","ast-main-header-display":"","ast-hfb-above-header-display":"","ast-hfb-below-header-display":"","ast-hfb-mobile-header-display":"","site-post-title":"","ast-breadcrumbs-content":"","ast-featured-img":"","footer-sml-layout":"","ast-disable-related-posts":"","theme-transparent-header-meta":"default","adv-header-id-meta":"","stick-header-meta":"","header-above-stick-meta":"","header-main-stick-meta":"","header-below-stick-meta":"","astra-migrate-meta-layouts":"set","ast-page-background-enabled":"default","ast-page-background-meta":{"desktop":{"background-color":"","background-image":"","background-repeat":"repeat","background-position":"center center","background-size":"auto","background-attachment":"scroll","background-type":"","background-media":"","overlay-type":"","overlay-color":"","overlay-opacity":"","overlay-gradient":""},"tablet":{"background-color":"","background-image":"","background-repeat":"repeat","background-position":"center center","background-size":"auto","background-attachment":"scroll","background-type":"","background-media":"","overlay-type":"","overlay-color":"","overlay-opacity":"","overlay-gradient":""},"mobile":{"background-color":"","background-image":"","background-repeat":"repeat","background-position":"center center","background-size":"auto","background-attachment":"scroll","background-type":"","background-media":"","overlay-type":"","overlay-color":"","overlay-opacity":"","overlay-gradient":""}},"ast-content-background-meta":{"desktop":{"background-color":"var(--ast-global-color-5)","background-image":"","background-repeat":"repeat","background-position":"center center","background-size":"auto","background-attachment":"scroll","background-type":"","background-media":"","overlay-type":"","overlay-color":"","overlay-opacity":"","overlay-gradient":""},"tablet":{"background-color":"var(--ast-global-color-5)","background-image":"","background-repeat":"repeat","background-position":"center center","background-size":"auto","background-attachment":"scroll","background-type":"","background-media":"","overlay-type":"","overlay-color":"","overlay-opacity":"","overlay-gradient":""},"mobile":{"background-color":"var(--ast-global-color-5)","background-image":"","background-repeat":"repeat","background-position":"center center","background-size":"auto","background-attachment":"scroll","background-type":"","background-media":"","overlay-type":"","overlay-color":"","overlay-opacity":"","overlay-gradient":""}}},"product_brand":[],"product_cat":[54,42],"product_tag":[70,68,71,69],"class_list":{"0":"post-3289","1":"product","2":"type-product","3":"status-publish","4":"has-post-thumbnail","6":"product_cat-0-to-6months","7":"product_cat-merchandise","8":"product_tag-babypillow","9":"product_tag-cuteanimalpillow","10":"product_tag-headshapesupport","11":"product_tag-kouniushapingpillow","12":"desktop-align-left","13":"tablet-align-left","14":"mobile-align-left","16":"first","17":"instock","18":"shipping-taxable","19":"product-type-simple"},"aioseo_notices":[],"uagb_featured_image_src":{"full":["https:\/\/babypillowwholesale.com\/wp-content\/uploads\/2025\/03\/1508.jpg",1000,1000,false],"thumbnail":["https:\/\/babypillowwholesale.com\/wp-content\/uploads\/2025\/03\/1508-150x150.jpg",150,150,true],"medium":["https:\/\/babypillowwholesale.com\/wp-content\/uploads\/2025\/03\/1508-300x300.jpg",300,300,true],"medium_large":["https:\/\/babypillowwholesale.com\/wp-content\/uploads\/2025\/03\/1508-768x768.jpg",768,768,true],"large":["https:\/\/babypillowwholesale.com\/wp-content\/uploads\/2025\/03\/1508.jpg",1000,1000,false],"1536x1536":["https:\/\/babypillowwholesale.com\/wp-content\/uploads\/2025\/03\/1508.jpg",1000,1000,false],"2048x2048":["https:\/\/babypillowwholesale.com\/wp-content\/uploads\/2025\/03\/1508.jpg",1000,1000,false],"trp-custom-language-flag":["https:\/\/babypillowwholesale.com\/wp-content\/uploads\/2025\/03\/1508.jpg",12,12,false],"woocommerce_thumbnail":["https:\/\/babypillowwholesale.com\/wp-content\/uploads\/2025\/03\/1508-300x300.jpg",300,300,true],"woocommerce_single":["https:\/\/babypillowwholesale.com\/wp-content\/uploads\/2025\/03\/1508-600x600.jpg",600,600,true],"woocommerce_gallery_thumbnail":["https:\/\/babypillowwholesale.com\/wp-content\/uploads\/2025\/03\/1508-100x100.jpg",100,100,true]},"uagb_author_info":{"display_name":"yangli","author_link":"https:\/\/babypillowwholesale.com\/hu\/author\/"},"uagb_comment_info":0,"uagb_excerpt":"The Crown Shaping Pillow is a charming and practical product designed for infants aged 0 to 6 months. Its unique design, featuring a cute crown on top, gives it a regal and adorable look. The central cut - out of the pillow is carefully crafted to provide gentle support for a baby's head, helping to&hellip;","jetpack_sharing_enabled":true,"_links":{"self":[{"href":"https:\/\/babypillowwholesale.com\/hu\/wp-json\/wp\/v2\/product\/3289","targetHints":{"allow":["GET"]}}],"collection":[{"href":"https:\/\/babypillowwholesale.com\/hu\/wp-json\/wp\/v2\/product"}],"about":[{"href":"https:\/\/babypillowwholesale.com\/hu\/wp-json\/wp\/v2\/types\/product"}],"replies":[{"embeddable":true,"href":"https:\/\/babypillowwholesale.com\/hu\/wp-json\/wp\/v2\/comments?post=3289"}],"wp:featuredmedia":[{"embeddable":true,"href":"https:\/\/babypillowwholesale.com\/hu\/wp-json\/wp\/v2\/media\/3290"}],"wp:attachment":[{"href":"https:\/\/babypillowwholesale.com\/hu\/wp-json\/wp\/v2\/media?parent=3289"}],"wp:term":[{"taxonomy":"product_brand","embeddable":true,"href":"https:\/\/babypillowwholesale.com\/hu\/wp-json\/wp\/v2\/product_brand?post=3289"},{"taxonomy":"product_cat","embeddable":true,"href":"https:\/\/babypillowwholesale.com\/hu\/wp-json\/wp\/v2\/product_cat?post=3289"},{"taxonomy":"product_tag","embeddable":true,"href":"https:\/\/babypillowwholesale.com\/hu\/wp-json\/wp\/v2\/product_tag?post=3289"}],"curies":[{"name":"wp","href":"https:\/\/api.w.org\/{rel}","templated":true}]}}