{"id":3271,"date":"2025-03-18T06:30:20","date_gmt":"2025-03-18T06:30:20","guid":{"rendered":"https:\/\/babypillowwholesale.com\/?post_type=product&#038;p=3271"},"modified":"2025-06-08T16:13:28","modified_gmt":"2025-06-08T16:13:28","slug":"cute-one-shaping-pillow","status":"publish","type":"product","link":"https:\/\/babypillowwholesale.com\/hu\/product\/cute-one-shaping-pillow\/","title":{"rendered":"Aranyos egy alak\u00edt\u00f3 p\u00e1rna"},"content":{"rendered":"<div class=\"auto-hide-last-sibling-br paragraph-qzbcQC paragraph-element br-paragraph-space\" data-immersive-translate-walked=\"8e61f2e7-6af2-46e5-9672-3b9e4f4033d9\" data-immersive-translate-paragraph=\"1\">\n<div class=\"auto-hide-last-sibling-br paragraph-qzbcQC paragraph-element br-paragraph-space\">A rendk\u00edv\u00fcl b\u00e1jos Cute One form\u00e1z\u00f3 p\u00e1rna, egy \u00e1lomsz\u00e9p, apr\u00f3l\u00e9kosan kidolgozott p\u00e1rna a legkisebb, 0-6 h\u00f3napos bab\u00e1k sz\u00e1m\u00e1ra. A b\u00e1jos, \u00e1llat ihlette f\u00fclekkel \u00e9s \u00e9des, kedves arccal d\u00edsz\u00edtett, elb\u0171v\u00f6l\u0151 l\u00e1tv\u00e1ny\u00e1val lehetetlen nem els\u0151 l\u00e1t\u00e1sra beleszeretni ebbe a p\u00e1rn\u00e1ba.<\/div>\n<div class=\"auto-hide-last-sibling-br paragraph-qzbcQC paragraph-element br-paragraph-space\">Ez a p\u00e1rna elb\u0171v\u00f6l\u0151 k\u00fclsej\u00e9n t\u00fal a funkcionalit\u00e1s mintak\u00e9pe. A zseni\u00e1lisan megtervezett k\u00f6zponti kiv\u00e1g\u00e1s gyeng\u00e9d \u00e9s t\u00e1mogat\u00f3 \u00f6lel\u00e9st ny\u00fajt a baba finom fej\u00e9nek, gyeng\u00e9den vezetve azt a t\u00f6k\u00e9letes forma fel\u00e9, ahogyan a baba v\u00e9gigj\u00e1rja \u00e9rt\u00e9kes els\u0151 napjait. M\u00e9rete 26,5*<em>25*<\/em>1,5CM, t\u00f6k\u00e9letes m\u00e9ret\u0171, hogy z\u00f6kken\u0151mentesen illeszkedjen a k\u00fcl\u00f6nb\u00f6z\u0151 be\u00e1ll\u00edt\u00e1sokhoz.<\/div>\n<div class=\"auto-hide-last-sibling-br paragraph-qzbcQC paragraph-element br-paragraph-space\">Ak\u00e1r a kisbaba kis\u00e1gy\u00e1nak pl\u00fcss k\u00e9nyelm\u00e9be f\u00e9szkelve, ak\u00e1r a nyugalom fellegv\u00e1r\u00e1t teremtve a hossz\u00fa, pihentet\u0151 alv\u00e1sokhoz, vagy a kisgyermek\u00e9t k\u00eds\u00e9rve a babakocsiban egy nyugodt s\u00e9t\u00e1n a parkban, ez a p\u00e1rna rend\u00edthetetlen k\u00e9nyelmet biztos\u00edt. Ide\u00e1lis t\u00e1rs azokon a meghitt otthoni d\u00e9lut\u00e1nokon is, amikor a baba egy puha takar\u00f3n pihen, ismer\u0151s \u00e9s megnyugtat\u00f3 helyet biztos\u00edtva.<\/div>\n<div class=\"auto-hide-last-sibling-br paragraph-qzbcQC paragraph-element br-paragraph-space\">A sz\u00fcl\u0151k teljesen el vannak ragadtatva a Cute One alakform\u00e1l\u00f3 p\u00e1rn\u00e1t\u00f3l! Egy elragadtatott anyuka megosztotta: \"Ez a p\u00e1rna nemcsak hihetetlen\u00fcl aranyos, de csod\u00e1kat m\u0171vel a bab\u00e1m fejform\u00e1j\u00e1val is. Annyira puha, \u00e9s \u00fagy t\u0171nik, a kisfiam im\u00e1d rajta pihenni. R\u00e1ad\u00e1sul a sz\u00ednv\u00e1laszt\u00e9k is remek - mi a k\u00e9ket v\u00e1lasztottuk, \u00e9s csod\u00e1san mutat a gyerekszob\u00e1ban\". Egy m\u00e1sik apuka hozz\u00e1tette: \"A mindennapjaink egyik alapdarabj\u00e1v\u00e1 v\u00e1lt. K\u00f6nnyen hordozhat\u00f3, \u00e9s mindig mosolyt csal a bab\u00e1m arc\u00e1ra. Nagyon aj\u00e1nlott!\"<\/div>\n<div class=\"auto-hide-last-sibling-br paragraph-qzbcQC paragraph-element br-paragraph-space\">A r\u00f3zsasz\u00edn, k\u00e9k \u00e9s s\u00f6t\u00e9tz\u00f6ld b\u00e1jos \u00e1rnyalataiban kaphat\u00f3 Cute One alakform\u00e1l\u00f3 p\u00e1rna t\u00f6bb mint egy egyszer\u0171 babakieg\u00e9sz\u00edt\u0151; ez egy szeretett t\u00e1rs, amely z\u00f6kken\u0151mentesen \u00f6tv\u00f6zi a cukis\u00e1got, a k\u00e9nyelmet \u00e9s a praktikumot a baba \u00e9rt\u00e9kes els\u0151 h\u00f3napjaiban.<\/div>\n<\/div>","protected":false},"excerpt":{"rendered":"<p>A Cute One alakform\u00e1l\u00f3 p\u00e1rna egy kellemes \u00e9s funkcion\u00e1lis term\u00e9k, amelyet 0-6 h\u00f3napos csecsem\u0151k sz\u00e1m\u00e1ra terveztek. B\u00e1jos megjelen\u00e9se, aranyos \u00e1llatszer\u0171 f\u00fclekkel \u00e9s \u00e9des arc\u00fa kialak\u00edt\u00e1ssal biztosan megh\u00f3d\u00edtja a sz\u00edveket. A p\u00e1rna egyed\u00fcl\u00e1ll\u00f3 kiv\u00e1gott kialak\u00edt\u00e1sa k\u00f6z\u00e9pen gyeng\u00e9d t\u00e1maszt ny\u00fajt a baba fej\u00e9nek, seg\u00edt fenntartani az eg\u00e9szs\u00e9ges fejform\u00e1t a fejl\u0151d\u00e9s kulcsfontoss\u00e1g\u00fa korai szakasz\u00e1ban. M\u00e9rete 26,5*<em>25*<\/em>1.5CM, k\u00e9nyelmesen elf\u00e9r a kis\u00e1gyban, babakocsiban, vagy amikor a baba a takar\u00f3n pihen. R\u00f3zsasz\u00edn, k\u00e9k \u00e9s s\u00f6t\u00e9tz\u00f6ld sz\u00ednben kaphat\u00f3, \u00edgy a sz\u00fcl\u0151knek v\u00e1laszt\u00e1si lehet\u0151s\u00e9get k\u00edn\u00e1l a preferenci\u00e1ikhoz vagy a gyerekszoba dekor\u00e1ci\u00f3j\u00e1hoz illeszkedve, \u00f6tv\u00f6zve a cukis\u00e1got \u00e9s a praktikumot a baba\u00e1pol\u00e1shoz.<\/p>","protected":false},"featured_media":3284,"comment_status":"open","ping_status":"closed","template":"","meta":{"_uag_custom_page_level_css":"","site-sidebar-layout":"default","site-content-layout":"","ast-site-content-layout":"default","site-content-style":"default","site-sidebar-style":"default","ast-global-header-display":"","ast-banner-title-visibility":"","ast-main-header-display":"","ast-hfb-above-header-display":"","ast-hfb-below-header-display":"","ast-hfb-mobile-header-display":"","site-post-title":"","ast-breadcrumbs-content":"","ast-featured-img":"","footer-sml-layout":"","ast-disable-related-posts":"","theme-transparent-header-meta":"default","adv-header-id-meta":"","stick-header-meta":"","header-above-stick-meta":"","header-main-stick-meta":"","header-below-stick-meta":"","astra-migrate-meta-layouts":"set","ast-page-background-enabled":"default","ast-page-background-meta":{"desktop":{"background-color":"","background-image":"","background-repeat":"repeat","background-position":"center center","background-size":"auto","background-attachment":"scroll","background-type":"","background-media":"","overlay-type":"","overlay-color":"","overlay-opacity":"","overlay-gradient":""},"tablet":{"background-color":"","background-image":"","background-repeat":"repeat","background-position":"center center","background-size":"auto","background-attachment":"scroll","background-type":"","background-media":"","overlay-type":"","overlay-color":"","overlay-opacity":"","overlay-gradient":""},"mobile":{"background-color":"","background-image":"","background-repeat":"repeat","background-position":"center center","background-size":"auto","background-attachment":"scroll","background-type":"","background-media":"","overlay-type":"","overlay-color":"","overlay-opacity":"","overlay-gradient":""}},"ast-content-background-meta":{"desktop":{"background-color":"var(--ast-global-color-5)","background-image":"","background-repeat":"repeat","background-position":"center center","background-size":"auto","background-attachment":"scroll","background-type":"","background-media":"","overlay-type":"","overlay-color":"","overlay-opacity":"","overlay-gradient":""},"tablet":{"background-color":"var(--ast-global-color-5)","background-image":"","background-repeat":"repeat","background-position":"center center","background-size":"auto","background-attachment":"scroll","background-type":"","background-media":"","overlay-type":"","overlay-color":"","overlay-opacity":"","overlay-gradient":""},"mobile":{"background-color":"var(--ast-global-color-5)","background-image":"","background-repeat":"repeat","background-position":"center center","background-size":"auto","background-attachment":"scroll","background-type":"","background-media":"","overlay-type":"","overlay-color":"","overlay-opacity":"","overlay-gradient":""}}},"product_brand":[],"product_cat":[54,42],"product_tag":[70,68,71,69],"class_list":{"0":"post-3271","1":"product","2":"type-product","3":"status-publish","4":"has-post-thumbnail","6":"product_cat-0-to-6months","7":"product_cat-merchandise","8":"product_tag-babypillow","9":"product_tag-cuteanimalpillow","10":"product_tag-headshapesupport","11":"product_tag-kouniushapingpillow","12":"desktop-align-left","13":"tablet-align-left","14":"mobile-align-left","16":"first","17":"instock","18":"shipping-taxable","19":"product-type-simple"},"aioseo_notices":[],"uagb_featured_image_src":{"full":["https:\/\/babypillowwholesale.com\/wp-content\/uploads\/2025\/03\/1167-1.jpg",1000,1000,false],"thumbnail":["https:\/\/babypillowwholesale.com\/wp-content\/uploads\/2025\/03\/1167-1-150x150.jpg",150,150,true],"medium":["https:\/\/babypillowwholesale.com\/wp-content\/uploads\/2025\/03\/1167-1-300x300.jpg",300,300,true],"medium_large":["https:\/\/babypillowwholesale.com\/wp-content\/uploads\/2025\/03\/1167-1-768x768.jpg",768,768,true],"large":["https:\/\/babypillowwholesale.com\/wp-content\/uploads\/2025\/03\/1167-1.jpg",1000,1000,false],"1536x1536":["https:\/\/babypillowwholesale.com\/wp-content\/uploads\/2025\/03\/1167-1.jpg",1000,1000,false],"2048x2048":["https:\/\/babypillowwholesale.com\/wp-content\/uploads\/2025\/03\/1167-1.jpg",1000,1000,false],"trp-custom-language-flag":["https:\/\/babypillowwholesale.com\/wp-content\/uploads\/2025\/03\/1167-1.jpg",12,12,false],"woocommerce_thumbnail":["https:\/\/babypillowwholesale.com\/wp-content\/uploads\/2025\/03\/1167-1-300x300.jpg",300,300,true],"woocommerce_single":["https:\/\/babypillowwholesale.com\/wp-content\/uploads\/2025\/03\/1167-1-600x600.jpg",600,600,true],"woocommerce_gallery_thumbnail":["https:\/\/babypillowwholesale.com\/wp-content\/uploads\/2025\/03\/1167-1-100x100.jpg",100,100,true]},"uagb_author_info":{"display_name":"Etnen zhong","author_link":"https:\/\/babypillowwholesale.com\/hu\/author\/"},"uagb_comment_info":0,"uagb_excerpt":"The Cute One Shaping Pillow is a delightful and functional product designed for infants aged 0 to 6 months. Its charming appearance, featuring cute animal - like ears and a sweet - faced design, is sure to capture hearts. The pillow's unique cut - out design in the middle provides gentle support for a baby's&hellip;","jetpack_sharing_enabled":true,"_links":{"self":[{"href":"https:\/\/babypillowwholesale.com\/hu\/wp-json\/wp\/v2\/product\/3271","targetHints":{"allow":["GET"]}}],"collection":[{"href":"https:\/\/babypillowwholesale.com\/hu\/wp-json\/wp\/v2\/product"}],"about":[{"href":"https:\/\/babypillowwholesale.com\/hu\/wp-json\/wp\/v2\/types\/product"}],"replies":[{"embeddable":true,"href":"https:\/\/babypillowwholesale.com\/hu\/wp-json\/wp\/v2\/comments?post=3271"}],"wp:featuredmedia":[{"embeddable":true,"href":"https:\/\/babypillowwholesale.com\/hu\/wp-json\/wp\/v2\/media\/3284"}],"wp:attachment":[{"href":"https:\/\/babypillowwholesale.com\/hu\/wp-json\/wp\/v2\/media?parent=3271"}],"wp:term":[{"taxonomy":"product_brand","embeddable":true,"href":"https:\/\/babypillowwholesale.com\/hu\/wp-json\/wp\/v2\/product_brand?post=3271"},{"taxonomy":"product_cat","embeddable":true,"href":"https:\/\/babypillowwholesale.com\/hu\/wp-json\/wp\/v2\/product_cat?post=3271"},{"taxonomy":"product_tag","embeddable":true,"href":"https:\/\/babypillowwholesale.com\/hu\/wp-json\/wp\/v2\/product_tag?post=3271"}],"curies":[{"name":"wp","href":"https:\/\/api.w.org\/{rel}","templated":true}]}}