{"id":3269,"date":"2025-03-17T15:47:20","date_gmt":"2025-03-17T15:47:20","guid":{"rendered":"https:\/\/babypillowwholesale.com\/?post_type=product&#038;p=3269"},"modified":"2025-06-08T16:14:39","modified_gmt":"2025-06-08T16:14:39","slug":"little-bear-crescent-pillow","status":"publish","type":"product","link":"https:\/\/babypillowwholesale.com\/hu\/product\/little-bear-crescent-pillow\/","title":{"rendered":"Kis medve f\u00e9lhold p\u00e1rna"},"content":{"rendered":"<div class=\"auto-hide-last-sibling-br paragraph-qzbcQC paragraph-element br-paragraph-space\" data-immersive-translate-walked=\"8e61f2e7-6af2-46e5-9672-3b9e4f4033d9\" data-immersive-translate-paragraph=\"1\">Ismerje meg a var\u00e1zslatos Little Bear Crescent p\u00e1rn\u00e1t, a b\u00e1j \u00e9s a funkcionalit\u00e1s t\u00f6k\u00e9letes kever\u00e9k\u00e9t, amely a legkisebb, 0-6 h\u00f3napos kor\u00fa alv\u00f3k sz\u00e1m\u00e1ra k\u00e9sz\u00fclt. Az im\u00e1dnival\u00f3 kis medv\u00e9re eml\u00e9keztet\u0151, b\u00e1tor f\u00fcleivel \u00e9s melegs\u00e9get sug\u00e1rz\u00f3 arc\u00e1val azonnal sz\u00edvet rabol, \u00e9s egy adag cukis\u00e1ggal gazdag\u00edtja a baba vil\u00e1g\u00e1t. Ez a p\u00e1rna nem csak vizu\u00e1lisan gy\u00f6ny\u00f6rk\u00f6dtet\u0151, hanem k\u00e9nyelmi er\u0151m\u0171 is. A gondosan kont\u00farozott f\u00e9lhold alakja gyeng\u00e9d, ergonomikus \u00f6lel\u00e9st ny\u00fajt a baba finom fej\u00e9nek, gy\u00f6ny\u00f6r\u0171 alak fel\u00e9 ir\u00e1ny\u00edtva azt, mik\u00f6zben a baba \u00e1tkel az \u00e9rt\u00e9kes els\u0151 h\u00f3napokon. M\u00e9rete 23\/20,5*0\/5CM, \u00edgy ide\u00e1lisan illeszkedik a k\u00fcl\u00f6nb\u00f6z\u0151 be\u00e1ll\u00edt\u00e1sokhoz. Az otthoni hossz\u00fa, lusta d\u00e9lut\u00e1nokon helyezze a baba kis\u00e1gy\u00e1ba, \u00e9s figyelje, ahogyan a helyet hangulatos mened\u00e9kk\u00e9 v\u00e1ltoztatja, b\u00e9k\u00e9s \u00e1lomba ringatva a kisgyermeket. Ha \u00faton van, legyen sz\u00f3 ak\u00e1r egy gyors kir\u00e1ndul\u00e1sr\u00f3l a k\u00f6z\u00e9rtbe vagy egy h\u00e9tv\u00e9gi kiruccan\u00e1sr\u00f3l, a p\u00e1rna k\u00e9nyelmesen elf\u00e9r a babahordoz\u00f3ban, \u00edgy biztos\u00edtva a baba k\u00e9nyelm\u00e9t az utaz\u00e1s sor\u00e1n. A sz\u00fcl\u0151k \u00e1radoznak err\u0151l a kis gy\u00f6ngyszemr\u0151l! Egy boldog anyuka megosztotta: \"A bab\u00e1m p\u00e1r hetes kora \u00f3ta haszn\u00e1lja ezt a mack\u00f3p\u00e1rn\u00e1t. Annyira puha, \u00e9s im\u00e1dom az aranyos diz\u00e1jnt. R\u00e1ad\u00e1sul \u00fagy t\u0171nik, t\u00e9nyleg seg\u00edt abban, hogy a fej\u00fcket j\u00f3 poz\u00edci\u00f3ban tarts\u00e1k\".\" Egy m\u00e1sik apuka \u00edgy sz\u00f3lt hozz\u00e1: \"A k\u00fcl\u00f6nb\u00f6z\u0151 sz\u00ednv\u00e1laszt\u00e9k nagyszer\u0171 plusz volt. Mi a s\u00f6t\u00e9tz\u00f6ldet vett\u00fck meg, \u00e9s elk\u00e9peszt\u0151en j\u00f3l mutat a gyerekszob\u00e1ban. A bab\u00e1nk rutinj\u00e1nak elengedhetetlen r\u00e9sze lett\". A b\u00e1jos r\u00f3zsasz\u00edn, k\u00e9k \u00e9s s\u00f6t\u00e9tz\u00f6ld \u00e1rnyalatokban kaphat\u00f3 Little Bear Crescent Pillow t\u00f6bb mint egy babakieg\u00e9sz\u00edt\u0151; ez egy szeretett t\u00e1rs, amely k\u00e9nyelmet, t\u00e1mogat\u00e1st \u00e9s rengeteg cukis\u00e1got \u00edg\u00e9r a baba els\u0151 napjaiban.<\/div>","protected":false},"excerpt":{"rendered":"<p>A Little Bear Crescent p\u00e1rna b\u00e1jos \u00e9s praktikus v\u00e1laszt\u00e1s 0-6 h\u00f3napos csecsem\u0151k sz\u00e1m\u00e1ra. Kedves kismack\u00f3 form\u00e1j\u00fa, aranyos f\u00fclekkel \u00e9s \u00e9des arccal rendelkezik, ami vizu\u00e1lisan vonz\u00f3v\u00e1 teszi. A p\u00e1rna f\u00e9lhold alak\u00fa kialak\u00edt\u00e1sa gyeng\u00e9d \u00e9s ergonomikus t\u00e1maszt ny\u00fajt a baba fej\u00e9nek, seg\u00edtve a megfelel\u0151 fejforma fenntart\u00e1s\u00e1t a korai fejl\u0151d\u00e9s sor\u00e1n. A 23\/20,5*0\/5CM m\u00e9ret\u0171 p\u00e1rna alkalmas kis\u00e1gyban, babahordoz\u00f3ban, vagy amikor a baba j\u00e1tsz\u00f3sz\u0151nyegen fekszik. R\u00f3zsasz\u00edn, k\u00e9k \u00e9s s\u00f6t\u00e9tz\u00f6ld sz\u00ednben kaphat\u00f3, \u00edgy a sz\u00fcl\u0151k kiv\u00e1laszthatj\u00e1k az \u00edzl\u00e9s\u00fckh\u00f6z vagy a gyerekszoba dekor\u00e1ci\u00f3j\u00e1hoz ill\u0151 sz\u00ednt, amely a funkcionalit\u00e1st \u00e9s a cukis\u00e1got egyar\u00e1nt \u00f6tv\u00f6zi, \u00edgy fokozva a baba k\u00e9nyelm\u00e9t.<\/p>","protected":false},"featured_media":3283,"comment_status":"open","ping_status":"closed","template":"","meta":{"_uag_custom_page_level_css":"","site-sidebar-layout":"default","site-content-layout":"","ast-site-content-layout":"default","site-content-style":"default","site-sidebar-style":"default","ast-global-header-display":"","ast-banner-title-visibility":"","ast-main-header-display":"","ast-hfb-above-header-display":"","ast-hfb-below-header-display":"","ast-hfb-mobile-header-display":"","site-post-title":"","ast-breadcrumbs-content":"","ast-featured-img":"","footer-sml-layout":"","ast-disable-related-posts":"","theme-transparent-header-meta":"default","adv-header-id-meta":"","stick-header-meta":"","header-above-stick-meta":"","header-main-stick-meta":"","header-below-stick-meta":"","astra-migrate-meta-layouts":"set","ast-page-background-enabled":"default","ast-page-background-meta":{"desktop":{"background-color":"","background-image":"","background-repeat":"repeat","background-position":"center center","background-size":"auto","background-attachment":"scroll","background-type":"","background-media":"","overlay-type":"","overlay-color":"","overlay-opacity":"","overlay-gradient":""},"tablet":{"background-color":"","background-image":"","background-repeat":"repeat","background-position":"center center","background-size":"auto","background-attachment":"scroll","background-type":"","background-media":"","overlay-type":"","overlay-color":"","overlay-opacity":"","overlay-gradient":""},"mobile":{"background-color":"","background-image":"","background-repeat":"repeat","background-position":"center center","background-size":"auto","background-attachment":"scroll","background-type":"","background-media":"","overlay-type":"","overlay-color":"","overlay-opacity":"","overlay-gradient":""}},"ast-content-background-meta":{"desktop":{"background-color":"var(--ast-global-color-5)","background-image":"","background-repeat":"repeat","background-position":"center center","background-size":"auto","background-attachment":"scroll","background-type":"","background-media":"","overlay-type":"","overlay-color":"","overlay-opacity":"","overlay-gradient":""},"tablet":{"background-color":"var(--ast-global-color-5)","background-image":"","background-repeat":"repeat","background-position":"center center","background-size":"auto","background-attachment":"scroll","background-type":"","background-media":"","overlay-type":"","overlay-color":"","overlay-opacity":"","overlay-gradient":""},"mobile":{"background-color":"var(--ast-global-color-5)","background-image":"","background-repeat":"repeat","background-position":"center center","background-size":"auto","background-attachment":"scroll","background-type":"","background-media":"","overlay-type":"","overlay-color":"","overlay-opacity":"","overlay-gradient":""}}},"product_brand":[],"product_cat":[54,42],"product_tag":[70,68,71,69],"class_list":{"0":"post-3269","1":"product","2":"type-product","3":"status-publish","4":"has-post-thumbnail","6":"product_cat-0-to-6months","7":"product_cat-merchandise","8":"product_tag-babypillow","9":"product_tag-cuteanimalpillow","10":"product_tag-headshapesupport","11":"product_tag-kouniushapingpillow","12":"desktop-align-left","13":"tablet-align-left","14":"mobile-align-left","16":"first","17":"instock","18":"shipping-taxable","19":"product-type-simple"},"aioseo_notices":[],"uagb_featured_image_src":{"full":["https:\/\/babypillowwholesale.com\/wp-content\/uploads\/2025\/03\/1135-1.jpg",1000,1000,false],"thumbnail":["https:\/\/babypillowwholesale.com\/wp-content\/uploads\/2025\/03\/1135-1-150x150.jpg",150,150,true],"medium":["https:\/\/babypillowwholesale.com\/wp-content\/uploads\/2025\/03\/1135-1-300x300.jpg",300,300,true],"medium_large":["https:\/\/babypillowwholesale.com\/wp-content\/uploads\/2025\/03\/1135-1-768x768.jpg",768,768,true],"large":["https:\/\/babypillowwholesale.com\/wp-content\/uploads\/2025\/03\/1135-1.jpg",1000,1000,false],"1536x1536":["https:\/\/babypillowwholesale.com\/wp-content\/uploads\/2025\/03\/1135-1.jpg",1000,1000,false],"2048x2048":["https:\/\/babypillowwholesale.com\/wp-content\/uploads\/2025\/03\/1135-1.jpg",1000,1000,false],"trp-custom-language-flag":["https:\/\/babypillowwholesale.com\/wp-content\/uploads\/2025\/03\/1135-1.jpg",12,12,false],"woocommerce_thumbnail":["https:\/\/babypillowwholesale.com\/wp-content\/uploads\/2025\/03\/1135-1-300x300.jpg",300,300,true],"woocommerce_single":["https:\/\/babypillowwholesale.com\/wp-content\/uploads\/2025\/03\/1135-1-600x600.jpg",600,600,true],"woocommerce_gallery_thumbnail":["https:\/\/babypillowwholesale.com\/wp-content\/uploads\/2025\/03\/1135-1-100x100.jpg",100,100,true]},"uagb_author_info":{"display_name":"Etnen zhong","author_link":"https:\/\/babypillowwholesale.com\/hu\/author\/"},"uagb_comment_info":0,"uagb_excerpt":"The Little Bear Crescent Pillow is a charming and practical choice for infants aged 0 to 6 months. Shaped like an endearing little bear, it features cute ears and a sweet face, making it visually appealing. The crescent - shaped design of the pillow provides gentle and ergonomic support for a baby's head, helping to&hellip;","jetpack_sharing_enabled":true,"_links":{"self":[{"href":"https:\/\/babypillowwholesale.com\/hu\/wp-json\/wp\/v2\/product\/3269","targetHints":{"allow":["GET"]}}],"collection":[{"href":"https:\/\/babypillowwholesale.com\/hu\/wp-json\/wp\/v2\/product"}],"about":[{"href":"https:\/\/babypillowwholesale.com\/hu\/wp-json\/wp\/v2\/types\/product"}],"replies":[{"embeddable":true,"href":"https:\/\/babypillowwholesale.com\/hu\/wp-json\/wp\/v2\/comments?post=3269"}],"wp:featuredmedia":[{"embeddable":true,"href":"https:\/\/babypillowwholesale.com\/hu\/wp-json\/wp\/v2\/media\/3283"}],"wp:attachment":[{"href":"https:\/\/babypillowwholesale.com\/hu\/wp-json\/wp\/v2\/media?parent=3269"}],"wp:term":[{"taxonomy":"product_brand","embeddable":true,"href":"https:\/\/babypillowwholesale.com\/hu\/wp-json\/wp\/v2\/product_brand?post=3269"},{"taxonomy":"product_cat","embeddable":true,"href":"https:\/\/babypillowwholesale.com\/hu\/wp-json\/wp\/v2\/product_cat?post=3269"},{"taxonomy":"product_tag","embeddable":true,"href":"https:\/\/babypillowwholesale.com\/hu\/wp-json\/wp\/v2\/product_tag?post=3269"}],"curies":[{"name":"wp","href":"https:\/\/api.w.org\/{rel}","templated":true}]}}