{"id":3152,"date":"2025-02-24T03:46:58","date_gmt":"2025-02-24T03:46:58","guid":{"rendered":"https:\/\/babypillowwholesale.com\/?post_type=product&#038;p=3152"},"modified":"2025-06-08T16:21:25","modified_gmt":"2025-06-08T16:21:25","slug":"koala-shaping-pillow","status":"publish","type":"product","link":"https:\/\/babypillowwholesale.com\/hu\/product\/koala-shaping-pillow\/","title":{"rendered":"Koala alak\u00edt\u00f3 p\u00e1rna"},"content":{"rendered":"<p>Fedezze fel a Koala alakform\u00e1l\u00f3 p\u00e1rn\u00e1t, a k\u00e9nyelem \u00e9s a funkcionalit\u00e1s remekm\u0171v\u00e9t, amelyet apr\u00f3l\u00e9kosan a legkisebb, 0-6 h\u00f3napos kor\u00fa alv\u00f3k sz\u00e1m\u00e1ra terveztek. Kedves, \u00e1llat ihlette sziluettje nem csak vizu\u00e1lisan gy\u00f6ny\u00f6rk\u00f6dtet\u0151, hanem az \u00e9des \u00e1lmok kapuja is a kis \u00f6r\u00f6mcsom\u00f3 sz\u00e1m\u00e1ra. Ez a p\u00e1rna ergonomikus form\u00e1ja gyeng\u00e9den \u00f6leli a baba finom fej\u00e9t, gondosan \u00e9s prec\u00edzen vezeti azt, hogy n\u00f6veked\u00e9se sor\u00e1n t\u00f6k\u00e9letes alakot kapjon. A k\u00e9nyelmes 26*23*3CM m\u00e9ret\u0171, sokoldal\u00fa t\u00e1rs, amely z\u00f6kken\u0151mentesen illeszkedik a legk\u00fcl\u00f6nb\u00f6z\u0151bb k\u00f6rnyezetekbe. K\u00e9pzelje el a kis\u00e1gy puhas\u00e1g\u00e1ba \u00e1gyazva, k\u00e9nyelmes mened\u00e9ket teremtve a hossz\u00fa, nyugodt szuny\u00f3k\u00e1l\u00e1shoz a nap folyam\u00e1n. Ha \u00faton van, legyen sz\u00f3 ak\u00e1r egy k\u00e9nyelmes s\u00e9t\u00e1r\u00f3l a babakocsiban, ak\u00e1r egy csal\u00e1di kalandr\u00f3l az aut\u00f3ban, a Koala alakform\u00e1l\u00f3 p\u00e1rna \u00e1lland\u00f3 t\u00e1maszt \u00e9s k\u00e9nyelmet biztos\u00edt, \u00edgy minden utaz\u00e1s pihentet\u0151 lesz. A r\u00f3zsasz\u00edn \u00e9s a k\u00e9k b\u00e1jos \u00e1rnyalataiban kaphat\u00f3, \u00edgy kiv\u00e1laszthatja azt az \u00e1rnyalatot, amelyik a legjobban illik a gyerekszoba dekor\u00e1ci\u00f3j\u00e1hoz vagy szem\u00e9lyes \u00edzl\u00e9s\u00e9hez. A Koala alakform\u00e1l\u00f3 p\u00e1rna t\u00f6bb, mint egy egyszer\u0171 p\u00e1rna, a praktikum \u00e9s a b\u00e1j kever\u00e9ke, a baba vil\u00e1g\u00e1nak elengedhetetlen kieg\u00e9sz\u00edt\u0151je, amely \u00f6tv\u00f6zi az alv\u00e1s m\u0171v\u00e9szet\u00e9t az alakform\u00e1l\u00e1s tudom\u00e1ny\u00e1val.<\/p>","protected":false},"excerpt":{"rendered":"<p>A Koala alakform\u00e1l\u00f3 p\u00e1rna 0-6 h\u00f3napos csecsem\u0151k sz\u00e1m\u00e1ra k\u00e9sz\u00fclt. B\u00e1jos kialak\u00edt\u00e1sa egy im\u00e1dnival\u00f3 \u00e1llatot id\u00e9z, ami biztosan tetszeni fog a bab\u00e1knak \u00e9s a sz\u00fcl\u0151knek egyar\u00e1nt. A p\u00e1rna ergonomikus form\u00e1ja \u00fagy lett kialak\u00edtva, hogy finoman vezesse \u00e9s t\u00e1mogassa a baba fej\u00e9t, el\u0151seg\u00edtve a megfelel\u0151 fejforma kialakul\u00e1s\u00e1t. K\u00e9nyelmes m\u00e9rete 26<em data-immersive-translate-walked=\"000db34a-f9f0-4794-a784-0d6465363590\">23<\/em>0\/3CM, \u00edgy k\u00f6nnyen elhelyezhet\u0151 a k\u00fcl\u00f6nb\u00f6z\u0151 bab\u00e1val kapcsolatos be\u00e1ll\u00edt\u00e1sokban, p\u00e9ld\u00e1ul kis\u00e1gyakban vagy babakocsikban. K\u00e9t sz\u00e9p sz\u00ednben, r\u00f3zsasz\u00ednben \u00e9s k\u00e9kben kaphat\u00f3, \u00edgy k\u00fcl\u00f6nb\u00f6z\u0151 st\u00edluspreferenci\u00e1knak megfelel\u0151 lehet\u0151s\u00e9geket k\u00edn\u00e1l, a funkcionalit\u00e1st egy csipetnyi cukis\u00e1ggal kombin\u00e1lva a kisgyermek sz\u00e1m\u00e1ra.<\/p>","protected":false},"featured_media":3276,"comment_status":"open","ping_status":"closed","template":"","meta":{"_uag_custom_page_level_css":"","site-sidebar-layout":"default","site-content-layout":"","ast-site-content-layout":"default","site-content-style":"default","site-sidebar-style":"default","ast-global-header-display":"","ast-banner-title-visibility":"","ast-main-header-display":"","ast-hfb-above-header-display":"","ast-hfb-below-header-display":"","ast-hfb-mobile-header-display":"","site-post-title":"","ast-breadcrumbs-content":"","ast-featured-img":"","footer-sml-layout":"","ast-disable-related-posts":"","theme-transparent-header-meta":"default","adv-header-id-meta":"","stick-header-meta":"","header-above-stick-meta":"","header-main-stick-meta":"","header-below-stick-meta":"","astra-migrate-meta-layouts":"set","ast-page-background-enabled":"default","ast-page-background-meta":{"desktop":{"background-color":"","background-image":"","background-repeat":"repeat","background-position":"center center","background-size":"auto","background-attachment":"scroll","background-type":"","background-media":"","overlay-type":"","overlay-color":"","overlay-opacity":"","overlay-gradient":""},"tablet":{"background-color":"","background-image":"","background-repeat":"repeat","background-position":"center center","background-size":"auto","background-attachment":"scroll","background-type":"","background-media":"","overlay-type":"","overlay-color":"","overlay-opacity":"","overlay-gradient":""},"mobile":{"background-color":"","background-image":"","background-repeat":"repeat","background-position":"center center","background-size":"auto","background-attachment":"scroll","background-type":"","background-media":"","overlay-type":"","overlay-color":"","overlay-opacity":"","overlay-gradient":""}},"ast-content-background-meta":{"desktop":{"background-color":"var(--ast-global-color-5)","background-image":"","background-repeat":"repeat","background-position":"center center","background-size":"auto","background-attachment":"scroll","background-type":"","background-media":"","overlay-type":"","overlay-color":"","overlay-opacity":"","overlay-gradient":""},"tablet":{"background-color":"var(--ast-global-color-5)","background-image":"","background-repeat":"repeat","background-position":"center center","background-size":"auto","background-attachment":"scroll","background-type":"","background-media":"","overlay-type":"","overlay-color":"","overlay-opacity":"","overlay-gradient":""},"mobile":{"background-color":"var(--ast-global-color-5)","background-image":"","background-repeat":"repeat","background-position":"center center","background-size":"auto","background-attachment":"scroll","background-type":"","background-media":"","overlay-type":"","overlay-color":"","overlay-opacity":"","overlay-gradient":""}}},"product_brand":[],"product_cat":[54,42],"product_tag":[70,68,71,69],"class_list":{"0":"post-3152","1":"product","2":"type-product","3":"status-publish","4":"has-post-thumbnail","6":"product_cat-0-to-6months","7":"product_cat-merchandise","8":"product_tag-babypillow","9":"product_tag-cuteanimalpillow","10":"product_tag-headshapesupport","11":"product_tag-kouniushapingpillow","12":"desktop-align-left","13":"tablet-align-left","14":"mobile-align-left","16":"first","17":"instock","18":"featured","19":"shipping-taxable","20":"product-type-simple"},"aioseo_notices":[],"uagb_featured_image_src":{"full":["https:\/\/babypillowwholesale.com\/wp-content\/uploads\/2025\/02\/1122.jpg",1000,1000,false],"thumbnail":["https:\/\/babypillowwholesale.com\/wp-content\/uploads\/2025\/02\/1122-150x150.jpg",150,150,true],"medium":["https:\/\/babypillowwholesale.com\/wp-content\/uploads\/2025\/02\/1122-300x300.jpg",300,300,true],"medium_large":["https:\/\/babypillowwholesale.com\/wp-content\/uploads\/2025\/02\/1122-768x768.jpg",768,768,true],"large":["https:\/\/babypillowwholesale.com\/wp-content\/uploads\/2025\/02\/1122.jpg",1000,1000,false],"1536x1536":["https:\/\/babypillowwholesale.com\/wp-content\/uploads\/2025\/02\/1122.jpg",1000,1000,false],"2048x2048":["https:\/\/babypillowwholesale.com\/wp-content\/uploads\/2025\/02\/1122.jpg",1000,1000,false],"trp-custom-language-flag":["https:\/\/babypillowwholesale.com\/wp-content\/uploads\/2025\/02\/1122.jpg",12,12,false],"woocommerce_thumbnail":["https:\/\/babypillowwholesale.com\/wp-content\/uploads\/2025\/02\/1122-300x300.jpg",300,300,true],"woocommerce_single":["https:\/\/babypillowwholesale.com\/wp-content\/uploads\/2025\/02\/1122-600x600.jpg",600,600,true],"woocommerce_gallery_thumbnail":["https:\/\/babypillowwholesale.com\/wp-content\/uploads\/2025\/02\/1122-100x100.jpg",100,100,true]},"uagb_author_info":{"display_name":"Etnen zhong","author_link":"https:\/\/babypillowwholesale.com\/hu\/author\/"},"uagb_comment_info":0,"uagb_excerpt":"The Koala Shaping Pillow is tailored for infants aged 0 to 6 months. Its charming design resembles an adorable animal, which is sure to appeal to both babies and parents. The pillow's ergonomic shape is crafted to gently guide and support a baby's head, promoting proper head shape development. With a convenient size of 26230\/3CM,&hellip;","jetpack_sharing_enabled":true,"_links":{"self":[{"href":"https:\/\/babypillowwholesale.com\/hu\/wp-json\/wp\/v2\/product\/3152","targetHints":{"allow":["GET"]}}],"collection":[{"href":"https:\/\/babypillowwholesale.com\/hu\/wp-json\/wp\/v2\/product"}],"about":[{"href":"https:\/\/babypillowwholesale.com\/hu\/wp-json\/wp\/v2\/types\/product"}],"replies":[{"embeddable":true,"href":"https:\/\/babypillowwholesale.com\/hu\/wp-json\/wp\/v2\/comments?post=3152"}],"wp:featuredmedia":[{"embeddable":true,"href":"https:\/\/babypillowwholesale.com\/hu\/wp-json\/wp\/v2\/media\/3276"}],"wp:attachment":[{"href":"https:\/\/babypillowwholesale.com\/hu\/wp-json\/wp\/v2\/media?parent=3152"}],"wp:term":[{"taxonomy":"product_brand","embeddable":true,"href":"https:\/\/babypillowwholesale.com\/hu\/wp-json\/wp\/v2\/product_brand?post=3152"},{"taxonomy":"product_cat","embeddable":true,"href":"https:\/\/babypillowwholesale.com\/hu\/wp-json\/wp\/v2\/product_cat?post=3152"},{"taxonomy":"product_tag","embeddable":true,"href":"https:\/\/babypillowwholesale.com\/hu\/wp-json\/wp\/v2\/product_tag?post=3152"}],"curies":[{"name":"wp","href":"https:\/\/api.w.org\/{rel}","templated":true}]}}