{"id":1199,"date":"2025-02-17T16:07:49","date_gmt":"2025-02-17T16:07:49","guid":{"rendered":"http:\/\/babypillowwholesale.com\/product\/boho-bangle-bracelet-2\/"},"modified":"2025-06-08T16:23:33","modified_gmt":"2025-06-08T16:23:33","slug":"boho-bangle-bracelet-2","status":"publish","type":"product","link":"https:\/\/babypillowwholesale.com\/hu\/product\/boho-bangle-bracelet-2\/","title":{"rendered":"Mickey Bear form\u00e1z\u00f3 p\u00e1rna"},"content":{"rendered":"<p>Bemutatjuk a var\u00e1zslatos Mickey mack\u00f3 form\u00e1z\u00f3 p\u00e1rn\u00e1t, amely ide\u00e1lis t\u00e1rs, \u00e9s amelyet a 0 \u00e9s 6 h\u00f3napos kor k\u00f6z\u00f6tti \u00e9rt\u00e9kes csecsem\u0151k sz\u00e1m\u00e1ra terveztek. Ellen\u00e1llhatatlanul aranyos medve-szer\u0171 megjelen\u00e9se nem csak vizu\u00e1lisan gy\u00f6ny\u00f6rk\u00f6dtet, hanem l\u00e9tfontoss\u00e1g\u00fa c\u00e9lt is szolg\u00e1l a baba zsenge fej\u00e9nek gyeng\u00e9d form\u00e1l\u00e1s\u00e1ban. M\u00e9rete 26*23*0\/3CM, \u00edgy szorosan illeszkedik a baba test\u00e9nek \u00edv\u00e9hez, maxim\u00e1lis k\u00e9nyelmet biztos\u00edtva. B\u00e1jos r\u00f3zsasz\u00edn \u00e9s megnyugtat\u00f3 k\u00e9k sz\u00ednben kaphat\u00f3, \u00edgy a legk\u00fcl\u00f6nb\u00f6z\u0151bb eszt\u00e9tikai preferenci\u00e1knak felel meg. Ez az alakform\u00e1l\u00f3 p\u00e1rna sokoldal\u00faan haszn\u00e1lhat\u00f3. A gyerekszob\u00e1ban a nappali szuny\u00f3k\u00e1l\u00e1s sor\u00e1n puha text\u00far\u00e1ja \u00e9s t\u00e1mogat\u00f3 kialak\u00edt\u00e1sa seg\u00edt a bab\u00e1nak pihenni \u00e9s nyugodtan aludni. Csal\u00e1di kir\u00e1ndul\u00e1skor a baba\u00fcl\u00e9sbe helyezhet\u0151, \u00edgy egy megszokott \u00e9s k\u00e9nyelmes pihen\u0151helyet biztos\u00edt kicsiny\u00e9nek. Ak\u00e1r egy r\u00f6vid l\u00e1togat\u00e1s sor\u00e1n a nagysz\u00fcl\u0151kn\u00e9l, egyszer\u0171en vigye mag\u00e1val ezt a kompakt p\u00e1rn\u00e1t, hogy \u00fajra megteremtse a baba sz\u00e1m\u00e1ra a megnyugtat\u00f3 alv\u00e1si k\u00f6rnyezetet. A Mickey mack\u00f3 form\u00e1z\u00f3 p\u00e1rna t\u00f6bb mint egy alv\u00e1si kieg\u00e9sz\u00edt\u0151, a funkcionalit\u00e1s, a b\u00e1j \u00e9s a k\u00e9nyelem kever\u00e9ke, a baba\u00e1pol\u00e1s elengedhetetlen kell\u00e9ke, amely a praktikumot egy kis var\u00e1zslattal \u00f6tv\u00f6zi.<\/p>","protected":false},"excerpt":{"rendered":"<p>Ez a Mickey mack\u00f3 form\u00e1z\u00f3 p\u00e1rna kifejezetten 0-6 h\u00f3napos csecsem\u0151k sz\u00e1m\u00e1ra k\u00e9sz\u00fclt. Aranyos medve alak\u00fa megjelen\u00e9s\u00e9vel nagyon vonz\u00f3. Az egyedi kialak\u00edt\u00e1s seg\u00edt form\u00e1lni a baba fej\u00e9t. A megfelel\u0151 m\u00e9ret 26\/<em>3<\/em>0\/3CM a baba testg\u00f6rb\u00e9j\u00e9hez illeszkedik. K\u00e9t sz\u00ednben, r\u00f3zsasz\u00ednben \u00e9s k\u00e9kben kaphat\u00f3, \u00edgy megfelelhet a k\u00fcl\u00f6nb\u00f6z\u0151 preferenci\u00e1knak. Ez egy praktikus \u00e9s kedves term\u00e9k a baba\u00e1pol\u00e1shoz.<\/p>","protected":false},"featured_media":3275,"comment_status":"open","ping_status":"closed","template":"","meta":{"_uag_custom_page_level_css":"","site-sidebar-layout":"default","site-content-layout":"","ast-site-content-layout":"default","site-content-style":"default","site-sidebar-style":"default","ast-global-header-display":"","ast-banner-title-visibility":"","ast-main-header-display":"","ast-hfb-above-header-display":"","ast-hfb-below-header-display":"","ast-hfb-mobile-header-display":"","site-post-title":"","ast-breadcrumbs-content":"","ast-featured-img":"","footer-sml-layout":"","ast-disable-related-posts":"","theme-transparent-header-meta":"default","adv-header-id-meta":"","stick-header-meta":"","header-above-stick-meta":"","header-main-stick-meta":"","header-below-stick-meta":"","astra-migrate-meta-layouts":"set","ast-page-background-enabled":"default","ast-page-background-meta":{"desktop":{"background-color":"","background-image":"","background-repeat":"repeat","background-position":"center center","background-size":"auto","background-attachment":"scroll","background-type":"","background-media":"","overlay-type":"","overlay-color":"","overlay-opacity":"","overlay-gradient":""},"tablet":{"background-color":"","background-image":"","background-repeat":"repeat","background-position":"center center","background-size":"auto","background-attachment":"scroll","background-type":"","background-media":"","overlay-type":"","overlay-color":"","overlay-opacity":"","overlay-gradient":""},"mobile":{"background-color":"","background-image":"","background-repeat":"repeat","background-position":"center center","background-size":"auto","background-attachment":"scroll","background-type":"","background-media":"","overlay-type":"","overlay-color":"","overlay-opacity":"","overlay-gradient":""}},"ast-content-background-meta":{"desktop":{"background-color":"var(--ast-global-color-5)","background-image":"","background-repeat":"repeat","background-position":"center center","background-size":"auto","background-attachment":"scroll","background-type":"","background-media":"","overlay-type":"","overlay-color":"","overlay-opacity":"","overlay-gradient":""},"tablet":{"background-color":"var(--ast-global-color-5)","background-image":"","background-repeat":"repeat","background-position":"center center","background-size":"auto","background-attachment":"scroll","background-type":"","background-media":"","overlay-type":"","overlay-color":"","overlay-opacity":"","overlay-gradient":""},"mobile":{"background-color":"var(--ast-global-color-5)","background-image":"","background-repeat":"repeat","background-position":"center center","background-size":"auto","background-attachment":"scroll","background-type":"","background-media":"","overlay-type":"","overlay-color":"","overlay-opacity":"","overlay-gradient":""}}},"product_brand":[],"product_cat":[54,42],"product_tag":[70,68,71,69],"class_list":{"0":"post-1199","1":"product","2":"type-product","3":"status-publish","4":"has-post-thumbnail","6":"product_cat-0-to-6months","7":"product_cat-merchandise","8":"product_tag-babypillow","9":"product_tag-cuteanimalpillow","10":"product_tag-headshapesupport","11":"product_tag-kouniushapingpillow","12":"desktop-align-left","13":"tablet-align-left","14":"mobile-align-left","16":"first","17":"instock","18":"shipping-taxable","19":"product-type-simple"},"aioseo_notices":[],"uagb_featured_image_src":{"full":["https:\/\/babypillowwholesale.com\/wp-content\/uploads\/2025\/02\/1119.jpg",1000,1000,false],"thumbnail":["https:\/\/babypillowwholesale.com\/wp-content\/uploads\/2025\/02\/1119-150x150.jpg",150,150,true],"medium":["https:\/\/babypillowwholesale.com\/wp-content\/uploads\/2025\/02\/1119-300x300.jpg",300,300,true],"medium_large":["https:\/\/babypillowwholesale.com\/wp-content\/uploads\/2025\/02\/1119-768x768.jpg",768,768,true],"large":["https:\/\/babypillowwholesale.com\/wp-content\/uploads\/2025\/02\/1119.jpg",1000,1000,false],"1536x1536":["https:\/\/babypillowwholesale.com\/wp-content\/uploads\/2025\/02\/1119.jpg",1000,1000,false],"2048x2048":["https:\/\/babypillowwholesale.com\/wp-content\/uploads\/2025\/02\/1119.jpg",1000,1000,false],"trp-custom-language-flag":["https:\/\/babypillowwholesale.com\/wp-content\/uploads\/2025\/02\/1119.jpg",12,12,false],"woocommerce_thumbnail":["https:\/\/babypillowwholesale.com\/wp-content\/uploads\/2025\/02\/1119-300x300.jpg",300,300,true],"woocommerce_single":["https:\/\/babypillowwholesale.com\/wp-content\/uploads\/2025\/02\/1119-600x600.jpg",600,600,true],"woocommerce_gallery_thumbnail":["https:\/\/babypillowwholesale.com\/wp-content\/uploads\/2025\/02\/1119-100x100.jpg",100,100,true]},"uagb_author_info":{"display_name":"Etnen zhong","author_link":"https:\/\/babypillowwholesale.com\/hu\/author\/"},"uagb_comment_info":0,"uagb_excerpt":"This Mickey Bear Shaping Pillow is specially designed for babies aged 0 to 6 months. With its cute bear - shaped appearance, it's very attractive. The unique design helps to shape the baby's head. The appropriate size of 26\/30\/3CM fits the baby's body curve. Available in two colors, pink and blue, it can meet different&hellip;","jetpack_sharing_enabled":true,"_links":{"self":[{"href":"https:\/\/babypillowwholesale.com\/hu\/wp-json\/wp\/v2\/product\/1199","targetHints":{"allow":["GET"]}}],"collection":[{"href":"https:\/\/babypillowwholesale.com\/hu\/wp-json\/wp\/v2\/product"}],"about":[{"href":"https:\/\/babypillowwholesale.com\/hu\/wp-json\/wp\/v2\/types\/product"}],"replies":[{"embeddable":true,"href":"https:\/\/babypillowwholesale.com\/hu\/wp-json\/wp\/v2\/comments?post=1199"}],"wp:featuredmedia":[{"embeddable":true,"href":"https:\/\/babypillowwholesale.com\/hu\/wp-json\/wp\/v2\/media\/3275"}],"wp:attachment":[{"href":"https:\/\/babypillowwholesale.com\/hu\/wp-json\/wp\/v2\/media?parent=1199"}],"wp:term":[{"taxonomy":"product_brand","embeddable":true,"href":"https:\/\/babypillowwholesale.com\/hu\/wp-json\/wp\/v2\/product_brand?post=1199"},{"taxonomy":"product_cat","embeddable":true,"href":"https:\/\/babypillowwholesale.com\/hu\/wp-json\/wp\/v2\/product_cat?post=1199"},{"taxonomy":"product_tag","embeddable":true,"href":"https:\/\/babypillowwholesale.com\/hu\/wp-json\/wp\/v2\/product_tag?post=1199"}],"curies":[{"name":"wp","href":"https:\/\/api.w.org\/{rel}","templated":true}]}}