{"id":3491,"date":"2025-04-19T09:25:10","date_gmt":"2025-04-19T09:25:10","guid":{"rendered":"https:\/\/babypillowwholesale.com\/?post_type=product&#038;p=3491"},"modified":"2025-06-05T14:43:03","modified_gmt":"2025-06-05T14:43:03","slug":"memory-foam-pillow-small-apple-shaped-pillow-core","status":"publish","type":"product","link":"https:\/\/babypillowwholesale.com\/fr\/product\/memory-foam-pillow-small-apple-shaped-pillow-core\/","title":{"rendered":"Oreiller en mousse \u00e0 m\u00e9moire de forme - Petite pomme - Oreiller en forme de c\u0153ur"},"content":{"rendered":"<div class=\"auto-hide-last-sibling-br paragraph-qzbcQC paragraph-element br-paragraph-space\">\n<div class=\"auto-hide-last-sibling-br paragraph-qzbcQC paragraph-element br-paragraph-space\">\n<div class=\"auto-hide-last-sibling-br paragraph-qzbcQC paragraph-element br-paragraph-space\">\n<div class=\"auto-hide-last-sibling-br paragraph-qzbcQC paragraph-element br-paragraph-space\">Voici l'oreiller en mousse \u00e0 m\u00e9moire de forme - Petit noyau en forme de pomme, un d\u00e9licieux essentiel de sommeil con\u00e7u pour les plus petits r\u00eaveurs \u00e2g\u00e9s de 0 \u00e0 6 mois. Sa charmante silhouette inspir\u00e9e de la pomme n'est pas seulement un r\u00e9gal visuel, c'est aussi une porte d'entr\u00e9e vers un royaume de personnalisation in\u00e9gal\u00e9e.<\/div>\n<p>&nbsp;<\/p>\n<div class=\"auto-hide-last-sibling-br paragraph-qzbcQC paragraph-element br-paragraph-space\">Nous savons que chaque b\u00e9b\u00e9 est unique et que son confort doit l'\u00eatre aussi. C'est pourquoi nous offrons la possibilit\u00e9 de r\u00e9gler avec pr\u00e9cision la densit\u00e9 de la mousse hydrophile. Que votre enfant pr\u00e9f\u00e8re la douceur d'un nuage ou la fermet\u00e9 rassurante d'un soutien doux, nous pouvons cr\u00e9er l'exp\u00e9rience tactile parfaite.<\/div>\n<p>&nbsp;<\/p>\n<div class=\"auto-hide-last-sibling-br paragraph-qzbcQC paragraph-element br-paragraph-space\">La surface de cette merveille en forme de pomme est une toile vierge pour la cr\u00e9ativit\u00e9. En utilisant uniquement les encres les plus s\u00fbres et non toxiques, nous pouvons l'orner d'impressions enchanteresses. Imaginez une constellation de d\u00e9licates fleurs de pommier, dont les p\u00e9tales semblent flotter au gr\u00e9 d'une douce brise, ou un d\u00e9fil\u00e9 de coccinelles enjou\u00e9es, comme si elles avaient pour mission d'apporter des sourires dans le sommeil de votre b\u00e9b\u00e9. Ces imprim\u00e9s ne sont pas de simples d\u00e9corations ; ce sont des histoires qui ne demandent qu'\u00e0 \u00eatre racont\u00e9es, ajoutant une touche de magie \u00e0 chaque sieste.<\/div>\n<p>&nbsp;<\/p>\n<div class=\"auto-hide-last-sibling-br paragraph-qzbcQC paragraph-element br-paragraph-space\">Mais la personnalisation ne s'arr\u00eate pas l\u00e0. L'\u00e9chancrure centrale, un \u00e9l\u00e9ment crucial pour le confort de votre b\u00e9b\u00e9, peut \u00eatre minutieusement ajust\u00e9e. Nous pouvons modifier avec pr\u00e9cision sa taille et sa courbure, afin qu'elle berce la t\u00eate de votre b\u00e9b\u00e9 comme une \u00e9treinte affectueuse. C'est ce souci du d\u00e9tail, cet engagement \u00e0 \u00eatre unique, qui fait de notre Oreiller en mousse \u00e0 m\u00e9moire de forme - Petite pomme - un produit, mais aussi un souvenir pr\u00e9cieux, une berceuse unique en son genre pour le sommeil de votre tout-petit.<\/div>\n<\/div>\n<\/div>\n<\/div>","protected":false},"excerpt":{"rendered":"<div class=\"auto-hide-last-sibling-br paragraph-qzbcQC paragraph-element br-paragraph-space\">Cet oreiller en mousse \u00e0 m\u00e9moire de forme, en forme de petite pomme, convient aux b\u00e9b\u00e9s \u00e2g\u00e9s de 0 \u00e0 6 mois et offre un potentiel de personnalisation et de conception remarquable. Sa jolie forme de pomme n'est qu'un point de d\u00e9part. Nous pouvons modifier la densit\u00e9 de la mousse hydrophile pour r\u00e9pondre aux besoins de confort sp\u00e9cifiques de votre b\u00e9b\u00e9, qu'il s'agisse d'une sensation plus douce pour plus de confort ou d'une texture plus ferme pour un meilleur soutien. La surface peut \u00eatre personnalis\u00e9e avec des imprim\u00e9s non toxiques et sans danger pour les b\u00e9b\u00e9s. Pensez aux d\u00e9licats motifs de fleurs de pommier ou aux minuscules motifs de coccinelles qui ajoutent une touche fantaisiste. En outre, la taille et la courbure de l'\u00e9chancrure centrale peuvent \u00eatre ajust\u00e9es avec pr\u00e9cision pour s'adapter parfaitement \u00e0 la t\u00eate de votre b\u00e9b\u00e9, garantissant ainsi un confort et un soutien optimaux. Vous pouvez ainsi cr\u00e9er un noyau d'oreiller vraiment unique qui r\u00e9pond \u00e0 la fois aux besoins de votre b\u00e9b\u00e9 et \u00e0 vos pr\u00e9f\u00e9rences esth\u00e9tiques.<\/div>","protected":false},"featured_media":3492,"comment_status":"open","ping_status":"closed","template":"","meta":{"_uag_custom_page_level_css":"","site-sidebar-layout":"default","site-content-layout":"","ast-site-content-layout":"default","site-content-style":"default","site-sidebar-style":"default","ast-global-header-display":"","ast-banner-title-visibility":"","ast-main-header-display":"","ast-hfb-above-header-display":"","ast-hfb-below-header-display":"","ast-hfb-mobile-header-display":"","site-post-title":"","ast-breadcrumbs-content":"","ast-featured-img":"","footer-sml-layout":"","ast-disable-related-posts":"","theme-transparent-header-meta":"default","adv-header-id-meta":"","stick-header-meta":"","header-above-stick-meta":"","header-main-stick-meta":"","header-below-stick-meta":"","astra-migrate-meta-layouts":"set","ast-page-background-enabled":"default","ast-page-background-meta":{"desktop":{"background-color":"","background-image":"","background-repeat":"repeat","background-position":"center center","background-size":"auto","background-attachment":"scroll","background-type":"","background-media":"","overlay-type":"","overlay-color":"","overlay-opacity":"","overlay-gradient":""},"tablet":{"background-color":"","background-image":"","background-repeat":"repeat","background-position":"center center","background-size":"auto","background-attachment":"scroll","background-type":"","background-media":"","overlay-type":"","overlay-color":"","overlay-opacity":"","overlay-gradient":""},"mobile":{"background-color":"","background-image":"","background-repeat":"repeat","background-position":"center center","background-size":"auto","background-attachment":"scroll","background-type":"","background-media":"","overlay-type":"","overlay-color":"","overlay-opacity":"","overlay-gradient":""}},"ast-content-background-meta":{"desktop":{"background-color":"var(--ast-global-color-5)","background-image":"","background-repeat":"repeat","background-position":"center center","background-size":"auto","background-attachment":"scroll","background-type":"","background-media":"","overlay-type":"","overlay-color":"","overlay-opacity":"","overlay-gradient":""},"tablet":{"background-color":"var(--ast-global-color-5)","background-image":"","background-repeat":"repeat","background-position":"center center","background-size":"auto","background-attachment":"scroll","background-type":"","background-media":"","overlay-type":"","overlay-color":"","overlay-opacity":"","overlay-gradient":""},"mobile":{"background-color":"var(--ast-global-color-5)","background-image":"","background-repeat":"repeat","background-position":"center center","background-size":"auto","background-attachment":"scroll","background-type":"","background-media":"","overlay-type":"","overlay-color":"","overlay-opacity":"","overlay-gradient":""}}},"product_brand":[],"product_cat":[65,32],"product_tag":[70,68,71,69],"class_list":{"0":"post-3491","1":"product","2":"type-product","3":"status-publish","4":"has-post-thumbnail","6":"product_cat-0-to-6months-oem","7":"product_cat-customize","8":"product_tag-babypillow","9":"product_tag-cuteanimalpillow","10":"product_tag-headshapesupport","11":"product_tag-kouniushapingpillow","12":"desktop-align-left","13":"tablet-align-left","14":"mobile-align-left","16":"first","17":"instock","18":"shipping-taxable","19":"product-type-simple"},"aioseo_notices":[],"uagb_featured_image_src":{"full":["https:\/\/babypillowwholesale.com\/wp-content\/uploads\/2025\/04\/0004.jpg",1000,1000,false],"thumbnail":["https:\/\/babypillowwholesale.com\/wp-content\/uploads\/2025\/04\/0004-150x150.jpg",150,150,true],"medium":["https:\/\/babypillowwholesale.com\/wp-content\/uploads\/2025\/04\/0004-300x300.jpg",300,300,true],"medium_large":["https:\/\/babypillowwholesale.com\/wp-content\/uploads\/2025\/04\/0004-768x768.jpg",768,768,true],"large":["https:\/\/babypillowwholesale.com\/wp-content\/uploads\/2025\/04\/0004.jpg",1000,1000,false],"1536x1536":["https:\/\/babypillowwholesale.com\/wp-content\/uploads\/2025\/04\/0004.jpg",1000,1000,false],"2048x2048":["https:\/\/babypillowwholesale.com\/wp-content\/uploads\/2025\/04\/0004.jpg",1000,1000,false],"trp-custom-language-flag":["https:\/\/babypillowwholesale.com\/wp-content\/uploads\/2025\/04\/0004.jpg",12,12,false],"woocommerce_thumbnail":["https:\/\/babypillowwholesale.com\/wp-content\/uploads\/2025\/04\/0004-300x300.jpg",300,300,true],"woocommerce_single":["https:\/\/babypillowwholesale.com\/wp-content\/uploads\/2025\/04\/0004-600x600.jpg",600,600,true],"woocommerce_gallery_thumbnail":["https:\/\/babypillowwholesale.com\/wp-content\/uploads\/2025\/04\/0004-100x100.jpg",100,100,true]},"uagb_author_info":{"display_name":"Etnen zhong","author_link":"https:\/\/babypillowwholesale.com\/fr\/author\/"},"uagb_comment_info":0,"uagb_excerpt":"This Memory Foam Pillow - Small Apple - shaped Pillow Core, suitable for babies aged 0 - 6 months, offers remarkable customization and design potential. Its cute apple - like shape is just the starting point. We can modify the density of the hydrophilic foam to suit your baby's specific comfort requirements, whether it's a\u2026","jetpack_sharing_enabled":true,"_links":{"self":[{"href":"https:\/\/babypillowwholesale.com\/fr\/wp-json\/wp\/v2\/product\/3491","targetHints":{"allow":["GET"]}}],"collection":[{"href":"https:\/\/babypillowwholesale.com\/fr\/wp-json\/wp\/v2\/product"}],"about":[{"href":"https:\/\/babypillowwholesale.com\/fr\/wp-json\/wp\/v2\/types\/product"}],"replies":[{"embeddable":true,"href":"https:\/\/babypillowwholesale.com\/fr\/wp-json\/wp\/v2\/comments?post=3491"}],"wp:featuredmedia":[{"embeddable":true,"href":"https:\/\/babypillowwholesale.com\/fr\/wp-json\/wp\/v2\/media\/3492"}],"wp:attachment":[{"href":"https:\/\/babypillowwholesale.com\/fr\/wp-json\/wp\/v2\/media?parent=3491"}],"wp:term":[{"taxonomy":"product_brand","embeddable":true,"href":"https:\/\/babypillowwholesale.com\/fr\/wp-json\/wp\/v2\/product_brand?post=3491"},{"taxonomy":"product_cat","embeddable":true,"href":"https:\/\/babypillowwholesale.com\/fr\/wp-json\/wp\/v2\/product_cat?post=3491"},{"taxonomy":"product_tag","embeddable":true,"href":"https:\/\/babypillowwholesale.com\/fr\/wp-json\/wp\/v2\/product_tag?post=3491"}],"curies":[{"name":"wp","href":"https:\/\/api.w.org\/{rel}","templated":true}]}}