{"id":3488,"date":"2025-04-19T02:55:35","date_gmt":"2025-04-19T02:55:35","guid":{"rendered":"https:\/\/babypillowwholesale.com\/?post_type=product&#038;p=3488"},"modified":"2025-06-05T14:47:34","modified_gmt":"2025-06-05T14:47:34","slug":"memory-foam-pillow-thin-bear-shaped-pillow-core","status":"publish","type":"product","link":"https:\/\/babypillowwholesale.com\/fr\/product\/memory-foam-pillow-thin-bear-shaped-pillow-core\/","title":{"rendered":"Oreiller en mousse \u00e0 m\u00e9moire de forme - Thin Bear - Oreiller en forme de noyau"},"content":{"rendered":"<div class=\"auto-hide-last-sibling-br paragraph-qzbcQC paragraph-element br-paragraph-space\">\n<div class=\"auto-hide-last-sibling-br paragraph-qzbcQC paragraph-element br-paragraph-space\">\n<div class=\"auto-hide-last-sibling-br paragraph-qzbcQC paragraph-element br-paragraph-space\">Voici l'Oreiller en mousse \u00e0 m\u00e9moire de forme - Oreiller fin en forme d'ours, un chef-d'\u0153uvre con\u00e7u sp\u00e9cialement pour les plus petits dormeurs \u00e2g\u00e9s de 0 \u00e0 6 mois. Sa silhouette s\u00e9duisante en forme d'ours n'est pas seulement un choix esth\u00e9tique, c'est un portail vers un univers de possibilit\u00e9s sur mesure.<\/div>\n<p>&nbsp;<\/p>\n<div class=\"auto-hide-last-sibling-br paragraph-qzbcQC paragraph-element br-paragraph-space\">Nous comprenons que le confort est aussi individuel que le sourire de votre b\u00e9b\u00e9. C'est pourquoi nous offrons la possibilit\u00e9 d'ajuster la douceur de la mousse hydrophile. Que vous souhaitiez une douceur semblable \u00e0 celle d'un nuage pour les t\u00eates les plus d\u00e9licates ou un peu plus de fermet\u00e9 pour un meilleur soutien, nous avons ce qu'il vous faut. C'est un niveau de personnalisation qui transforme ce noyau d'oreiller d'un simple accessoire en un havre de repos personnalis\u00e9.<\/div>\n<p>&nbsp;<\/p>\n<div class=\"auto-hide-last-sibling-br paragraph-qzbcQC paragraph-element br-paragraph-space\">La surface de cette merveille en forme d'ours est une toile vierge qui attend l'expression artistique. En utilisant les encres les plus s\u00fbres et non toxiques, nous pouvons l'orner d'impressions enchanteresses. Imaginez une constellation de d\u00e9licates marguerites, dont les p\u00e9tales semblent se balancer sous l'effet d'une douce brise, ou une tra\u00een\u00e9e d'adorables empreintes de lapin, comme si elles guidaient votre b\u00e9b\u00e9 dans un monde de r\u00eaves. Ces imprim\u00e9s ne sont pas de simples d\u00e9corations ; ce sont des histoires qui ne demandent qu'\u00e0 \u00eatre racont\u00e9es, ajoutant une touche de magie \u00e0 chaque sieste.<\/div>\n<p>&nbsp;<\/p>\n<div class=\"auto-hide-last-sibling-br paragraph-qzbcQC paragraph-element br-paragraph-space\">Et puis il y a l'\u00e9chancrure centrale, une caract\u00e9ristique cruciale r\u00e9imagin\u00e9e pour le confort de votre b\u00e9b\u00e9. Nous pouvons ajuster sa taille et sa profondeur avec une pr\u00e9cision chirurgicale, pour qu'elle berce la t\u00eate de votre b\u00e9b\u00e9 comme une \u00e9treinte affectueuse. C'est ce souci du d\u00e9tail, cet engagement \u00e0 \u00eatre unique, qui fait de notre Oreiller en mousse \u00e0 m\u00e9moire de forme - Ourson mince - un produit, mais aussi un souvenir pr\u00e9cieux, une berceuse unique en son genre pour les sommeils de votre petit.<\/div>\n<\/div>\n<\/div>","protected":false},"excerpt":{"rendered":"<p>Cet oreiller en mousse \u00e0 m\u00e9moire de forme, con\u00e7u pour les b\u00e9b\u00e9s \u00e2g\u00e9s de 0 \u00e0 6 mois, offre un monde de possibilit\u00e9s de personnalisation et de design. Sa forme attachante d'ours est la toile parfaite pour la cr\u00e9ativit\u00e9. Nous pouvons personnaliser le niveau de douceur de la mousse hydrophile en fonction de vos pr\u00e9f\u00e9rences, afin d'assurer un confort id\u00e9al \u00e0 votre enfant. La surface peut \u00eatre orn\u00e9e d'imprim\u00e9s non toxiques et sans danger pour les b\u00e9b\u00e9s, tels que de minuscules motifs floraux ou de jolies empreintes d'animaux, qui ajoutent une touche unique et charmante. En outre, la taille et la profondeur de l'\u00e9chancrure centrale peuvent \u00eatre ajust\u00e9es pour mieux soutenir la forme de la t\u00eate du b\u00e9b\u00e9. Cela vous permet de cr\u00e9er un noyau d'oreiller vraiment personnalis\u00e9 qui non seulement r\u00e9pond aux besoins de confort de votre b\u00e9b\u00e9, mais qui se distingue \u00e9galement comme un article sp\u00e9cial, unique en son genre.<\/p>","protected":false},"featured_media":3489,"comment_status":"open","ping_status":"closed","template":"","meta":{"_uag_custom_page_level_css":"","site-sidebar-layout":"default","site-content-layout":"","ast-site-content-layout":"default","site-content-style":"default","site-sidebar-style":"default","ast-global-header-display":"","ast-banner-title-visibility":"","ast-main-header-display":"","ast-hfb-above-header-display":"","ast-hfb-below-header-display":"","ast-hfb-mobile-header-display":"","site-post-title":"","ast-breadcrumbs-content":"","ast-featured-img":"","footer-sml-layout":"","ast-disable-related-posts":"","theme-transparent-header-meta":"default","adv-header-id-meta":"","stick-header-meta":"","header-above-stick-meta":"","header-main-stick-meta":"","header-below-stick-meta":"","astra-migrate-meta-layouts":"set","ast-page-background-enabled":"default","ast-page-background-meta":{"desktop":{"background-color":"","background-image":"","background-repeat":"repeat","background-position":"center center","background-size":"auto","background-attachment":"scroll","background-type":"","background-media":"","overlay-type":"","overlay-color":"","overlay-opacity":"","overlay-gradient":""},"tablet":{"background-color":"","background-image":"","background-repeat":"repeat","background-position":"center center","background-size":"auto","background-attachment":"scroll","background-type":"","background-media":"","overlay-type":"","overlay-color":"","overlay-opacity":"","overlay-gradient":""},"mobile":{"background-color":"","background-image":"","background-repeat":"repeat","background-position":"center center","background-size":"auto","background-attachment":"scroll","background-type":"","background-media":"","overlay-type":"","overlay-color":"","overlay-opacity":"","overlay-gradient":""}},"ast-content-background-meta":{"desktop":{"background-color":"var(--ast-global-color-5)","background-image":"","background-repeat":"repeat","background-position":"center center","background-size":"auto","background-attachment":"scroll","background-type":"","background-media":"","overlay-type":"","overlay-color":"","overlay-opacity":"","overlay-gradient":""},"tablet":{"background-color":"var(--ast-global-color-5)","background-image":"","background-repeat":"repeat","background-position":"center center","background-size":"auto","background-attachment":"scroll","background-type":"","background-media":"","overlay-type":"","overlay-color":"","overlay-opacity":"","overlay-gradient":""},"mobile":{"background-color":"var(--ast-global-color-5)","background-image":"","background-repeat":"repeat","background-position":"center center","background-size":"auto","background-attachment":"scroll","background-type":"","background-media":"","overlay-type":"","overlay-color":"","overlay-opacity":"","overlay-gradient":""}}},"product_brand":[],"product_cat":[65,32],"product_tag":[70,68,71,69],"class_list":{"0":"post-3488","1":"product","2":"type-product","3":"status-publish","4":"has-post-thumbnail","6":"product_cat-0-to-6months-oem","7":"product_cat-customize","8":"product_tag-babypillow","9":"product_tag-cuteanimalpillow","10":"product_tag-headshapesupport","11":"product_tag-kouniushapingpillow","12":"desktop-align-left","13":"tablet-align-left","14":"mobile-align-left","16":"first","17":"instock","18":"shipping-taxable","19":"product-type-simple"},"aioseo_notices":[],"uagb_featured_image_src":{"full":["https:\/\/babypillowwholesale.com\/wp-content\/uploads\/2025\/04\/0003.jpg",1000,1000,false],"thumbnail":["https:\/\/babypillowwholesale.com\/wp-content\/uploads\/2025\/04\/0003-150x150.jpg",150,150,true],"medium":["https:\/\/babypillowwholesale.com\/wp-content\/uploads\/2025\/04\/0003-300x300.jpg",300,300,true],"medium_large":["https:\/\/babypillowwholesale.com\/wp-content\/uploads\/2025\/04\/0003-768x768.jpg",768,768,true],"large":["https:\/\/babypillowwholesale.com\/wp-content\/uploads\/2025\/04\/0003.jpg",1000,1000,false],"1536x1536":["https:\/\/babypillowwholesale.com\/wp-content\/uploads\/2025\/04\/0003.jpg",1000,1000,false],"2048x2048":["https:\/\/babypillowwholesale.com\/wp-content\/uploads\/2025\/04\/0003.jpg",1000,1000,false],"trp-custom-language-flag":["https:\/\/babypillowwholesale.com\/wp-content\/uploads\/2025\/04\/0003.jpg",12,12,false],"woocommerce_thumbnail":["https:\/\/babypillowwholesale.com\/wp-content\/uploads\/2025\/04\/0003-300x300.jpg",300,300,true],"woocommerce_single":["https:\/\/babypillowwholesale.com\/wp-content\/uploads\/2025\/04\/0003-600x600.jpg",600,600,true],"woocommerce_gallery_thumbnail":["https:\/\/babypillowwholesale.com\/wp-content\/uploads\/2025\/04\/0003-100x100.jpg",100,100,true]},"uagb_author_info":{"display_name":"Etnen zhong","author_link":"https:\/\/babypillowwholesale.com\/fr\/author\/"},"uagb_comment_info":0,"uagb_excerpt":"This Memory Foam Pillow - Thin Bear - shaped Pillow Core, designed for babies aged 0 - 6 months, offers a world of customization and design opportunities. Its endearing bear - shaped form is the perfect canvas for creativity. We can customize the softness level of the hydrophilic foam according to your preference, ensuring the\u2026","jetpack_sharing_enabled":true,"_links":{"self":[{"href":"https:\/\/babypillowwholesale.com\/fr\/wp-json\/wp\/v2\/product\/3488","targetHints":{"allow":["GET"]}}],"collection":[{"href":"https:\/\/babypillowwholesale.com\/fr\/wp-json\/wp\/v2\/product"}],"about":[{"href":"https:\/\/babypillowwholesale.com\/fr\/wp-json\/wp\/v2\/types\/product"}],"replies":[{"embeddable":true,"href":"https:\/\/babypillowwholesale.com\/fr\/wp-json\/wp\/v2\/comments?post=3488"}],"wp:featuredmedia":[{"embeddable":true,"href":"https:\/\/babypillowwholesale.com\/fr\/wp-json\/wp\/v2\/media\/3489"}],"wp:attachment":[{"href":"https:\/\/babypillowwholesale.com\/fr\/wp-json\/wp\/v2\/media?parent=3488"}],"wp:term":[{"taxonomy":"product_brand","embeddable":true,"href":"https:\/\/babypillowwholesale.com\/fr\/wp-json\/wp\/v2\/product_brand?post=3488"},{"taxonomy":"product_cat","embeddable":true,"href":"https:\/\/babypillowwholesale.com\/fr\/wp-json\/wp\/v2\/product_cat?post=3488"},{"taxonomy":"product_tag","embeddable":true,"href":"https:\/\/babypillowwholesale.com\/fr\/wp-json\/wp\/v2\/product_tag?post=3488"}],"curies":[{"name":"wp","href":"https:\/\/api.w.org\/{rel}","templated":true}]}}