{"id":3485,"date":"2025-04-19T02:35:27","date_gmt":"2025-04-19T02:35:27","guid":{"rendered":"https:\/\/babypillowwholesale.com\/?post_type=product&#038;p=3485"},"modified":"2025-06-05T14:53:09","modified_gmt":"2025-06-05T14:53:09","slug":"memory-foam-pillow-thick-bear-shaped-pillow-core","status":"publish","type":"product","link":"https:\/\/babypillowwholesale.com\/fr\/product\/memory-foam-pillow-thick-bear-shaped-pillow-core\/","title":{"rendered":"Oreiller en mousse \u00e0 m\u00e9moire de forme - Ours \u00e9pais - Noyau d'oreiller en forme"},"content":{"rendered":"<div class=\"auto-hide-last-sibling-br paragraph-qzbcQC paragraph-element br-paragraph-space\">\n<div class=\"auto-hide-last-sibling-br paragraph-qzbcQC paragraph-element br-paragraph-space\">Cet oreiller en mousse \u00e0 m\u00e9moire de forme - Oreiller \u00e9pais en forme d'ours, con\u00e7u sp\u00e9cialement pour les b\u00e9b\u00e9s \u00e2g\u00e9s de 0 \u00e0 6 mois, est un parangon d'unicit\u00e9 et de potentiel de personnalisation. Sa charmante silhouette en forme d'ours n'est pas seulement un choix de design mignon ; c'est un point de d\u00e9part pour la cr\u00e9ation d'un essentiel pour b\u00e9b\u00e9 unique en son genre.<\/div>\n<p>&nbsp;<\/p>\n<div class=\"auto-hide-last-sibling-br paragraph-qzbcQC paragraph-element br-paragraph-space\">Les trous d'a\u00e9ration, une caract\u00e9ristique fonctionnelle essentielle, ne sont pas grav\u00e9s dans le marbre. Nous pouvons ajuster m\u00e9ticuleusement leur nombre et leurs dimensions, afin d'adapter la respirabilit\u00e9 de l'\u00e2me de l'oreiller aux besoins sp\u00e9cifiques de votre b\u00e9b\u00e9 en mati\u00e8re de confort. C'est un niveau de personnalisation qui va au-del\u00e0 de l'ordinaire, assurant une circulation d'air optimale pour le sommeil paisible de votre petit.<\/div>\n<p>&nbsp;<\/p>\n<div class=\"auto-hide-last-sibling-br paragraph-qzbcQC paragraph-element br-paragraph-space\">En mati\u00e8re d'apparence, les possibilit\u00e9s sont aussi illimit\u00e9es que votre imagination. En utilisant uniquement les pigments les plus s\u00fbrs et non toxiques, nous pouvons transformer la \"fourrure\" de l'ours en une \u00e9meute de couleurs. Imaginez un ours recouvert d'une couche de pastels doux, \u00e9voquant un sentiment de tranquillit\u00e9, ou un ours orn\u00e9 de teintes vives et gaies pour \u00e9veiller la curiosit\u00e9 de votre b\u00e9b\u00e9. Il ne s'agit pas seulement d'esth\u00e9tique, mais de cr\u00e9er une exp\u00e9rience visuelle qui apaise et stimule \u00e0 parts \u00e9gales.<\/div>\n<p>&nbsp;<\/p>\n<div class=\"auto-hide-last-sibling-br paragraph-qzbcQC paragraph-element br-paragraph-space\">Mais la personnalisation ne s'arr\u00eate pas l\u00e0. Nous pouvons ajouter de d\u00e9licieux embellissements comme des yeux brod\u00e9s \u00e0 la main qui semblent scintiller de chaleur, ou un nez cousu qui donne \u00e0 l'ours une touche de charme r\u00e9aliste. Ces petits d\u00e9tails ne sont pas seulement d\u00e9coratifs ; ils transforment le c\u0153ur de l'oreiller d'un simple accessoire en un compagnon ch\u00e9ri de votre b\u00e9b\u00e9.<\/div>\n<p>&nbsp;<\/p>\n<div class=\"auto-hide-last-sibling-br paragraph-qzbcQC paragraph-element br-paragraph-space\">Avec cet Oreiller en mousse \u00e0 m\u00e9moire de forme - Ours \u00e9pais - noyau d'oreiller en forme, vous n'achetez pas seulement un produit, vous cr\u00e9ez un havre personnalis\u00e9 de confort et d'amour, un souvenir qui occupera une place sp\u00e9ciale dans les premiers souvenirs de votre b\u00e9b\u00e9.<\/div>\n<\/div>","protected":false},"excerpt":{"rendered":"<p>Cet oreiller en mousse \u00e0 m\u00e9moire de forme - Oreiller \u00e9pais en forme d'ours, con\u00e7u pour les b\u00e9b\u00e9s \u00e2g\u00e9s de 0 \u00e0 6 mois, offre un grand potentiel de personnalisation et de design. Son adorable forme d'ours sert de base charmante pour une personnalisation plus pouss\u00e9e. Le nombre et la taille des trous d'a\u00e9ration peuvent \u00eatre ajust\u00e9s en fonction des besoins sp\u00e9cifiques, optimisant ainsi la respirabilit\u00e9. En termes d'apparence, des couleurs non toxiques et sans danger pour les b\u00e9b\u00e9s peuvent \u00eatre utilis\u00e9es pour peindre la \"fourrure\" de l'ours, cr\u00e9ant ainsi une vari\u00e9t\u00e9 de combinaisons de couleurs mignonnes, comme un ours aux couleurs pastel douces pour un look doux ou plus vibrantes pour une touche ludique. De plus, de petits embellissements tels que des yeux brod\u00e9s ou un nez cousu peuvent \u00eatre ajout\u00e9s pour rendre la forme de l'ours plus vivante et plus attachante. Cette personnalisation permet aux parents de cr\u00e9er un noyau d'oreiller unique et sp\u00e9cial qui ne r\u00e9pond pas seulement \u00e0 des exigences fonctionnelles, mais qui devient \u00e9galement un souvenir ador\u00e9 de leurs petits.<\/p>","protected":false},"featured_media":3486,"comment_status":"open","ping_status":"closed","template":"","meta":{"_uag_custom_page_level_css":"","site-sidebar-layout":"default","site-content-layout":"","ast-site-content-layout":"default","site-content-style":"default","site-sidebar-style":"default","ast-global-header-display":"","ast-banner-title-visibility":"","ast-main-header-display":"","ast-hfb-above-header-display":"","ast-hfb-below-header-display":"","ast-hfb-mobile-header-display":"","site-post-title":"","ast-breadcrumbs-content":"","ast-featured-img":"","footer-sml-layout":"","ast-disable-related-posts":"","theme-transparent-header-meta":"default","adv-header-id-meta":"","stick-header-meta":"","header-above-stick-meta":"","header-main-stick-meta":"","header-below-stick-meta":"","astra-migrate-meta-layouts":"set","ast-page-background-enabled":"default","ast-page-background-meta":{"desktop":{"background-color":"","background-image":"","background-repeat":"repeat","background-position":"center center","background-size":"auto","background-attachment":"scroll","background-type":"","background-media":"","overlay-type":"","overlay-color":"","overlay-opacity":"","overlay-gradient":""},"tablet":{"background-color":"","background-image":"","background-repeat":"repeat","background-position":"center center","background-size":"auto","background-attachment":"scroll","background-type":"","background-media":"","overlay-type":"","overlay-color":"","overlay-opacity":"","overlay-gradient":""},"mobile":{"background-color":"","background-image":"","background-repeat":"repeat","background-position":"center center","background-size":"auto","background-attachment":"scroll","background-type":"","background-media":"","overlay-type":"","overlay-color":"","overlay-opacity":"","overlay-gradient":""}},"ast-content-background-meta":{"desktop":{"background-color":"var(--ast-global-color-5)","background-image":"","background-repeat":"repeat","background-position":"center center","background-size":"auto","background-attachment":"scroll","background-type":"","background-media":"","overlay-type":"","overlay-color":"","overlay-opacity":"","overlay-gradient":""},"tablet":{"background-color":"var(--ast-global-color-5)","background-image":"","background-repeat":"repeat","background-position":"center center","background-size":"auto","background-attachment":"scroll","background-type":"","background-media":"","overlay-type":"","overlay-color":"","overlay-opacity":"","overlay-gradient":""},"mobile":{"background-color":"var(--ast-global-color-5)","background-image":"","background-repeat":"repeat","background-position":"center center","background-size":"auto","background-attachment":"scroll","background-type":"","background-media":"","overlay-type":"","overlay-color":"","overlay-opacity":"","overlay-gradient":""}}},"product_brand":[],"product_cat":[65,32],"product_tag":[70,68,71,69],"class_list":{"0":"post-3485","1":"product","2":"type-product","3":"status-publish","4":"has-post-thumbnail","6":"product_cat-0-to-6months-oem","7":"product_cat-customize","8":"product_tag-babypillow","9":"product_tag-cuteanimalpillow","10":"product_tag-headshapesupport","11":"product_tag-kouniushapingpillow","12":"desktop-align-left","13":"tablet-align-left","14":"mobile-align-left","16":"first","17":"instock","18":"shipping-taxable","19":"product-type-simple"},"aioseo_notices":[],"uagb_featured_image_src":{"full":["https:\/\/babypillowwholesale.com\/wp-content\/uploads\/2025\/04\/0002.jpg",1000,1000,false],"thumbnail":["https:\/\/babypillowwholesale.com\/wp-content\/uploads\/2025\/04\/0002-150x150.jpg",150,150,true],"medium":["https:\/\/babypillowwholesale.com\/wp-content\/uploads\/2025\/04\/0002-300x300.jpg",300,300,true],"medium_large":["https:\/\/babypillowwholesale.com\/wp-content\/uploads\/2025\/04\/0002-768x768.jpg",768,768,true],"large":["https:\/\/babypillowwholesale.com\/wp-content\/uploads\/2025\/04\/0002.jpg",1000,1000,false],"1536x1536":["https:\/\/babypillowwholesale.com\/wp-content\/uploads\/2025\/04\/0002.jpg",1000,1000,false],"2048x2048":["https:\/\/babypillowwholesale.com\/wp-content\/uploads\/2025\/04\/0002.jpg",1000,1000,false],"trp-custom-language-flag":["https:\/\/babypillowwholesale.com\/wp-content\/uploads\/2025\/04\/0002.jpg",12,12,false],"woocommerce_thumbnail":["https:\/\/babypillowwholesale.com\/wp-content\/uploads\/2025\/04\/0002-300x300.jpg",300,300,true],"woocommerce_single":["https:\/\/babypillowwholesale.com\/wp-content\/uploads\/2025\/04\/0002-600x600.jpg",600,600,true],"woocommerce_gallery_thumbnail":["https:\/\/babypillowwholesale.com\/wp-content\/uploads\/2025\/04\/0002-100x100.jpg",100,100,true]},"uagb_author_info":{"display_name":"Etnen zhong","author_link":"https:\/\/babypillowwholesale.com\/fr\/author\/"},"uagb_comment_info":0,"uagb_excerpt":"This Memory Foam Pillow - Thick Bear - shaped Pillow Core, designed for babies aged 0 - 6 months, offers extensive customization and design potential. Its adorable bear - like form serves as a charming base for further personalization. The number and size of the ventilation holes can be adjusted according to specific needs, optimizing\u2026","jetpack_sharing_enabled":true,"_links":{"self":[{"href":"https:\/\/babypillowwholesale.com\/fr\/wp-json\/wp\/v2\/product\/3485","targetHints":{"allow":["GET"]}}],"collection":[{"href":"https:\/\/babypillowwholesale.com\/fr\/wp-json\/wp\/v2\/product"}],"about":[{"href":"https:\/\/babypillowwholesale.com\/fr\/wp-json\/wp\/v2\/types\/product"}],"replies":[{"embeddable":true,"href":"https:\/\/babypillowwholesale.com\/fr\/wp-json\/wp\/v2\/comments?post=3485"}],"wp:featuredmedia":[{"embeddable":true,"href":"https:\/\/babypillowwholesale.com\/fr\/wp-json\/wp\/v2\/media\/3486"}],"wp:attachment":[{"href":"https:\/\/babypillowwholesale.com\/fr\/wp-json\/wp\/v2\/media?parent=3485"}],"wp:term":[{"taxonomy":"product_brand","embeddable":true,"href":"https:\/\/babypillowwholesale.com\/fr\/wp-json\/wp\/v2\/product_brand?post=3485"},{"taxonomy":"product_cat","embeddable":true,"href":"https:\/\/babypillowwholesale.com\/fr\/wp-json\/wp\/v2\/product_cat?post=3485"},{"taxonomy":"product_tag","embeddable":true,"href":"https:\/\/babypillowwholesale.com\/fr\/wp-json\/wp\/v2\/product_tag?post=3485"}],"curies":[{"name":"wp","href":"https:\/\/api.w.org\/{rel}","templated":true}]}}