{"id":3474,"date":"2025-04-18T16:21:06","date_gmt":"2025-04-18T16:21:06","guid":{"rendered":"https:\/\/babypillowwholesale.com\/?post_type=product&#038;p=3474"},"modified":"2025-06-05T14:55:58","modified_gmt":"2025-06-05T14:55:58","slug":"memory-foam-pillow-round-pillow-core","status":"publish","type":"product","link":"https:\/\/babypillowwholesale.com\/fr\/product\/memory-foam-pillow-round-pillow-core\/","title":{"rendered":"Oreiller en mousse \u00e0 m\u00e9moire de forme - Oreiller rond"},"content":{"rendered":"<div class=\"auto-hide-last-sibling-br paragraph-qzbcQC paragraph-element br-paragraph-space\">Cet oreiller en mousse \u00e0 m\u00e9moire de forme - noyau d'oreiller rond, con\u00e7u pour les b\u00e9b\u00e9s \u00e2g\u00e9s de 0 \u00e0 6 mois, est un canevas aux possibilit\u00e9s infinies en mati\u00e8re de personnalisation et de design. Sa surface \u00e9l\u00e9gante est pr\u00eate \u00e0 \u00eatre transform\u00e9e, offrant une opportunit\u00e9 exclusive de cr\u00e9er une pi\u00e8ce unique.<\/div>\n<p>&nbsp;<\/p>\n<div class=\"auto-hide-last-sibling-br paragraph-qzbcQC paragraph-element br-paragraph-space\">Imaginez qu'il soit orn\u00e9 de motifs enchanteurs qui sont non seulement visuellement captivants, mais qui r\u00e9sonnent aussi avec l'innocence de l'enfance. De d\u00e9licates impressions de cr\u00e9atures des bois, comme de gentils cerfs ou de curieux \u00e9cureuils, peuvent apporter une touche de charme naturel. Ou encore, des constellations de r\u00eave, avec des \u00e9toiles scintillantes et une lune souriante, pour bercer votre enfant dans un sommeil c\u00e9leste. Ces motifs ne sont pas choisis au hasard ; ils sont soigneusement s\u00e9lectionn\u00e9s pour cr\u00e9er une exp\u00e9rience visuelle apaisante pour votre b\u00e9b\u00e9.<\/div>\n<p>&nbsp;<\/p>\n<div class=\"auto-hide-last-sibling-br paragraph-qzbcQC paragraph-element br-paragraph-space\">Gr\u00e2ce \u00e0 des techniques d'impression non toxiques, nous veillons \u00e0 ce que chaque motif soit non seulement un r\u00e9gal pour les yeux, mais aussi sans danger pour la peau sensible de votre b\u00e9b\u00e9. Ce niveau de personnalisation va au-del\u00e0 de la simple esth\u00e9tique ; il permet aux parents d'insuffler leur style personnel et l'ambiance unique de la chambre de b\u00e9b\u00e9 dans cet article essentiel. Que vous recherchiez un look moderne et minimaliste ou un th\u00e8me fantaisiste inspir\u00e9 des livres de contes, ce noyau d'oreiller peut \u00eatre personnalis\u00e9 pour \u00eatre un ajout remarquable et sur mesure \u00e0 l'univers de votre b\u00e9b\u00e9.<\/div>","protected":false},"excerpt":{"rendered":"<p>Cet oreiller en mousse \u00e0 m\u00e9moire de forme - noyau d'oreiller rond, adapt\u00e9 aux b\u00e9b\u00e9s de 0 \u00e0 6 mois, offre de grandes possibilit\u00e9s de personnalisation et de conception. La surface lisse de l'\u00e2me de l'oreiller offre une toile id\u00e9ale pour divers motifs. Il est possible d'ajouter des motifs doux et adapt\u00e9s aux b\u00e9b\u00e9s, tels que des imprim\u00e9s d'animaux mignons, des motifs floraux doux ou des \u00e9l\u00e9ments c\u00e9lestes fantaisistes tels que des \u00e9toiles et des lunes. Ces motifs peuvent \u00eatre appliqu\u00e9s \u00e0 l'aide de techniques d'impression non toxiques et sans danger pour les b\u00e9b\u00e9s, afin de garantir qu'ils sont sans danger pour leur peau d\u00e9licate. Les motifs personnalis\u00e9s peuvent non seulement rendre l'oreiller plus attrayant visuellement, mais aussi permettre aux parents de choisir des motifs qui correspondent \u00e0 la d\u00e9coration de leur chambre d'enfant ou \u00e0 leurs pr\u00e9f\u00e9rences personnelles, ajoutant ainsi une touche unique \u00e0 cet article essentiel pour b\u00e9b\u00e9.<\/p>","protected":false},"featured_media":3484,"comment_status":"open","ping_status":"closed","template":"","meta":{"_uag_custom_page_level_css":"","site-sidebar-layout":"default","site-content-layout":"","ast-site-content-layout":"default","site-content-style":"default","site-sidebar-style":"default","ast-global-header-display":"","ast-banner-title-visibility":"","ast-main-header-display":"","ast-hfb-above-header-display":"","ast-hfb-below-header-display":"","ast-hfb-mobile-header-display":"","site-post-title":"","ast-breadcrumbs-content":"","ast-featured-img":"","footer-sml-layout":"","ast-disable-related-posts":"","theme-transparent-header-meta":"default","adv-header-id-meta":"","stick-header-meta":"","header-above-stick-meta":"","header-main-stick-meta":"","header-below-stick-meta":"","astra-migrate-meta-layouts":"set","ast-page-background-enabled":"default","ast-page-background-meta":{"desktop":{"background-color":"","background-image":"","background-repeat":"repeat","background-position":"center center","background-size":"auto","background-attachment":"scroll","background-type":"","background-media":"","overlay-type":"","overlay-color":"","overlay-opacity":"","overlay-gradient":""},"tablet":{"background-color":"","background-image":"","background-repeat":"repeat","background-position":"center center","background-size":"auto","background-attachment":"scroll","background-type":"","background-media":"","overlay-type":"","overlay-color":"","overlay-opacity":"","overlay-gradient":""},"mobile":{"background-color":"","background-image":"","background-repeat":"repeat","background-position":"center center","background-size":"auto","background-attachment":"scroll","background-type":"","background-media":"","overlay-type":"","overlay-color":"","overlay-opacity":"","overlay-gradient":""}},"ast-content-background-meta":{"desktop":{"background-color":"var(--ast-global-color-5)","background-image":"","background-repeat":"repeat","background-position":"center center","background-size":"auto","background-attachment":"scroll","background-type":"","background-media":"","overlay-type":"","overlay-color":"","overlay-opacity":"","overlay-gradient":""},"tablet":{"background-color":"var(--ast-global-color-5)","background-image":"","background-repeat":"repeat","background-position":"center center","background-size":"auto","background-attachment":"scroll","background-type":"","background-media":"","overlay-type":"","overlay-color":"","overlay-opacity":"","overlay-gradient":""},"mobile":{"background-color":"var(--ast-global-color-5)","background-image":"","background-repeat":"repeat","background-position":"center center","background-size":"auto","background-attachment":"scroll","background-type":"","background-media":"","overlay-type":"","overlay-color":"","overlay-opacity":"","overlay-gradient":""}}},"product_brand":[],"product_cat":[65,32],"product_tag":[70,68,71,69],"class_list":{"0":"post-3474","1":"product","2":"type-product","3":"status-publish","4":"has-post-thumbnail","6":"product_cat-0-to-6months-oem","7":"product_cat-customize","8":"product_tag-babypillow","9":"product_tag-cuteanimalpillow","10":"product_tag-headshapesupport","11":"product_tag-kouniushapingpillow","12":"desktop-align-left","13":"tablet-align-left","14":"mobile-align-left","16":"first","17":"instock","18":"shipping-taxable","19":"product-type-simple"},"aioseo_notices":[],"uagb_featured_image_src":{"full":["https:\/\/babypillowwholesale.com\/wp-content\/uploads\/2025\/04\/0001.jpg",1000,1000,false],"thumbnail":["https:\/\/babypillowwholesale.com\/wp-content\/uploads\/2025\/04\/0001-150x150.jpg",150,150,true],"medium":["https:\/\/babypillowwholesale.com\/wp-content\/uploads\/2025\/04\/0001-300x300.jpg",300,300,true],"medium_large":["https:\/\/babypillowwholesale.com\/wp-content\/uploads\/2025\/04\/0001-768x768.jpg",768,768,true],"large":["https:\/\/babypillowwholesale.com\/wp-content\/uploads\/2025\/04\/0001.jpg",1000,1000,false],"1536x1536":["https:\/\/babypillowwholesale.com\/wp-content\/uploads\/2025\/04\/0001.jpg",1000,1000,false],"2048x2048":["https:\/\/babypillowwholesale.com\/wp-content\/uploads\/2025\/04\/0001.jpg",1000,1000,false],"trp-custom-language-flag":["https:\/\/babypillowwholesale.com\/wp-content\/uploads\/2025\/04\/0001.jpg",12,12,false],"woocommerce_thumbnail":["https:\/\/babypillowwholesale.com\/wp-content\/uploads\/2025\/04\/0001-300x300.jpg",300,300,true],"woocommerce_single":["https:\/\/babypillowwholesale.com\/wp-content\/uploads\/2025\/04\/0001-600x600.jpg",600,600,true],"woocommerce_gallery_thumbnail":["https:\/\/babypillowwholesale.com\/wp-content\/uploads\/2025\/04\/0001-100x100.jpg",100,100,true]},"uagb_author_info":{"display_name":"Etnen zhong","author_link":"https:\/\/babypillowwholesale.com\/fr\/author\/"},"uagb_comment_info":0,"uagb_excerpt":"This Memory Foam Pillow - Round Pillow Core, suitable for babies from 0 - 6 months, offers great potential for pattern customization and design. The smooth surface of the pillow core provides an ideal canvas for various designs. Gentle, baby - friendly motifs such as cute animal prints, soft floral patterns, or whimsical celestial elements\u2026","jetpack_sharing_enabled":true,"_links":{"self":[{"href":"https:\/\/babypillowwholesale.com\/fr\/wp-json\/wp\/v2\/product\/3474","targetHints":{"allow":["GET"]}}],"collection":[{"href":"https:\/\/babypillowwholesale.com\/fr\/wp-json\/wp\/v2\/product"}],"about":[{"href":"https:\/\/babypillowwholesale.com\/fr\/wp-json\/wp\/v2\/types\/product"}],"replies":[{"embeddable":true,"href":"https:\/\/babypillowwholesale.com\/fr\/wp-json\/wp\/v2\/comments?post=3474"}],"wp:featuredmedia":[{"embeddable":true,"href":"https:\/\/babypillowwholesale.com\/fr\/wp-json\/wp\/v2\/media\/3484"}],"wp:attachment":[{"href":"https:\/\/babypillowwholesale.com\/fr\/wp-json\/wp\/v2\/media?parent=3474"}],"wp:term":[{"taxonomy":"product_brand","embeddable":true,"href":"https:\/\/babypillowwholesale.com\/fr\/wp-json\/wp\/v2\/product_brand?post=3474"},{"taxonomy":"product_cat","embeddable":true,"href":"https:\/\/babypillowwholesale.com\/fr\/wp-json\/wp\/v2\/product_cat?post=3474"},{"taxonomy":"product_tag","embeddable":true,"href":"https:\/\/babypillowwholesale.com\/fr\/wp-json\/wp\/v2\/product_tag?post=3474"}],"curies":[{"name":"wp","href":"https:\/\/api.w.org\/{rel}","templated":true}]}}