{"id":3415,"date":"2025-04-15T10:00:44","date_gmt":"2025-04-15T10:00:44","guid":{"rendered":"https:\/\/babypillowwholesale.com\/?post_type=product&#038;p=3415"},"modified":"2025-06-08T03:12:46","modified_gmt":"2025-06-08T03:12:46","slug":"dot-plush-childrens-pillow","status":"publish","type":"product","link":"https:\/\/babypillowwholesale.com\/fr\/product\/dot-plush-childrens-pillow\/","title":{"rendered":"Dot - Oreiller en peluche pour enfants"},"content":{"rendered":"<div class=\"auto-hide-last-sibling-br paragraph-qzbcQC paragraph-element br-paragraph-space\" data-immersive-translate-walked=\"8e61f2e7-6af2-46e5-9672-3b9e4f4033d9\" data-immersive-translate-paragraph=\"1\">\n<div class=\"auto-hide-last-sibling-br paragraph-qzbcQC paragraph-element br-paragraph-space\">\n<div class=\"auto-hide-last-sibling-br paragraph-qzbcQC paragraph-element br-paragraph-space\">\n<div class=\"auto-hide-last-sibling-br paragraph-qzbcQC paragraph-element br-paragraph-space\">\n<div class=\"auto-hide-last-sibling-br paragraph-qzbcQC paragraph-element br-paragraph-space\">\n<div class=\"auto-hide-last-sibling-br paragraph-qzbcQC paragraph-element br-paragraph-space\">\n<div class=\"inter-wlTS5w\">\n<div class=\"container-QE4ayg\">\n<div class=\"item-jU10IN\">\n<div class=\"container-jODEnh chrome70-container\">\n<div class=\"inner-eE95c9 inner-item-aL3Ui_\" data-target-id=\"message-box-target-id\" data-testid=\"union_message\">\n<div class=\"message-block-container-liuetz\" data-testid=\"message-block-container\">\n<div class=\"message-box-ZWbBdF\" data-testid=\"receive_message\">\n<div class=\"message-box-content-wrapper-srHdUj\">\n<div class=\"message-content message-box-content-otxGGw receive-message-box-content-_lREFj samantha-message-box-content-Qjmpja\" data-testid=\"message_content\">\n<div class=\"container-hfX5E8 flow-markdown-body theme-samantha-yJEgBp\" dir=\"ltr\" data-testid=\"message_text_content\" data-show-indicator=\"false\">\n<div class=\"auto-hide-last-sibling-br paragraph-qzbcQC paragraph-element br-paragraph-space\">\n<div class=\"auto-hide-last-sibling-br paragraph-qzbcQC paragraph-element br-paragraph-space\">\n<div class=\"auto-hide-last-sibling-br paragraph-qzbcQC paragraph-element br-paragraph-space\">\n<div class=\"auto-hide-last-sibling-br paragraph-qzbcQC paragraph-element br-paragraph-space\">\n<div class=\"auto-hide-last-sibling-br paragraph-qzbcQC paragraph-element br-paragraph-space\">Offrez \u00e0 votre enfant la douceur luxueuse du Dot - Plush Children's Pillow, m\u00e9ticuleusement con\u00e7u pour les 2 \u00e0 8 ans. Sa surface, orn\u00e9e d'une s\u00e9rie de points d\u00e9licats en relief, cr\u00e9e une exp\u00e9rience tactile et r\u00e9confortante unique, comme un doux c\u00e2lin pour la t\u00eate de votre enfant. Dimensions : 45*<em>28*<\/em>3\/5CM, il offre un soutien optimal \u00e0 la t\u00eate et \u00e0 la nuque, garantissant une position de sommeil saine et reposante, qu'il s'agisse d'un lit pour la nuit ou d'une sieste confortable l'apr\u00e8s-midi. Disponible en rose charmant ou en bleu apaisant, il s'int\u00e8gre facilement \u00e0 tout d\u00e9cor de chambre \u00e0 coucher.<\/div>\n<p>&nbsp;<\/p>\n<div class=\"auto-hide-last-sibling-br paragraph-qzbcQC paragraph-element br-paragraph-space\">Les parents ne tarissent pas d'\u00e9loges sur son attrait : Mon enfant adore sa texture - il l'appelle son \"nuage doux\" ! C'est devenu un incontournable \u00e0 l'heure du coucher\", a d\u00e9clar\u00e9 une maman ravie. Un p\u00e8re ajoute : \"Il est \u00e9galement durable - apr\u00e8s d'innombrables lavages, la peluche reste douce. Il vaut chaque centime !\"<\/div>\n<p>&nbsp;<\/p>\n<div class=\"auto-hide-last-sibling-br paragraph-qzbcQC paragraph-element br-paragraph-space\">Parfait pour les histoires \u00e0 l'heure du coucher, les siestes paresseuses du week-end ou simplement pour ajouter une touche de confort \u00e0 leur espace de sommeil, cet oreiller transforme les moments ordinaires en exp\u00e9riences sereines et douillettes. C'est plus qu'un simple oreiller, c'est un compagnon pr\u00e9cieux pour chaque sommeil rempli de r\u00eaves.<\/div>\n<\/div>\n<\/div>\n<\/div>\n<\/div>\n<\/div>\n<\/div>\n<\/div>\n<\/div>\n<\/div>\n<\/div>\n<\/div>\n<\/div>\n<\/div>\n<\/div>\n<\/div>\n<\/div>\n<\/div>\n<\/div>\n<\/div>\n<\/div>","protected":false},"excerpt":{"rendered":"<p>L'oreiller pour enfants Dot - Plush est un excellent choix pour les enfants \u00e2g\u00e9s de 2 \u00e0 8 ans. Sa surface est recouverte d'une texture douce de peluche \u00e0 points, qui offre non seulement une exp\u00e9rience tactile unique, mais ajoute \u00e9galement une touche de luxe. Avec une sp\u00e9cification de 45*<em>28*<\/em>3\/5CM, il offre une taille confortable qui soutient correctement la t\u00eate et le cou. Disponible en deux couleurs charmantes, rose et bleu, il peut s'adapter \u00e0 diff\u00e9rents d\u00e9cors de chambre. Fabriqu\u00e9 \u00e0 partir de mat\u00e9riaux de haute qualit\u00e9, cet oreiller garantit un sommeil douillet et r\u00e9parateur, aidant les enfants \u00e0 se d\u00e9tendre et \u00e0 profiter d'une bonne nuit de repos. C'est un m\u00e9lange parfait de confort et de style pour les jeunes dormeurs.<\/p>","protected":false},"featured_media":3416,"comment_status":"open","ping_status":"closed","template":"","meta":{"_uag_custom_page_level_css":"","site-sidebar-layout":"default","site-content-layout":"","ast-site-content-layout":"default","site-content-style":"default","site-sidebar-style":"default","ast-global-header-display":"","ast-banner-title-visibility":"","ast-main-header-display":"","ast-hfb-above-header-display":"","ast-hfb-below-header-display":"","ast-hfb-mobile-header-display":"","site-post-title":"","ast-breadcrumbs-content":"","ast-featured-img":"","footer-sml-layout":"","ast-disable-related-posts":"","theme-transparent-header-meta":"default","adv-header-id-meta":"","stick-header-meta":"","header-above-stick-meta":"","header-main-stick-meta":"","header-below-stick-meta":"","astra-migrate-meta-layouts":"set","ast-page-background-enabled":"default","ast-page-background-meta":{"desktop":{"background-color":"","background-image":"","background-repeat":"repeat","background-position":"center center","background-size":"auto","background-attachment":"scroll","background-type":"","background-media":"","overlay-type":"","overlay-color":"","overlay-opacity":"","overlay-gradient":""},"tablet":{"background-color":"","background-image":"","background-repeat":"repeat","background-position":"center center","background-size":"auto","background-attachment":"scroll","background-type":"","background-media":"","overlay-type":"","overlay-color":"","overlay-opacity":"","overlay-gradient":""},"mobile":{"background-color":"","background-image":"","background-repeat":"repeat","background-position":"center center","background-size":"auto","background-attachment":"scroll","background-type":"","background-media":"","overlay-type":"","overlay-color":"","overlay-opacity":"","overlay-gradient":""}},"ast-content-background-meta":{"desktop":{"background-color":"var(--ast-global-color-5)","background-image":"","background-repeat":"repeat","background-position":"center center","background-size":"auto","background-attachment":"scroll","background-type":"","background-media":"","overlay-type":"","overlay-color":"","overlay-opacity":"","overlay-gradient":""},"tablet":{"background-color":"var(--ast-global-color-5)","background-image":"","background-repeat":"repeat","background-position":"center center","background-size":"auto","background-attachment":"scroll","background-type":"","background-media":"","overlay-type":"","overlay-color":"","overlay-opacity":"","overlay-gradient":""},"mobile":{"background-color":"var(--ast-global-color-5)","background-image":"","background-repeat":"repeat","background-position":"center center","background-size":"auto","background-attachment":"scroll","background-type":"","background-media":"","overlay-type":"","overlay-color":"","overlay-opacity":"","overlay-gradient":""}}},"product_brand":[],"product_cat":[57,42],"product_tag":[70,68,71,69],"class_list":{"0":"post-3415","1":"product","2":"type-product","3":"status-publish","4":"has-post-thumbnail","6":"product_cat-2-to-8-years","7":"product_cat-merchandise","8":"product_tag-babypillow","9":"product_tag-cuteanimalpillow","10":"product_tag-headshapesupport","11":"product_tag-kouniushapingpillow","12":"desktop-align-left","13":"tablet-align-left","14":"mobile-align-left","16":"first","17":"instock","18":"shipping-taxable","19":"product-type-simple"},"aioseo_notices":[],"uagb_featured_image_src":{"full":["https:\/\/babypillowwholesale.com\/wp-content\/uploads\/2025\/04\/1703.jpg",1000,1000,false],"thumbnail":["https:\/\/babypillowwholesale.com\/wp-content\/uploads\/2025\/04\/1703-150x150.jpg",150,150,true],"medium":["https:\/\/babypillowwholesale.com\/wp-content\/uploads\/2025\/04\/1703-300x300.jpg",300,300,true],"medium_large":["https:\/\/babypillowwholesale.com\/wp-content\/uploads\/2025\/04\/1703-768x768.jpg",768,768,true],"large":["https:\/\/babypillowwholesale.com\/wp-content\/uploads\/2025\/04\/1703.jpg",1000,1000,false],"1536x1536":["https:\/\/babypillowwholesale.com\/wp-content\/uploads\/2025\/04\/1703.jpg",1000,1000,false],"2048x2048":["https:\/\/babypillowwholesale.com\/wp-content\/uploads\/2025\/04\/1703.jpg",1000,1000,false],"trp-custom-language-flag":["https:\/\/babypillowwholesale.com\/wp-content\/uploads\/2025\/04\/1703.jpg",12,12,false],"woocommerce_thumbnail":["https:\/\/babypillowwholesale.com\/wp-content\/uploads\/2025\/04\/1703-300x300.jpg",300,300,true],"woocommerce_single":["https:\/\/babypillowwholesale.com\/wp-content\/uploads\/2025\/04\/1703-600x600.jpg",600,600,true],"woocommerce_gallery_thumbnail":["https:\/\/babypillowwholesale.com\/wp-content\/uploads\/2025\/04\/1703-100x100.jpg",100,100,true]},"uagb_author_info":{"display_name":"Etnen zhong","author_link":"https:\/\/babypillowwholesale.com\/fr\/author\/"},"uagb_comment_info":0,"uagb_excerpt":"The Dot - Plush Children's Pillow is an excellent choice for children aged 2 - 8 years. Its surface is covered with a soft dot - plush texture, which not only offers a unique tactile experience but also adds a touch of luxury. With a specification of 45*28*3\/5CM, it provides a comfortable size that gives\u2026","jetpack_sharing_enabled":true,"_links":{"self":[{"href":"https:\/\/babypillowwholesale.com\/fr\/wp-json\/wp\/v2\/product\/3415","targetHints":{"allow":["GET"]}}],"collection":[{"href":"https:\/\/babypillowwholesale.com\/fr\/wp-json\/wp\/v2\/product"}],"about":[{"href":"https:\/\/babypillowwholesale.com\/fr\/wp-json\/wp\/v2\/types\/product"}],"replies":[{"embeddable":true,"href":"https:\/\/babypillowwholesale.com\/fr\/wp-json\/wp\/v2\/comments?post=3415"}],"wp:featuredmedia":[{"embeddable":true,"href":"https:\/\/babypillowwholesale.com\/fr\/wp-json\/wp\/v2\/media\/3416"}],"wp:attachment":[{"href":"https:\/\/babypillowwholesale.com\/fr\/wp-json\/wp\/v2\/media?parent=3415"}],"wp:term":[{"taxonomy":"product_brand","embeddable":true,"href":"https:\/\/babypillowwholesale.com\/fr\/wp-json\/wp\/v2\/product_brand?post=3415"},{"taxonomy":"product_cat","embeddable":true,"href":"https:\/\/babypillowwholesale.com\/fr\/wp-json\/wp\/v2\/product_cat?post=3415"},{"taxonomy":"product_tag","embeddable":true,"href":"https:\/\/babypillowwholesale.com\/fr\/wp-json\/wp\/v2\/product_tag?post=3415"}],"curies":[{"name":"wp","href":"https:\/\/api.w.org\/{rel}","templated":true}]}}