{"id":3411,"date":"2025-04-15T08:13:19","date_gmt":"2025-04-15T08:13:19","guid":{"rendered":"https:\/\/babypillowwholesale.com\/?post_type=product&#038;p=3411"},"modified":"2025-06-08T03:18:15","modified_gmt":"2025-06-08T03:18:15","slug":"good-bear-and-happy-rabbit-childrens-pillow","status":"publish","type":"product","link":"https:\/\/babypillowwholesale.com\/fr\/product\/good-bear-and-happy-rabbit-childrens-pillow\/","title":{"rendered":"Oreiller pour enfants Bon Ours et Joyeux Lapin"},"content":{"rendered":"<div class=\"auto-hide-last-sibling-br paragraph-qzbcQC paragraph-element br-paragraph-space\" data-immersive-translate-walked=\"8e61f2e7-6af2-46e5-9672-3b9e4f4033d9\" data-immersive-translate-paragraph=\"1\">\n<div class=\"auto-hide-last-sibling-br paragraph-qzbcQC paragraph-element br-paragraph-space\">\n<div class=\"auto-hide-last-sibling-br paragraph-qzbcQC paragraph-element br-paragraph-space\">\n<div class=\"auto-hide-last-sibling-br paragraph-qzbcQC paragraph-element br-paragraph-space\">\n<div class=\"auto-hide-last-sibling-br paragraph-qzbcQC paragraph-element br-paragraph-space\">\n<div class=\"auto-hide-last-sibling-br paragraph-qzbcQC paragraph-element br-paragraph-space\">\n<div class=\"inter-wlTS5w\">\n<div class=\"container-QE4ayg\">\n<div class=\"item-jU10IN\">\n<div class=\"container-jODEnh chrome70-container\">\n<div class=\"inner-eE95c9 inner-item-aL3Ui_\" data-target-id=\"message-box-target-id\" data-testid=\"union_message\">\n<div class=\"message-block-container-liuetz\" data-testid=\"message-block-container\">\n<div class=\"message-box-ZWbBdF\" data-testid=\"receive_message\">\n<div class=\"message-box-content-wrapper-srHdUj\">\n<div class=\"message-content message-box-content-otxGGw receive-message-box-content-_lREFj samantha-message-box-content-Qjmpja\" data-testid=\"message_content\">\n<div class=\"container-hfX5E8 flow-markdown-body theme-samantha-yJEgBp\" dir=\"ltr\" data-testid=\"message_text_content\" data-show-indicator=\"false\">\n<div class=\"auto-hide-last-sibling-br paragraph-qzbcQC paragraph-element br-paragraph-space\">\n<div class=\"auto-hide-last-sibling-br paragraph-qzbcQC paragraph-element br-paragraph-space\">\n<div class=\"auto-hide-last-sibling-br paragraph-qzbcQC paragraph-element br-paragraph-space\">L'oreiller pour enfants Good Bear and Happy Rabbit est un charmant compagnon de sommeil con\u00e7u pour les enfants \u00e2g\u00e9s de 2 \u00e0 8 ans. Cet oreiller pr\u00e9sente deux motifs enchanteurs : d'un c\u00f4t\u00e9, un adorable ours orn\u00e9 d'une joyeuse \u00e9charpe, et de l'autre, un charmant lapin, tous deux plac\u00e9s sur des fonds aux tons doux. Disponible en rose (parfait pour le lapin) et en vert fonc\u00e9 (qui compl\u00e8te le charme de l'ours), il r\u00e9pond \u00e0 diverses pr\u00e9f\u00e9rences esth\u00e9tiques.<\/div>\n<p>&nbsp;<\/p>\n<div class=\"auto-hide-last-sibling-br paragraph-qzbcQC paragraph-element br-paragraph-space\">Avec une sp\u00e9cification de 45*<em>28*<\/em>3\/5CM, il offre une taille id\u00e9ale pour les jeunes dormeurs, en soutenant amplement la t\u00eate et le cou. Fabriqu\u00e9 \u00e0 partir de mat\u00e9riaux ultra-doux, il garantit un sommeil douillet et reposant, que votre enfant s'endorme apr\u00e8s une journ\u00e9e de jeu bien remplie ou qu'il s'installe pour la sieste du week-end. Les ravissants imprim\u00e9s animaliers ajoutent une touche de fantaisie \u00e0 toute chambre, la transformant en un havre de paix ludique.<\/div>\n<p>&nbsp;<\/p>\n<div class=\"auto-hide-last-sibling-br paragraph-qzbcQC paragraph-element br-paragraph-space\">Les parents ne tarissent pas d'\u00e9loges sur son attrait. \"Mon fils de 5 ans adore passer du c\u00f4t\u00e9 ours au c\u00f4t\u00e9 lapin ! L'oreiller est si doux et les couleurs sont \u00e9clatantes. C'est devenu l'un de ses moments pr\u00e9f\u00e9r\u00e9s au moment du coucher\", a d\u00e9clar\u00e9 une maman ravie. Un papa ajoute : \"Nous appr\u00e9cions la qualit\u00e9 - apr\u00e8s des mois d'utilisation et de lavages, il est toujours aussi beau. C'est un merveilleux m\u00e9lange de confort et de beaut\u00e9\".<\/div>\n<p>&nbsp;<\/p>\n<div class=\"auto-hide-last-sibling-br paragraph-qzbcQC paragraph-element br-paragraph-space\">Par essence, cet oreiller n'est pas seulement destin\u00e9 au sommeil ; il constitue un ajout charmant \u00e0 toute chambre d'enfant, stimulant l'imagination pendant les p\u00e9riodes de jeu et offrant un doux refuge pour le repos. C'est un choix parfait pour am\u00e9liorer le confort et la joie de vivre de votre enfant au quotidien.<\/div>\n<\/div>\n<\/div>\n<\/div>\n<\/div>\n<\/div>\n<\/div>\n<\/div>\n<\/div>\n<\/div>\n<\/div>\n<\/div>\n<\/div>\n<\/div>\n<\/div>\n<\/div>\n<\/div>\n<\/div>\n<\/div>","protected":false},"excerpt":{"rendered":"<p>L'oreiller pour enfants Good Bear and Happy Rabbit est un excellent accessoire de sommeil pour les enfants \u00e2g\u00e9s de 2 \u00e0 8 ans. Il pr\u00e9sente deux jolis motifs : un ours mignon sur le c\u00f4t\u00e9 bleu clair et un charmant lapin sur le c\u00f4t\u00e9 rose, pour r\u00e9pondre aux diff\u00e9rentes pr\u00e9f\u00e9rences. Avec une sp\u00e9cification de 45*, l'oreiller pour enfants est un excellent accessoire de sommeil pour les enfants de 2 \u00e0 8 ans.<em>28*<\/em>3\/5CM, il offre une taille confortable pour les enfants de cette tranche d'\u00e2ge. L'oreiller est fabriqu\u00e9 \u00e0 partir de mat\u00e9riaux doux, garantissant un sommeil douillet et r\u00e9parateur. Il offre non seulement un soutien ad\u00e9quat \u00e0 la t\u00eate et au cou, mais ajoute \u00e9galement une touche de douceur \u00e0 la chambre gr\u00e2ce \u00e0 ses ravissants motifs d'animaux, ce qui en fait un excellent choix pour am\u00e9liorer l'exp\u00e9rience de sommeil des enfants.<\/p>","protected":false},"featured_media":3412,"comment_status":"open","ping_status":"closed","template":"","meta":{"_uag_custom_page_level_css":"","site-sidebar-layout":"default","site-content-layout":"","ast-site-content-layout":"default","site-content-style":"default","site-sidebar-style":"default","ast-global-header-display":"","ast-banner-title-visibility":"","ast-main-header-display":"","ast-hfb-above-header-display":"","ast-hfb-below-header-display":"","ast-hfb-mobile-header-display":"","site-post-title":"","ast-breadcrumbs-content":"","ast-featured-img":"","footer-sml-layout":"","ast-disable-related-posts":"","theme-transparent-header-meta":"default","adv-header-id-meta":"","stick-header-meta":"","header-above-stick-meta":"","header-main-stick-meta":"","header-below-stick-meta":"","astra-migrate-meta-layouts":"set","ast-page-background-enabled":"default","ast-page-background-meta":{"desktop":{"background-color":"","background-image":"","background-repeat":"repeat","background-position":"center center","background-size":"auto","background-attachment":"scroll","background-type":"","background-media":"","overlay-type":"","overlay-color":"","overlay-opacity":"","overlay-gradient":""},"tablet":{"background-color":"","background-image":"","background-repeat":"repeat","background-position":"center center","background-size":"auto","background-attachment":"scroll","background-type":"","background-media":"","overlay-type":"","overlay-color":"","overlay-opacity":"","overlay-gradient":""},"mobile":{"background-color":"","background-image":"","background-repeat":"repeat","background-position":"center center","background-size":"auto","background-attachment":"scroll","background-type":"","background-media":"","overlay-type":"","overlay-color":"","overlay-opacity":"","overlay-gradient":""}},"ast-content-background-meta":{"desktop":{"background-color":"var(--ast-global-color-5)","background-image":"","background-repeat":"repeat","background-position":"center center","background-size":"auto","background-attachment":"scroll","background-type":"","background-media":"","overlay-type":"","overlay-color":"","overlay-opacity":"","overlay-gradient":""},"tablet":{"background-color":"var(--ast-global-color-5)","background-image":"","background-repeat":"repeat","background-position":"center center","background-size":"auto","background-attachment":"scroll","background-type":"","background-media":"","overlay-type":"","overlay-color":"","overlay-opacity":"","overlay-gradient":""},"mobile":{"background-color":"var(--ast-global-color-5)","background-image":"","background-repeat":"repeat","background-position":"center center","background-size":"auto","background-attachment":"scroll","background-type":"","background-media":"","overlay-type":"","overlay-color":"","overlay-opacity":"","overlay-gradient":""}}},"product_brand":[],"product_cat":[57,42],"product_tag":[70,68,71,69],"class_list":{"0":"post-3411","1":"product","2":"type-product","3":"status-publish","4":"has-post-thumbnail","6":"product_cat-2-to-8-years","7":"product_cat-merchandise","8":"product_tag-babypillow","9":"product_tag-cuteanimalpillow","10":"product_tag-headshapesupport","11":"product_tag-kouniushapingpillow","12":"desktop-align-left","13":"tablet-align-left","14":"mobile-align-left","16":"first","17":"instock","18":"shipping-taxable","19":"product-type-simple"},"aioseo_notices":[],"uagb_featured_image_src":{"full":["https:\/\/babypillowwholesale.com\/wp-content\/uploads\/2025\/04\/1630.jpg",1000,1000,false],"thumbnail":["https:\/\/babypillowwholesale.com\/wp-content\/uploads\/2025\/04\/1630-150x150.jpg",150,150,true],"medium":["https:\/\/babypillowwholesale.com\/wp-content\/uploads\/2025\/04\/1630-300x300.jpg",300,300,true],"medium_large":["https:\/\/babypillowwholesale.com\/wp-content\/uploads\/2025\/04\/1630-768x768.jpg",768,768,true],"large":["https:\/\/babypillowwholesale.com\/wp-content\/uploads\/2025\/04\/1630.jpg",1000,1000,false],"1536x1536":["https:\/\/babypillowwholesale.com\/wp-content\/uploads\/2025\/04\/1630.jpg",1000,1000,false],"2048x2048":["https:\/\/babypillowwholesale.com\/wp-content\/uploads\/2025\/04\/1630.jpg",1000,1000,false],"trp-custom-language-flag":["https:\/\/babypillowwholesale.com\/wp-content\/uploads\/2025\/04\/1630.jpg",12,12,false],"woocommerce_thumbnail":["https:\/\/babypillowwholesale.com\/wp-content\/uploads\/2025\/04\/1630-300x300.jpg",300,300,true],"woocommerce_single":["https:\/\/babypillowwholesale.com\/wp-content\/uploads\/2025\/04\/1630-600x600.jpg",600,600,true],"woocommerce_gallery_thumbnail":["https:\/\/babypillowwholesale.com\/wp-content\/uploads\/2025\/04\/1630-100x100.jpg",100,100,true]},"uagb_author_info":{"display_name":"Etnen zhong","author_link":"https:\/\/babypillowwholesale.com\/fr\/author\/"},"uagb_comment_info":0,"uagb_excerpt":"The Good Bear and Happy Rabbit Children's Pillow is an excellent sleep accessory for children aged 2 - 8 years. Its design features two lovely patterns: a cute bear on the light blue side and a charming rabbit on the pink side, catering to different preferences. With a specification of 45*28*3\/5CM, it provides a comfortable\u2026","jetpack_sharing_enabled":true,"_links":{"self":[{"href":"https:\/\/babypillowwholesale.com\/fr\/wp-json\/wp\/v2\/product\/3411","targetHints":{"allow":["GET"]}}],"collection":[{"href":"https:\/\/babypillowwholesale.com\/fr\/wp-json\/wp\/v2\/product"}],"about":[{"href":"https:\/\/babypillowwholesale.com\/fr\/wp-json\/wp\/v2\/types\/product"}],"replies":[{"embeddable":true,"href":"https:\/\/babypillowwholesale.com\/fr\/wp-json\/wp\/v2\/comments?post=3411"}],"wp:featuredmedia":[{"embeddable":true,"href":"https:\/\/babypillowwholesale.com\/fr\/wp-json\/wp\/v2\/media\/3412"}],"wp:attachment":[{"href":"https:\/\/babypillowwholesale.com\/fr\/wp-json\/wp\/v2\/media?parent=3411"}],"wp:term":[{"taxonomy":"product_brand","embeddable":true,"href":"https:\/\/babypillowwholesale.com\/fr\/wp-json\/wp\/v2\/product_brand?post=3411"},{"taxonomy":"product_cat","embeddable":true,"href":"https:\/\/babypillowwholesale.com\/fr\/wp-json\/wp\/v2\/product_cat?post=3411"},{"taxonomy":"product_tag","embeddable":true,"href":"https:\/\/babypillowwholesale.com\/fr\/wp-json\/wp\/v2\/product_tag?post=3411"}],"curies":[{"name":"wp","href":"https:\/\/api.w.org\/{rel}","templated":true}]}}