{"id":3389,"date":"2025-04-11T08:14:21","date_gmt":"2025-04-11T08:14:21","guid":{"rendered":"https:\/\/babypillowwholesale.com\/?post_type=product&#038;p=3389"},"modified":"2025-06-08T08:00:10","modified_gmt":"2025-06-08T08:00:10","slug":"heart-printed-shaping-pillow","status":"publish","type":"product","link":"https:\/\/babypillowwholesale.com\/fr\/product\/heart-printed-shaping-pillow\/","title":{"rendered":"C\u0153ur - Oreiller de modelage imprim\u00e9"},"content":{"rendered":"<div class=\"auto-hide-last-sibling-br paragraph-qzbcQC paragraph-element br-paragraph-space\" data-immersive-translate-walked=\"8e61f2e7-6af2-46e5-9672-3b9e4f4033d9\" data-immersive-translate-paragraph=\"1\">\n<div class=\"auto-hide-last-sibling-br paragraph-qzbcQC paragraph-element br-paragraph-space\">\n<div class=\"auto-hide-last-sibling-br paragraph-qzbcQC paragraph-element br-paragraph-space\">\n<div class=\"auto-hide-last-sibling-br paragraph-qzbcQC paragraph-element br-paragraph-space\">\n<div class=\"auto-hide-last-sibling-br paragraph-qzbcQC paragraph-element br-paragraph-space\">\n<div class=\"auto-hide-last-sibling-br paragraph-qzbcQC paragraph-element br-paragraph-space\">Voici le Heart - Printed Shaping Pillow, un compagnon de sommeil captivant et essentiel con\u00e7u pour les nourrissons \u00e2g\u00e9s de 0 \u00e0 6 mois. Cet oreiller est un m\u00e9lange harmonieux de beaut\u00e9 et de fonctionnalit\u00e9, sa surface servant de toile \u00e0 une d\u00e9licieuse gamme d'imprim\u00e9s al\u00e9atoires. Des c\u0153urs d\u00e9licats, des oiseaux qui voltigent et des \u00e9l\u00e9ments floraux d\u00e9licats dansent sur le tissu, cr\u00e9ant une symphonie visuelle qui apaise les sens et \u00e9voque un sentiment de chaleur et de tendresse.<\/div>\n<p>&nbsp;<\/p>\n<div class=\"auto-hide-last-sibling-br paragraph-qzbcQC paragraph-element br-paragraph-space\">M\u00e9ticuleusement fabriqu\u00e9, l'oreiller offre un soutien doux mais ferme qui est essentiel pour aider \u00e0 former et maintenir la t\u00eate de votre b\u00e9b\u00e9 pendant ces premiers mois cruciaux. Dimensions : 27*.<em>26*<\/em>2,5CM, il se niche confortablement dans le lit de b\u00e9b\u00e9, offrant un havre de paix et de s\u00e9curit\u00e9 \u00e0 votre petit.<\/div>\n<p>&nbsp;<\/p>\n<div class=\"auto-hide-last-sibling-br paragraph-qzbcQC paragraph-element br-paragraph-space\">Imaginez votre pr\u00e9cieux b\u00e9b\u00e9 allong\u00e9 dans son berceau, la t\u00eate confortablement berc\u00e9e par cet oreiller. Pendant la sieste, il devient un refuge doux et accueillant, tandis que la nuit, il offre un sentiment de s\u00e9curit\u00e9, aidant votre b\u00e9b\u00e9 \u00e0 sombrer dans un sommeil paisible. Il ajoute \u00e9galement une touche de charme \u00e0 la chambre de b\u00e9b\u00e9, transformant l'espace en un environnement plus accueillant et plus chaleureux.<\/div>\n<p>&nbsp;<\/p>\n<div class=\"auto-hide-last-sibling-br paragraph-qzbcQC paragraph-element br-paragraph-space\">Les parents ne tarissent pas d'\u00e9loges sur ce produit. \"Je suis absolument amoureuse de l'oreiller modelant Heart - Printed Shaping Pillow ! Il n'est pas seulement adorable, mais il semble aussi garder mon b\u00e9b\u00e9 tr\u00e8s \u00e0 l'aise. Les imprim\u00e9s sont si mignons, et j'adore le fait qu'il aide \u00e0 former la t\u00eate\", s'est extasi\u00e9e une nouvelle maman. Un papa ajoute : \"Nous avons remarqu\u00e9 une r\u00e9elle diff\u00e9rence dans le sommeil de notre b\u00e9b\u00e9 depuis que nous utilisons cet oreiller. Il est bien fabriqu\u00e9 et son design est parfait pour notre chambre d'enfant. Une belle trouvaille !<\/div>\n<p>&nbsp;<\/p>\n<div class=\"auto-hide-last-sibling-br paragraph-qzbcQC paragraph-element br-paragraph-space\">Par essence, l'oreiller modelable imprim\u00e9 en forme de c\u0153ur est plus qu'un simple article de literie ; c'est un \u00e9l\u00e9ment pr\u00e9cieux de la vie de votre b\u00e9b\u00e9, qui apporte \u00e0 chaque moment de sommeil confort, tendresse et sentiment de s\u00e9curit\u00e9.<\/div>\n<\/div>\n<\/div>\n<\/div>\n<\/div>\n<\/div>","protected":false},"excerpt":{"rendered":"<p>L'oreiller modelable Heart - Printed est un accessoire de sommeil charmant et fonctionnel con\u00e7u pour les nourrissons \u00e2g\u00e9s de 0 \u00e0 6 mois. Sa surface est orn\u00e9e de jolis motifs al\u00e9atoires de c\u0153urs, d'oiseaux et d'\u00e9l\u00e9ments floraux, cr\u00e9ant un attrait visuel doux et apaisant. Fabriqu\u00e9 avec soin, il offre un soutien doux pour aider \u00e0 former et \u00e0 maintenir la t\u00eate du b\u00e9b\u00e9. Mesure 27*<em>26*<\/em>2,5CM, il s'adapte confortablement au lit de b\u00e9b\u00e9. Cet oreiller offre non seulement un lieu de repos doux et confortable pour le b\u00e9b\u00e9, mais il ajoute \u00e9galement une touche de chaleur et d'\u00e9l\u00e9gance \u00e0 la chambre de b\u00e9b\u00e9, ce qui en fait un choix id\u00e9al pour assurer un environnement de sommeil paisible \u00e0 votre enfant.<\/p>","protected":false},"featured_media":3390,"comment_status":"open","ping_status":"closed","template":"","meta":{"_uag_custom_page_level_css":"","site-sidebar-layout":"default","site-content-layout":"","ast-site-content-layout":"default","site-content-style":"default","site-sidebar-style":"default","ast-global-header-display":"","ast-banner-title-visibility":"","ast-main-header-display":"","ast-hfb-above-header-display":"","ast-hfb-below-header-display":"","ast-hfb-mobile-header-display":"","site-post-title":"","ast-breadcrumbs-content":"","ast-featured-img":"","footer-sml-layout":"","ast-disable-related-posts":"","theme-transparent-header-meta":"default","adv-header-id-meta":"","stick-header-meta":"","header-above-stick-meta":"","header-main-stick-meta":"","header-below-stick-meta":"","astra-migrate-meta-layouts":"set","ast-page-background-enabled":"default","ast-page-background-meta":{"desktop":{"background-color":"","background-image":"","background-repeat":"repeat","background-position":"center center","background-size":"auto","background-attachment":"scroll","background-type":"","background-media":"","overlay-type":"","overlay-color":"","overlay-opacity":"","overlay-gradient":""},"tablet":{"background-color":"","background-image":"","background-repeat":"repeat","background-position":"center center","background-size":"auto","background-attachment":"scroll","background-type":"","background-media":"","overlay-type":"","overlay-color":"","overlay-opacity":"","overlay-gradient":""},"mobile":{"background-color":"","background-image":"","background-repeat":"repeat","background-position":"center center","background-size":"auto","background-attachment":"scroll","background-type":"","background-media":"","overlay-type":"","overlay-color":"","overlay-opacity":"","overlay-gradient":""}},"ast-content-background-meta":{"desktop":{"background-color":"var(--ast-global-color-5)","background-image":"","background-repeat":"repeat","background-position":"center center","background-size":"auto","background-attachment":"scroll","background-type":"","background-media":"","overlay-type":"","overlay-color":"","overlay-opacity":"","overlay-gradient":""},"tablet":{"background-color":"var(--ast-global-color-5)","background-image":"","background-repeat":"repeat","background-position":"center center","background-size":"auto","background-attachment":"scroll","background-type":"","background-media":"","overlay-type":"","overlay-color":"","overlay-opacity":"","overlay-gradient":""},"mobile":{"background-color":"var(--ast-global-color-5)","background-image":"","background-repeat":"repeat","background-position":"center center","background-size":"auto","background-attachment":"scroll","background-type":"","background-media":"","overlay-type":"","overlay-color":"","overlay-opacity":"","overlay-gradient":""}}},"product_brand":[],"product_cat":[54,42],"product_tag":[70,68,71,69],"class_list":{"0":"post-3389","1":"product","2":"type-product","3":"status-publish","4":"has-post-thumbnail","6":"product_cat-0-to-6months","7":"product_cat-merchandise","8":"product_tag-babypillow","9":"product_tag-cuteanimalpillow","10":"product_tag-headshapesupport","11":"product_tag-kouniushapingpillow","12":"desktop-align-left","13":"tablet-align-left","14":"mobile-align-left","16":"first","17":"instock","18":"shipping-taxable","19":"product-type-simple"},"aioseo_notices":[],"uagb_featured_image_src":{"full":["https:\/\/babypillowwholesale.com\/wp-content\/uploads\/2025\/04\/1009.jpg",1000,1000,false],"thumbnail":["https:\/\/babypillowwholesale.com\/wp-content\/uploads\/2025\/04\/1009-150x150.jpg",150,150,true],"medium":["https:\/\/babypillowwholesale.com\/wp-content\/uploads\/2025\/04\/1009-300x300.jpg",300,300,true],"medium_large":["https:\/\/babypillowwholesale.com\/wp-content\/uploads\/2025\/04\/1009-768x768.jpg",768,768,true],"large":["https:\/\/babypillowwholesale.com\/wp-content\/uploads\/2025\/04\/1009.jpg",1000,1000,false],"1536x1536":["https:\/\/babypillowwholesale.com\/wp-content\/uploads\/2025\/04\/1009.jpg",1000,1000,false],"2048x2048":["https:\/\/babypillowwholesale.com\/wp-content\/uploads\/2025\/04\/1009.jpg",1000,1000,false],"trp-custom-language-flag":["https:\/\/babypillowwholesale.com\/wp-content\/uploads\/2025\/04\/1009.jpg",12,12,false],"woocommerce_thumbnail":["https:\/\/babypillowwholesale.com\/wp-content\/uploads\/2025\/04\/1009-300x300.jpg",300,300,true],"woocommerce_single":["https:\/\/babypillowwholesale.com\/wp-content\/uploads\/2025\/04\/1009-600x600.jpg",600,600,true],"woocommerce_gallery_thumbnail":["https:\/\/babypillowwholesale.com\/wp-content\/uploads\/2025\/04\/1009-100x100.jpg",100,100,true]},"uagb_author_info":{"display_name":"Etnen zhong","author_link":"https:\/\/babypillowwholesale.com\/fr\/author\/"},"uagb_comment_info":0,"uagb_excerpt":"The Heart - Printed Shaping Pillow is a charming and functional sleep accessory designed for infants aged 0 - 6 months. Its surface is adorned with lovely random prints of hearts, birds, and floral elements, creating a sweet and soothing visual appeal. Crafted with care, it provides gentle support to help shape and maintain the\u2026","jetpack_sharing_enabled":true,"_links":{"self":[{"href":"https:\/\/babypillowwholesale.com\/fr\/wp-json\/wp\/v2\/product\/3389","targetHints":{"allow":["GET"]}}],"collection":[{"href":"https:\/\/babypillowwholesale.com\/fr\/wp-json\/wp\/v2\/product"}],"about":[{"href":"https:\/\/babypillowwholesale.com\/fr\/wp-json\/wp\/v2\/types\/product"}],"replies":[{"embeddable":true,"href":"https:\/\/babypillowwholesale.com\/fr\/wp-json\/wp\/v2\/comments?post=3389"}],"wp:featuredmedia":[{"embeddable":true,"href":"https:\/\/babypillowwholesale.com\/fr\/wp-json\/wp\/v2\/media\/3390"}],"wp:attachment":[{"href":"https:\/\/babypillowwholesale.com\/fr\/wp-json\/wp\/v2\/media?parent=3389"}],"wp:term":[{"taxonomy":"product_brand","embeddable":true,"href":"https:\/\/babypillowwholesale.com\/fr\/wp-json\/wp\/v2\/product_brand?post=3389"},{"taxonomy":"product_cat","embeddable":true,"href":"https:\/\/babypillowwholesale.com\/fr\/wp-json\/wp\/v2\/product_cat?post=3389"},{"taxonomy":"product_tag","embeddable":true,"href":"https:\/\/babypillowwholesale.com\/fr\/wp-json\/wp\/v2\/product_tag?post=3389"}],"curies":[{"name":"wp","href":"https:\/\/api.w.org\/{rel}","templated":true}]}}