{"id":3386,"date":"2025-04-11T08:03:37","date_gmt":"2025-04-11T08:03:37","guid":{"rendered":"https:\/\/babypillowwholesale.com\/?post_type=product&#038;p=3386"},"modified":"2025-06-08T08:05:40","modified_gmt":"2025-06-08T08:05:40","slug":"bear-ear-printed-shaping-pillow","status":"publish","type":"product","link":"https:\/\/babypillowwholesale.com\/fr\/product\/bear-ear-printed-shaping-pillow\/","title":{"rendered":"Oreiller de modelage imprim\u00e9 Oreille d'ours"},"content":{"rendered":"<div class=\"auto-hide-last-sibling-br paragraph-qzbcQC paragraph-element br-paragraph-space\" data-immersive-translate-walked=\"8e61f2e7-6af2-46e5-9672-3b9e4f4033d9\" data-immersive-translate-paragraph=\"1\">\n<div class=\"auto-hide-last-sibling-br paragraph-qzbcQC paragraph-element br-paragraph-space\">\n<div class=\"auto-hide-last-sibling-br paragraph-qzbcQC paragraph-element br-paragraph-space\">\n<div class=\"auto-hide-last-sibling-br paragraph-qzbcQC paragraph-element br-paragraph-space\">\n<div class=\"auto-hide-last-sibling-br paragraph-qzbcQC paragraph-element br-paragraph-space\">Voici l'oreiller modelant imprim\u00e9 en forme d'oreille d'ours, un compagnon de sommeil charmant et essentiel, con\u00e7u pour les b\u00e9b\u00e9s de 0 \u00e0 6 mois. Cet oreiller est une symphonie de mignonnerie et de fonctionnalit\u00e9, avec un design attachant qui pr\u00e9sente de charmants contours en forme d'oreilles d'ours. Sa surface est une toile de joie, orn\u00e9e d'une d\u00e9licieuse gamme d'imprim\u00e9s al\u00e9atoires repr\u00e9sentant d'adorables motifs d'ours, des ballons fantaisistes et des fruits sucr\u00e9s, le tout contribuant \u00e0 une atmosph\u00e8re de pur charme.<\/div>\n<p>&nbsp;<\/p>\n<div class=\"auto-hide-last-sibling-br paragraph-qzbcQC paragraph-element br-paragraph-space\">Fabriqu\u00e9 \u00e0 partir de mat\u00e9riaux de qualit\u00e9 sup\u00e9rieure, il offre une \u00e9treinte douce mais qui soutient l'enfant. Cet oreiller est con\u00e7u pour bercer la t\u00eate de votre b\u00e9b\u00e9 et l'aider \u00e0 conserver une forme saine pendant les premiers mois de sa vie. Dimensions : 28*<em>21*<\/em>1,5CM, il se niche parfaitement dans le lit de b\u00e9b\u00e9, cr\u00e9ant ainsi un havre de paix et de s\u00e9curit\u00e9 pour votre petit.<\/div>\n<p>&nbsp;<\/p>\n<div class=\"auto-hide-last-sibling-br paragraph-qzbcQC paragraph-element br-paragraph-space\">Imaginez votre pr\u00e9cieux b\u00e9b\u00e9 couch\u00e9 dans son berceau, la t\u00eate confortablement nich\u00e9e sur cet oreiller. Pendant la sieste, il offre une surface douce et accueillante, tandis que la nuit, il devient une source de confort et de s\u00e9curit\u00e9, aidant votre b\u00e9b\u00e9 \u00e0 s'endormir paisiblement. Il constitue \u00e9galement une belle pi\u00e8ce d\u00e9corative dans la chambre de b\u00e9b\u00e9, ajoutant une touche de fantaisie \u00e0 la d\u00e9coration de la pi\u00e8ce.<\/div>\n<p>&nbsp;<\/p>\n<div class=\"auto-hide-last-sibling-br paragraph-qzbcQC paragraph-element br-paragraph-space\">Les parents sont ravis de ce produit. \"Cet oreiller modelant imprim\u00e9 Oreille d'ours est indispensable ! Mon b\u00e9b\u00e9 semble tellement plus \u00e0 l'aise, et les imprim\u00e9s mignons en font un produit phare dans la chambre de b\u00e9b\u00e9. J'adore le fait qu'il aide aussi \u00e0 former la t\u00eate\", s'enthousiasme une nouvelle maman. Un papa ajoute : \"Nous sommes vraiment impressionn\u00e9s par la qualit\u00e9. Il est doux, durable et son design est tout simplement adorable. Il est devenu un \u00e9l\u00e9ment essentiel de l'organisation du sommeil de notre b\u00e9b\u00e9\".<\/div>\n<p>&nbsp;<\/p>\n<div class=\"auto-hide-last-sibling-br paragraph-qzbcQC paragraph-element br-paragraph-space\">Par essence, l'oreiller modelable imprim\u00e9 Ourson est un m\u00e9lange harmonieux de confort, de mignonnerie et de praticit\u00e9. Ce n'est pas seulement un article de literie ; c'est un \u00e9l\u00e9ment pr\u00e9cieux de la vie de votre b\u00e9b\u00e9, qui enrichit chaque moment de sommeil par son soutien tendre et sa pr\u00e9sence charmante.<\/div>\n<\/div>\n<\/div>\n<\/div>\n<\/div>","protected":false},"excerpt":{"rendered":"<p>L'oreiller modelant imprim\u00e9 Ourson est une aide au sommeil charmante et pratique pour les nourrissons \u00e2g\u00e9s de 0 \u00e0 6 mois. Il pr\u00e9sente des formes mignonnes ressemblant \u00e0 des oreilles d'ours et est orn\u00e9 d'impressions al\u00e9atoires d'adorables motifs d'ours et d'autres \u00e9l\u00e9ments adorables. Fabriqu\u00e9 avec des mat\u00e9riaux de qualit\u00e9, il offre un soutien doux pour aider \u00e0 maintenir la forme de la t\u00eate du b\u00e9b\u00e9. Dimensions : 28*<em>21*<\/em>1,5CM, il s'adapte parfaitement au berceau du b\u00e9b\u00e9. Cet oreiller offre non seulement un lieu de repos doux et confortable pour le b\u00e9b\u00e9, mais il ajoute \u00e9galement une touche d'\u00e9l\u00e9gance \u00e0 la chambre d'enfant, cr\u00e9ant ainsi un environnement agr\u00e9able pour le sommeil du b\u00e9b\u00e9.<\/p>","protected":false},"featured_media":3387,"comment_status":"open","ping_status":"closed","template":"","meta":{"_uag_custom_page_level_css":"","site-sidebar-layout":"default","site-content-layout":"","ast-site-content-layout":"default","site-content-style":"default","site-sidebar-style":"default","ast-global-header-display":"","ast-banner-title-visibility":"","ast-main-header-display":"","ast-hfb-above-header-display":"","ast-hfb-below-header-display":"","ast-hfb-mobile-header-display":"","site-post-title":"","ast-breadcrumbs-content":"","ast-featured-img":"","footer-sml-layout":"","ast-disable-related-posts":"","theme-transparent-header-meta":"default","adv-header-id-meta":"","stick-header-meta":"","header-above-stick-meta":"","header-main-stick-meta":"","header-below-stick-meta":"","astra-migrate-meta-layouts":"set","ast-page-background-enabled":"default","ast-page-background-meta":{"desktop":{"background-color":"","background-image":"","background-repeat":"repeat","background-position":"center center","background-size":"auto","background-attachment":"scroll","background-type":"","background-media":"","overlay-type":"","overlay-color":"","overlay-opacity":"","overlay-gradient":""},"tablet":{"background-color":"","background-image":"","background-repeat":"repeat","background-position":"center center","background-size":"auto","background-attachment":"scroll","background-type":"","background-media":"","overlay-type":"","overlay-color":"","overlay-opacity":"","overlay-gradient":""},"mobile":{"background-color":"","background-image":"","background-repeat":"repeat","background-position":"center center","background-size":"auto","background-attachment":"scroll","background-type":"","background-media":"","overlay-type":"","overlay-color":"","overlay-opacity":"","overlay-gradient":""}},"ast-content-background-meta":{"desktop":{"background-color":"var(--ast-global-color-5)","background-image":"","background-repeat":"repeat","background-position":"center center","background-size":"auto","background-attachment":"scroll","background-type":"","background-media":"","overlay-type":"","overlay-color":"","overlay-opacity":"","overlay-gradient":""},"tablet":{"background-color":"var(--ast-global-color-5)","background-image":"","background-repeat":"repeat","background-position":"center center","background-size":"auto","background-attachment":"scroll","background-type":"","background-media":"","overlay-type":"","overlay-color":"","overlay-opacity":"","overlay-gradient":""},"mobile":{"background-color":"var(--ast-global-color-5)","background-image":"","background-repeat":"repeat","background-position":"center center","background-size":"auto","background-attachment":"scroll","background-type":"","background-media":"","overlay-type":"","overlay-color":"","overlay-opacity":"","overlay-gradient":""}}},"product_brand":[],"product_cat":[54,42],"product_tag":[70,68,71,69],"class_list":{"0":"post-3386","1":"product","2":"type-product","3":"status-publish","4":"has-post-thumbnail","6":"product_cat-0-to-6months","7":"product_cat-merchandise","8":"product_tag-babypillow","9":"product_tag-cuteanimalpillow","10":"product_tag-headshapesupport","11":"product_tag-kouniushapingpillow","12":"desktop-align-left","13":"tablet-align-left","14":"mobile-align-left","16":"first","17":"instock","18":"shipping-taxable","19":"product-type-simple"},"aioseo_notices":[],"uagb_featured_image_src":{"full":["https:\/\/babypillowwholesale.com\/wp-content\/uploads\/2025\/04\/1010.jpg",1000,1000,false],"thumbnail":["https:\/\/babypillowwholesale.com\/wp-content\/uploads\/2025\/04\/1010-150x150.jpg",150,150,true],"medium":["https:\/\/babypillowwholesale.com\/wp-content\/uploads\/2025\/04\/1010-300x300.jpg",300,300,true],"medium_large":["https:\/\/babypillowwholesale.com\/wp-content\/uploads\/2025\/04\/1010-768x768.jpg",768,768,true],"large":["https:\/\/babypillowwholesale.com\/wp-content\/uploads\/2025\/04\/1010.jpg",1000,1000,false],"1536x1536":["https:\/\/babypillowwholesale.com\/wp-content\/uploads\/2025\/04\/1010.jpg",1000,1000,false],"2048x2048":["https:\/\/babypillowwholesale.com\/wp-content\/uploads\/2025\/04\/1010.jpg",1000,1000,false],"trp-custom-language-flag":["https:\/\/babypillowwholesale.com\/wp-content\/uploads\/2025\/04\/1010.jpg",12,12,false],"woocommerce_thumbnail":["https:\/\/babypillowwholesale.com\/wp-content\/uploads\/2025\/04\/1010-300x300.jpg",300,300,true],"woocommerce_single":["https:\/\/babypillowwholesale.com\/wp-content\/uploads\/2025\/04\/1010-600x600.jpg",600,600,true],"woocommerce_gallery_thumbnail":["https:\/\/babypillowwholesale.com\/wp-content\/uploads\/2025\/04\/1010-100x100.jpg",100,100,true]},"uagb_author_info":{"display_name":"Etnen zhong","author_link":"https:\/\/babypillowwholesale.com\/fr\/author\/"},"uagb_comment_info":0,"uagb_excerpt":"The Bear Ear Printed Shaping Pillow is a charming and practical sleep aid for infants aged 0 - 6 months. Its design features cute bear ear - like shapes and is adorned with delightful random prints of adorable bear motifs and other sweet elements. Made with quality materials, it provides gentle support to help maintain\u2026","jetpack_sharing_enabled":true,"_links":{"self":[{"href":"https:\/\/babypillowwholesale.com\/fr\/wp-json\/wp\/v2\/product\/3386","targetHints":{"allow":["GET"]}}],"collection":[{"href":"https:\/\/babypillowwholesale.com\/fr\/wp-json\/wp\/v2\/product"}],"about":[{"href":"https:\/\/babypillowwholesale.com\/fr\/wp-json\/wp\/v2\/types\/product"}],"replies":[{"embeddable":true,"href":"https:\/\/babypillowwholesale.com\/fr\/wp-json\/wp\/v2\/comments?post=3386"}],"wp:featuredmedia":[{"embeddable":true,"href":"https:\/\/babypillowwholesale.com\/fr\/wp-json\/wp\/v2\/media\/3387"}],"wp:attachment":[{"href":"https:\/\/babypillowwholesale.com\/fr\/wp-json\/wp\/v2\/media?parent=3386"}],"wp:term":[{"taxonomy":"product_brand","embeddable":true,"href":"https:\/\/babypillowwholesale.com\/fr\/wp-json\/wp\/v2\/product_brand?post=3386"},{"taxonomy":"product_cat","embeddable":true,"href":"https:\/\/babypillowwholesale.com\/fr\/wp-json\/wp\/v2\/product_cat?post=3386"},{"taxonomy":"product_tag","embeddable":true,"href":"https:\/\/babypillowwholesale.com\/fr\/wp-json\/wp\/v2\/product_tag?post=3386"}],"curies":[{"name":"wp","href":"https:\/\/api.w.org\/{rel}","templated":true}]}}