{"id":3383,"date":"2025-04-11T07:55:31","date_gmt":"2025-04-11T07:55:31","guid":{"rendered":"https:\/\/babypillowwholesale.com\/?post_type=product&#038;p=3383"},"modified":"2025-06-08T08:07:13","modified_gmt":"2025-06-08T08:07:13","slug":"little-apple-memory-pillow","status":"publish","type":"product","link":"https:\/\/babypillowwholesale.com\/fr\/product\/little-apple-memory-pillow\/","title":{"rendered":"Oreiller \u00e0 m\u00e9moire de forme Little Apple"},"content":{"rendered":"<div class=\"auto-hide-last-sibling-br paragraph-qzbcQC paragraph-element br-paragraph-space\" data-immersive-translate-walked=\"8e61f2e7-6af2-46e5-9672-3b9e4f4033d9\" data-immersive-translate-paragraph=\"1\">\n<div class=\"auto-hide-last-sibling-br paragraph-qzbcQC paragraph-element br-paragraph-space\">\n<div class=\"auto-hide-last-sibling-br paragraph-qzbcQC paragraph-element br-paragraph-space\">\n<div class=\"auto-hide-last-sibling-br paragraph-qzbcQC paragraph-element br-paragraph-space\">Voici l'oreiller \u00e0 m\u00e9moire de forme Little Apple, un compagnon de sommeil adorable et indispensable, con\u00e7u sp\u00e9cialement pour les b\u00e9b\u00e9s de 0 \u00e0 3 mois. Cet oreiller, avec sa charmante silhouette en forme de pomme, attire imm\u00e9diatement le regard et d\u00e9gage une impression de douceur et d'espi\u00e8glerie d\u00e8s le d\u00e9part.<\/div>\n<p>&nbsp;<\/p>\n<div class=\"auto-hide-last-sibling-br paragraph-qzbcQC paragraph-element br-paragraph-space\">Fabriqu\u00e9 en mousse \u00e0 m\u00e9moire de forme de premi\u00e8re qualit\u00e9, il est un mod\u00e8le de confort. Il se moule doucement et sans heurts aux contours uniques de la t\u00eate de votre b\u00e9b\u00e9, offrant un niveau de soutien sur mesure, \u00e0 la fois tendre et rassurant. La surface de l'oreiller est une toile de charme, orn\u00e9e de d\u00e9licieux motifs al\u00e9atoires qui ajoutent une touche de fantaisie et de chaleur. Chaque imprim\u00e9 est comme une petite histoire qui contribue \u00e0 la beaut\u00e9 g\u00e9n\u00e9rale de l'oreiller.<\/div>\n<p>&nbsp;<\/p>\n<div class=\"auto-hide-last-sibling-br paragraph-qzbcQC paragraph-element br-paragraph-space\">Mesurant un petit 20*<em>22*<\/em>1,5CM, il se niche parfaitement dans le lit de b\u00e9b\u00e9, cr\u00e9ant un havre de paix pour votre petit. Imaginez votre pr\u00e9cieux enfant couch\u00e9 dans son berceau, la t\u00eate doucement berc\u00e9e par ce petit oreiller en forme de pomme. Il devient un endroit doux et s\u00fbr o\u00f9 il peut s'endormir paisiblement, entour\u00e9 de la douce \u00e9treinte de la mousse \u00e0 m\u00e9moire de forme et des jolis motifs.<\/div>\n<p>&nbsp;<\/p>\n<div class=\"auto-hide-last-sibling-br paragraph-qzbcQC paragraph-element br-paragraph-space\">Pendant les premiers jours, lorsque votre b\u00e9b\u00e9 passe le plus clair de son temps \u00e0 dormir, l'oreiller \u00e0 m\u00e9moire de forme Little Apple est une source constante de confort. Qu'il s'agisse d'une courte sieste pendant la journ\u00e9e ou d'un long sommeil pendant la nuit, cet oreiller offre une surface constante et apaisante. Il devient \u00e9galement un point de mire dans la chambre de b\u00e9b\u00e9, ajoutant une touche de douceur \u00e0 la d\u00e9coration g\u00e9n\u00e9rale.<\/div>\n<p>&nbsp;<\/p>\n<div class=\"auto-hide-last-sibling-br paragraph-qzbcQC paragraph-element br-paragraph-space\">Les parents ne tarissent pas d'\u00e9loges sur ce d\u00e9licieux oreiller. \"J'adore l'oreiller \u00e0 m\u00e9moire de forme Little Apple ! Il est si mignon et mon nouveau-n\u00e9 semble tellement plus \u00e0 l'aise. La mousse \u00e0 m\u00e9moire de forme change la donne\", s'exclame une nouvelle maman. Un papa a ajout\u00e9 : \"Nous aimons le fait qu'il ajoute un peu de charme \u00e0 la chambre de b\u00e9b\u00e9. Il a bien r\u00e9sist\u00e9, et il semble vraiment aider notre b\u00e9b\u00e9 \u00e0 mieux dormir.\"<\/div>\n<p>&nbsp;<\/p>\n<div class=\"auto-hide-last-sibling-br paragraph-qzbcQC paragraph-element br-paragraph-space\">Par essence, l'oreiller \u00e0 m\u00e9moire de forme Little Apple est un m\u00e9lange harmonieux de confort, d'\u00e9l\u00e9gance et de fonctionnalit\u00e9. Il ne s'agit pas seulement d'un article de literie, mais d'un \u00e9l\u00e9ment pr\u00e9cieux de la vie de votre b\u00e9b\u00e9, qui impr\u00e8gne chaque moment de sommeil d'un sentiment de tranquillit\u00e9 et de tendresse.<\/div>\n<\/div>\n<\/div>\n<\/div>","protected":false},"excerpt":{"rendered":"<p>L'oreiller \u00e0 m\u00e9moire de forme Little Apple est un accessoire de sommeil doux et pratique con\u00e7u pour les b\u00e9b\u00e9s \u00e2g\u00e9s de 0 \u00e0 3 mois. En forme de pomme, il attire imm\u00e9diatement l'attention par sa forme adorable. Fabriqu\u00e9 en mousse \u00e0 m\u00e9moire de forme, il s'adapte doucement \u00e0 la t\u00eate du b\u00e9b\u00e9, lui offrant un soutien doux et personnalis\u00e9. La surface est d\u00e9cor\u00e9e de charmants motifs al\u00e9atoires, qui ajoutent une touche de charme. D'une taille compacte de 20*<em>22*<\/em>1,5CM, il s'adapte parfaitement au lit de b\u00e9b\u00e9. Cet oreiller permet non seulement de maintenir la forme de la t\u00eate du b\u00e9b\u00e9, mais il offre \u00e9galement un lieu de repos douillet et confortable, cr\u00e9ant ainsi un environnement serein pour le sommeil paisible du b\u00e9b\u00e9.<\/p>","protected":false},"featured_media":3384,"comment_status":"open","ping_status":"closed","template":"","meta":{"_uag_custom_page_level_css":"","site-sidebar-layout":"default","site-content-layout":"","ast-site-content-layout":"default","site-content-style":"default","site-sidebar-style":"default","ast-global-header-display":"","ast-banner-title-visibility":"","ast-main-header-display":"","ast-hfb-above-header-display":"","ast-hfb-below-header-display":"","ast-hfb-mobile-header-display":"","site-post-title":"","ast-breadcrumbs-content":"","ast-featured-img":"","footer-sml-layout":"","ast-disable-related-posts":"","theme-transparent-header-meta":"default","adv-header-id-meta":"","stick-header-meta":"","header-above-stick-meta":"","header-main-stick-meta":"","header-below-stick-meta":"","astra-migrate-meta-layouts":"set","ast-page-background-enabled":"default","ast-page-background-meta":{"desktop":{"background-color":"","background-image":"","background-repeat":"repeat","background-position":"center center","background-size":"auto","background-attachment":"scroll","background-type":"","background-media":"","overlay-type":"","overlay-color":"","overlay-opacity":"","overlay-gradient":""},"tablet":{"background-color":"","background-image":"","background-repeat":"repeat","background-position":"center center","background-size":"auto","background-attachment":"scroll","background-type":"","background-media":"","overlay-type":"","overlay-color":"","overlay-opacity":"","overlay-gradient":""},"mobile":{"background-color":"","background-image":"","background-repeat":"repeat","background-position":"center center","background-size":"auto","background-attachment":"scroll","background-type":"","background-media":"","overlay-type":"","overlay-color":"","overlay-opacity":"","overlay-gradient":""}},"ast-content-background-meta":{"desktop":{"background-color":"var(--ast-global-color-5)","background-image":"","background-repeat":"repeat","background-position":"center center","background-size":"auto","background-attachment":"scroll","background-type":"","background-media":"","overlay-type":"","overlay-color":"","overlay-opacity":"","overlay-gradient":""},"tablet":{"background-color":"var(--ast-global-color-5)","background-image":"","background-repeat":"repeat","background-position":"center center","background-size":"auto","background-attachment":"scroll","background-type":"","background-media":"","overlay-type":"","overlay-color":"","overlay-opacity":"","overlay-gradient":""},"mobile":{"background-color":"var(--ast-global-color-5)","background-image":"","background-repeat":"repeat","background-position":"center center","background-size":"auto","background-attachment":"scroll","background-type":"","background-media":"","overlay-type":"","overlay-color":"","overlay-opacity":"","overlay-gradient":""}}},"product_brand":[],"product_cat":[54,42],"product_tag":[70,68,71,69],"class_list":{"0":"post-3383","1":"product","2":"type-product","3":"status-publish","4":"has-post-thumbnail","6":"product_cat-0-to-6months","7":"product_cat-merchandise","8":"product_tag-babypillow","9":"product_tag-cuteanimalpillow","10":"product_tag-headshapesupport","11":"product_tag-kouniushapingpillow","12":"desktop-align-left","13":"tablet-align-left","14":"mobile-align-left","16":"first","17":"instock","18":"shipping-taxable","19":"product-type-simple"},"aioseo_notices":[],"uagb_featured_image_src":{"full":["https:\/\/babypillowwholesale.com\/wp-content\/uploads\/2025\/04\/1003.jpg",1000,1000,false],"thumbnail":["https:\/\/babypillowwholesale.com\/wp-content\/uploads\/2025\/04\/1003-150x150.jpg",150,150,true],"medium":["https:\/\/babypillowwholesale.com\/wp-content\/uploads\/2025\/04\/1003-300x300.jpg",300,300,true],"medium_large":["https:\/\/babypillowwholesale.com\/wp-content\/uploads\/2025\/04\/1003-768x768.jpg",768,768,true],"large":["https:\/\/babypillowwholesale.com\/wp-content\/uploads\/2025\/04\/1003.jpg",1000,1000,false],"1536x1536":["https:\/\/babypillowwholesale.com\/wp-content\/uploads\/2025\/04\/1003.jpg",1000,1000,false],"2048x2048":["https:\/\/babypillowwholesale.com\/wp-content\/uploads\/2025\/04\/1003.jpg",1000,1000,false],"trp-custom-language-flag":["https:\/\/babypillowwholesale.com\/wp-content\/uploads\/2025\/04\/1003.jpg",12,12,false],"woocommerce_thumbnail":["https:\/\/babypillowwholesale.com\/wp-content\/uploads\/2025\/04\/1003-300x300.jpg",300,300,true],"woocommerce_single":["https:\/\/babypillowwholesale.com\/wp-content\/uploads\/2025\/04\/1003-600x600.jpg",600,600,true],"woocommerce_gallery_thumbnail":["https:\/\/babypillowwholesale.com\/wp-content\/uploads\/2025\/04\/1003-100x100.jpg",100,100,true]},"uagb_author_info":{"display_name":"Etnen zhong","author_link":"https:\/\/babypillowwholesale.com\/fr\/author\/"},"uagb_comment_info":0,"uagb_excerpt":"The Little Apple Memory Pillow is a sweet and practical sleep essential designed for infants aged 0 - 3 months. Shaped like a cute apple, it immediately catches the eye with its adorable form. Made of memory foam, it softly conforms to the baby's head, providing gentle and customized support. The surface is decorated with\u2026","jetpack_sharing_enabled":true,"_links":{"self":[{"href":"https:\/\/babypillowwholesale.com\/fr\/wp-json\/wp\/v2\/product\/3383","targetHints":{"allow":["GET"]}}],"collection":[{"href":"https:\/\/babypillowwholesale.com\/fr\/wp-json\/wp\/v2\/product"}],"about":[{"href":"https:\/\/babypillowwholesale.com\/fr\/wp-json\/wp\/v2\/types\/product"}],"replies":[{"embeddable":true,"href":"https:\/\/babypillowwholesale.com\/fr\/wp-json\/wp\/v2\/comments?post=3383"}],"wp:featuredmedia":[{"embeddable":true,"href":"https:\/\/babypillowwholesale.com\/fr\/wp-json\/wp\/v2\/media\/3384"}],"wp:attachment":[{"href":"https:\/\/babypillowwholesale.com\/fr\/wp-json\/wp\/v2\/media?parent=3383"}],"wp:term":[{"taxonomy":"product_brand","embeddable":true,"href":"https:\/\/babypillowwholesale.com\/fr\/wp-json\/wp\/v2\/product_brand?post=3383"},{"taxonomy":"product_cat","embeddable":true,"href":"https:\/\/babypillowwholesale.com\/fr\/wp-json\/wp\/v2\/product_cat?post=3383"},{"taxonomy":"product_tag","embeddable":true,"href":"https:\/\/babypillowwholesale.com\/fr\/wp-json\/wp\/v2\/product_tag?post=3383"}],"curies":[{"name":"wp","href":"https:\/\/api.w.org\/{rel}","templated":true}]}}