{"id":3380,"date":"2025-04-11T07:23:24","date_gmt":"2025-04-11T07:23:24","guid":{"rendered":"https:\/\/babypillowwholesale.com\/?post_type=product&#038;p=3380"},"modified":"2025-06-08T08:11:45","modified_gmt":"2025-06-08T08:11:45","slug":"little-bear-memory-pillow","status":"publish","type":"product","link":"https:\/\/babypillowwholesale.com\/fr\/product\/little-bear-memory-pillow\/","title":{"rendered":"Oreiller \u00e0 m\u00e9moire de forme Little Bear"},"content":{"rendered":"<div class=\"auto-hide-last-sibling-br paragraph-qzbcQC paragraph-element br-paragraph-space\" data-immersive-translate-walked=\"8e61f2e7-6af2-46e5-9672-3b9e4f4033d9\" data-immersive-translate-paragraph=\"1\">\n<div class=\"auto-hide-last-sibling-br paragraph-qzbcQC paragraph-element br-paragraph-space\">\n<div class=\"auto-hide-last-sibling-br paragraph-qzbcQC paragraph-element br-paragraph-space\">Voici l'oreiller \u00e0 m\u00e9moire de forme Little Bear, un compagnon de sommeil tendre et essentiel, m\u00e9ticuleusement con\u00e7u pour les b\u00e9b\u00e9s de 0 \u00e0 6 mois. Cet oreiller est un parangon de confort, fabriqu\u00e9 \u00e0 partir de mousse \u00e0 m\u00e9moire de forme de premi\u00e8re qualit\u00e9 qui \u00e9pouse gracieusement les contours de la t\u00eate de votre b\u00e9b\u00e9. Il offre une \u00e9treinte sur mesure, garantissant un confort doux mais soutenu, ce qui est crucial pour le d\u00e9veloppement de la forme de la t\u00eate de votre enfant.<\/div>\n<p>&nbsp;<\/p>\n<div class=\"auto-hide-last-sibling-br paragraph-qzbcQC paragraph-element br-paragraph-space\">La surface de l'oreiller est un canevas de mignonnerie, orn\u00e9 d'une s\u00e9rie d'impressions al\u00e9atoires d\u00e9licieuses pr\u00e9sentant de charmants petits motifs d'ours. Chaque ours, avec son expression attachante et son comportement enjou\u00e9, ajoute une touche de fantaisie et de chaleur, faisant de ce coussin non seulement un objet fonctionnel, mais aussi une source de joie visuelle.<\/div>\n<p>&nbsp;<\/p>\n<div class=\"auto-hide-last-sibling-br paragraph-qzbcQC paragraph-element br-paragraph-space\">Mesure d'un compact 25*<em>20*<\/em>1,5CM, il convient parfaitement au berceau ou au couffin de b\u00e9b\u00e9. Imaginez votre pr\u00e9cieux b\u00e9b\u00e9, nich\u00e9 dans son espace de sommeil douillet, sa petite t\u00eate reposant doucement sur cet oreiller. Il devient un havre de douceur, un endroit o\u00f9 il peut s'endormir paisiblement, entour\u00e9 de la pr\u00e9sence r\u00e9confortante des petites empreintes d'ours.<\/div>\n<p>&nbsp;<\/p>\n<div class=\"auto-hide-last-sibling-br paragraph-qzbcQC paragraph-element br-paragraph-space\">Pendant les premiers jours, lorsque votre b\u00e9b\u00e9 fait de courtes siestes tout au long de la journ\u00e9e, l'oreiller \u00e0 m\u00e9moire de forme Little Bear offre un point d'appui constant et confortable. Il constitue \u00e9galement un compl\u00e9ment rassurant pendant le sommeil nocturne, aidant votre b\u00e9b\u00e9 \u00e0 se sentir en s\u00e9curit\u00e9 et \u00e0 l'aise.<\/div>\n<p>&nbsp;<\/p>\n<div class=\"auto-hide-last-sibling-br paragraph-qzbcQC paragraph-element br-paragraph-space\">Les parents sont ravis de ce produit. \"Cet oreiller \u00e0 m\u00e9moire de forme Little Bear a chang\u00e9 la donne ! Mon nouveau-n\u00e9 semble tellement plus \u00e0 l'aise, et j'adore les jolis motifs d'ours. J'ai l'esprit tranquille en sachant qu'il aide aussi \u00e0 la formation de la t\u00eate\", s'est r\u00e9jouie une nouvelle maman. Un papa a ajout\u00e9 : \"Nous sommes vraiment impressionn\u00e9s par la qualit\u00e9. Il a bien r\u00e9sist\u00e9, et il est devenu un \u00e9l\u00e9ment essentiel de l'organisation du sommeil de notre b\u00e9b\u00e9.\"<\/div>\n<p>&nbsp;<\/p>\n<div class=\"auto-hide-last-sibling-br paragraph-qzbcQC paragraph-element br-paragraph-space\">Par essence, l'oreiller \u00e0 m\u00e9moire de forme Little Bear est un m\u00e9lange harmonieux de confort, d'\u00e9l\u00e9gance et de fonctionnalit\u00e9. Il ne s'agit pas simplement d'un article de literie, mais d'un \u00e9l\u00e9ment pr\u00e9cieux des premiers jours de votre b\u00e9b\u00e9, qui insuffle \u00e0 chaque moment de sommeil un sentiment de s\u00e9curit\u00e9 et de tendresse.<\/div>\n<\/div>\n<\/div>","protected":false},"excerpt":{"rendered":"<p>L'oreiller \u00e0 m\u00e9moire de forme Little Bear est un accessoire de sommeil d\u00e9licat et fonctionnel con\u00e7u pour les b\u00e9b\u00e9s \u00e2g\u00e9s de 0 \u00e0 6 mois. Fabriqu\u00e9 en mousse \u00e0 m\u00e9moire de forme, il s'adapte d\u00e9licatement \u00e0 la forme de la t\u00eate de l'enfant, lui offrant un soutien personnalis\u00e9. Sa surface est orn\u00e9e d'adorables impressions al\u00e9atoires de motifs de petits ours, ce qui lui conf\u00e8re un certain charme. D'une taille compacte de 25*<em>20*<\/em>1,5CM, il convient au lit de b\u00e9b\u00e9 ou au couffin. Cet oreiller permet non seulement de maintenir la forme de la t\u00eate de l'enfant, mais il offre \u00e9galement un lieu de repos doux et confortable, cr\u00e9ant ainsi un environnement douillet pour le sommeil de l'enfant.<\/p>","protected":false},"featured_media":3381,"comment_status":"open","ping_status":"closed","template":"","meta":{"_uag_custom_page_level_css":"","site-sidebar-layout":"default","site-content-layout":"","ast-site-content-layout":"default","site-content-style":"default","site-sidebar-style":"default","ast-global-header-display":"","ast-banner-title-visibility":"","ast-main-header-display":"","ast-hfb-above-header-display":"","ast-hfb-below-header-display":"","ast-hfb-mobile-header-display":"","site-post-title":"","ast-breadcrumbs-content":"","ast-featured-img":"","footer-sml-layout":"","ast-disable-related-posts":"","theme-transparent-header-meta":"default","adv-header-id-meta":"","stick-header-meta":"","header-above-stick-meta":"","header-main-stick-meta":"","header-below-stick-meta":"","astra-migrate-meta-layouts":"set","ast-page-background-enabled":"default","ast-page-background-meta":{"desktop":{"background-color":"","background-image":"","background-repeat":"repeat","background-position":"center center","background-size":"auto","background-attachment":"scroll","background-type":"","background-media":"","overlay-type":"","overlay-color":"","overlay-opacity":"","overlay-gradient":""},"tablet":{"background-color":"","background-image":"","background-repeat":"repeat","background-position":"center center","background-size":"auto","background-attachment":"scroll","background-type":"","background-media":"","overlay-type":"","overlay-color":"","overlay-opacity":"","overlay-gradient":""},"mobile":{"background-color":"","background-image":"","background-repeat":"repeat","background-position":"center center","background-size":"auto","background-attachment":"scroll","background-type":"","background-media":"","overlay-type":"","overlay-color":"","overlay-opacity":"","overlay-gradient":""}},"ast-content-background-meta":{"desktop":{"background-color":"var(--ast-global-color-5)","background-image":"","background-repeat":"repeat","background-position":"center center","background-size":"auto","background-attachment":"scroll","background-type":"","background-media":"","overlay-type":"","overlay-color":"","overlay-opacity":"","overlay-gradient":""},"tablet":{"background-color":"var(--ast-global-color-5)","background-image":"","background-repeat":"repeat","background-position":"center center","background-size":"auto","background-attachment":"scroll","background-type":"","background-media":"","overlay-type":"","overlay-color":"","overlay-opacity":"","overlay-gradient":""},"mobile":{"background-color":"var(--ast-global-color-5)","background-image":"","background-repeat":"repeat","background-position":"center center","background-size":"auto","background-attachment":"scroll","background-type":"","background-media":"","overlay-type":"","overlay-color":"","overlay-opacity":"","overlay-gradient":""}}},"product_brand":[],"product_cat":[54,42],"product_tag":[70,68,71,69],"class_list":{"0":"post-3380","1":"product","2":"type-product","3":"status-publish","4":"has-post-thumbnail","6":"product_cat-0-to-6months","7":"product_cat-merchandise","8":"product_tag-babypillow","9":"product_tag-cuteanimalpillow","10":"product_tag-headshapesupport","11":"product_tag-kouniushapingpillow","12":"desktop-align-left","13":"tablet-align-left","14":"mobile-align-left","16":"first","17":"instock","18":"shipping-taxable","19":"product-type-simple"},"aioseo_notices":[],"uagb_featured_image_src":{"full":["https:\/\/babypillowwholesale.com\/wp-content\/uploads\/2025\/04\/1002.jpg",1000,1000,false],"thumbnail":["https:\/\/babypillowwholesale.com\/wp-content\/uploads\/2025\/04\/1002-150x150.jpg",150,150,true],"medium":["https:\/\/babypillowwholesale.com\/wp-content\/uploads\/2025\/04\/1002-300x300.jpg",300,300,true],"medium_large":["https:\/\/babypillowwholesale.com\/wp-content\/uploads\/2025\/04\/1002-768x768.jpg",768,768,true],"large":["https:\/\/babypillowwholesale.com\/wp-content\/uploads\/2025\/04\/1002.jpg",1000,1000,false],"1536x1536":["https:\/\/babypillowwholesale.com\/wp-content\/uploads\/2025\/04\/1002.jpg",1000,1000,false],"2048x2048":["https:\/\/babypillowwholesale.com\/wp-content\/uploads\/2025\/04\/1002.jpg",1000,1000,false],"trp-custom-language-flag":["https:\/\/babypillowwholesale.com\/wp-content\/uploads\/2025\/04\/1002.jpg",12,12,false],"woocommerce_thumbnail":["https:\/\/babypillowwholesale.com\/wp-content\/uploads\/2025\/04\/1002-300x300.jpg",300,300,true],"woocommerce_single":["https:\/\/babypillowwholesale.com\/wp-content\/uploads\/2025\/04\/1002-600x600.jpg",600,600,true],"woocommerce_gallery_thumbnail":["https:\/\/babypillowwholesale.com\/wp-content\/uploads\/2025\/04\/1002-100x100.jpg",100,100,true]},"uagb_author_info":{"display_name":"Etnen zhong","author_link":"https:\/\/babypillowwholesale.com\/fr\/author\/"},"uagb_comment_info":0,"uagb_excerpt":"The Little Bear Memory Pillow is a delicate and functional sleep accessory designed for infants aged 0 - 6 months. Made with memory foam, it gently conforms to the shape of the baby's head, providing customized support. Its surface is adorned with cute random prints of little bear motifs, adding an element of charm. With\u2026","jetpack_sharing_enabled":true,"_links":{"self":[{"href":"https:\/\/babypillowwholesale.com\/fr\/wp-json\/wp\/v2\/product\/3380","targetHints":{"allow":["GET"]}}],"collection":[{"href":"https:\/\/babypillowwholesale.com\/fr\/wp-json\/wp\/v2\/product"}],"about":[{"href":"https:\/\/babypillowwholesale.com\/fr\/wp-json\/wp\/v2\/types\/product"}],"replies":[{"embeddable":true,"href":"https:\/\/babypillowwholesale.com\/fr\/wp-json\/wp\/v2\/comments?post=3380"}],"wp:featuredmedia":[{"embeddable":true,"href":"https:\/\/babypillowwholesale.com\/fr\/wp-json\/wp\/v2\/media\/3381"}],"wp:attachment":[{"href":"https:\/\/babypillowwholesale.com\/fr\/wp-json\/wp\/v2\/media?parent=3380"}],"wp:term":[{"taxonomy":"product_brand","embeddable":true,"href":"https:\/\/babypillowwholesale.com\/fr\/wp-json\/wp\/v2\/product_brand?post=3380"},{"taxonomy":"product_cat","embeddable":true,"href":"https:\/\/babypillowwholesale.com\/fr\/wp-json\/wp\/v2\/product_cat?post=3380"},{"taxonomy":"product_tag","embeddable":true,"href":"https:\/\/babypillowwholesale.com\/fr\/wp-json\/wp\/v2\/product_tag?post=3380"}],"curies":[{"name":"wp","href":"https:\/\/api.w.org\/{rel}","templated":true}]}}