{"id":3359,"date":"2025-04-05T16:49:07","date_gmt":"2025-04-05T16:49:07","guid":{"rendered":"https:\/\/babypillowwholesale.com\/?post_type=product&#038;p=3359"},"modified":"2025-06-08T11:31:51","modified_gmt":"2025-06-08T11:31:51","slug":"cute-little-ox-infant-pillow","status":"publish","type":"product","link":"https:\/\/babypillowwholesale.com\/fr\/product\/cute-little-ox-infant-pillow\/","title":{"rendered":"Oreiller pour b\u00e9b\u00e9 Cute Little Ox"},"content":{"rendered":"<div class=\"auto-hide-last-sibling-br paragraph-qzbcQC paragraph-element br-paragraph-space\" data-immersive-translate-walked=\"8e61f2e7-6af2-46e5-9672-3b9e4f4033d9\" data-immersive-translate-paragraph=\"1\">\n<div class=\"auto-hide-last-sibling-br paragraph-qzbcQC paragraph-element br-paragraph-space\">\n<div class=\"auto-hide-last-sibling-br paragraph-qzbcQC paragraph-element br-paragraph-space\">\n<div class=\"auto-hide-last-sibling-br paragraph-qzbcQC paragraph-element br-paragraph-space\">\n<div class=\"auto-hide-last-sibling-br paragraph-qzbcQC paragraph-element br-paragraph-space\">\n<div class=\"auto-hide-last-sibling-br paragraph-qzbcQC paragraph-element br-paragraph-space\">\n<div class=\"auto-hide-last-sibling-br paragraph-qzbcQC paragraph-element br-paragraph-space\">\n<div class=\"auto-hide-last-sibling-br paragraph-qzbcQC paragraph-element br-paragraph-space\">\n<div class=\"auto-hide-last-sibling-br paragraph-qzbcQC paragraph-element br-paragraph-space\">\n<div class=\"auto-hide-last-sibling-br paragraph-qzbcQC paragraph-element br-paragraph-space\">\n<div class=\"auto-hide-last-sibling-br paragraph-qzbcQC paragraph-element br-paragraph-space\">\n<div class=\"auto-hide-last-sibling-br paragraph-qzbcQC paragraph-element br-paragraph-space\">\n<div class=\"auto-hide-last-sibling-br paragraph-qzbcQC paragraph-element br-paragraph-space\">\n<div class=\"auto-hide-last-sibling-br paragraph-qzbcQC paragraph-element br-paragraph-space\">\n<div class=\"auto-hide-last-sibling-br paragraph-qzbcQC paragraph-element br-paragraph-space\">\n<div class=\"auto-hide-last-sibling-br paragraph-qzbcQC paragraph-element br-paragraph-space\">\n<div class=\"auto-hide-last-sibling-br paragraph-qzbcQC paragraph-element br-paragraph-space\">\n<div class=\"auto-hide-last-sibling-br paragraph-qzbcQC paragraph-element br-paragraph-space\">\n<div class=\"message-box-content-wrapper-srHdUj\">\n<div class=\"message-content message-box-content-otxGGw receive-message-box-content-_lREFj samantha-message-box-content-Qjmpja\" data-testid=\"message_content\">\n<div class=\"container-hfX5E8 flow-markdown-body theme-samantha-yJEgBp\" dir=\"ltr\" data-testid=\"message_text_content\" data-show-indicator=\"false\">\n<div class=\"auto-hide-last-sibling-br paragraph-qzbcQC paragraph-element br-paragraph-space\">Voici l'oreiller pour b\u00e9b\u00e9 Cute Little Ox, un compagnon de sommeil charmant et essentiel pour les enfants \u00e2g\u00e9s de 1 \u00e0 3 ans. Cet oreiller est un chef-d'\u0153uvre de mignonnerie, inspir\u00e9 d'un adorable petit b\u0153uf. Avec ses grands yeux amicaux, ses petites cornes et son expression toujours joyeuse, il respire la chaleur et le charme. Orn\u00e9 d'\u00e9l\u00e9ments fantaisistes tels que des arcs-en-ciel et des \u00e9toiles scintillantes, il cr\u00e9e une atmosph\u00e8re enchanteresse et ludique qui capte l'imagination de votre enfant.<\/div>\n<p>&nbsp;<\/p>\n<div class=\"auto-hide-last-sibling-br paragraph-qzbcQC paragraph-element br-paragraph-space\">Mesure 40*<em>24*<\/em>3CM, il est m\u00e9ticuleusement con\u00e7u pour offrir un soutien optimal \u00e0 la t\u00eate et au cou de votre enfant. Lorsqu'il s'installe pour la nuit, l'oreiller le berce doucement, favorisant une position de sommeil confortable et saine. Fabriqu\u00e9 \u00e0 partir de mat\u00e9riaux somptueusement doux, il offre un toucher velout\u00e9, comme une douce \u00e9treinte, cr\u00e9ant un havre douillet qui berce votre enfant d'un sommeil paisible.<\/div>\n<p>&nbsp;<\/p>\n<div class=\"auto-hide-last-sibling-br paragraph-qzbcQC paragraph-element br-paragraph-space\">Disponible dans les teintes \u00e9clatantes de jaune et de bleu flamboyants, il illumine sans effort n'importe quelle chambre d'enfant, en y ajoutant une touche de couleur et de caract\u00e8re. Imaginez les soir\u00e9es sereines lorsque votre enfant se blottit contre l'oreiller pour b\u00e9b\u00e9 Cute Little Ox. Plus qu'un simple oreiller, c'est un ami de confiance, une source de confort et de s\u00e9curit\u00e9. Pendant la journ\u00e9e, il peut se transformer en favori pour les jeux, en accessoire doux pour ses aventures imaginatives ou en pr\u00e9sence r\u00e9confortante dans les moments d'agitation.<\/div>\n<p>&nbsp;<\/p>\n<div class=\"auto-hide-last-sibling-br paragraph-qzbcQC paragraph-element br-paragraph-space\">Les parents ne tarissent pas d'\u00e9loges sur cet adorable oreiller. \"Mon fils de 2 ans est tomb\u00e9 amoureux de l'oreiller Cute Little Ox ! Le motif est adorable et il est si doux. Ils ont h\u00e2te d'aller se coucher\", a d\u00e9clar\u00e9 une maman ravie. Un papa a ajout\u00e9 : \"Nous aimons la fa\u00e7on dont il ajoute une touche d'amusement \u00e0 la chambre de notre enfant. Il est \u00e9galement durable, ce qui est tr\u00e8s appr\u00e9ciable compte tenu de l'usage qui en est fait. C'est une merveilleuse addition \u00e0 notre maison !<\/div>\n<p>&nbsp;<\/p>\n<div class=\"auto-hide-last-sibling-br paragraph-qzbcQC paragraph-element br-paragraph-space\">Par essence, l'oreiller pour b\u00e9b\u00e9 Cute Little Ox est un m\u00e9lange harmonieux de confort, de mignonnerie et de fonctionnalit\u00e9. Ce n'est pas seulement un article de literie, c'est un \u00e9l\u00e9ment pr\u00e9cieux de la vie quotidienne de votre enfant, qui insuffle \u00e0 chaque instant une touche de magie inspir\u00e9e par le b\u0153uf.<\/div>\n<\/div>\n<\/div>\n<\/div>\n<\/div>\n<\/div>\n<\/div>\n<\/div>\n<\/div>\n<\/div>\n<\/div>\n<\/div>\n<\/div>\n<\/div>\n<\/div>\n<\/div>\n<\/div>\n<\/div>\n<\/div>\n<\/div>\n<\/div>\n<\/div>","protected":false},"excerpt":{"rendered":"<div class=\"container-QE4ayg\">\n<div class=\"item-jU10IN\">\n<div class=\"container-jODEnh chrome70-container\">\n<div class=\"inner-eE95c9 inner-item-aL3Ui_\" data-target-id=\"message-box-target-id\" data-testid=\"union_message\">\n<div class=\"message-block-container-liuetz\" data-testid=\"message-block-container\">\n<div class=\"message-box-ZWbBdF\" data-testid=\"receive_message\">\n<div class=\"message-box-content-wrapper-srHdUj\">\n<div class=\"message-content message-box-content-otxGGw receive-message-box-content-_lREFj samantha-message-box-content-Qjmpja\" data-testid=\"message_content\">\n<div class=\"container-hfX5E8 flow-markdown-body theme-samantha-yJEgBp\" dir=\"ltr\" data-testid=\"message_text_content\" data-show-indicator=\"false\">\n<div class=\"auto-hide-last-sibling-br paragraph-qzbcQC paragraph-element br-paragraph-space\">\n<div class=\"container-QE4ayg\">\n<div class=\"item-jU10IN\">\n<div class=\"container-jODEnh chrome70-container\">\n<div class=\"inner-eE95c9 inner-item-aL3Ui_\" data-target-id=\"message-box-target-id\" data-testid=\"union_message\">\n<div class=\"message-block-container-liuetz\" data-testid=\"message-block-container\">\n<div class=\"message-box-ZWbBdF\" data-testid=\"receive_message\">\n<div class=\"message-box-content-wrapper-srHdUj\">\n<div class=\"message-content message-box-content-otxGGw receive-message-box-content-_lREFj samantha-message-box-content-Qjmpja\" data-testid=\"message_content\">\n<div class=\"container-hfX5E8 flow-markdown-body theme-samantha-yJEgBp\" dir=\"ltr\" data-testid=\"message_text_content\" data-show-indicator=\"false\">\n<div class=\"auto-hide-last-sibling-br paragraph-qzbcQC paragraph-element br-paragraph-space\">L'oreiller pour b\u00e9b\u00e9 Cute Little Ox est un charmant accessoire de sommeil pour les enfants \u00e2g\u00e9s de 1 \u00e0 3 ans. Son design s'inspire d'un adorable petit b\u0153uf, avec un visage amical, de petites cornes et une expression joyeuse. Entour\u00e9 d'\u00e9l\u00e9ments fantaisistes tels que des arcs-en-ciel et des \u00e9toiles, il cr\u00e9e une atmosph\u00e8re ludique et d\u00e9licieuse. Dimensions : 40*<em>24*<\/em>3CM, il offre un soutien ad\u00e9quat \u00e0 la t\u00eate et au cou de l'enfant pendant son sommeil. Fabriqu\u00e9 \u00e0 partir de mat\u00e9riaux doux, il offre un toucher doux et douillet. Disponible en jaune flamboyant et en bleu, il peut ajouter une touche de couleur \u00e0 n'importe quelle chambre d'enfant. Cet oreiller permet non seulement d'assurer un sommeil confortable \u00e0 votre enfant, mais aussi d'ajouter une touche de fantaisie et de joie \u00e0 sa routine du coucher.<\/div>\n<\/div>\n<\/div>\n<\/div>\n<\/div>\n<\/div>\n<\/div>\n<\/div>\n<\/div>\n<\/div>\n<\/div>\n<\/div>\n<\/div>\n<\/div>\n<\/div>\n<\/div>\n<\/div>\n<\/div>\n<\/div>\n<\/div>","protected":false},"featured_media":3360,"comment_status":"open","ping_status":"closed","template":"","meta":{"_uag_custom_page_level_css":"","site-sidebar-layout":"default","site-content-layout":"","ast-site-content-layout":"default","site-content-style":"default","site-sidebar-style":"default","ast-global-header-display":"","ast-banner-title-visibility":"","ast-main-header-display":"","ast-hfb-above-header-display":"","ast-hfb-below-header-display":"","ast-hfb-mobile-header-display":"","site-post-title":"","ast-breadcrumbs-content":"","ast-featured-img":"","footer-sml-layout":"","ast-disable-related-posts":"","theme-transparent-header-meta":"default","adv-header-id-meta":"","stick-header-meta":"","header-above-stick-meta":"","header-main-stick-meta":"","header-below-stick-meta":"","astra-migrate-meta-layouts":"set","ast-page-background-enabled":"default","ast-page-background-meta":{"desktop":{"background-color":"","background-image":"","background-repeat":"repeat","background-position":"center center","background-size":"auto","background-attachment":"scroll","background-type":"","background-media":"","overlay-type":"","overlay-color":"","overlay-opacity":"","overlay-gradient":""},"tablet":{"background-color":"","background-image":"","background-repeat":"repeat","background-position":"center center","background-size":"auto","background-attachment":"scroll","background-type":"","background-media":"","overlay-type":"","overlay-color":"","overlay-opacity":"","overlay-gradient":""},"mobile":{"background-color":"","background-image":"","background-repeat":"repeat","background-position":"center center","background-size":"auto","background-attachment":"scroll","background-type":"","background-media":"","overlay-type":"","overlay-color":"","overlay-opacity":"","overlay-gradient":""}},"ast-content-background-meta":{"desktop":{"background-color":"var(--ast-global-color-5)","background-image":"","background-repeat":"repeat","background-position":"center center","background-size":"auto","background-attachment":"scroll","background-type":"","background-media":"","overlay-type":"","overlay-color":"","overlay-opacity":"","overlay-gradient":""},"tablet":{"background-color":"var(--ast-global-color-5)","background-image":"","background-repeat":"repeat","background-position":"center center","background-size":"auto","background-attachment":"scroll","background-type":"","background-media":"","overlay-type":"","overlay-color":"","overlay-opacity":"","overlay-gradient":""},"mobile":{"background-color":"var(--ast-global-color-5)","background-image":"","background-repeat":"repeat","background-position":"center center","background-size":"auto","background-attachment":"scroll","background-type":"","background-media":"","overlay-type":"","overlay-color":"","overlay-opacity":"","overlay-gradient":""}}},"product_brand":[],"product_cat":[56,42],"product_tag":[70,68,71,69],"class_list":{"0":"post-3359","1":"product","2":"type-product","3":"status-publish","4":"has-post-thumbnail","6":"product_cat-1-to-3-years","7":"product_cat-merchandise","8":"product_tag-babypillow","9":"product_tag-cuteanimalpillow","10":"product_tag-headshapesupport","11":"product_tag-kouniushapingpillow","12":"desktop-align-left","13":"tablet-align-left","14":"mobile-align-left","16":"first","17":"instock","18":"shipping-taxable","19":"product-type-simple"},"aioseo_notices":[],"uagb_featured_image_src":{"full":["https:\/\/babypillowwholesale.com\/wp-content\/uploads\/2025\/04\/1632.jpg",1000,1000,false],"thumbnail":["https:\/\/babypillowwholesale.com\/wp-content\/uploads\/2025\/04\/1632-150x150.jpg",150,150,true],"medium":["https:\/\/babypillowwholesale.com\/wp-content\/uploads\/2025\/04\/1632-300x300.jpg",300,300,true],"medium_large":["https:\/\/babypillowwholesale.com\/wp-content\/uploads\/2025\/04\/1632-768x768.jpg",768,768,true],"large":["https:\/\/babypillowwholesale.com\/wp-content\/uploads\/2025\/04\/1632.jpg",1000,1000,false],"1536x1536":["https:\/\/babypillowwholesale.com\/wp-content\/uploads\/2025\/04\/1632.jpg",1000,1000,false],"2048x2048":["https:\/\/babypillowwholesale.com\/wp-content\/uploads\/2025\/04\/1632.jpg",1000,1000,false],"trp-custom-language-flag":["https:\/\/babypillowwholesale.com\/wp-content\/uploads\/2025\/04\/1632.jpg",12,12,false],"woocommerce_thumbnail":["https:\/\/babypillowwholesale.com\/wp-content\/uploads\/2025\/04\/1632-300x300.jpg",300,300,true],"woocommerce_single":["https:\/\/babypillowwholesale.com\/wp-content\/uploads\/2025\/04\/1632-600x600.jpg",600,600,true],"woocommerce_gallery_thumbnail":["https:\/\/babypillowwholesale.com\/wp-content\/uploads\/2025\/04\/1632-100x100.jpg",100,100,true]},"uagb_author_info":{"display_name":"Etnen zhong","author_link":"https:\/\/babypillowwholesale.com\/fr\/author\/"},"uagb_comment_info":0,"uagb_excerpt":"The Cute Little Ox Infant Pillow is a charming sleep essential for children aged 1 - 3 years. Its design is inspired by a cute little ox, with a friendly face, small horns, and a cheerful expression. Surrounded by whimsical elements like rainbows and stars, it creates a playful and delightful atmosphere. Measuring 40*24*3CM, it\u2026","jetpack_sharing_enabled":true,"_links":{"self":[{"href":"https:\/\/babypillowwholesale.com\/fr\/wp-json\/wp\/v2\/product\/3359","targetHints":{"allow":["GET"]}}],"collection":[{"href":"https:\/\/babypillowwholesale.com\/fr\/wp-json\/wp\/v2\/product"}],"about":[{"href":"https:\/\/babypillowwholesale.com\/fr\/wp-json\/wp\/v2\/types\/product"}],"replies":[{"embeddable":true,"href":"https:\/\/babypillowwholesale.com\/fr\/wp-json\/wp\/v2\/comments?post=3359"}],"wp:featuredmedia":[{"embeddable":true,"href":"https:\/\/babypillowwholesale.com\/fr\/wp-json\/wp\/v2\/media\/3360"}],"wp:attachment":[{"href":"https:\/\/babypillowwholesale.com\/fr\/wp-json\/wp\/v2\/media?parent=3359"}],"wp:term":[{"taxonomy":"product_brand","embeddable":true,"href":"https:\/\/babypillowwholesale.com\/fr\/wp-json\/wp\/v2\/product_brand?post=3359"},{"taxonomy":"product_cat","embeddable":true,"href":"https:\/\/babypillowwholesale.com\/fr\/wp-json\/wp\/v2\/product_cat?post=3359"},{"taxonomy":"product_tag","embeddable":true,"href":"https:\/\/babypillowwholesale.com\/fr\/wp-json\/wp\/v2\/product_tag?post=3359"}],"curies":[{"name":"wp","href":"https:\/\/api.w.org\/{rel}","templated":true}]}}