{"id":3326,"date":"2025-04-03T15:31:54","date_gmt":"2025-04-03T15:31:54","guid":{"rendered":"https:\/\/babypillowwholesale.com\/?post_type=product&#038;p=3326"},"modified":"2025-06-08T15:08:21","modified_gmt":"2025-06-08T15:08:21","slug":"childlike-infant-pillow","status":"publish","type":"product","link":"https:\/\/babypillowwholesale.com\/fr\/product\/childlike-infant-pillow\/","title":{"rendered":"Oreiller enfantin"},"content":{"rendered":"<div class=\"auto-hide-last-sibling-br paragraph-qzbcQC paragraph-element br-paragraph-space\" data-immersive-translate-walked=\"8e61f2e7-6af2-46e5-9672-3b9e4f4033d9\" data-immersive-translate-paragraph=\"1\">\n<div class=\"auto-hide-last-sibling-br paragraph-qzbcQC paragraph-element br-paragraph-space\">\n<div class=\"auto-hide-last-sibling-br paragraph-qzbcQC paragraph-element br-paragraph-space\">\n<div class=\"auto-hide-last-sibling-br paragraph-qzbcQC paragraph-element br-paragraph-space\">\n<div class=\"auto-hide-last-sibling-br paragraph-qzbcQC paragraph-element br-paragraph-space\">\n<div class=\"auto-hide-last-sibling-br paragraph-qzbcQC paragraph-element br-paragraph-space\">\n<div class=\"auto-hide-last-sibling-br paragraph-qzbcQC paragraph-element br-paragraph-space\">\n<div class=\"auto-hide-last-sibling-br paragraph-qzbcQC paragraph-element br-paragraph-space\">\n<div class=\"auto-hide-last-sibling-br paragraph-qzbcQC paragraph-element br-paragraph-space\">Voici l'oreiller pour b\u00e9b\u00e9 Childlike, un compagnon de sommeil magique con\u00e7u pour les jeunes enfants de 1 \u00e0 3 ans. Son design captivant s'inspire d'un animal mignon et fantastique, avec un corps fantaisiste, des oreilles attachantes et une expression douce qui \u00e9voque instantan\u00e9ment un monde d'innocence et d'\u00e9merveillement.<\/div>\n<p>&nbsp;<\/p>\n<div class=\"auto-hide-last-sibling-br paragraph-qzbcQC paragraph-element br-paragraph-space\">Mesure 43*<em>26*<\/em>3CM, cet oreiller offre le soutien n\u00e9cessaire \u00e0 la t\u00eate et \u00e0 la nuque de votre enfant, lui garantissant un sommeil r\u00e9parateur nuit apr\u00e8s nuit. Fabriqu\u00e9 dans des mat\u00e9riaux somptueusement doux, il apporte une touche luxueuse et douillette dans laquelle votre enfant adorera se blottir. Disponible dans de charmantes teintes roses et bleues, il r\u00e9pond aux pr\u00e9f\u00e9rences de chacun et ajoute une touche de couleur \u00e0 la chambre ou \u00e0 la chambre d'enfant.<\/div>\n<p>&nbsp;<\/p>\n<div class=\"auto-hide-last-sibling-br paragraph-qzbcQC paragraph-element br-paragraph-space\">Imaginez que les histoires du soir prennent vie lorsque votre enfant c\u00e2line cet oreiller, se sentant en s\u00e9curit\u00e9 et r\u00e9confort\u00e9. Il n'est pas seulement fait pour dormir ; pendant la journ\u00e9e, il peut \u00eatre un compagnon de jeu, un accessoire pour des aventures imaginatives, ou un point d'atterrissage doux pendant les siestes impromptues \u00e0 l'int\u00e9rieur.<\/div>\n<p>&nbsp;<\/p>\n<div class=\"auto-hide-last-sibling-br paragraph-qzbcQC paragraph-element br-paragraph-space\">Les parents sont ravis de ce produit. \"Mon fils de 2 ans adore cet oreiller ! C'est devenu son objet pr\u00e9f\u00e9r\u00e9 pour dormir. La douceur est incroyable et le design mignon fait de l'heure du coucher un jeu d'enfant\", a d\u00e9clar\u00e9 une maman heureuse. Un p\u00e8re ajoute : \"Nous aimons le fait qu'il ajoute une touche de fun \u00e0 la chambre de notre enfant. Il est \u00e9galement durable, ce qui est formidable compte tenu de tous les jeux qu'il subit. C'est vraiment un produit indispensable pour cette tranche d'\u00e2ge\".<\/div>\n<p>&nbsp;<\/p>\n<div class=\"auto-hide-last-sibling-br paragraph-qzbcQC paragraph-element br-paragraph-space\">En bref, l'oreiller pour b\u00e9b\u00e9 Childlike est bien plus qu'un simple article de literie. C'est une porte vers de doux r\u00eaves, une source de confort et un \u00e9l\u00e9ment pr\u00e9cieux des premi\u00e8res ann\u00e9es de votre enfant, alliant fonctionnalit\u00e9 et magie de l'enfance.<\/div>\n<\/div>\n<\/div>\n<\/div>\n<\/div>\n<\/div>\n<\/div>\n<\/div>\n<\/div>","protected":false},"excerpt":{"rendered":"<div class=\"container-QE4ayg\">\n<div class=\"item-jU10IN\">\n<div class=\"container-jODEnh chrome70-container\">\n<div class=\"inner-eE95c9 inner-item-aL3Ui_\" data-target-id=\"message-box-target-id\" data-testid=\"union_message\">\n<div class=\"message-block-container-liuetz\" data-testid=\"message-block-container\">\n<div class=\"message-box-ZWbBdF\" data-testid=\"receive_message\">\n<div class=\"message-box-content-wrapper-srHdUj\">\n<div class=\"message-content message-box-content-otxGGw receive-message-box-content-_lREFj samantha-message-box-content-Qjmpja\" data-testid=\"message_content\">\n<div class=\"container-hfX5E8 flow-markdown-body theme-samantha-yJEgBp\" dir=\"ltr\" data-testid=\"message_text_content\" data-show-indicator=\"false\">\n<div class=\"auto-hide-last-sibling-br paragraph-qzbcQC paragraph-element br-paragraph-space\">L'oreiller pour b\u00e9b\u00e9 Childlike est un compagnon de sommeil enchanteur con\u00e7u pour les enfants \u00e2g\u00e9s de 1 \u00e0 3 ans. Son design s'inspire d'un animal mignon, avec une forme de corps fantaisiste, des oreilles adorables et une expression sereine qui d\u00e9gage un sentiment d'innocence et de charme. Dimensions : 43<em>26<\/em>3CM, il offre un soutien suffisant \u00e0 la t\u00eate et \u00e0 la nuque de l'enfant pendant son sommeil. Fabriqu\u00e9 avec des mat\u00e9riaux doux, il offre un toucher douillet et confortable. Disponible en rose et en bleu, il r\u00e9pond aux diff\u00e9rentes pr\u00e9f\u00e9rences. Cet oreiller garantit non seulement un sommeil r\u00e9parateur, mais il ajoute \u00e9galement une touche d'amusement et de fantaisie \u00e0 la routine du coucher de l'enfant, ce qui en fait un compl\u00e9ment charmant \u00e0 ses accessoires de sommeil.<\/div>\n<\/div>\n<\/div>\n<\/div>\n<div class=\"answer-action-bar-uORVoB bottom-action-bar-wrapper-XE0wUd hide-SOehmu answer-action-bar\" data-testid=\"message_action_bar\"><\/div>\n<\/div>\n<\/div>\n<\/div>\n<\/div>\n<\/div>\n<\/div>\n<div class=\"container-QE4ayg\">\n<div class=\"item-jU10IN\">\n<div class=\"container-jODEnh chrome70-container\">\n<div class=\"inner-eE95c9 inner-item-aL3Ui_\" data-target-id=\"message-box-target-id\" data-testid=\"union_message\">\n<div class=\"message-block-container-liuetz\" data-testid=\"message-block-container\">\n<div class=\"message-box-ZWbBdF message-box__reverse-vkxp8L\" data-testid=\"send_message\">\n<div class=\"message-box-content-wrapper-srHdUj send-message-e0EUGT\">\n<div class=\"message-content message-box-content-otxGGw send-message-box-content-N1r3Gh samantha-message-box-content-Qjmpja\" data-testid=\"message_content\"><\/div>\n<\/div>\n<\/div>\n<\/div>\n<\/div>\n<\/div>\n<\/div>\n<\/div>","protected":false},"featured_media":3327,"comment_status":"open","ping_status":"closed","template":"","meta":{"_uag_custom_page_level_css":"","site-sidebar-layout":"default","site-content-layout":"","ast-site-content-layout":"default","site-content-style":"default","site-sidebar-style":"default","ast-global-header-display":"","ast-banner-title-visibility":"","ast-main-header-display":"","ast-hfb-above-header-display":"","ast-hfb-below-header-display":"","ast-hfb-mobile-header-display":"","site-post-title":"","ast-breadcrumbs-content":"","ast-featured-img":"","footer-sml-layout":"","ast-disable-related-posts":"","theme-transparent-header-meta":"default","adv-header-id-meta":"","stick-header-meta":"","header-above-stick-meta":"","header-main-stick-meta":"","header-below-stick-meta":"","astra-migrate-meta-layouts":"set","ast-page-background-enabled":"default","ast-page-background-meta":{"desktop":{"background-color":"","background-image":"","background-repeat":"repeat","background-position":"center center","background-size":"auto","background-attachment":"scroll","background-type":"","background-media":"","overlay-type":"","overlay-color":"","overlay-opacity":"","overlay-gradient":""},"tablet":{"background-color":"","background-image":"","background-repeat":"repeat","background-position":"center center","background-size":"auto","background-attachment":"scroll","background-type":"","background-media":"","overlay-type":"","overlay-color":"","overlay-opacity":"","overlay-gradient":""},"mobile":{"background-color":"","background-image":"","background-repeat":"repeat","background-position":"center center","background-size":"auto","background-attachment":"scroll","background-type":"","background-media":"","overlay-type":"","overlay-color":"","overlay-opacity":"","overlay-gradient":""}},"ast-content-background-meta":{"desktop":{"background-color":"var(--ast-global-color-5)","background-image":"","background-repeat":"repeat","background-position":"center center","background-size":"auto","background-attachment":"scroll","background-type":"","background-media":"","overlay-type":"","overlay-color":"","overlay-opacity":"","overlay-gradient":""},"tablet":{"background-color":"var(--ast-global-color-5)","background-image":"","background-repeat":"repeat","background-position":"center center","background-size":"auto","background-attachment":"scroll","background-type":"","background-media":"","overlay-type":"","overlay-color":"","overlay-opacity":"","overlay-gradient":""},"mobile":{"background-color":"var(--ast-global-color-5)","background-image":"","background-repeat":"repeat","background-position":"center center","background-size":"auto","background-attachment":"scroll","background-type":"","background-media":"","overlay-type":"","overlay-color":"","overlay-opacity":"","overlay-gradient":""}}},"product_brand":[],"product_cat":[56,42],"product_tag":[70,68,71,69],"class_list":{"0":"post-3326","1":"product","2":"type-product","3":"status-publish","4":"has-post-thumbnail","6":"product_cat-1-to-3-years","7":"product_cat-merchandise","8":"product_tag-babypillow","9":"product_tag-cuteanimalpillow","10":"product_tag-headshapesupport","11":"product_tag-kouniushapingpillow","12":"desktop-align-left","13":"tablet-align-left","14":"mobile-align-left","16":"first","17":"instock","18":"shipping-taxable","19":"product-type-simple"},"aioseo_notices":[],"uagb_featured_image_src":{"full":["https:\/\/babypillowwholesale.com\/wp-content\/uploads\/2025\/04\/1526.jpg",1000,1000,false],"thumbnail":["https:\/\/babypillowwholesale.com\/wp-content\/uploads\/2025\/04\/1526-150x150.jpg",150,150,true],"medium":["https:\/\/babypillowwholesale.com\/wp-content\/uploads\/2025\/04\/1526-300x300.jpg",300,300,true],"medium_large":["https:\/\/babypillowwholesale.com\/wp-content\/uploads\/2025\/04\/1526-768x768.jpg",768,768,true],"large":["https:\/\/babypillowwholesale.com\/wp-content\/uploads\/2025\/04\/1526.jpg",1000,1000,false],"1536x1536":["https:\/\/babypillowwholesale.com\/wp-content\/uploads\/2025\/04\/1526.jpg",1000,1000,false],"2048x2048":["https:\/\/babypillowwholesale.com\/wp-content\/uploads\/2025\/04\/1526.jpg",1000,1000,false],"trp-custom-language-flag":["https:\/\/babypillowwholesale.com\/wp-content\/uploads\/2025\/04\/1526.jpg",12,12,false],"woocommerce_thumbnail":["https:\/\/babypillowwholesale.com\/wp-content\/uploads\/2025\/04\/1526-300x300.jpg",300,300,true],"woocommerce_single":["https:\/\/babypillowwholesale.com\/wp-content\/uploads\/2025\/04\/1526-600x600.jpg",600,600,true],"woocommerce_gallery_thumbnail":["https:\/\/babypillowwholesale.com\/wp-content\/uploads\/2025\/04\/1526-100x100.jpg",100,100,true]},"uagb_author_info":{"display_name":"Etnen zhong","author_link":"https:\/\/babypillowwholesale.com\/fr\/author\/"},"uagb_comment_info":0,"uagb_excerpt":"The Childlike Infant Pillow is an enchanting sleep companion tailored for children aged 1 - 3 years. Its design is inspired by a cute animal figure, featuring a whimsical body shape, adorable ears, and a serene expression that exudes a sense of innocence and charm. Measuring 43263CM, it provides ample support for a child's head\u2026","jetpack_sharing_enabled":true,"_links":{"self":[{"href":"https:\/\/babypillowwholesale.com\/fr\/wp-json\/wp\/v2\/product\/3326","targetHints":{"allow":["GET"]}}],"collection":[{"href":"https:\/\/babypillowwholesale.com\/fr\/wp-json\/wp\/v2\/product"}],"about":[{"href":"https:\/\/babypillowwholesale.com\/fr\/wp-json\/wp\/v2\/types\/product"}],"replies":[{"embeddable":true,"href":"https:\/\/babypillowwholesale.com\/fr\/wp-json\/wp\/v2\/comments?post=3326"}],"wp:featuredmedia":[{"embeddable":true,"href":"https:\/\/babypillowwholesale.com\/fr\/wp-json\/wp\/v2\/media\/3327"}],"wp:attachment":[{"href":"https:\/\/babypillowwholesale.com\/fr\/wp-json\/wp\/v2\/media?parent=3326"}],"wp:term":[{"taxonomy":"product_brand","embeddable":true,"href":"https:\/\/babypillowwholesale.com\/fr\/wp-json\/wp\/v2\/product_brand?post=3326"},{"taxonomy":"product_cat","embeddable":true,"href":"https:\/\/babypillowwholesale.com\/fr\/wp-json\/wp\/v2\/product_cat?post=3326"},{"taxonomy":"product_tag","embeddable":true,"href":"https:\/\/babypillowwholesale.com\/fr\/wp-json\/wp\/v2\/product_tag?post=3326"}],"curies":[{"name":"wp","href":"https:\/\/api.w.org\/{rel}","templated":true}]}}