{"id":3323,"date":"2025-04-02T16:47:01","date_gmt":"2025-04-02T16:47:01","guid":{"rendered":"https:\/\/babypillowwholesale.com\/?post_type=product&#038;p=3323"},"modified":"2025-06-08T15:14:33","modified_gmt":"2025-06-08T15:14:33","slug":"hydrophilic-sponge-soothing-cloud-shaped-pillow","status":"publish","type":"product","link":"https:\/\/babypillowwholesale.com\/fr\/product\/hydrophilic-sponge-soothing-cloud-shaped-pillow\/","title":{"rendered":"Oreiller en forme de nuage en \u00e9ponge hydrophile et apaisante"},"content":{"rendered":"<div class=\"auto-hide-last-sibling-br paragraph-qzbcQC paragraph-element br-paragraph-space\" data-immersive-translate-walked=\"8e61f2e7-6af2-46e5-9672-3b9e4f4033d9\" data-immersive-translate-paragraph=\"1\">\n<div class=\"auto-hide-last-sibling-br paragraph-qzbcQC paragraph-element br-paragraph-space\">\n<div class=\"auto-hide-last-sibling-br paragraph-qzbcQC paragraph-element br-paragraph-space\">\n<div class=\"auto-hide-last-sibling-br paragraph-qzbcQC paragraph-element br-paragraph-space\">\n<div class=\"auto-hide-last-sibling-br paragraph-qzbcQC paragraph-element br-paragraph-space\">\n<div class=\"auto-hide-last-sibling-br paragraph-qzbcQC paragraph-element br-paragraph-space\">\n<div class=\"auto-hide-last-sibling-br paragraph-qzbcQC paragraph-element br-paragraph-space\">\n<div class=\"auto-hide-last-sibling-br paragraph-qzbcQC paragraph-element br-paragraph-space\">Voici l'oreiller en forme de nuage apaisant en \u00e9ponge hydrophile, une \u00e9treinte tendre pour les b\u00e9b\u00e9s au cours de leur premi\u00e8re ann\u00e9e de vie. Con\u00e7u pour imiter la forme douce et r\u00e9confortante d'un nuage, il enveloppe instantan\u00e9ment votre petit dans un sentiment de s\u00e9curit\u00e9 et de chaleur. L'oreiller est fabriqu\u00e9 \u00e0 partir d'une \u00e9ponge hydrophile de premi\u00e8re qualit\u00e9, offrant un toucher velout\u00e9 et doux qui respecte la peau d\u00e9licate du b\u00e9b\u00e9.<\/div>\n<p>&nbsp;<\/p>\n<div class=\"auto-hide-last-sibling-br paragraph-qzbcQC paragraph-element br-paragraph-space\">Orn\u00e9 d'une s\u00e9rie d'adorables motifs d'animaux r\u00e9partis de mani\u00e8re al\u00e9atoire sur toute sa surface, cet oreiller est un v\u00e9ritable r\u00e9gal visuel, qui suscite la curiosit\u00e9 et la joie dans l'univers de votre b\u00e9b\u00e9. Dimensions : 45<em>28<\/em>1,5CM, il offre un espace g\u00e9n\u00e9reux, ber\u00e7ant confortablement la t\u00eate et le corps de votre b\u00e9b\u00e9 pendant les siestes et les jeux.<\/div>\n<p>&nbsp;<\/p>\n<div class=\"auto-hide-last-sibling-br paragraph-qzbcQC paragraph-element br-paragraph-space\">Imaginez des moments de sieste sereins, o\u00f9 votre b\u00e9b\u00e9 se blottit contre l'oreiller, s'abandonnant au pays des r\u00eaves comme s'il \u00e9tait enlac\u00e9 par un doux nuage. Ou imaginez des moments ludiques, o\u00f9 votre b\u00e9b\u00e9 tend les bras, fascin\u00e9 par les mignons dessins d'animaux. C'est aussi un parfait apaisement pour les moments difficiles, car il offre un toucher familier et r\u00e9confortant.<\/div>\n<p>&nbsp;<\/p>\n<div class=\"auto-hide-last-sibling-br paragraph-qzbcQC paragraph-element br-paragraph-space\">Les parents ne tarissent pas d'\u00e9loges. \"Ce coussin en forme de nuage me sauve la vie ! Mon b\u00e9b\u00e9 se calme presque instantan\u00e9ment lorsqu'il est plac\u00e9 dessus. La douceur de l'\u00e9ponge hydrophile et les jolis motifs sont tout simplement merveilleux\", a d\u00e9clar\u00e9 une maman soulag\u00e9e. Un papa ajoute : \"C'est devenu un \u00e9l\u00e9ment essentiel de la routine de notre b\u00e9b\u00e9. Qu'il s'agisse d'une sieste rapide ou d'un moment de calme, cet oreiller est toujours l\u00e0, apportant confort et un peu d'amusement\".<\/div>\n<p>&nbsp;<\/p>\n<div class=\"auto-hide-last-sibling-br paragraph-qzbcQC paragraph-element br-paragraph-space\">Par essence, l'oreiller en forme de nuage apaisant en \u00e9ponge hydrophile est plus qu'un simple article de literie. C'est un m\u00e9lange de fonctionnalit\u00e9, de confort et d'\u00e9l\u00e9gance, un compagnon essentiel qui am\u00e9liore chaque moment pr\u00e9cieux des premiers jours de votre b\u00e9b\u00e9.<\/div>\n<\/div>\n<\/div>\n<\/div>\n<\/div>\n<\/div>\n<\/div>\n<\/div>","protected":false},"excerpt":{"rendered":"<p>L'oreiller en forme de nuage apaisant en \u00e9ponge hydrophile est un merveilleux compagnon pour les b\u00e9b\u00e9s \u00e2g\u00e9s de 0 \u00e0 1 an. Son design prend la forme d'un nuage doux, cr\u00e9ant un sentiment de s\u00e9curit\u00e9 et de confort. Fabriqu\u00e9 en \u00e9ponge hydrophile, il offre un toucher doux et agr\u00e9able, parfait pour la peau sensible des b\u00e9b\u00e9s. L'oreiller est orn\u00e9 de jolis motifs d'animaux r\u00e9partis de mani\u00e8re al\u00e9atoire, ce qui lui conf\u00e8re un caract\u00e8re ludique et charmant. Les dimensions de l'oreiller sont de 45*.<em>28*<\/em>1,5CM, il offre suffisamment d'espace pour la t\u00eate et le corps du b\u00e9b\u00e9. Ce coussin n'est pas seulement id\u00e9al pour faire la sieste, il sert \u00e9galement d'objet r\u00e9confortant pendant les jeux ou lorsque le b\u00e9b\u00e9 a besoin d'\u00eatre apais\u00e9. Il allie fonctionnalit\u00e9, douceur et esth\u00e9tique mignonne, ce qui en fait un article essentiel pour les premiers jours de l'enfant.<\/p>","protected":false},"featured_media":3324,"comment_status":"open","ping_status":"closed","template":"","meta":{"_uag_custom_page_level_css":"","site-sidebar-layout":"default","site-content-layout":"","ast-site-content-layout":"default","site-content-style":"default","site-sidebar-style":"default","ast-global-header-display":"","ast-banner-title-visibility":"","ast-main-header-display":"","ast-hfb-above-header-display":"","ast-hfb-below-header-display":"","ast-hfb-mobile-header-display":"","site-post-title":"","ast-breadcrumbs-content":"","ast-featured-img":"","footer-sml-layout":"","ast-disable-related-posts":"","theme-transparent-header-meta":"default","adv-header-id-meta":"","stick-header-meta":"","header-above-stick-meta":"","header-main-stick-meta":"","header-below-stick-meta":"","astra-migrate-meta-layouts":"set","ast-page-background-enabled":"default","ast-page-background-meta":{"desktop":{"background-color":"","background-image":"","background-repeat":"repeat","background-position":"center center","background-size":"auto","background-attachment":"scroll","background-type":"","background-media":"","overlay-type":"","overlay-color":"","overlay-opacity":"","overlay-gradient":""},"tablet":{"background-color":"","background-image":"","background-repeat":"repeat","background-position":"center center","background-size":"auto","background-attachment":"scroll","background-type":"","background-media":"","overlay-type":"","overlay-color":"","overlay-opacity":"","overlay-gradient":""},"mobile":{"background-color":"","background-image":"","background-repeat":"repeat","background-position":"center center","background-size":"auto","background-attachment":"scroll","background-type":"","background-media":"","overlay-type":"","overlay-color":"","overlay-opacity":"","overlay-gradient":""}},"ast-content-background-meta":{"desktop":{"background-color":"var(--ast-global-color-5)","background-image":"","background-repeat":"repeat","background-position":"center center","background-size":"auto","background-attachment":"scroll","background-type":"","background-media":"","overlay-type":"","overlay-color":"","overlay-opacity":"","overlay-gradient":""},"tablet":{"background-color":"var(--ast-global-color-5)","background-image":"","background-repeat":"repeat","background-position":"center center","background-size":"auto","background-attachment":"scroll","background-type":"","background-media":"","overlay-type":"","overlay-color":"","overlay-opacity":"","overlay-gradient":""},"mobile":{"background-color":"var(--ast-global-color-5)","background-image":"","background-repeat":"repeat","background-position":"center center","background-size":"auto","background-attachment":"scroll","background-type":"","background-media":"","overlay-type":"","overlay-color":"","overlay-opacity":"","overlay-gradient":""}}},"product_brand":[],"product_cat":[55,42],"product_tag":[70,68,71,69],"class_list":{"0":"post-3323","1":"product","2":"type-product","3":"status-publish","4":"has-post-thumbnail","6":"product_cat-0-to-1-year","7":"product_cat-merchandise","8":"product_tag-babypillow","9":"product_tag-cuteanimalpillow","10":"product_tag-headshapesupport","11":"product_tag-kouniushapingpillow","12":"desktop-align-left","13":"tablet-align-left","14":"mobile-align-left","16":"first","17":"instock","18":"shipping-taxable","19":"product-type-simple"},"aioseo_notices":[],"uagb_featured_image_src":{"full":["https:\/\/babypillowwholesale.com\/wp-content\/uploads\/2025\/04\/1026.jpg",1000,1000,false],"thumbnail":["https:\/\/babypillowwholesale.com\/wp-content\/uploads\/2025\/04\/1026-150x150.jpg",150,150,true],"medium":["https:\/\/babypillowwholesale.com\/wp-content\/uploads\/2025\/04\/1026-300x300.jpg",300,300,true],"medium_large":["https:\/\/babypillowwholesale.com\/wp-content\/uploads\/2025\/04\/1026-768x768.jpg",768,768,true],"large":["https:\/\/babypillowwholesale.com\/wp-content\/uploads\/2025\/04\/1026.jpg",1000,1000,false],"1536x1536":["https:\/\/babypillowwholesale.com\/wp-content\/uploads\/2025\/04\/1026.jpg",1000,1000,false],"2048x2048":["https:\/\/babypillowwholesale.com\/wp-content\/uploads\/2025\/04\/1026.jpg",1000,1000,false],"trp-custom-language-flag":["https:\/\/babypillowwholesale.com\/wp-content\/uploads\/2025\/04\/1026.jpg",12,12,false],"woocommerce_thumbnail":["https:\/\/babypillowwholesale.com\/wp-content\/uploads\/2025\/04\/1026-300x300.jpg",300,300,true],"woocommerce_single":["https:\/\/babypillowwholesale.com\/wp-content\/uploads\/2025\/04\/1026-600x600.jpg",600,600,true],"woocommerce_gallery_thumbnail":["https:\/\/babypillowwholesale.com\/wp-content\/uploads\/2025\/04\/1026-100x100.jpg",100,100,true]},"uagb_author_info":{"display_name":"Etnen zhong","author_link":"https:\/\/babypillowwholesale.com\/fr\/author\/"},"uagb_comment_info":0,"uagb_excerpt":"The Hydrophilic Sponge Soothing Cloud - Shaped Pillow is a wonderful companion for babies aged 0 - 1 year. Its design takes the form of a soft cloud, creating a sense of security and comfort. Made from hydrophilic sponge, it offers a gentle and pleasant touch, perfect for a baby's sensitive skin. The pillow is\u2026","jetpack_sharing_enabled":true,"_links":{"self":[{"href":"https:\/\/babypillowwholesale.com\/fr\/wp-json\/wp\/v2\/product\/3323","targetHints":{"allow":["GET"]}}],"collection":[{"href":"https:\/\/babypillowwholesale.com\/fr\/wp-json\/wp\/v2\/product"}],"about":[{"href":"https:\/\/babypillowwholesale.com\/fr\/wp-json\/wp\/v2\/types\/product"}],"replies":[{"embeddable":true,"href":"https:\/\/babypillowwholesale.com\/fr\/wp-json\/wp\/v2\/comments?post=3323"}],"wp:featuredmedia":[{"embeddable":true,"href":"https:\/\/babypillowwholesale.com\/fr\/wp-json\/wp\/v2\/media\/3324"}],"wp:attachment":[{"href":"https:\/\/babypillowwholesale.com\/fr\/wp-json\/wp\/v2\/media?parent=3323"}],"wp:term":[{"taxonomy":"product_brand","embeddable":true,"href":"https:\/\/babypillowwholesale.com\/fr\/wp-json\/wp\/v2\/product_brand?post=3323"},{"taxonomy":"product_cat","embeddable":true,"href":"https:\/\/babypillowwholesale.com\/fr\/wp-json\/wp\/v2\/product_cat?post=3323"},{"taxonomy":"product_tag","embeddable":true,"href":"https:\/\/babypillowwholesale.com\/fr\/wp-json\/wp\/v2\/product_tag?post=3323"}],"curies":[{"name":"wp","href":"https:\/\/api.w.org\/{rel}","templated":true}]}}