{"id":3320,"date":"2025-04-02T16:39:31","date_gmt":"2025-04-02T16:39:31","guid":{"rendered":"https:\/\/babypillowwholesale.com\/?post_type=product&#038;p=3320"},"modified":"2025-06-07T07:26:29","modified_gmt":"2025-06-07T07:26:29","slug":"hydrophilic-sponge-contour-pillow","status":"publish","type":"product","link":"https:\/\/babypillowwholesale.com\/fr\/product\/hydrophilic-sponge-contour-pillow\/","title":{"rendered":"Oreiller contour en \u00e9ponge hydrophile"},"content":{"rendered":"<div class=\"auto-hide-last-sibling-br paragraph-qzbcQC paragraph-element br-paragraph-space\" data-immersive-translate-walked=\"8e61f2e7-6af2-46e5-9672-3b9e4f4033d9\" data-immersive-translate-paragraph=\"1\">\n<div class=\"auto-hide-last-sibling-br paragraph-qzbcQC paragraph-element br-paragraph-space\">\n<div class=\"auto-hide-last-sibling-br paragraph-qzbcQC paragraph-element br-paragraph-space\">\n<div class=\"auto-hide-last-sibling-br paragraph-qzbcQC paragraph-element br-paragraph-space\">\n<div class=\"auto-hide-last-sibling-br paragraph-qzbcQC paragraph-element br-paragraph-space\">\n<div class=\"auto-hide-last-sibling-br paragraph-qzbcQC paragraph-element br-paragraph-space\">\n<div class=\"auto-hide-last-sibling-br paragraph-qzbcQC paragraph-element br-paragraph-space\">D\u00e9couvrez l'oreiller contour en \u00e9ponge hydrophile, un v\u00e9ritable bijou con\u00e7u pour les b\u00e9b\u00e9s de 0 \u00e0 12 mois. Son design enchanteur, inspir\u00e9 par d'adorables cr\u00e9atures telles que le pingouin, se caract\u00e9rise par une douce expression, un n\u0153ud d\u00e9licat et des pieds aux couleurs vives qui captent l'imagination d\u00e8s le premier coup d'\u0153il. Fabriqu\u00e9 en \u00e9ponge hydrophile de premi\u00e8re qualit\u00e9, il offre un toucher doux et velout\u00e9 qui respecte la peau d\u00e9licate de votre b\u00e9b\u00e9.<\/div>\n<p>&nbsp;<\/p>\n<div class=\"auto-hide-last-sibling-br paragraph-qzbcQC paragraph-element br-paragraph-space\">Le contour de l'oreiller est une merveille d'ing\u00e9nierie ergonomique. Il se moule gracieusement \u00e0 la forme unique de la t\u00eate de votre b\u00e9b\u00e9, offrant un soutien doux mais efficace qui est essentiel pour favoriser une forme saine de la t\u00eate tout au long du d\u00e9veloppement de l'enfant. Dimensions : 29<em>21<\/em>1,5CM, il s'agit d'un compl\u00e9ment polyvalent aux accessoires essentiels de votre b\u00e9b\u00e9. Qu'il soit nich\u00e9 dans un berceau, cr\u00e9ant un havre douillet pour des sommeils paisibles, qu'il accompagne votre petit dans une poussette lors d'une aventure dans un parc, ou qu'il soit plac\u00e9 sur un tapis de jeu pour des moments de plaisir \u00e0 la maison, cet oreiller garantit que le confort est toujours \u00e0 port\u00e9e de main.<\/div>\n<p>&nbsp;<\/p>\n<div class=\"auto-hide-last-sibling-br paragraph-qzbcQC paragraph-element br-paragraph-space\">Les parents chantent ses louanges. \"Cet oreiller change la donne ! Mon b\u00e9b\u00e9 dort si bien dessus et la douceur de l'\u00e9ponge hydrophile est incroyable. De plus, le motif pingouin fait fureur dans notre maison\", s'extasie une maman ravie. Un papa rench\u00e9rit : \"Nous adorons la fa\u00e7on dont le contour soutient la t\u00eate de notre b\u00e9b\u00e9. Et gr\u00e2ce aux nombreuses options de couleurs, nous pouvons l'assortir \u00e0 diff\u00e9rentes tenues ou humeurs. Il est devenu un \u00e9l\u00e9ment indispensable de la routine de notre b\u00e9b\u00e9\".<\/div>\n<p>&nbsp;<\/p>\n<div class=\"auto-hide-last-sibling-br paragraph-qzbcQC paragraph-element br-paragraph-space\">Avec une d\u00e9licieuse gamme de couleurs (\u00e9l\u00e9phant bleu, raton laveur blanc, pingouin jaune clair et pingouin bleu), l'oreiller Hydrophilic Sponge Contour Pillow allie harmonieusement le confort, la fonctionnalit\u00e9 et un charme irr\u00e9sistible. Ce n'est pas seulement un oreiller, c'est un compagnon pr\u00e9cieux qui enveloppe votre enfant de soins et d'attentions \u00e0 chaque moment pr\u00e9cieux de ses premiers jours.<\/div>\n<\/div>\n<\/div>\n<\/div>\n<\/div>\n<\/div>\n<\/div>","protected":false},"excerpt":{"rendered":"<p>L'oreiller contour en \u00e9ponge hydrophile est un produit remarquable con\u00e7u pour les nourrissons \u00e2g\u00e9s de 0 \u00e0 12 mois. Son design s'inspire de motifs d'animaux mignons, tels que le pingouin repr\u00e9sent\u00e9, avec un doux visage, un charmant n\u0153ud et des pieds aux couleurs vives, ce qui le rend visuellement attrayant. Fabriqu\u00e9 en \u00e9ponge hydrophile, il offre un toucher doux et confortable. Le contour de l'oreiller s'adapte de mani\u00e8re ergonomique \u00e0 la t\u00eate du b\u00e9b\u00e9, offrant un soutien optimal pour aider \u00e0 maintenir une forme de t\u00eate saine. Avec une sp\u00e9cification de 29*<em>21*<\/em>1,5CM, il s'adapte bien aux berceaux, aux poussettes, etc. La vari\u00e9t\u00e9 des couleurs propos\u00e9es (\u00e9l\u00e9phant bleu, raton laveur blanc, pingouin jaune clair et pingouin bleu) permet aux parents de choisir en fonction de leurs pr\u00e9f\u00e9rences. Cet oreiller allie confort, fonctionnalit\u00e9 et esth\u00e9tique adorable, devenant ainsi un compagnon id\u00e9al pour la croissance des b\u00e9b\u00e9s.<\/p>","protected":false},"featured_media":3321,"comment_status":"open","ping_status":"closed","template":"","meta":{"_uag_custom_page_level_css":"","site-sidebar-layout":"default","site-content-layout":"","ast-site-content-layout":"default","site-content-style":"default","site-sidebar-style":"default","ast-global-header-display":"","ast-banner-title-visibility":"","ast-main-header-display":"","ast-hfb-above-header-display":"","ast-hfb-below-header-display":"","ast-hfb-mobile-header-display":"","site-post-title":"","ast-breadcrumbs-content":"","ast-featured-img":"","footer-sml-layout":"","ast-disable-related-posts":"","theme-transparent-header-meta":"default","adv-header-id-meta":"","stick-header-meta":"","header-above-stick-meta":"","header-main-stick-meta":"","header-below-stick-meta":"","astra-migrate-meta-layouts":"set","ast-page-background-enabled":"default","ast-page-background-meta":{"desktop":{"background-color":"","background-image":"","background-repeat":"repeat","background-position":"center center","background-size":"auto","background-attachment":"scroll","background-type":"","background-media":"","overlay-type":"","overlay-color":"","overlay-opacity":"","overlay-gradient":""},"tablet":{"background-color":"","background-image":"","background-repeat":"repeat","background-position":"center center","background-size":"auto","background-attachment":"scroll","background-type":"","background-media":"","overlay-type":"","overlay-color":"","overlay-opacity":"","overlay-gradient":""},"mobile":{"background-color":"","background-image":"","background-repeat":"repeat","background-position":"center center","background-size":"auto","background-attachment":"scroll","background-type":"","background-media":"","overlay-type":"","overlay-color":"","overlay-opacity":"","overlay-gradient":""}},"ast-content-background-meta":{"desktop":{"background-color":"var(--ast-global-color-5)","background-image":"","background-repeat":"repeat","background-position":"center center","background-size":"auto","background-attachment":"scroll","background-type":"","background-media":"","overlay-type":"","overlay-color":"","overlay-opacity":"","overlay-gradient":""},"tablet":{"background-color":"var(--ast-global-color-5)","background-image":"","background-repeat":"repeat","background-position":"center center","background-size":"auto","background-attachment":"scroll","background-type":"","background-media":"","overlay-type":"","overlay-color":"","overlay-opacity":"","overlay-gradient":""},"mobile":{"background-color":"var(--ast-global-color-5)","background-image":"","background-repeat":"repeat","background-position":"center center","background-size":"auto","background-attachment":"scroll","background-type":"","background-media":"","overlay-type":"","overlay-color":"","overlay-opacity":"","overlay-gradient":""}}},"product_brand":[],"product_cat":[55,42],"product_tag":[70,68,71,69],"class_list":{"0":"post-3320","1":"product","2":"type-product","3":"status-publish","4":"has-post-thumbnail","6":"product_cat-0-to-1-year","7":"product_cat-merchandise","8":"product_tag-babypillow","9":"product_tag-cuteanimalpillow","10":"product_tag-headshapesupport","11":"product_tag-kouniushapingpillow","12":"desktop-align-left","13":"tablet-align-left","14":"mobile-align-left","16":"first","17":"instock","18":"shipping-taxable","19":"product-type-simple"},"aioseo_notices":[],"uagb_featured_image_src":{"full":["https:\/\/babypillowwholesale.com\/wp-content\/uploads\/2025\/04\/1168.jpg",1000,1000,false],"thumbnail":["https:\/\/babypillowwholesale.com\/wp-content\/uploads\/2025\/04\/1168-150x150.jpg",150,150,true],"medium":["https:\/\/babypillowwholesale.com\/wp-content\/uploads\/2025\/04\/1168-300x300.jpg",300,300,true],"medium_large":["https:\/\/babypillowwholesale.com\/wp-content\/uploads\/2025\/04\/1168-768x768.jpg",768,768,true],"large":["https:\/\/babypillowwholesale.com\/wp-content\/uploads\/2025\/04\/1168.jpg",1000,1000,false],"1536x1536":["https:\/\/babypillowwholesale.com\/wp-content\/uploads\/2025\/04\/1168.jpg",1000,1000,false],"2048x2048":["https:\/\/babypillowwholesale.com\/wp-content\/uploads\/2025\/04\/1168.jpg",1000,1000,false],"trp-custom-language-flag":["https:\/\/babypillowwholesale.com\/wp-content\/uploads\/2025\/04\/1168.jpg",12,12,false],"woocommerce_thumbnail":["https:\/\/babypillowwholesale.com\/wp-content\/uploads\/2025\/04\/1168-300x300.jpg",300,300,true],"woocommerce_single":["https:\/\/babypillowwholesale.com\/wp-content\/uploads\/2025\/04\/1168-600x600.jpg",600,600,true],"woocommerce_gallery_thumbnail":["https:\/\/babypillowwholesale.com\/wp-content\/uploads\/2025\/04\/1168-100x100.jpg",100,100,true]},"uagb_author_info":{"display_name":"Etnen zhong","author_link":"https:\/\/babypillowwholesale.com\/fr\/author\/"},"uagb_comment_info":0,"uagb_excerpt":"The Hydrophilic Sponge Contour Pillow is a remarkable product designed for infants aged 0 - 12 months. Its design is inspired by cute animal motifs, such as the penguin shown, with a sweet face, a charming bow, and vivid - colored feet, making it visually appealing. Crafted from hydrophilic sponge, it offers a soft and\u2026","jetpack_sharing_enabled":true,"_links":{"self":[{"href":"https:\/\/babypillowwholesale.com\/fr\/wp-json\/wp\/v2\/product\/3320","targetHints":{"allow":["GET"]}}],"collection":[{"href":"https:\/\/babypillowwholesale.com\/fr\/wp-json\/wp\/v2\/product"}],"about":[{"href":"https:\/\/babypillowwholesale.com\/fr\/wp-json\/wp\/v2\/types\/product"}],"replies":[{"embeddable":true,"href":"https:\/\/babypillowwholesale.com\/fr\/wp-json\/wp\/v2\/comments?post=3320"}],"wp:featuredmedia":[{"embeddable":true,"href":"https:\/\/babypillowwholesale.com\/fr\/wp-json\/wp\/v2\/media\/3321"}],"wp:attachment":[{"href":"https:\/\/babypillowwholesale.com\/fr\/wp-json\/wp\/v2\/media?parent=3320"}],"wp:term":[{"taxonomy":"product_brand","embeddable":true,"href":"https:\/\/babypillowwholesale.com\/fr\/wp-json\/wp\/v2\/product_brand?post=3320"},{"taxonomy":"product_cat","embeddable":true,"href":"https:\/\/babypillowwholesale.com\/fr\/wp-json\/wp\/v2\/product_cat?post=3320"},{"taxonomy":"product_tag","embeddable":true,"href":"https:\/\/babypillowwholesale.com\/fr\/wp-json\/wp\/v2\/product_tag?post=3320"}],"curies":[{"name":"wp","href":"https:\/\/api.w.org\/{rel}","templated":true}]}}