{"id":3300,"date":"2025-03-22T02:53:38","date_gmt":"2025-03-22T02:53:38","guid":{"rendered":"https:\/\/babypillowwholesale.com\/?post_type=product&#038;p=3300"},"modified":"2025-06-08T15:41:34","modified_gmt":"2025-06-08T15:41:34","slug":"penguin-shaping-pillow","status":"publish","type":"product","link":"https:\/\/babypillowwholesale.com\/fr\/product\/penguin-shaping-pillow\/","title":{"rendered":"Oreiller en forme de pingouin"},"content":{"rendered":"<div class=\"auto-hide-last-sibling-br paragraph-qzbcQC paragraph-element br-paragraph-space\" data-immersive-translate-walked=\"8e61f2e7-6af2-46e5-9672-3b9e4f4033d9\" data-immersive-translate-paragraph=\"1\">\n<div class=\"auto-hide-last-sibling-br paragraph-qzbcQC paragraph-element br-paragraph-space\">Laissez-vous s\u00e9duire par le charme de notre oreiller Penguin Shaping Pillow, un produit essentiel con\u00e7u avec amour pour les plus petits aventuriers \u00e2g\u00e9s de 0 \u00e0 6 mois. Ressemblant \u00e0 un pingouin attachant avec son corps dodu, ses d\u00e9licates nageoires et son mignon petit bec, cet oreiller est un r\u00e9gal visuel qui apporte une dose instantan\u00e9e de mignonnerie dans l'univers de votre b\u00e9b\u00e9. Cet oreiller allie fonctionnalit\u00e9 et style. La d\u00e9coupe centrale aux contours bien \u00e9tudi\u00e9s offre un soutien doux et enveloppant \u00e0 la t\u00eate d\u00e9licate de votre b\u00e9b\u00e9, la guidant en douceur vers une forme parfaite au cours de ses pr\u00e9cieux premiers jours. D'une taille de 26,5*25*1,5CM, il est incroyablement adaptable. Pendant les soir\u00e9es tranquilles \u00e0 la maison, placez-le dans le berceau de votre b\u00e9b\u00e9 et observez comment il cr\u00e9e un havre de paix sur le th\u00e8me des pingouins, bercant votre petit dans un sommeil paisible. Lors d'une promenade hivernale ou d'une visite au zoo, l'oreiller s'adapte parfaitement \u00e0 la poussette, garantissant le confort de votre b\u00e9b\u00e9 tout en l'entourant d'un charmant motif de pingouin. Les parents sont absolument ravis de cet oreiller ! Une maman a d\u00e9clar\u00e9 : \"Mon b\u00e9b\u00e9 ne se lasse pas de cet oreiller en forme de pingouin. Il est si doux et le motif est tout simplement adorable. De plus, il l'aide vraiment \u00e0 maintenir sa t\u00eate dans une bonne position.\" Un p\u00e8re ajoute : \"C'est devenu notre compagnon de voyage pour toutes les sorties. Les couleurs sont superbes et notre b\u00e9b\u00e9 a toujours l'air tr\u00e8s heureux quand il voit le pingouin. Hautement recommand\u00e9 !\" Disponible dans les charmantes nuances de rose et de bleu, l'oreiller Penguin Shaping Pillow est plus qu'un simple accessoire pour b\u00e9b\u00e9 ; c'est un compagnon pr\u00e9cieux, qui promet confort, soutien et beaucoup de joie inspir\u00e9e par le pingouin pour les premiers mois de votre b\u00e9b\u00e9.<\/div>\n<\/div>","protected":false},"excerpt":{"rendered":"<p>L'oreiller modelable Pingouin est un produit irr\u00e9sistiblement mignon et pratique, con\u00e7u pour les b\u00e9b\u00e9s de 0 \u00e0 6 mois. Son design, inspir\u00e9 d'un adorable pingouin au corps potel\u00e9, aux nageoires et au bec doux, ne manquera pas de s\u00e9duire d\u00e8s le premier regard. La d\u00e9coupe centrale de l'oreiller est soigneusement con\u00e7ue pour offrir un soutien doux et ergonomique \u00e0 la t\u00eate du b\u00e9b\u00e9, l'aidant ainsi \u00e0 maintenir une forme de t\u00eate correcte pendant la phase cruciale de son d\u00e9veloppement. Dimensions : 26,5*<em>25*<\/em>1,5CM, il s'adapte parfaitement aux berceaux, aux poussettes ou aux porte-b\u00e9b\u00e9s, offrant un lieu de repos douillet et familier \u00e0 votre enfant, o\u00f9 qu'il se trouve. Disponible en rose et en bleu, il permet aux parents de choisir la couleur qui convient le mieux \u00e0 leurs pr\u00e9f\u00e9rences ou \u00e0 la d\u00e9coration de leur chambre d'enfant, combinant \u00e0 la fois charme et fonctionnalit\u00e9 pour am\u00e9liorer les soins apport\u00e9s \u00e0 b\u00e9b\u00e9.<\/p>","protected":false},"featured_media":3301,"comment_status":"open","ping_status":"closed","template":"","meta":{"_uag_custom_page_level_css":"","site-sidebar-layout":"default","site-content-layout":"","ast-site-content-layout":"default","site-content-style":"default","site-sidebar-style":"default","ast-global-header-display":"","ast-banner-title-visibility":"","ast-main-header-display":"","ast-hfb-above-header-display":"","ast-hfb-below-header-display":"","ast-hfb-mobile-header-display":"","site-post-title":"","ast-breadcrumbs-content":"","ast-featured-img":"","footer-sml-layout":"","ast-disable-related-posts":"","theme-transparent-header-meta":"default","adv-header-id-meta":"","stick-header-meta":"","header-above-stick-meta":"","header-main-stick-meta":"","header-below-stick-meta":"","astra-migrate-meta-layouts":"set","ast-page-background-enabled":"default","ast-page-background-meta":{"desktop":{"background-color":"","background-image":"","background-repeat":"repeat","background-position":"center center","background-size":"auto","background-attachment":"scroll","background-type":"","background-media":"","overlay-type":"","overlay-color":"","overlay-opacity":"","overlay-gradient":""},"tablet":{"background-color":"","background-image":"","background-repeat":"repeat","background-position":"center center","background-size":"auto","background-attachment":"scroll","background-type":"","background-media":"","overlay-type":"","overlay-color":"","overlay-opacity":"","overlay-gradient":""},"mobile":{"background-color":"","background-image":"","background-repeat":"repeat","background-position":"center center","background-size":"auto","background-attachment":"scroll","background-type":"","background-media":"","overlay-type":"","overlay-color":"","overlay-opacity":"","overlay-gradient":""}},"ast-content-background-meta":{"desktop":{"background-color":"var(--ast-global-color-5)","background-image":"","background-repeat":"repeat","background-position":"center center","background-size":"auto","background-attachment":"scroll","background-type":"","background-media":"","overlay-type":"","overlay-color":"","overlay-opacity":"","overlay-gradient":""},"tablet":{"background-color":"var(--ast-global-color-5)","background-image":"","background-repeat":"repeat","background-position":"center center","background-size":"auto","background-attachment":"scroll","background-type":"","background-media":"","overlay-type":"","overlay-color":"","overlay-opacity":"","overlay-gradient":""},"mobile":{"background-color":"var(--ast-global-color-5)","background-image":"","background-repeat":"repeat","background-position":"center center","background-size":"auto","background-attachment":"scroll","background-type":"","background-media":"","overlay-type":"","overlay-color":"","overlay-opacity":"","overlay-gradient":""}}},"product_brand":[],"product_cat":[54,42],"product_tag":[70,68,71,69],"class_list":{"0":"post-3300","1":"product","2":"type-product","3":"status-publish","4":"has-post-thumbnail","6":"product_cat-0-to-6months","7":"product_cat-merchandise","8":"product_tag-babypillow","9":"product_tag-cuteanimalpillow","10":"product_tag-headshapesupport","11":"product_tag-kouniushapingpillow","12":"desktop-align-left","13":"tablet-align-left","14":"mobile-align-left","16":"first","17":"instock","18":"shipping-taxable","19":"product-type-simple"},"aioseo_notices":[],"uagb_featured_image_src":{"full":["https:\/\/babypillowwholesale.com\/wp-content\/uploads\/2025\/03\/1511.jpg",1000,1000,false],"thumbnail":["https:\/\/babypillowwholesale.com\/wp-content\/uploads\/2025\/03\/1511-150x150.jpg",150,150,true],"medium":["https:\/\/babypillowwholesale.com\/wp-content\/uploads\/2025\/03\/1511-300x300.jpg",300,300,true],"medium_large":["https:\/\/babypillowwholesale.com\/wp-content\/uploads\/2025\/03\/1511-768x768.jpg",768,768,true],"large":["https:\/\/babypillowwholesale.com\/wp-content\/uploads\/2025\/03\/1511.jpg",1000,1000,false],"1536x1536":["https:\/\/babypillowwholesale.com\/wp-content\/uploads\/2025\/03\/1511.jpg",1000,1000,false],"2048x2048":["https:\/\/babypillowwholesale.com\/wp-content\/uploads\/2025\/03\/1511.jpg",1000,1000,false],"trp-custom-language-flag":["https:\/\/babypillowwholesale.com\/wp-content\/uploads\/2025\/03\/1511.jpg",12,12,false],"woocommerce_thumbnail":["https:\/\/babypillowwholesale.com\/wp-content\/uploads\/2025\/03\/1511-300x300.jpg",300,300,true],"woocommerce_single":["https:\/\/babypillowwholesale.com\/wp-content\/uploads\/2025\/03\/1511-600x600.jpg",600,600,true],"woocommerce_gallery_thumbnail":["https:\/\/babypillowwholesale.com\/wp-content\/uploads\/2025\/03\/1511-100x100.jpg",100,100,true]},"uagb_author_info":{"display_name":"Etnen zhong","author_link":"https:\/\/babypillowwholesale.com\/fr\/author\/"},"uagb_comment_info":0,"uagb_excerpt":"The Penguin Shaping Pillow is an irresistibly cute and practical product tailored for infants aged 0 to 6 months. Its design, modeled after an adorable penguin with a chubby body, flippers, and a sweet beak, is sure to win hearts at first sight. The central cut - out of the pillow is carefully engineered to\u2026","jetpack_sharing_enabled":true,"_links":{"self":[{"href":"https:\/\/babypillowwholesale.com\/fr\/wp-json\/wp\/v2\/product\/3300","targetHints":{"allow":["GET"]}}],"collection":[{"href":"https:\/\/babypillowwholesale.com\/fr\/wp-json\/wp\/v2\/product"}],"about":[{"href":"https:\/\/babypillowwholesale.com\/fr\/wp-json\/wp\/v2\/types\/product"}],"replies":[{"embeddable":true,"href":"https:\/\/babypillowwholesale.com\/fr\/wp-json\/wp\/v2\/comments?post=3300"}],"wp:featuredmedia":[{"embeddable":true,"href":"https:\/\/babypillowwholesale.com\/fr\/wp-json\/wp\/v2\/media\/3301"}],"wp:attachment":[{"href":"https:\/\/babypillowwholesale.com\/fr\/wp-json\/wp\/v2\/media?parent=3300"}],"wp:term":[{"taxonomy":"product_brand","embeddable":true,"href":"https:\/\/babypillowwholesale.com\/fr\/wp-json\/wp\/v2\/product_brand?post=3300"},{"taxonomy":"product_cat","embeddable":true,"href":"https:\/\/babypillowwholesale.com\/fr\/wp-json\/wp\/v2\/product_cat?post=3300"},{"taxonomy":"product_tag","embeddable":true,"href":"https:\/\/babypillowwholesale.com\/fr\/wp-json\/wp\/v2\/product_tag?post=3300"}],"curies":[{"name":"wp","href":"https:\/\/api.w.org\/{rel}","templated":true}]}}