{"id":3297,"date":"2025-03-22T02:36:47","date_gmt":"2025-03-22T02:36:47","guid":{"rendered":"https:\/\/babypillowwholesale.com\/?post_type=product&#038;p=3297"},"modified":"2025-06-08T16:05:37","modified_gmt":"2025-06-08T16:05:37","slug":"snotty-elephant-shaping-pillow","status":"publish","type":"product","link":"https:\/\/babypillowwholesale.com\/fr\/product\/snotty-elephant-shaping-pillow\/","title":{"rendered":"Oreiller en forme d'\u00e9l\u00e9phant morveux"},"content":{"rendered":"<div class=\"auto-hide-last-sibling-br paragraph-qzbcQC paragraph-element br-paragraph-space\" data-immersive-translate-walked=\"8e61f2e7-6af2-46e5-9672-3b9e4f4033d9\" data-immersive-translate-paragraph=\"1\">\n<div class=\"auto-hide-last-sibling-br paragraph-qzbcQC paragraph-element br-paragraph-space\">Plongez dans un monde de confort et de tendresse avec notre oreiller modelable Snotty Elephant, un accessoire de r\u00eave sp\u00e9cialement con\u00e7u pour les petits tr\u00e9sors de 0 \u00e0 6 mois. Son design enchanteur, inspir\u00e9 du doux \u00e9l\u00e9phant Snotty, se caract\u00e9rise par de grandes oreilles tombantes et un visage doux et minimaliste, ajoutant instantan\u00e9ment une touche de charme oc\u00e9anique \u00e0 la chambre de votre b\u00e9b\u00e9. Cet oreiller n'est pas seulement adorable, c'est aussi un soutien puissant. La d\u00e9coupe centrale aux contours pr\u00e9cis offre une \u00e9treinte tendre et rassurante \u00e0 la t\u00eate d\u00e9licate de votre b\u00e9b\u00e9, la guidant gracieusement vers une forme parfaite tandis qu'il explore les merveilles de ses premiers jours. Mesurant 26,5*25*1,5CM, il est incroyablement polyvalent. Pendant les apr\u00e8s-midi paisibles \u00e0 la maison, placez-le dans le berceau du b\u00e9b\u00e9 et regardez-le transformer la sieste en une aventure oc\u00e9anique sereine. Lorsque vous sortez en famille, que ce soit pour aller \u00e0 la plage ou visiter l'aquarium, l'oreiller s'adapte parfaitement \u00e0 la poussette, garantissant \u00e0 votre enfant un voyage confortable entour\u00e9 du charme familier de l'\u00e9l\u00e9phant morveux. Les parents sont s\u00e9duits par cet oreiller ! \"Mon b\u00e9b\u00e9 adore se blottir contre cet oreiller Snotty elephant. Il est si doux et son design est unique. J'ai \u00e9galement remarqu\u00e9 qu'il \u00e9tait tr\u00e8s utile pour maintenir la t\u00eate de mon b\u00e9b\u00e9 en bonne forme\", a d\u00e9clar\u00e9 une maman ravie. Un p\u00e8re a d\u00e9clar\u00e9 : \"C'est devenu un indispensable pour nous. Il est facile \u00e0 transporter et les options de couleur sont vraiment agr\u00e9ables. Notre b\u00e9b\u00e9 a toujours l'air tr\u00e8s content lorsqu'il l'utilise\". Disponible dans les charmantes teintes de rose et de bleu, le coussin modelant Ocean Elephant est plus qu'un simple accessoire pour b\u00e9b\u00e9 ; c'est un compagnon bien-aim\u00e9, qui promet confort, soutien et beaucoup de charme oc\u00e9anique pour les pr\u00e9cieux premiers mois de votre b\u00e9b\u00e9.<\/div>\n<\/div>","protected":false},"excerpt":{"rendered":"<p>L'oreiller modelable Snotty Elephant est un choix attrayant et pratique pour les b\u00e9b\u00e9s \u00e2g\u00e9s de 0 \u00e0 6 mois. Son design, inspir\u00e9 d'un \u00e9l\u00e9phant sur le th\u00e8me de l'oc\u00e9an avec de grandes oreilles et un visage simple et mignon, attire l'attention. La d\u00e9coupe centrale de l'oreiller est soigneusement fa\u00e7onn\u00e9e pour soutenir d\u00e9licatement la t\u00eate de l'enfant, l'aidant ainsi \u00e0 maintenir une bonne forme de t\u00eate pendant son d\u00e9veloppement. Dimensions : 26,5*<em>25*<\/em>1,5CM, il s'adapte bien aux berceaux, aux poussettes ou lorsque le b\u00e9b\u00e9 se d\u00e9tend sur un tapis d'\u00e9veil. Disponible en rose et en bleu, il permet aux parents de choisir la couleur qui convient le mieux \u00e0 leurs go\u00fbts ou \u00e0 la d\u00e9coration de leur chambre d'enfant, alliant ainsi charme et fonctionnalit\u00e9 pour les soins du b\u00e9b\u00e9.<\/p>","protected":false},"featured_media":3298,"comment_status":"open","ping_status":"closed","template":"","meta":{"_uag_custom_page_level_css":"","site-sidebar-layout":"default","site-content-layout":"","ast-site-content-layout":"default","site-content-style":"default","site-sidebar-style":"default","ast-global-header-display":"","ast-banner-title-visibility":"","ast-main-header-display":"","ast-hfb-above-header-display":"","ast-hfb-below-header-display":"","ast-hfb-mobile-header-display":"","site-post-title":"","ast-breadcrumbs-content":"","ast-featured-img":"","footer-sml-layout":"","ast-disable-related-posts":"","theme-transparent-header-meta":"default","adv-header-id-meta":"","stick-header-meta":"","header-above-stick-meta":"","header-main-stick-meta":"","header-below-stick-meta":"","astra-migrate-meta-layouts":"set","ast-page-background-enabled":"default","ast-page-background-meta":{"desktop":{"background-color":"","background-image":"","background-repeat":"repeat","background-position":"center center","background-size":"auto","background-attachment":"scroll","background-type":"","background-media":"","overlay-type":"","overlay-color":"","overlay-opacity":"","overlay-gradient":""},"tablet":{"background-color":"","background-image":"","background-repeat":"repeat","background-position":"center center","background-size":"auto","background-attachment":"scroll","background-type":"","background-media":"","overlay-type":"","overlay-color":"","overlay-opacity":"","overlay-gradient":""},"mobile":{"background-color":"","background-image":"","background-repeat":"repeat","background-position":"center center","background-size":"auto","background-attachment":"scroll","background-type":"","background-media":"","overlay-type":"","overlay-color":"","overlay-opacity":"","overlay-gradient":""}},"ast-content-background-meta":{"desktop":{"background-color":"var(--ast-global-color-5)","background-image":"","background-repeat":"repeat","background-position":"center center","background-size":"auto","background-attachment":"scroll","background-type":"","background-media":"","overlay-type":"","overlay-color":"","overlay-opacity":"","overlay-gradient":""},"tablet":{"background-color":"var(--ast-global-color-5)","background-image":"","background-repeat":"repeat","background-position":"center center","background-size":"auto","background-attachment":"scroll","background-type":"","background-media":"","overlay-type":"","overlay-color":"","overlay-opacity":"","overlay-gradient":""},"mobile":{"background-color":"var(--ast-global-color-5)","background-image":"","background-repeat":"repeat","background-position":"center center","background-size":"auto","background-attachment":"scroll","background-type":"","background-media":"","overlay-type":"","overlay-color":"","overlay-opacity":"","overlay-gradient":""}}},"product_brand":[],"product_cat":[54,42],"product_tag":[70,68,71,69],"class_list":{"0":"post-3297","1":"product","2":"type-product","3":"status-publish","4":"has-post-thumbnail","6":"product_cat-0-to-6months","7":"product_cat-merchandise","8":"product_tag-babypillow","9":"product_tag-cuteanimalpillow","10":"product_tag-headshapesupport","11":"product_tag-kouniushapingpillow","12":"desktop-align-left","13":"tablet-align-left","14":"mobile-align-left","16":"first","17":"instock","18":"shipping-taxable","19":"product-type-simple"},"aioseo_notices":[],"uagb_featured_image_src":{"full":["https:\/\/babypillowwholesale.com\/wp-content\/uploads\/2025\/03\/1510.jpg",1000,1000,false],"thumbnail":["https:\/\/babypillowwholesale.com\/wp-content\/uploads\/2025\/03\/1510-150x150.jpg",150,150,true],"medium":["https:\/\/babypillowwholesale.com\/wp-content\/uploads\/2025\/03\/1510-300x300.jpg",300,300,true],"medium_large":["https:\/\/babypillowwholesale.com\/wp-content\/uploads\/2025\/03\/1510-768x768.jpg",768,768,true],"large":["https:\/\/babypillowwholesale.com\/wp-content\/uploads\/2025\/03\/1510.jpg",1000,1000,false],"1536x1536":["https:\/\/babypillowwholesale.com\/wp-content\/uploads\/2025\/03\/1510.jpg",1000,1000,false],"2048x2048":["https:\/\/babypillowwholesale.com\/wp-content\/uploads\/2025\/03\/1510.jpg",1000,1000,false],"trp-custom-language-flag":["https:\/\/babypillowwholesale.com\/wp-content\/uploads\/2025\/03\/1510.jpg",12,12,false],"woocommerce_thumbnail":["https:\/\/babypillowwholesale.com\/wp-content\/uploads\/2025\/03\/1510-300x300.jpg",300,300,true],"woocommerce_single":["https:\/\/babypillowwholesale.com\/wp-content\/uploads\/2025\/03\/1510-600x600.jpg",600,600,true],"woocommerce_gallery_thumbnail":["https:\/\/babypillowwholesale.com\/wp-content\/uploads\/2025\/03\/1510-100x100.jpg",100,100,true]},"uagb_author_info":{"display_name":"Etnen zhong","author_link":"https:\/\/babypillowwholesale.com\/fr\/author\/"},"uagb_comment_info":1,"uagb_excerpt":"The Snotty Elephant Shaping Pillow is an appealing and practical choice for infants aged 0 to 6 months. Its design, modeled after an ocean - themed elephant with large ears and a simple, cute face, is eye - catching. The central cut - out of the pillow is carefully shaped to provide gentle support for\u2026","jetpack_sharing_enabled":true,"_links":{"self":[{"href":"https:\/\/babypillowwholesale.com\/fr\/wp-json\/wp\/v2\/product\/3297","targetHints":{"allow":["GET"]}}],"collection":[{"href":"https:\/\/babypillowwholesale.com\/fr\/wp-json\/wp\/v2\/product"}],"about":[{"href":"https:\/\/babypillowwholesale.com\/fr\/wp-json\/wp\/v2\/types\/product"}],"replies":[{"embeddable":true,"href":"https:\/\/babypillowwholesale.com\/fr\/wp-json\/wp\/v2\/comments?post=3297"}],"wp:featuredmedia":[{"embeddable":true,"href":"https:\/\/babypillowwholesale.com\/fr\/wp-json\/wp\/v2\/media\/3298"}],"wp:attachment":[{"href":"https:\/\/babypillowwholesale.com\/fr\/wp-json\/wp\/v2\/media?parent=3297"}],"wp:term":[{"taxonomy":"product_brand","embeddable":true,"href":"https:\/\/babypillowwholesale.com\/fr\/wp-json\/wp\/v2\/product_brand?post=3297"},{"taxonomy":"product_cat","embeddable":true,"href":"https:\/\/babypillowwholesale.com\/fr\/wp-json\/wp\/v2\/product_cat?post=3297"},{"taxonomy":"product_tag","embeddable":true,"href":"https:\/\/babypillowwholesale.com\/fr\/wp-json\/wp\/v2\/product_tag?post=3297"}],"curies":[{"name":"wp","href":"https:\/\/api.w.org\/{rel}","templated":true}]}}