{"id":3289,"date":"2025-03-20T08:23:07","date_gmt":"2025-03-20T08:23:07","guid":{"rendered":"https:\/\/babypillowwholesale.com\/?post_type=product&#038;p=3289"},"modified":"2025-06-08T16:10:06","modified_gmt":"2025-06-08T16:10:06","slug":"crown-shaping-pillow","status":"publish","type":"product","link":"https:\/\/babypillowwholesale.com\/fr\/product\/crown-shaping-pillow\/","title":{"rendered":"Oreiller en forme de couronne"},"content":{"rendered":"<div class=\"auto-hide-last-sibling-br paragraph-qzbcQC paragraph-element br-paragraph-space\" data-immersive-translate-walked=\"8e61f2e7-6af2-46e5-9672-3b9e4f4033d9\" data-immersive-translate-paragraph=\"1\">\n<div class=\"auto-hide-last-sibling-br paragraph-qzbcQC paragraph-element br-paragraph-space\">Voici le Crown Shaping Pillow, un m\u00e9lange parfait d'\u00e9l\u00e9gance et de fonctionnalit\u00e9, m\u00e9ticuleusement con\u00e7u pour les tout petits royaux \u00e2g\u00e9s de 0 \u00e0 6 mois. Son design distinctif, orn\u00e9 d'une d\u00e9licate couronne, lui conf\u00e8re une touche de charme royal, ce qui en fait non seulement un oreiller mais aussi une pi\u00e8ce ma\u00eetresse dans toute chambre d'enfant. Cet oreiller est un sanctuaire de confort et de soutien. La d\u00e9coupe centrale aux contours pr\u00e9cis berce tendrement la t\u00eate d\u00e9licate de votre b\u00e9b\u00e9, la guidant gracieusement vers une forme parfaite au fur et \u00e0 mesure qu'il avance dans ses pr\u00e9cieux premiers jours. Avec des dimensions de 26,5*25*1,5CM, il s'adapte parfaitement \u00e0 diff\u00e9rents environnements. Qu'il soit nich\u00e9 dans la douceur luxueuse du berceau de votre b\u00e9b\u00e9, cr\u00e9ant un tr\u00f4ne douillet pour ses sommeils paisibles, ou qu'il l'accompagne dans la poussette lors d'une promenade ensoleill\u00e9e dans le quartier, cet oreiller garantit un confort in\u00e9branlable. Il s'adapte \u00e9galement parfaitement aux porte-b\u00e9b\u00e9s, ce qui facilite les sorties en gardant votre enfant confortablement install\u00e9. Les parents sont enchant\u00e9s par cet oreiller ! Une maman ravie a d\u00e9clar\u00e9 : \"Mon b\u00e9b\u00e9 a l'air d'un petit prince\/princesse reposant sur cet oreiller couronne. Il est incroyablement doux et j'ai remarqu\u00e9 une grande am\u00e9lioration de la forme de sa t\u00eate. La couleur bleue que nous avons choisie est tout simplement magnifique dans la chambre de b\u00e9b\u00e9.\" Un papa a ajout\u00e9 : \"C'est tellement pratique de l'emporter partout avec nous. Le design est unique et mon b\u00e9b\u00e9 semble l'adorer. C'est un excellent compl\u00e9ment \u00e0 nos accessoires pour b\u00e9b\u00e9. Disponible dans les charmantes teintes de rose et de bleu, le Crown Shaping Pillow est plus qu'un simple accessoire pour b\u00e9b\u00e9 ; c'est un compagnon pr\u00e9cieux, qui promet confort, soutien et une touche d'allure royale pour les pr\u00e9cieux premiers mois de votre b\u00e9b\u00e9.<\/div>\n<\/div>","protected":false},"excerpt":{"rendered":"<p>Le Crown Shaping Pillow est un produit charmant et pratique con\u00e7u pour les b\u00e9b\u00e9s \u00e2g\u00e9s de 0 \u00e0 6 mois. Son design unique, avec une jolie couronne sur le dessus, lui conf\u00e8re un aspect royal et adorable. La d\u00e9coupe centrale de l'oreiller est soigneusement con\u00e7ue pour soutenir d\u00e9licatement la t\u00eate de l'enfant et l'aider \u00e0 conserver une bonne forme pendant la phase cruciale de son d\u00e9veloppement. Dimensions : 26,5<em>25<\/em>1,5CM, il s'adapte confortablement aux berceaux, aux poussettes ou lorsque le b\u00e9b\u00e9 se d\u00e9tend sur une couverture. Disponible en rose et en bleu, il permet aux parents de choisir la couleur qui correspond \u00e0 leurs go\u00fbts ou \u00e0 la d\u00e9coration de leur chambre, combinant \u00e0 la fois style et fonctionnalit\u00e9 pour une prise en charge optimale de b\u00e9b\u00e9.<\/p>","protected":false},"featured_media":3290,"comment_status":"open","ping_status":"closed","template":"","meta":{"_uag_custom_page_level_css":"","site-sidebar-layout":"default","site-content-layout":"","ast-site-content-layout":"default","site-content-style":"default","site-sidebar-style":"default","ast-global-header-display":"","ast-banner-title-visibility":"","ast-main-header-display":"","ast-hfb-above-header-display":"","ast-hfb-below-header-display":"","ast-hfb-mobile-header-display":"","site-post-title":"","ast-breadcrumbs-content":"","ast-featured-img":"","footer-sml-layout":"","ast-disable-related-posts":"","theme-transparent-header-meta":"default","adv-header-id-meta":"","stick-header-meta":"","header-above-stick-meta":"","header-main-stick-meta":"","header-below-stick-meta":"","astra-migrate-meta-layouts":"set","ast-page-background-enabled":"default","ast-page-background-meta":{"desktop":{"background-color":"","background-image":"","background-repeat":"repeat","background-position":"center center","background-size":"auto","background-attachment":"scroll","background-type":"","background-media":"","overlay-type":"","overlay-color":"","overlay-opacity":"","overlay-gradient":""},"tablet":{"background-color":"","background-image":"","background-repeat":"repeat","background-position":"center center","background-size":"auto","background-attachment":"scroll","background-type":"","background-media":"","overlay-type":"","overlay-color":"","overlay-opacity":"","overlay-gradient":""},"mobile":{"background-color":"","background-image":"","background-repeat":"repeat","background-position":"center center","background-size":"auto","background-attachment":"scroll","background-type":"","background-media":"","overlay-type":"","overlay-color":"","overlay-opacity":"","overlay-gradient":""}},"ast-content-background-meta":{"desktop":{"background-color":"var(--ast-global-color-5)","background-image":"","background-repeat":"repeat","background-position":"center center","background-size":"auto","background-attachment":"scroll","background-type":"","background-media":"","overlay-type":"","overlay-color":"","overlay-opacity":"","overlay-gradient":""},"tablet":{"background-color":"var(--ast-global-color-5)","background-image":"","background-repeat":"repeat","background-position":"center center","background-size":"auto","background-attachment":"scroll","background-type":"","background-media":"","overlay-type":"","overlay-color":"","overlay-opacity":"","overlay-gradient":""},"mobile":{"background-color":"var(--ast-global-color-5)","background-image":"","background-repeat":"repeat","background-position":"center center","background-size":"auto","background-attachment":"scroll","background-type":"","background-media":"","overlay-type":"","overlay-color":"","overlay-opacity":"","overlay-gradient":""}}},"product_brand":[],"product_cat":[54,42],"product_tag":[70,68,71,69],"class_list":{"0":"post-3289","1":"product","2":"type-product","3":"status-publish","4":"has-post-thumbnail","6":"product_cat-0-to-6months","7":"product_cat-merchandise","8":"product_tag-babypillow","9":"product_tag-cuteanimalpillow","10":"product_tag-headshapesupport","11":"product_tag-kouniushapingpillow","12":"desktop-align-left","13":"tablet-align-left","14":"mobile-align-left","16":"first","17":"instock","18":"shipping-taxable","19":"product-type-simple"},"aioseo_notices":[],"uagb_featured_image_src":{"full":["https:\/\/babypillowwholesale.com\/wp-content\/uploads\/2025\/03\/1508.jpg",1000,1000,false],"thumbnail":["https:\/\/babypillowwholesale.com\/wp-content\/uploads\/2025\/03\/1508-150x150.jpg",150,150,true],"medium":["https:\/\/babypillowwholesale.com\/wp-content\/uploads\/2025\/03\/1508-300x300.jpg",300,300,true],"medium_large":["https:\/\/babypillowwholesale.com\/wp-content\/uploads\/2025\/03\/1508-768x768.jpg",768,768,true],"large":["https:\/\/babypillowwholesale.com\/wp-content\/uploads\/2025\/03\/1508.jpg",1000,1000,false],"1536x1536":["https:\/\/babypillowwholesale.com\/wp-content\/uploads\/2025\/03\/1508.jpg",1000,1000,false],"2048x2048":["https:\/\/babypillowwholesale.com\/wp-content\/uploads\/2025\/03\/1508.jpg",1000,1000,false],"trp-custom-language-flag":["https:\/\/babypillowwholesale.com\/wp-content\/uploads\/2025\/03\/1508.jpg",12,12,false],"woocommerce_thumbnail":["https:\/\/babypillowwholesale.com\/wp-content\/uploads\/2025\/03\/1508-300x300.jpg",300,300,true],"woocommerce_single":["https:\/\/babypillowwholesale.com\/wp-content\/uploads\/2025\/03\/1508-600x600.jpg",600,600,true],"woocommerce_gallery_thumbnail":["https:\/\/babypillowwholesale.com\/wp-content\/uploads\/2025\/03\/1508-100x100.jpg",100,100,true]},"uagb_author_info":{"display_name":"yangli","author_link":"https:\/\/babypillowwholesale.com\/fr\/author\/"},"uagb_comment_info":0,"uagb_excerpt":"The Crown Shaping Pillow is a charming and practical product designed for infants aged 0 to 6 months. Its unique design, featuring a cute crown on top, gives it a regal and adorable look. The central cut - out of the pillow is carefully crafted to provide gentle support for a baby's head, helping to\u2026","jetpack_sharing_enabled":true,"_links":{"self":[{"href":"https:\/\/babypillowwholesale.com\/fr\/wp-json\/wp\/v2\/product\/3289","targetHints":{"allow":["GET"]}}],"collection":[{"href":"https:\/\/babypillowwholesale.com\/fr\/wp-json\/wp\/v2\/product"}],"about":[{"href":"https:\/\/babypillowwholesale.com\/fr\/wp-json\/wp\/v2\/types\/product"}],"replies":[{"embeddable":true,"href":"https:\/\/babypillowwholesale.com\/fr\/wp-json\/wp\/v2\/comments?post=3289"}],"wp:featuredmedia":[{"embeddable":true,"href":"https:\/\/babypillowwholesale.com\/fr\/wp-json\/wp\/v2\/media\/3290"}],"wp:attachment":[{"href":"https:\/\/babypillowwholesale.com\/fr\/wp-json\/wp\/v2\/media?parent=3289"}],"wp:term":[{"taxonomy":"product_brand","embeddable":true,"href":"https:\/\/babypillowwholesale.com\/fr\/wp-json\/wp\/v2\/product_brand?post=3289"},{"taxonomy":"product_cat","embeddable":true,"href":"https:\/\/babypillowwholesale.com\/fr\/wp-json\/wp\/v2\/product_cat?post=3289"},{"taxonomy":"product_tag","embeddable":true,"href":"https:\/\/babypillowwholesale.com\/fr\/wp-json\/wp\/v2\/product_tag?post=3289"}],"curies":[{"name":"wp","href":"https:\/\/api.w.org\/{rel}","templated":true}]}}