{"id":3286,"date":"2025-03-18T15:34:57","date_gmt":"2025-03-18T15:34:57","guid":{"rendered":"https:\/\/babypillowwholesale.com\/?post_type=product&#038;p=3286"},"modified":"2025-06-08T16:11:21","modified_gmt":"2025-06-08T16:11:21","slug":"monster-shaping-pillow","status":"publish","type":"product","link":"https:\/\/babypillowwholesale.com\/fr\/product\/monster-shaping-pillow\/","title":{"rendered":"Oreiller modelant Monster"},"content":{"rendered":"<div class=\"auto-hide-last-sibling-br paragraph-qzbcQC paragraph-element br-paragraph-space\" data-immersive-translate-walked=\"8e61f2e7-6af2-46e5-9672-3b9e4f4033d9\" data-immersive-translate-paragraph=\"1\">\n<div class=\"auto-hide-last-sibling-br paragraph-qzbcQC paragraph-element br-paragraph-space\">Entrez dans un monde de fantaisie et de confort avec notre oreiller modelable Monster, un indispensable pour les plus petits aventuriers \u00e2g\u00e9s de 0 \u00e0 6 mois. Son design attachant inspir\u00e9 des monstres, avec ses grands yeux ronds et curieux, son petit nez mignon et ses oreilles rebondies, est un compl\u00e9ment ludique qui \u00e9gaye instantan\u00e9ment toute chambre d'enfant. Cet oreiller n'est pas seulement captivant par son aspect, c'est aussi un havre de soutien. La d\u00e9coupe centrale soigneusement profil\u00e9e offre une \u00e9treinte douce et rassurante \u00e0 la t\u00eate d\u00e9licate de votre b\u00e9b\u00e9, la guidant gracieusement vers une forme parfaite alors qu'il explore les premiers jours de sa vie. Avec des dimensions de 26,5*25*1,5CM, il est incroyablement polyvalent. Lors des dimanches apr\u00e8s-midi paresseux \u00e0 la maison, placez-le dans le berceau du b\u00e9b\u00e9 et observez comment il transforme la sieste en une exp\u00e9rience douillette et pleine de r\u00eaves. Lors des sorties en famille, qu'il s'agisse d'une visite au zoo ou d'un pique-nique dans le parc, l'oreiller s'adapte parfaitement \u00e0 la poussette, garantissant \u00e0 votre enfant un voyage confortable. Les parents ne tarissent pas d'\u00e9loges sur ce d\u00e9licieux oreiller ! Une maman s'extasie : \"Mon b\u00e9b\u00e9 est obs\u00e9d\u00e9 par cet oreiller monstre. Il est si doux et le motif le fait toujours rire. De plus, il lui permet de maintenir sa t\u00eate dans une bonne position\". Un papa a d\u00e9clar\u00e9 : \"J'adore le fait qu'il soit facile \u00e0 transporter. Il est devenu un \u00e9l\u00e9ment essentiel de nos voyages, et les options de couleur sont vraiment agr\u00e9ables. Je le recommande vivement aux autres parents. Disponible dans les charmantes nuances de rose et de bleu, le Monster Shaping Pillow est plus qu'un simple accessoire pour b\u00e9b\u00e9 ; c'est un compagnon ador\u00e9, qui promet confort, soutien et beaucoup d'amusement pour les pr\u00e9cieux premiers jours de votre b\u00e9b\u00e9.<\/div>\n<\/div>","protected":false},"excerpt":{"rendered":"<p>Le coussin modelable Monster est un produit attrayant et pratique con\u00e7u pour les nourrissons \u00e2g\u00e9s de 0 \u00e0 6 mois. Son apparence mignonne sur le th\u00e8me des monstres, avec des yeux ronds, un petit nez et de petites oreilles, le rend visuellement int\u00e9ressant. La d\u00e9coupe centrale unique de l'oreiller offre un soutien doux \u00e0 la t\u00eate du b\u00e9b\u00e9, l'aidant \u00e0 maintenir une bonne forme de t\u00eate pendant sa croissance. Dimensions : 26,5<em>25<\/em>1,5CM, il peut \u00eatre utilis\u00e9 dans les berceaux, les poussettes ou lorsque le b\u00e9b\u00e9 est allong\u00e9 sur un tapis d'\u00e9veil. Disponible en rose et en bleu, il permet aux parents de choisir la couleur qui correspond \u00e0 leurs pr\u00e9f\u00e9rences ou \u00e0 la d\u00e9coration de leur chambre d'enfant, alliant ainsi plaisir et fonctionnalit\u00e9 pour les soins du b\u00e9b\u00e9.<\/p>","protected":false},"featured_media":3287,"comment_status":"open","ping_status":"closed","template":"","meta":{"_uag_custom_page_level_css":"","site-sidebar-layout":"default","site-content-layout":"","ast-site-content-layout":"default","site-content-style":"default","site-sidebar-style":"default","ast-global-header-display":"","ast-banner-title-visibility":"","ast-main-header-display":"","ast-hfb-above-header-display":"","ast-hfb-below-header-display":"","ast-hfb-mobile-header-display":"","site-post-title":"","ast-breadcrumbs-content":"","ast-featured-img":"","footer-sml-layout":"","ast-disable-related-posts":"","theme-transparent-header-meta":"default","adv-header-id-meta":"","stick-header-meta":"","header-above-stick-meta":"","header-main-stick-meta":"","header-below-stick-meta":"","astra-migrate-meta-layouts":"set","ast-page-background-enabled":"default","ast-page-background-meta":{"desktop":{"background-color":"","background-image":"","background-repeat":"repeat","background-position":"center center","background-size":"auto","background-attachment":"scroll","background-type":"","background-media":"","overlay-type":"","overlay-color":"","overlay-opacity":"","overlay-gradient":""},"tablet":{"background-color":"","background-image":"","background-repeat":"repeat","background-position":"center center","background-size":"auto","background-attachment":"scroll","background-type":"","background-media":"","overlay-type":"","overlay-color":"","overlay-opacity":"","overlay-gradient":""},"mobile":{"background-color":"","background-image":"","background-repeat":"repeat","background-position":"center center","background-size":"auto","background-attachment":"scroll","background-type":"","background-media":"","overlay-type":"","overlay-color":"","overlay-opacity":"","overlay-gradient":""}},"ast-content-background-meta":{"desktop":{"background-color":"var(--ast-global-color-5)","background-image":"","background-repeat":"repeat","background-position":"center center","background-size":"auto","background-attachment":"scroll","background-type":"","background-media":"","overlay-type":"","overlay-color":"","overlay-opacity":"","overlay-gradient":""},"tablet":{"background-color":"var(--ast-global-color-5)","background-image":"","background-repeat":"repeat","background-position":"center center","background-size":"auto","background-attachment":"scroll","background-type":"","background-media":"","overlay-type":"","overlay-color":"","overlay-opacity":"","overlay-gradient":""},"mobile":{"background-color":"var(--ast-global-color-5)","background-image":"","background-repeat":"repeat","background-position":"center center","background-size":"auto","background-attachment":"scroll","background-type":"","background-media":"","overlay-type":"","overlay-color":"","overlay-opacity":"","overlay-gradient":""}}},"product_brand":[],"product_cat":[54,42],"product_tag":[70,68,71,69],"class_list":{"0":"post-3286","1":"product","2":"type-product","3":"status-publish","4":"has-post-thumbnail","6":"product_cat-0-to-6months","7":"product_cat-merchandise","8":"product_tag-babypillow","9":"product_tag-cuteanimalpillow","10":"product_tag-headshapesupport","11":"product_tag-kouniushapingpillow","12":"desktop-align-left","13":"tablet-align-left","14":"mobile-align-left","16":"first","17":"instock","18":"shipping-taxable","19":"product-type-simple"},"aioseo_notices":[],"uagb_featured_image_src":{"full":["https:\/\/babypillowwholesale.com\/wp-content\/uploads\/2025\/03\/1507.jpg",1000,1000,false],"thumbnail":["https:\/\/babypillowwholesale.com\/wp-content\/uploads\/2025\/03\/1507-150x150.jpg",150,150,true],"medium":["https:\/\/babypillowwholesale.com\/wp-content\/uploads\/2025\/03\/1507-300x300.jpg",300,300,true],"medium_large":["https:\/\/babypillowwholesale.com\/wp-content\/uploads\/2025\/03\/1507-768x768.jpg",768,768,true],"large":["https:\/\/babypillowwholesale.com\/wp-content\/uploads\/2025\/03\/1507.jpg",1000,1000,false],"1536x1536":["https:\/\/babypillowwholesale.com\/wp-content\/uploads\/2025\/03\/1507.jpg",1000,1000,false],"2048x2048":["https:\/\/babypillowwholesale.com\/wp-content\/uploads\/2025\/03\/1507.jpg",1000,1000,false],"trp-custom-language-flag":["https:\/\/babypillowwholesale.com\/wp-content\/uploads\/2025\/03\/1507.jpg",12,12,false],"woocommerce_thumbnail":["https:\/\/babypillowwholesale.com\/wp-content\/uploads\/2025\/03\/1507-300x300.jpg",300,300,true],"woocommerce_single":["https:\/\/babypillowwholesale.com\/wp-content\/uploads\/2025\/03\/1507-600x600.jpg",600,600,true],"woocommerce_gallery_thumbnail":["https:\/\/babypillowwholesale.com\/wp-content\/uploads\/2025\/03\/1507-100x100.jpg",100,100,true]},"uagb_author_info":{"display_name":"Etnen zhong","author_link":"https:\/\/babypillowwholesale.com\/fr\/author\/"},"uagb_comment_info":0,"uagb_excerpt":"The Monster Shaping Pillow is an engaging and practical product designed for infants aged 0 to 6 months. Its cute monster - themed appearance, with round eyes, a small nose, and little ears, makes it visually interesting. The unique central cut - out of the pillow provides gentle support for a baby's head, helping to\u2026","jetpack_sharing_enabled":true,"_links":{"self":[{"href":"https:\/\/babypillowwholesale.com\/fr\/wp-json\/wp\/v2\/product\/3286","targetHints":{"allow":["GET"]}}],"collection":[{"href":"https:\/\/babypillowwholesale.com\/fr\/wp-json\/wp\/v2\/product"}],"about":[{"href":"https:\/\/babypillowwholesale.com\/fr\/wp-json\/wp\/v2\/types\/product"}],"replies":[{"embeddable":true,"href":"https:\/\/babypillowwholesale.com\/fr\/wp-json\/wp\/v2\/comments?post=3286"}],"wp:featuredmedia":[{"embeddable":true,"href":"https:\/\/babypillowwholesale.com\/fr\/wp-json\/wp\/v2\/media\/3287"}],"wp:attachment":[{"href":"https:\/\/babypillowwholesale.com\/fr\/wp-json\/wp\/v2\/media?parent=3286"}],"wp:term":[{"taxonomy":"product_brand","embeddable":true,"href":"https:\/\/babypillowwholesale.com\/fr\/wp-json\/wp\/v2\/product_brand?post=3286"},{"taxonomy":"product_cat","embeddable":true,"href":"https:\/\/babypillowwholesale.com\/fr\/wp-json\/wp\/v2\/product_cat?post=3286"},{"taxonomy":"product_tag","embeddable":true,"href":"https:\/\/babypillowwholesale.com\/fr\/wp-json\/wp\/v2\/product_tag?post=3286"}],"curies":[{"name":"wp","href":"https:\/\/api.w.org\/{rel}","templated":true}]}}