{"id":3271,"date":"2025-03-18T06:30:20","date_gmt":"2025-03-18T06:30:20","guid":{"rendered":"https:\/\/babypillowwholesale.com\/?post_type=product&#038;p=3271"},"modified":"2025-06-08T16:13:28","modified_gmt":"2025-06-08T16:13:28","slug":"cute-one-shaping-pillow","status":"publish","type":"product","link":"https:\/\/babypillowwholesale.com\/fr\/product\/cute-one-shaping-pillow\/","title":{"rendered":"Oreiller mignon \u00e0 forme unique"},"content":{"rendered":"<div class=\"auto-hide-last-sibling-br paragraph-qzbcQC paragraph-element br-paragraph-space\" data-immersive-translate-walked=\"8e61f2e7-6af2-46e5-9672-3b9e4f4033d9\" data-immersive-translate-paragraph=\"1\">\n<div class=\"auto-hide-last-sibling-br paragraph-qzbcQC paragraph-element br-paragraph-space\">Le charmant oreiller Cute One Shaping Pillow, un essentiel de r\u00eave m\u00e9ticuleusement con\u00e7u pour les plus petits des ch\u00e9ris \u00e2g\u00e9s de 0 \u00e0 6 mois. Avec son visage enchanteur orn\u00e9 d'adorables oreilles inspir\u00e9es d'animaux et un visage doux et attachant, il est impossible de ne pas tomber amoureux de cet oreiller d\u00e8s le premier regard.<\/div>\n<div class=\"auto-hide-last-sibling-br paragraph-qzbcQC paragraph-element br-paragraph-space\">Au-del\u00e0 de son aspect ext\u00e9rieur captivant, ce coussin est un parangon de fonctionnalit\u00e9. La d\u00e9coupe centrale ing\u00e9nieusement con\u00e7ue offre une \u00e9treinte tendre et un soutien \u00e0 la t\u00eate d\u00e9licate de votre b\u00e9b\u00e9, la guidant doucement vers une forme parfaite tout au long de ses pr\u00e9cieux premiers jours. Dimensions : 26,5*<em>25*<\/em>1,5CM, il est parfaitement dimensionn\u00e9 pour s'int\u00e9grer dans une grande vari\u00e9t\u00e9 d'environnements.<\/div>\n<div class=\"auto-hide-last-sibling-br paragraph-qzbcQC paragraph-element br-paragraph-space\">Qu'il soit nich\u00e9 dans le confort moelleux du berceau de votre b\u00e9b\u00e9, cr\u00e9ant un havre de tranquillit\u00e9 pour les longues siestes r\u00e9paratrices, ou qu'il accompagne votre enfant dans la poussette lors d'une promenade au parc, cet oreiller garantit un confort in\u00e9branlable. C'est aussi un compagnon id\u00e9al pour les apr\u00e8s-midi douillets \u00e0 la maison, lorsque votre b\u00e9b\u00e9 se d\u00e9tend sur une couverture douce, offrant un endroit familier et apaisant.<\/div>\n<div class=\"auto-hide-last-sibling-br paragraph-qzbcQC paragraph-element br-paragraph-space\">Les parents sont absolument s\u00e9duits par l'oreiller Cute One Shaping Pillow ! Une maman ravie a d\u00e9clar\u00e9 : \"Cet oreiller est non seulement incroyablement mignon, mais il convient aussi parfaitement \u00e0 la forme de la t\u00eate de mon b\u00e9b\u00e9. Il est si doux et mon petit semble adorer s'y reposer. De plus, les options de couleur sont g\u00e9niales - nous avons choisi le bleu, et il est superbe dans la chambre de b\u00e9b\u00e9.\" Un autre papa ajoute : \"C'est devenu un \u00e9l\u00e9ment essentiel de notre routine quotidienne. Il est facile \u00e0 transporter et il fait toujours sourire mon b\u00e9b\u00e9. Hautement recommand\u00e9 !\"<\/div>\n<div class=\"auto-hide-last-sibling-br paragraph-qzbcQC paragraph-element br-paragraph-space\">Disponible dans les charmantes teintes de rose, bleu et vert fonc\u00e9, le Cute One Shaping Pillow est plus qu'un simple accessoire pour b\u00e9b\u00e9 ; c'est un compagnon pr\u00e9cieux, qui allie harmonieusement l'\u00e9l\u00e9gance, le confort et la praticit\u00e9 pour les pr\u00e9cieux premiers mois de votre b\u00e9b\u00e9.<\/div>\n<\/div>","protected":false},"excerpt":{"rendered":"<p>Le Cute One Shaping Pillow est un produit charmant et fonctionnel con\u00e7u pour les b\u00e9b\u00e9s \u00e2g\u00e9s de 0 \u00e0 6 mois. Son aspect charmant, avec ses oreilles mignonnes comme celles d'un animal et son visage doux, ne manquera pas de s\u00e9duire les c\u0153urs. La d\u00e9coupe unique du centre de l'oreiller offre un soutien doux \u00e0 la t\u00eate du b\u00e9b\u00e9, l'aidant \u00e0 conserver une forme saine pendant la phase cruciale de son d\u00e9veloppement. Avec une taille de 26,5*<em>25*<\/em>1,5CM, il s'adapte confortablement au berceau, \u00e0 la poussette ou lorsque le b\u00e9b\u00e9 se d\u00e9tend sur une couverture. Disponible en rose, bleu et vert fonc\u00e9, il offre aux parents la possibilit\u00e9 de choisir en fonction de leurs pr\u00e9f\u00e9rences ou de la d\u00e9coration de leur chambre d'enfant. Il allie \u00e0 la fois l'\u00e9l\u00e9gance et la praticit\u00e9 pour les soins du b\u00e9b\u00e9.<\/p>","protected":false},"featured_media":3284,"comment_status":"open","ping_status":"closed","template":"","meta":{"_uag_custom_page_level_css":"","site-sidebar-layout":"default","site-content-layout":"","ast-site-content-layout":"default","site-content-style":"default","site-sidebar-style":"default","ast-global-header-display":"","ast-banner-title-visibility":"","ast-main-header-display":"","ast-hfb-above-header-display":"","ast-hfb-below-header-display":"","ast-hfb-mobile-header-display":"","site-post-title":"","ast-breadcrumbs-content":"","ast-featured-img":"","footer-sml-layout":"","ast-disable-related-posts":"","theme-transparent-header-meta":"default","adv-header-id-meta":"","stick-header-meta":"","header-above-stick-meta":"","header-main-stick-meta":"","header-below-stick-meta":"","astra-migrate-meta-layouts":"set","ast-page-background-enabled":"default","ast-page-background-meta":{"desktop":{"background-color":"","background-image":"","background-repeat":"repeat","background-position":"center center","background-size":"auto","background-attachment":"scroll","background-type":"","background-media":"","overlay-type":"","overlay-color":"","overlay-opacity":"","overlay-gradient":""},"tablet":{"background-color":"","background-image":"","background-repeat":"repeat","background-position":"center center","background-size":"auto","background-attachment":"scroll","background-type":"","background-media":"","overlay-type":"","overlay-color":"","overlay-opacity":"","overlay-gradient":""},"mobile":{"background-color":"","background-image":"","background-repeat":"repeat","background-position":"center center","background-size":"auto","background-attachment":"scroll","background-type":"","background-media":"","overlay-type":"","overlay-color":"","overlay-opacity":"","overlay-gradient":""}},"ast-content-background-meta":{"desktop":{"background-color":"var(--ast-global-color-5)","background-image":"","background-repeat":"repeat","background-position":"center center","background-size":"auto","background-attachment":"scroll","background-type":"","background-media":"","overlay-type":"","overlay-color":"","overlay-opacity":"","overlay-gradient":""},"tablet":{"background-color":"var(--ast-global-color-5)","background-image":"","background-repeat":"repeat","background-position":"center center","background-size":"auto","background-attachment":"scroll","background-type":"","background-media":"","overlay-type":"","overlay-color":"","overlay-opacity":"","overlay-gradient":""},"mobile":{"background-color":"var(--ast-global-color-5)","background-image":"","background-repeat":"repeat","background-position":"center center","background-size":"auto","background-attachment":"scroll","background-type":"","background-media":"","overlay-type":"","overlay-color":"","overlay-opacity":"","overlay-gradient":""}}},"product_brand":[],"product_cat":[54,42],"product_tag":[70,68,71,69],"class_list":{"0":"post-3271","1":"product","2":"type-product","3":"status-publish","4":"has-post-thumbnail","6":"product_cat-0-to-6months","7":"product_cat-merchandise","8":"product_tag-babypillow","9":"product_tag-cuteanimalpillow","10":"product_tag-headshapesupport","11":"product_tag-kouniushapingpillow","12":"desktop-align-left","13":"tablet-align-left","14":"mobile-align-left","16":"first","17":"instock","18":"shipping-taxable","19":"product-type-simple"},"aioseo_notices":[],"uagb_featured_image_src":{"full":["https:\/\/babypillowwholesale.com\/wp-content\/uploads\/2025\/03\/1167-1.jpg",1000,1000,false],"thumbnail":["https:\/\/babypillowwholesale.com\/wp-content\/uploads\/2025\/03\/1167-1-150x150.jpg",150,150,true],"medium":["https:\/\/babypillowwholesale.com\/wp-content\/uploads\/2025\/03\/1167-1-300x300.jpg",300,300,true],"medium_large":["https:\/\/babypillowwholesale.com\/wp-content\/uploads\/2025\/03\/1167-1-768x768.jpg",768,768,true],"large":["https:\/\/babypillowwholesale.com\/wp-content\/uploads\/2025\/03\/1167-1.jpg",1000,1000,false],"1536x1536":["https:\/\/babypillowwholesale.com\/wp-content\/uploads\/2025\/03\/1167-1.jpg",1000,1000,false],"2048x2048":["https:\/\/babypillowwholesale.com\/wp-content\/uploads\/2025\/03\/1167-1.jpg",1000,1000,false],"trp-custom-language-flag":["https:\/\/babypillowwholesale.com\/wp-content\/uploads\/2025\/03\/1167-1.jpg",12,12,false],"woocommerce_thumbnail":["https:\/\/babypillowwholesale.com\/wp-content\/uploads\/2025\/03\/1167-1-300x300.jpg",300,300,true],"woocommerce_single":["https:\/\/babypillowwholesale.com\/wp-content\/uploads\/2025\/03\/1167-1-600x600.jpg",600,600,true],"woocommerce_gallery_thumbnail":["https:\/\/babypillowwholesale.com\/wp-content\/uploads\/2025\/03\/1167-1-100x100.jpg",100,100,true]},"uagb_author_info":{"display_name":"Etnen zhong","author_link":"https:\/\/babypillowwholesale.com\/fr\/author\/"},"uagb_comment_info":0,"uagb_excerpt":"The Cute One Shaping Pillow is a delightful and functional product designed for infants aged 0 to 6 months. Its charming appearance, featuring cute animal - like ears and a sweet - faced design, is sure to capture hearts. The pillow's unique cut - out design in the middle provides gentle support for a baby's\u2026","jetpack_sharing_enabled":true,"_links":{"self":[{"href":"https:\/\/babypillowwholesale.com\/fr\/wp-json\/wp\/v2\/product\/3271","targetHints":{"allow":["GET"]}}],"collection":[{"href":"https:\/\/babypillowwholesale.com\/fr\/wp-json\/wp\/v2\/product"}],"about":[{"href":"https:\/\/babypillowwholesale.com\/fr\/wp-json\/wp\/v2\/types\/product"}],"replies":[{"embeddable":true,"href":"https:\/\/babypillowwholesale.com\/fr\/wp-json\/wp\/v2\/comments?post=3271"}],"wp:featuredmedia":[{"embeddable":true,"href":"https:\/\/babypillowwholesale.com\/fr\/wp-json\/wp\/v2\/media\/3284"}],"wp:attachment":[{"href":"https:\/\/babypillowwholesale.com\/fr\/wp-json\/wp\/v2\/media?parent=3271"}],"wp:term":[{"taxonomy":"product_brand","embeddable":true,"href":"https:\/\/babypillowwholesale.com\/fr\/wp-json\/wp\/v2\/product_brand?post=3271"},{"taxonomy":"product_cat","embeddable":true,"href":"https:\/\/babypillowwholesale.com\/fr\/wp-json\/wp\/v2\/product_cat?post=3271"},{"taxonomy":"product_tag","embeddable":true,"href":"https:\/\/babypillowwholesale.com\/fr\/wp-json\/wp\/v2\/product_tag?post=3271"}],"curies":[{"name":"wp","href":"https:\/\/api.w.org\/{rel}","templated":true}]}}