{"id":3269,"date":"2025-03-17T15:47:20","date_gmt":"2025-03-17T15:47:20","guid":{"rendered":"https:\/\/babypillowwholesale.com\/?post_type=product&#038;p=3269"},"modified":"2025-06-08T16:14:39","modified_gmt":"2025-06-08T16:14:39","slug":"little-bear-crescent-pillow","status":"publish","type":"product","link":"https:\/\/babypillowwholesale.com\/fr\/product\/little-bear-crescent-pillow\/","title":{"rendered":"Oreiller Little Bear Crescent"},"content":{"rendered":"<div class=\"auto-hide-last-sibling-br paragraph-qzbcQC paragraph-element br-paragraph-space\" data-immersive-translate-walked=\"8e61f2e7-6af2-46e5-9672-3b9e4f4033d9\" data-immersive-translate-paragraph=\"1\">Voici l'adorable oreiller Little Bear Crescent, un m\u00e9lange parfait de charme et de fonctionnalit\u00e9, fait sur mesure pour les plus petits dormeurs \u00e2g\u00e9s de 0 \u00e0 6 mois. Ressemblant \u00e0 un adorable petit ours, avec ses oreilles rebondies et son visage qui respire la chaleur, il fait imm\u00e9diatement chavirer les c\u0153urs et ajoute une dose de douceur \u00e0 l'univers de votre b\u00e9b\u00e9. Cet oreiller n'est pas seulement un plaisir pour les yeux, c'est aussi une source de confort. La forme en croissant soigneusement profil\u00e9e offre une \u00e9treinte douce et ergonomique \u00e0 la t\u00eate d\u00e9licate de votre b\u00e9b\u00e9, la guidant vers une belle forme au fur et \u00e0 mesure de ses pr\u00e9cieux premiers mois. Mesurant 23\/20,5*0\/5CM, il convient parfaitement \u00e0 divers environnements. Pendant les longues apr\u00e8s-midi de farniente \u00e0 la maison, placez-le dans le berceau de votre b\u00e9b\u00e9 et observez comment il transforme l'espace en un havre douillet, ber\u00e7ant votre petit dans un sommeil paisible. Lors de vos d\u00e9placements, qu'il s'agisse d'une visite rapide \u00e0 l'\u00e9picerie ou d'une escapade d'un week-end, l'oreiller s'adapte parfaitement au porte-b\u00e9b\u00e9, garantissant le confort de votre b\u00e9b\u00e9 tout au long du voyage. Les parents ne tarissent pas d'\u00e9loges sur ce petit bijou ! Une maman heureuse a d\u00e9clar\u00e9 : \"Mon b\u00e9b\u00e9 utilise cet oreiller depuis qu'il a quelques semaines. Il est si doux et j'adore son design mignon. De plus, il semble vraiment aider \u00e0 maintenir sa t\u00eate dans une bonne position\". Un autre papa a ajout\u00e9 : \"Les diff\u00e9rentes options de couleur ont \u00e9t\u00e9 un grand plus. Nous avons pris le vert fonc\u00e9 et il est superbe dans la chambre d'enfant. Il est devenu un \u00e9l\u00e9ment essentiel de la routine de notre b\u00e9b\u00e9\". Disponible dans les charmantes nuances de rose, de bleu et de vert fonc\u00e9, le coussin Little Bear Crescent est plus qu'un simple accessoire pour b\u00e9b\u00e9 ; c'est un compagnon ador\u00e9, qui promet confort, soutien et beaucoup de mignonnerie pour les premiers jours de votre b\u00e9b\u00e9.<\/div>","protected":false},"excerpt":{"rendered":"<p>L'oreiller Little Bear Crescent est un choix charmant et pratique pour les b\u00e9b\u00e9s de 0 \u00e0 6 mois. Il a la forme d'un petit ours attachant, avec de jolies oreilles et un doux visage, ce qui le rend visuellement attrayant. Le design en forme de croissant de l'oreiller offre un soutien doux et ergonomique \u00e0 la t\u00eate du b\u00e9b\u00e9, l'aidant \u00e0 maintenir une forme de t\u00eate correcte pendant son d\u00e9veloppement. Avec ses dimensions de 23\/20,5*0\/5CM, il peut \u00eatre utilis\u00e9 dans les berceaux, les porte-b\u00e9b\u00e9s ou lorsque le b\u00e9b\u00e9 est allong\u00e9 sur un tapis d'\u00e9veil. Disponible en rose, bleu et vert fonc\u00e9, il permet aux parents de choisir la couleur qui correspond \u00e0 leurs go\u00fbts ou \u00e0 la d\u00e9coration de leur chambre d'enfant, combinant \u00e0 la fois fonctionnalit\u00e9 et beaut\u00e9 pour am\u00e9liorer le confort de b\u00e9b\u00e9.<\/p>","protected":false},"featured_media":3283,"comment_status":"open","ping_status":"closed","template":"","meta":{"_uag_custom_page_level_css":"","site-sidebar-layout":"default","site-content-layout":"","ast-site-content-layout":"default","site-content-style":"default","site-sidebar-style":"default","ast-global-header-display":"","ast-banner-title-visibility":"","ast-main-header-display":"","ast-hfb-above-header-display":"","ast-hfb-below-header-display":"","ast-hfb-mobile-header-display":"","site-post-title":"","ast-breadcrumbs-content":"","ast-featured-img":"","footer-sml-layout":"","ast-disable-related-posts":"","theme-transparent-header-meta":"default","adv-header-id-meta":"","stick-header-meta":"","header-above-stick-meta":"","header-main-stick-meta":"","header-below-stick-meta":"","astra-migrate-meta-layouts":"set","ast-page-background-enabled":"default","ast-page-background-meta":{"desktop":{"background-color":"","background-image":"","background-repeat":"repeat","background-position":"center center","background-size":"auto","background-attachment":"scroll","background-type":"","background-media":"","overlay-type":"","overlay-color":"","overlay-opacity":"","overlay-gradient":""},"tablet":{"background-color":"","background-image":"","background-repeat":"repeat","background-position":"center center","background-size":"auto","background-attachment":"scroll","background-type":"","background-media":"","overlay-type":"","overlay-color":"","overlay-opacity":"","overlay-gradient":""},"mobile":{"background-color":"","background-image":"","background-repeat":"repeat","background-position":"center center","background-size":"auto","background-attachment":"scroll","background-type":"","background-media":"","overlay-type":"","overlay-color":"","overlay-opacity":"","overlay-gradient":""}},"ast-content-background-meta":{"desktop":{"background-color":"var(--ast-global-color-5)","background-image":"","background-repeat":"repeat","background-position":"center center","background-size":"auto","background-attachment":"scroll","background-type":"","background-media":"","overlay-type":"","overlay-color":"","overlay-opacity":"","overlay-gradient":""},"tablet":{"background-color":"var(--ast-global-color-5)","background-image":"","background-repeat":"repeat","background-position":"center center","background-size":"auto","background-attachment":"scroll","background-type":"","background-media":"","overlay-type":"","overlay-color":"","overlay-opacity":"","overlay-gradient":""},"mobile":{"background-color":"var(--ast-global-color-5)","background-image":"","background-repeat":"repeat","background-position":"center center","background-size":"auto","background-attachment":"scroll","background-type":"","background-media":"","overlay-type":"","overlay-color":"","overlay-opacity":"","overlay-gradient":""}}},"product_brand":[],"product_cat":[54,42],"product_tag":[70,68,71,69],"class_list":{"0":"post-3269","1":"product","2":"type-product","3":"status-publish","4":"has-post-thumbnail","6":"product_cat-0-to-6months","7":"product_cat-merchandise","8":"product_tag-babypillow","9":"product_tag-cuteanimalpillow","10":"product_tag-headshapesupport","11":"product_tag-kouniushapingpillow","12":"desktop-align-left","13":"tablet-align-left","14":"mobile-align-left","16":"first","17":"instock","18":"shipping-taxable","19":"product-type-simple"},"aioseo_notices":[],"uagb_featured_image_src":{"full":["https:\/\/babypillowwholesale.com\/wp-content\/uploads\/2025\/03\/1135-1.jpg",1000,1000,false],"thumbnail":["https:\/\/babypillowwholesale.com\/wp-content\/uploads\/2025\/03\/1135-1-150x150.jpg",150,150,true],"medium":["https:\/\/babypillowwholesale.com\/wp-content\/uploads\/2025\/03\/1135-1-300x300.jpg",300,300,true],"medium_large":["https:\/\/babypillowwholesale.com\/wp-content\/uploads\/2025\/03\/1135-1-768x768.jpg",768,768,true],"large":["https:\/\/babypillowwholesale.com\/wp-content\/uploads\/2025\/03\/1135-1.jpg",1000,1000,false],"1536x1536":["https:\/\/babypillowwholesale.com\/wp-content\/uploads\/2025\/03\/1135-1.jpg",1000,1000,false],"2048x2048":["https:\/\/babypillowwholesale.com\/wp-content\/uploads\/2025\/03\/1135-1.jpg",1000,1000,false],"trp-custom-language-flag":["https:\/\/babypillowwholesale.com\/wp-content\/uploads\/2025\/03\/1135-1.jpg",12,12,false],"woocommerce_thumbnail":["https:\/\/babypillowwholesale.com\/wp-content\/uploads\/2025\/03\/1135-1-300x300.jpg",300,300,true],"woocommerce_single":["https:\/\/babypillowwholesale.com\/wp-content\/uploads\/2025\/03\/1135-1-600x600.jpg",600,600,true],"woocommerce_gallery_thumbnail":["https:\/\/babypillowwholesale.com\/wp-content\/uploads\/2025\/03\/1135-1-100x100.jpg",100,100,true]},"uagb_author_info":{"display_name":"Etnen zhong","author_link":"https:\/\/babypillowwholesale.com\/fr\/author\/"},"uagb_comment_info":0,"uagb_excerpt":"The Little Bear Crescent Pillow is a charming and practical choice for infants aged 0 to 6 months. Shaped like an endearing little bear, it features cute ears and a sweet face, making it visually appealing. The crescent - shaped design of the pillow provides gentle and ergonomic support for a baby's head, helping to\u2026","jetpack_sharing_enabled":true,"_links":{"self":[{"href":"https:\/\/babypillowwholesale.com\/fr\/wp-json\/wp\/v2\/product\/3269","targetHints":{"allow":["GET"]}}],"collection":[{"href":"https:\/\/babypillowwholesale.com\/fr\/wp-json\/wp\/v2\/product"}],"about":[{"href":"https:\/\/babypillowwholesale.com\/fr\/wp-json\/wp\/v2\/types\/product"}],"replies":[{"embeddable":true,"href":"https:\/\/babypillowwholesale.com\/fr\/wp-json\/wp\/v2\/comments?post=3269"}],"wp:featuredmedia":[{"embeddable":true,"href":"https:\/\/babypillowwholesale.com\/fr\/wp-json\/wp\/v2\/media\/3283"}],"wp:attachment":[{"href":"https:\/\/babypillowwholesale.com\/fr\/wp-json\/wp\/v2\/media?parent=3269"}],"wp:term":[{"taxonomy":"product_brand","embeddable":true,"href":"https:\/\/babypillowwholesale.com\/fr\/wp-json\/wp\/v2\/product_brand?post=3269"},{"taxonomy":"product_cat","embeddable":true,"href":"https:\/\/babypillowwholesale.com\/fr\/wp-json\/wp\/v2\/product_cat?post=3269"},{"taxonomy":"product_tag","embeddable":true,"href":"https:\/\/babypillowwholesale.com\/fr\/wp-json\/wp\/v2\/product_tag?post=3269"}],"curies":[{"name":"wp","href":"https:\/\/api.w.org\/{rel}","templated":true}]}}