{"id":3265,"date":"2025-03-17T15:04:04","date_gmt":"2025-03-17T15:04:04","guid":{"rendered":"https:\/\/babypillowwholesale.com\/?post_type=product&#038;p=3265"},"modified":"2025-06-08T16:16:25","modified_gmt":"2025-06-08T16:16:25","slug":"naughty-bunny-shaping-pillow","status":"publish","type":"product","link":"https:\/\/babypillowwholesale.com\/fr\/product\/naughty-bunny-shaping-pillow\/","title":{"rendered":"Oreiller modelant Naughty Bunny"},"content":{"rendered":"<div class=\"auto-hide-last-sibling-br paragraph-qzbcQC paragraph-element br-paragraph-space\" data-immersive-translate-walked=\"8e61f2e7-6af2-46e5-9672-3b9e4f4033d9\" data-immersive-translate-paragraph=\"1\">Bienvenue dans le coussin \u00e0 modeler Naughty Bunny, un charmant havre de confort fait sur mesure pour les plus petits aventuriers \u00e2g\u00e9s de 0 \u00e0 6 mois. Son design enchanteur inspir\u00e9 des lapins, avec ses grands yeux pleins d'\u00e2me, son sourire qui fait fondre le c\u0153ur et ses longues oreilles, est un facteur d'ambiance instantan\u00e9 qui ajoute une touche de magie \u00e0 l'univers de votre b\u00e9b\u00e9. Ce coussin n'est pas seulement un plaisir visuel, c'est aussi un concentr\u00e9 de fonctionnalit\u00e9. Con\u00e7u avec soin, sa forme unique offre un soutien doux et enveloppant \u00e0 la t\u00eate d\u00e9licate de votre b\u00e9b\u00e9, le guidant vers une forme parfaite au cours de ses pr\u00e9cieux premiers mois. Mesurant 26*23*0\/3CM, il a la taille id\u00e9ale pour s'int\u00e9grer harmonieusement dans divers environnements. Pendant les apr\u00e8s-midi de farniente \u00e0 la maison, placez-le dans le berceau de votre b\u00e9b\u00e9 et regardez-le sombrer dans un sommeil paisible, cocoon\u00e9 dans sa douce \u00e9treinte. Lorsque vous partez \u00e0 la d\u00e9couverte du monde, qu'il s'agisse d'une excursion au parc local ou d'une visite aux grands-parents, glissez-le dans la poussette. Il garantit \u00e0 votre enfant une promenade confortable, entour\u00e9 du charme familier du lapin. Les parents chantent ses louanges ! Un parent ravi a d\u00e9clar\u00e9 : \"Le visage de mon b\u00e9b\u00e9 s'illumine chaque fois qu'il voit cet adorable coussin lapin. Il n'est pas seulement super doux, mais il est aussi tr\u00e8s utile pour maintenir la forme de la t\u00eate. J'adore le fait qu'il soit disponible en deux jolies couleurs\". Une autre maman ajoute : \"Il est tellement pratique \u00e0 transporter. Que nous soyons \u00e0 la maison ou en d\u00e9placement, il est devenu indispensable au confort de mon b\u00e9b\u00e9.\" Disponible dans les charmantes nuances de rose et de bleu, l'oreiller modelable Naughty Bunny est plus qu'un simple accessoire pour b\u00e9b\u00e9 ; c'est un compagnon pr\u00e9cieux pour les premiers jours de votre enfant.<\/div>","protected":false},"excerpt":{"rendered":"<p>L'oreiller modelable Naughty Bunny est un produit adorable et pratique con\u00e7u pour les b\u00e9b\u00e9s \u00e2g\u00e9s de 0 \u00e0 6 mois. Son aspect de lapin mignon, avec ses grands yeux, son sourire doux et ses longues oreilles, est extr\u00eamement s\u00e9duisant. La conception sp\u00e9ciale de l'oreiller offre un soutien doux \u00e0 la t\u00eate du b\u00e9b\u00e9, contribuant \u00e0 promouvoir une forme de t\u00eate saine pendant l'importante phase de croissance pr\u00e9coce. Avec une taille de 26<em>23<\/em>0\/3CM, il peut \u00eatre utilis\u00e9 dans les berceaux, les poussettes ou lorsque le b\u00e9b\u00e9 se repose sur un tapis d'\u00e9veil. Disponible en rose et en bleu, il offre aux parents la possibilit\u00e9 de l'assortir \u00e0 leurs pr\u00e9f\u00e9rences ou \u00e0 la d\u00e9coration de la chambre de l'enfant, alliant ainsi fonctionnalit\u00e9 et charme pour les soins de l'enfant.<\/p>","protected":false},"featured_media":3281,"comment_status":"open","ping_status":"closed","template":"","meta":{"_uag_custom_page_level_css":"","site-sidebar-layout":"default","site-content-layout":"","ast-site-content-layout":"default","site-content-style":"default","site-sidebar-style":"default","ast-global-header-display":"","ast-banner-title-visibility":"","ast-main-header-display":"","ast-hfb-above-header-display":"","ast-hfb-below-header-display":"","ast-hfb-mobile-header-display":"","site-post-title":"","ast-breadcrumbs-content":"","ast-featured-img":"","footer-sml-layout":"","ast-disable-related-posts":"","theme-transparent-header-meta":"default","adv-header-id-meta":"","stick-header-meta":"","header-above-stick-meta":"","header-main-stick-meta":"","header-below-stick-meta":"","astra-migrate-meta-layouts":"set","ast-page-background-enabled":"default","ast-page-background-meta":{"desktop":{"background-color":"","background-image":"","background-repeat":"repeat","background-position":"center center","background-size":"auto","background-attachment":"scroll","background-type":"","background-media":"","overlay-type":"","overlay-color":"","overlay-opacity":"","overlay-gradient":""},"tablet":{"background-color":"","background-image":"","background-repeat":"repeat","background-position":"center center","background-size":"auto","background-attachment":"scroll","background-type":"","background-media":"","overlay-type":"","overlay-color":"","overlay-opacity":"","overlay-gradient":""},"mobile":{"background-color":"","background-image":"","background-repeat":"repeat","background-position":"center center","background-size":"auto","background-attachment":"scroll","background-type":"","background-media":"","overlay-type":"","overlay-color":"","overlay-opacity":"","overlay-gradient":""}},"ast-content-background-meta":{"desktop":{"background-color":"var(--ast-global-color-5)","background-image":"","background-repeat":"repeat","background-position":"center center","background-size":"auto","background-attachment":"scroll","background-type":"","background-media":"","overlay-type":"","overlay-color":"","overlay-opacity":"","overlay-gradient":""},"tablet":{"background-color":"var(--ast-global-color-5)","background-image":"","background-repeat":"repeat","background-position":"center center","background-size":"auto","background-attachment":"scroll","background-type":"","background-media":"","overlay-type":"","overlay-color":"","overlay-opacity":"","overlay-gradient":""},"mobile":{"background-color":"var(--ast-global-color-5)","background-image":"","background-repeat":"repeat","background-position":"center center","background-size":"auto","background-attachment":"scroll","background-type":"","background-media":"","overlay-type":"","overlay-color":"","overlay-opacity":"","overlay-gradient":""}}},"product_brand":[],"product_cat":[54,42],"product_tag":[70,68,71,69],"class_list":{"0":"post-3265","1":"product","2":"type-product","3":"status-publish","4":"has-post-thumbnail","6":"product_cat-0-to-6months","7":"product_cat-merchandise","8":"product_tag-babypillow","9":"product_tag-cuteanimalpillow","10":"product_tag-headshapesupport","11":"product_tag-kouniushapingpillow","12":"desktop-align-left","13":"tablet-align-left","14":"mobile-align-left","16":"first","17":"instock","18":"shipping-taxable","19":"product-type-simple"},"aioseo_notices":[],"uagb_featured_image_src":{"full":["https:\/\/babypillowwholesale.com\/wp-content\/uploads\/2025\/03\/1130-1.jpg",1000,1000,false],"thumbnail":["https:\/\/babypillowwholesale.com\/wp-content\/uploads\/2025\/03\/1130-1-150x150.jpg",150,150,true],"medium":["https:\/\/babypillowwholesale.com\/wp-content\/uploads\/2025\/03\/1130-1-300x300.jpg",300,300,true],"medium_large":["https:\/\/babypillowwholesale.com\/wp-content\/uploads\/2025\/03\/1130-1-768x768.jpg",768,768,true],"large":["https:\/\/babypillowwholesale.com\/wp-content\/uploads\/2025\/03\/1130-1.jpg",1000,1000,false],"1536x1536":["https:\/\/babypillowwholesale.com\/wp-content\/uploads\/2025\/03\/1130-1.jpg",1000,1000,false],"2048x2048":["https:\/\/babypillowwholesale.com\/wp-content\/uploads\/2025\/03\/1130-1.jpg",1000,1000,false],"trp-custom-language-flag":["https:\/\/babypillowwholesale.com\/wp-content\/uploads\/2025\/03\/1130-1.jpg",12,12,false],"woocommerce_thumbnail":["https:\/\/babypillowwholesale.com\/wp-content\/uploads\/2025\/03\/1130-1-300x300.jpg",300,300,true],"woocommerce_single":["https:\/\/babypillowwholesale.com\/wp-content\/uploads\/2025\/03\/1130-1-600x600.jpg",600,600,true],"woocommerce_gallery_thumbnail":["https:\/\/babypillowwholesale.com\/wp-content\/uploads\/2025\/03\/1130-1-100x100.jpg",100,100,true]},"uagb_author_info":{"display_name":"Etnen zhong","author_link":"https:\/\/babypillowwholesale.com\/fr\/author\/"},"uagb_comment_info":0,"uagb_excerpt":"The Naughty Bunny Shaping Pillow is an adorable and practical product designed for infants aged 0 to 6 months. Its cute bunny - like appearance, with big eyes, a sweet smile, and long ears, is extremely appealing. The special design of the pillow provides gentle support for the baby's head, helping to promote a healthy\u2026","jetpack_sharing_enabled":true,"_links":{"self":[{"href":"https:\/\/babypillowwholesale.com\/fr\/wp-json\/wp\/v2\/product\/3265","targetHints":{"allow":["GET"]}}],"collection":[{"href":"https:\/\/babypillowwholesale.com\/fr\/wp-json\/wp\/v2\/product"}],"about":[{"href":"https:\/\/babypillowwholesale.com\/fr\/wp-json\/wp\/v2\/types\/product"}],"replies":[{"embeddable":true,"href":"https:\/\/babypillowwholesale.com\/fr\/wp-json\/wp\/v2\/comments?post=3265"}],"wp:featuredmedia":[{"embeddable":true,"href":"https:\/\/babypillowwholesale.com\/fr\/wp-json\/wp\/v2\/media\/3281"}],"wp:attachment":[{"href":"https:\/\/babypillowwholesale.com\/fr\/wp-json\/wp\/v2\/media?parent=3265"}],"wp:term":[{"taxonomy":"product_brand","embeddable":true,"href":"https:\/\/babypillowwholesale.com\/fr\/wp-json\/wp\/v2\/product_brand?post=3265"},{"taxonomy":"product_cat","embeddable":true,"href":"https:\/\/babypillowwholesale.com\/fr\/wp-json\/wp\/v2\/product_cat?post=3265"},{"taxonomy":"product_tag","embeddable":true,"href":"https:\/\/babypillowwholesale.com\/fr\/wp-json\/wp\/v2\/product_tag?post=3265"}],"curies":[{"name":"wp","href":"https:\/\/api.w.org\/{rel}","templated":true}]}}