{"id":3263,"date":"2025-03-17T03:51:27","date_gmt":"2025-03-17T03:51:27","guid":{"rendered":"https:\/\/babypillowwholesale.com\/?post_type=product&#038;p=3263"},"modified":"2025-06-08T16:17:17","modified_gmt":"2025-06-08T16:17:17","slug":"cloud-washable-shaping-pillow","status":"publish","type":"product","link":"https:\/\/babypillowwholesale.com\/fr\/product\/cloud-washable-shaping-pillow\/","title":{"rendered":"Oreiller modelant lavable en nuage"},"content":{"rendered":"<div class=\"auto-hide-last-sibling-br paragraph-qzbcQC paragraph-element br-paragraph-space\" data-immersive-translate-walked=\"8e61f2e7-6af2-46e5-9672-3b9e4f4033d9\" data-immersive-translate-paragraph=\"1\">Plongez dans un monde de confort et de tendresse avec notre oreiller modelable lavable Cloud, un accessoire de r\u00eave con\u00e7u sp\u00e9cialement pour les plus petits r\u00eaveurs \u00e2g\u00e9s de 0 \u00e0 6 mois. Ressemblant \u00e0 un nuage duveteux tout droit sorti d'un conte de f\u00e9es, cet oreiller est orn\u00e9 de ravissants motifs de poissons imprim\u00e9s de mani\u00e8re al\u00e9atoire qui ajoutent une touche de fantaisie \u00e0 l'espace de sommeil de votre b\u00e9b\u00e9. Le design ergonomique de l'oreiller est une \u00e9treinte douce pour la t\u00eate d\u00e9licate de votre b\u00e9b\u00e9, la ber\u00e7ant avec soin pour encourager une forme de t\u00eate parfaite pendant qu'il roupille au cours de ses pr\u00e9cieux premiers jours. Avec des dimensions de 35*22*3\/1,5CM, il offre un soutien g\u00e9n\u00e9reux tout en s'adaptant parfaitement \u00e0 diff\u00e9rents environnements. Qu'il soit nich\u00e9 dans les profondeurs douillettes du berceau de votre b\u00e9b\u00e9, cr\u00e9ant un havre de paix pour ses longues siestes, ou plac\u00e9 dans la poussette pour une promenade tranquille dans le parc, cet oreiller garantit que votre petit est toujours confortable. C'est \u00e9galement un excellent compagnon de voyage pour les d\u00e9placements en famille, car il offre \u00e0 votre b\u00e9b\u00e9 un endroit familier et apaisant o\u00f9 se reposer pendant le trajet. Les parents sont ravis de cet oreiller ! Une maman satisfaite a d\u00e9clar\u00e9 : \"Mon b\u00e9b\u00e9 adore cet oreiller en forme de nuage. Les imprim\u00e9s al\u00e9atoires sont une surprise tellement amusante, et il est si facile \u00e0 laver lorsqu'il devient un peu sale. C'est devenu un \u00e9l\u00e9ment essentiel du sommeil de notre b\u00e9b\u00e9.\" Un autre papa a d\u00e9clar\u00e9 : \"Je m'inqui\u00e9tais de la forme de la t\u00eate de mon b\u00e9b\u00e9, mais cet oreiller a chang\u00e9 la donne. Il est doux, il offre un bon soutien et il est adorable dans la chambre de b\u00e9b\u00e9\". Disponible dans les charmantes teintes de rose et de bleu, chacune avec son propre motif al\u00e9atoire unique, l'oreiller modelant lavable Cloud n'est pas seulement un accessoire de sommeil, mais une source de joie et de confort pour votre b\u00e9b\u00e9.<\/div>","protected":false},"excerpt":{"rendered":"<p>Le coussin gonflable lavable Cloud est un produit merveilleux con\u00e7u pour les b\u00e9b\u00e9s \u00e2g\u00e9s de 0 \u00e0 6 mois. En forme de nuage doux, il a un aspect attrayant, et les imprim\u00e9s al\u00e9atoires sur le th\u00e8me des poissons ajoutent une touche d'amusement. Son design unique soutient d\u00e9licatement la t\u00eate de l'enfant, l'aidant ainsi \u00e0 conserver une bonne forme. Dimensions : 35*<em data-immersive-translate-walked=\"f7f4678a-e6ea-41bf-8db0-071fdda90f71\">22*<\/em>3\/1,5CM, il est suffisamment grand pour offrir un soutien ample tout en restant adapt\u00e9 \u00e0 divers param\u00e8tres li\u00e9s \u00e0 l'enfant. De plus, comme il est lavable, il est facile \u00e0 garder propre et hygi\u00e9nique. Disponible en rose et en bleu avec diff\u00e9rents motifs al\u00e9atoires, il surprend les parents tout en garantissant la fonctionnalit\u00e9 de leurs petits.<\/p>","protected":false},"featured_media":3280,"comment_status":"open","ping_status":"closed","template":"","meta":{"_uag_custom_page_level_css":"","site-sidebar-layout":"default","site-content-layout":"","ast-site-content-layout":"default","site-content-style":"default","site-sidebar-style":"default","ast-global-header-display":"","ast-banner-title-visibility":"","ast-main-header-display":"","ast-hfb-above-header-display":"","ast-hfb-below-header-display":"","ast-hfb-mobile-header-display":"","site-post-title":"","ast-breadcrumbs-content":"","ast-featured-img":"","footer-sml-layout":"","ast-disable-related-posts":"","theme-transparent-header-meta":"default","adv-header-id-meta":"","stick-header-meta":"","header-above-stick-meta":"","header-main-stick-meta":"","header-below-stick-meta":"","astra-migrate-meta-layouts":"set","ast-page-background-enabled":"default","ast-page-background-meta":{"desktop":{"background-color":"","background-image":"","background-repeat":"repeat","background-position":"center center","background-size":"auto","background-attachment":"scroll","background-type":"","background-media":"","overlay-type":"","overlay-color":"","overlay-opacity":"","overlay-gradient":""},"tablet":{"background-color":"","background-image":"","background-repeat":"repeat","background-position":"center center","background-size":"auto","background-attachment":"scroll","background-type":"","background-media":"","overlay-type":"","overlay-color":"","overlay-opacity":"","overlay-gradient":""},"mobile":{"background-color":"","background-image":"","background-repeat":"repeat","background-position":"center center","background-size":"auto","background-attachment":"scroll","background-type":"","background-media":"","overlay-type":"","overlay-color":"","overlay-opacity":"","overlay-gradient":""}},"ast-content-background-meta":{"desktop":{"background-color":"var(--ast-global-color-5)","background-image":"","background-repeat":"repeat","background-position":"center center","background-size":"auto","background-attachment":"scroll","background-type":"","background-media":"","overlay-type":"","overlay-color":"","overlay-opacity":"","overlay-gradient":""},"tablet":{"background-color":"var(--ast-global-color-5)","background-image":"","background-repeat":"repeat","background-position":"center center","background-size":"auto","background-attachment":"scroll","background-type":"","background-media":"","overlay-type":"","overlay-color":"","overlay-opacity":"","overlay-gradient":""},"mobile":{"background-color":"var(--ast-global-color-5)","background-image":"","background-repeat":"repeat","background-position":"center center","background-size":"auto","background-attachment":"scroll","background-type":"","background-media":"","overlay-type":"","overlay-color":"","overlay-opacity":"","overlay-gradient":""}}},"product_brand":[],"product_cat":[54,42],"product_tag":[70,68,71,69],"class_list":{"0":"post-3263","1":"product","2":"type-product","3":"status-publish","4":"has-post-thumbnail","6":"product_cat-0-to-6months","7":"product_cat-merchandise","8":"product_tag-babypillow","9":"product_tag-cuteanimalpillow","10":"product_tag-headshapesupport","11":"product_tag-kouniushapingpillow","12":"desktop-align-left","13":"tablet-align-left","14":"mobile-align-left","16":"first","17":"instock","18":"shipping-taxable","19":"product-type-simple"},"aioseo_notices":[],"uagb_featured_image_src":{"full":["https:\/\/babypillowwholesale.com\/wp-content\/uploads\/2025\/03\/1129-1.jpg",1000,1000,false],"thumbnail":["https:\/\/babypillowwholesale.com\/wp-content\/uploads\/2025\/03\/1129-1-150x150.jpg",150,150,true],"medium":["https:\/\/babypillowwholesale.com\/wp-content\/uploads\/2025\/03\/1129-1-300x300.jpg",300,300,true],"medium_large":["https:\/\/babypillowwholesale.com\/wp-content\/uploads\/2025\/03\/1129-1-768x768.jpg",768,768,true],"large":["https:\/\/babypillowwholesale.com\/wp-content\/uploads\/2025\/03\/1129-1.jpg",1000,1000,false],"1536x1536":["https:\/\/babypillowwholesale.com\/wp-content\/uploads\/2025\/03\/1129-1.jpg",1000,1000,false],"2048x2048":["https:\/\/babypillowwholesale.com\/wp-content\/uploads\/2025\/03\/1129-1.jpg",1000,1000,false],"trp-custom-language-flag":["https:\/\/babypillowwholesale.com\/wp-content\/uploads\/2025\/03\/1129-1.jpg",12,12,false],"woocommerce_thumbnail":["https:\/\/babypillowwholesale.com\/wp-content\/uploads\/2025\/03\/1129-1-300x300.jpg",300,300,true],"woocommerce_single":["https:\/\/babypillowwholesale.com\/wp-content\/uploads\/2025\/03\/1129-1-600x600.jpg",600,600,true],"woocommerce_gallery_thumbnail":["https:\/\/babypillowwholesale.com\/wp-content\/uploads\/2025\/03\/1129-1-100x100.jpg",100,100,true]},"uagb_author_info":{"display_name":"Etnen zhong","author_link":"https:\/\/babypillowwholesale.com\/fr\/author\/"},"uagb_comment_info":0,"uagb_excerpt":"The Cloud Washable Shaping Pillow is a wonderful product designed for infants aged 0 to 6 months. Shaped like a soft cloud, it has an appealing look, and the random fish - themed prints add a touch of fun. Its unique design provides gentle support to the baby's head, helping to maintain a good head\u2026","jetpack_sharing_enabled":true,"_links":{"self":[{"href":"https:\/\/babypillowwholesale.com\/fr\/wp-json\/wp\/v2\/product\/3263","targetHints":{"allow":["GET"]}}],"collection":[{"href":"https:\/\/babypillowwholesale.com\/fr\/wp-json\/wp\/v2\/product"}],"about":[{"href":"https:\/\/babypillowwholesale.com\/fr\/wp-json\/wp\/v2\/types\/product"}],"replies":[{"embeddable":true,"href":"https:\/\/babypillowwholesale.com\/fr\/wp-json\/wp\/v2\/comments?post=3263"}],"wp:featuredmedia":[{"embeddable":true,"href":"https:\/\/babypillowwholesale.com\/fr\/wp-json\/wp\/v2\/media\/3280"}],"wp:attachment":[{"href":"https:\/\/babypillowwholesale.com\/fr\/wp-json\/wp\/v2\/media?parent=3263"}],"wp:term":[{"taxonomy":"product_brand","embeddable":true,"href":"https:\/\/babypillowwholesale.com\/fr\/wp-json\/wp\/v2\/product_brand?post=3263"},{"taxonomy":"product_cat","embeddable":true,"href":"https:\/\/babypillowwholesale.com\/fr\/wp-json\/wp\/v2\/product_cat?post=3263"},{"taxonomy":"product_tag","embeddable":true,"href":"https:\/\/babypillowwholesale.com\/fr\/wp-json\/wp\/v2\/product_tag?post=3263"}],"curies":[{"name":"wp","href":"https:\/\/api.w.org\/{rel}","templated":true}]}}