{"id":1199,"date":"2025-02-17T16:07:49","date_gmt":"2025-02-17T16:07:49","guid":{"rendered":"http:\/\/babypillowwholesale.com\/product\/boho-bangle-bracelet-2\/"},"modified":"2025-06-08T16:23:33","modified_gmt":"2025-06-08T16:23:33","slug":"boho-bangle-bracelet-2","status":"publish","type":"product","link":"https:\/\/babypillowwholesale.com\/fr\/product\/boho-bangle-bracelet-2\/","title":{"rendered":"Oreiller \u00e0 modeler Mickey Bear"},"content":{"rendered":"<p>Voici l'adorable oreiller modelant Mickey Bear, un compagnon id\u00e9al con\u00e7u avec soin pour les b\u00e9b\u00e9s \u00e2g\u00e9s de 0 \u00e0 6 mois. Son aspect irr\u00e9sistiblement mignon, semblable \u00e0 celui d'un ours, n'est pas seulement un plaisir pour les yeux, il sert aussi \u00e0 mouler d\u00e9licatement la t\u00eate tendre de votre b\u00e9b\u00e9. Mesurant 26*23*0\/3CM, il \u00e9pouse parfaitement les courbes du corps de votre b\u00e9b\u00e9, lui assurant un confort maximal. Disponible en rose charmant et en bleu apaisant, il r\u00e9pond \u00e0 diverses pr\u00e9f\u00e9rences esth\u00e9tiques. Ce coussin modelant est polyvalent. Pendant les siestes de jour \u00e0 la cr\u00e8che, sa texture douce et son design de soutien aident votre b\u00e9b\u00e9 \u00e0 se d\u00e9tendre et \u00e0 dormir profond\u00e9ment. Lors d'un voyage en famille, il peut \u00eatre plac\u00e9 dans le si\u00e8ge auto de b\u00e9b\u00e9, offrant ainsi un endroit familier et douillet \u00e0 votre petit pour se reposer. M\u00eame lors d'une courte visite chez les grands-parents, il suffit d'emporter ce coussin compact pour recr\u00e9er un environnement de sommeil r\u00e9confortant pour votre b\u00e9b\u00e9. Plus qu'un simple accessoire de sommeil, l'oreiller modelable Mickey Bear est un m\u00e9lange de fonctionnalit\u00e9, de charme et de commodit\u00e9, un compl\u00e9ment indispensable aux articles de pu\u00e9riculture qui allie l'aspect pratique \u00e0 une touche de magie.<\/p>","protected":false},"excerpt":{"rendered":"<p>Ce coussin \u00e0 modeler Mickey Bear est sp\u00e9cialement con\u00e7u pour les b\u00e9b\u00e9s \u00e2g\u00e9s de 0 \u00e0 6 mois. Avec son aspect mignon en forme d'ours, il est tr\u00e8s attrayant. Son design unique permet de modeler la t\u00eate du b\u00e9b\u00e9. La taille appropri\u00e9e de 26\/<em>3<\/em>0\/3CM s'adapte \u00e0 la courbe du corps du b\u00e9b\u00e9. Disponible en deux couleurs, rose et bleu, il peut r\u00e9pondre \u00e0 diff\u00e9rentes pr\u00e9f\u00e9rences. C'est un produit pratique et charmant pour les soins du b\u00e9b\u00e9.<\/p>","protected":false},"featured_media":3275,"comment_status":"open","ping_status":"closed","template":"","meta":{"_uag_custom_page_level_css":"","site-sidebar-layout":"default","site-content-layout":"","ast-site-content-layout":"default","site-content-style":"default","site-sidebar-style":"default","ast-global-header-display":"","ast-banner-title-visibility":"","ast-main-header-display":"","ast-hfb-above-header-display":"","ast-hfb-below-header-display":"","ast-hfb-mobile-header-display":"","site-post-title":"","ast-breadcrumbs-content":"","ast-featured-img":"","footer-sml-layout":"","ast-disable-related-posts":"","theme-transparent-header-meta":"default","adv-header-id-meta":"","stick-header-meta":"","header-above-stick-meta":"","header-main-stick-meta":"","header-below-stick-meta":"","astra-migrate-meta-layouts":"set","ast-page-background-enabled":"default","ast-page-background-meta":{"desktop":{"background-color":"","background-image":"","background-repeat":"repeat","background-position":"center center","background-size":"auto","background-attachment":"scroll","background-type":"","background-media":"","overlay-type":"","overlay-color":"","overlay-opacity":"","overlay-gradient":""},"tablet":{"background-color":"","background-image":"","background-repeat":"repeat","background-position":"center center","background-size":"auto","background-attachment":"scroll","background-type":"","background-media":"","overlay-type":"","overlay-color":"","overlay-opacity":"","overlay-gradient":""},"mobile":{"background-color":"","background-image":"","background-repeat":"repeat","background-position":"center center","background-size":"auto","background-attachment":"scroll","background-type":"","background-media":"","overlay-type":"","overlay-color":"","overlay-opacity":"","overlay-gradient":""}},"ast-content-background-meta":{"desktop":{"background-color":"var(--ast-global-color-5)","background-image":"","background-repeat":"repeat","background-position":"center center","background-size":"auto","background-attachment":"scroll","background-type":"","background-media":"","overlay-type":"","overlay-color":"","overlay-opacity":"","overlay-gradient":""},"tablet":{"background-color":"var(--ast-global-color-5)","background-image":"","background-repeat":"repeat","background-position":"center center","background-size":"auto","background-attachment":"scroll","background-type":"","background-media":"","overlay-type":"","overlay-color":"","overlay-opacity":"","overlay-gradient":""},"mobile":{"background-color":"var(--ast-global-color-5)","background-image":"","background-repeat":"repeat","background-position":"center center","background-size":"auto","background-attachment":"scroll","background-type":"","background-media":"","overlay-type":"","overlay-color":"","overlay-opacity":"","overlay-gradient":""}}},"product_brand":[],"product_cat":[54,42],"product_tag":[70,68,71,69],"class_list":{"0":"post-1199","1":"product","2":"type-product","3":"status-publish","4":"has-post-thumbnail","6":"product_cat-0-to-6months","7":"product_cat-merchandise","8":"product_tag-babypillow","9":"product_tag-cuteanimalpillow","10":"product_tag-headshapesupport","11":"product_tag-kouniushapingpillow","12":"desktop-align-left","13":"tablet-align-left","14":"mobile-align-left","16":"first","17":"instock","18":"shipping-taxable","19":"product-type-simple"},"aioseo_notices":[],"uagb_featured_image_src":{"full":["https:\/\/babypillowwholesale.com\/wp-content\/uploads\/2025\/02\/1119.jpg",1000,1000,false],"thumbnail":["https:\/\/babypillowwholesale.com\/wp-content\/uploads\/2025\/02\/1119-150x150.jpg",150,150,true],"medium":["https:\/\/babypillowwholesale.com\/wp-content\/uploads\/2025\/02\/1119-300x300.jpg",300,300,true],"medium_large":["https:\/\/babypillowwholesale.com\/wp-content\/uploads\/2025\/02\/1119-768x768.jpg",768,768,true],"large":["https:\/\/babypillowwholesale.com\/wp-content\/uploads\/2025\/02\/1119.jpg",1000,1000,false],"1536x1536":["https:\/\/babypillowwholesale.com\/wp-content\/uploads\/2025\/02\/1119.jpg",1000,1000,false],"2048x2048":["https:\/\/babypillowwholesale.com\/wp-content\/uploads\/2025\/02\/1119.jpg",1000,1000,false],"trp-custom-language-flag":["https:\/\/babypillowwholesale.com\/wp-content\/uploads\/2025\/02\/1119.jpg",12,12,false],"woocommerce_thumbnail":["https:\/\/babypillowwholesale.com\/wp-content\/uploads\/2025\/02\/1119-300x300.jpg",300,300,true],"woocommerce_single":["https:\/\/babypillowwholesale.com\/wp-content\/uploads\/2025\/02\/1119-600x600.jpg",600,600,true],"woocommerce_gallery_thumbnail":["https:\/\/babypillowwholesale.com\/wp-content\/uploads\/2025\/02\/1119-100x100.jpg",100,100,true]},"uagb_author_info":{"display_name":"Etnen zhong","author_link":"https:\/\/babypillowwholesale.com\/fr\/author\/"},"uagb_comment_info":0,"uagb_excerpt":"This Mickey Bear Shaping Pillow is specially designed for babies aged 0 to 6 months. With its cute bear - shaped appearance, it's very attractive. The unique design helps to shape the baby's head. The appropriate size of 26\/30\/3CM fits the baby's body curve. Available in two colors, pink and blue, it can meet different\u2026","jetpack_sharing_enabled":true,"_links":{"self":[{"href":"https:\/\/babypillowwholesale.com\/fr\/wp-json\/wp\/v2\/product\/1199","targetHints":{"allow":["GET"]}}],"collection":[{"href":"https:\/\/babypillowwholesale.com\/fr\/wp-json\/wp\/v2\/product"}],"about":[{"href":"https:\/\/babypillowwholesale.com\/fr\/wp-json\/wp\/v2\/types\/product"}],"replies":[{"embeddable":true,"href":"https:\/\/babypillowwholesale.com\/fr\/wp-json\/wp\/v2\/comments?post=1199"}],"wp:featuredmedia":[{"embeddable":true,"href":"https:\/\/babypillowwholesale.com\/fr\/wp-json\/wp\/v2\/media\/3275"}],"wp:attachment":[{"href":"https:\/\/babypillowwholesale.com\/fr\/wp-json\/wp\/v2\/media?parent=1199"}],"wp:term":[{"taxonomy":"product_brand","embeddable":true,"href":"https:\/\/babypillowwholesale.com\/fr\/wp-json\/wp\/v2\/product_brand?post=1199"},{"taxonomy":"product_cat","embeddable":true,"href":"https:\/\/babypillowwholesale.com\/fr\/wp-json\/wp\/v2\/product_cat?post=1199"},{"taxonomy":"product_tag","embeddable":true,"href":"https:\/\/babypillowwholesale.com\/fr\/wp-json\/wp\/v2\/product_tag?post=1199"}],"curies":[{"name":"wp","href":"https:\/\/api.w.org\/{rel}","templated":true}]}}