{"id":3497,"date":"2025-04-19T12:47:24","date_gmt":"2025-04-19T12:47:24","guid":{"rendered":"https:\/\/babypillowwholesale.com\/?post_type=product&#038;p=3497"},"modified":"2025-06-05T13:57:14","modified_gmt":"2025-06-05T13:57:14","slug":"memory-foam-pillow-heart-shaped-pillow-core","status":"publish","type":"product","link":"https:\/\/babypillowwholesale.com\/fi\/product\/memory-foam-pillow-heart-shaped-pillow-core\/","title":{"rendered":"Muistivaahtotyyny - Syd\u00e4men muotoinen tyynyn ydin"},"content":{"rendered":"<div class=\"auto-hide-last-sibling-br paragraph-qzbcQC paragraph-element br-paragraph-space\">\n<div class=\"auto-hide-last-sibling-br paragraph-qzbcQC paragraph-element br-paragraph-space\">\n<div class=\"auto-hide-last-sibling-br paragraph-qzbcQC paragraph-element br-paragraph-space\">\n<div class=\"auto-hide-last-sibling-br paragraph-qzbcQC paragraph-element br-paragraph-space\">\n<div class=\"inter-wlTS5w\" data-immersive-translate-walked=\"d12d8f94-b8ff-4d99-b7de-4fecb356978f\">\n<div class=\"container-QE4ayg\">\n<div class=\"item-jU10IN\">\n<div class=\"container-jODEnh chrome70-container\">\n<div class=\"inner-eE95c9 inner-item-aL3Ui_\" data-target-id=\"message-box-target-id\" data-testid=\"union_message\">\n<div class=\"message-block-container-liuetz\" data-testid=\"message-block-container\">\n<div class=\"message-box-ZWbBdF\" data-testid=\"receive_message\" data-message-id=\"3380063449561346\">\n<div class=\"message-box-content-wrapper-srHdUj\">\n<div class=\"message-content message-box-content-otxGGw receive-message-box-content-_lREFj samantha-message-box-content-Qjmpja\" data-testid=\"message_content\">\n<div class=\"container-hfX5E8 flow-markdown-body theme-samantha-yJEgBp\" dir=\"ltr\" data-testid=\"message_text_content\" data-show-indicator=\"false\">\n<div class=\"auto-hide-last-sibling-br paragraph-qzbcQC paragraph-element br-paragraph-space\">\n<div class=\"auto-hide-last-sibling-br paragraph-qzbcQC paragraph-element br-paragraph-space\">Yksinomaan 0-6 kuukauden ik\u00e4isille vauvoille suunniteltu Memory Foam Pillow - Heart - shaped Pillow Core on osoitus yksil\u00f6llisest\u00e4 ylellisyydest\u00e4. Olemme ylpeit\u00e4 kyvyst\u00e4mme muuttaa t\u00e4m\u00e4 jo ennest\u00e4\u00e4n vieh\u00e4tt\u00e4v\u00e4 syd\u00e4men muotoinen ydin r\u00e4\u00e4t\u00e4l\u00f6idyksi taideteokseksi, joka on r\u00e4\u00e4t\u00e4l\u00f6ity vaativimpaankin makuun.<\/div>\n<p>&nbsp;<\/p>\n<div class=\"auto-hide-last-sibling-br paragraph-qzbcQC paragraph-element br-paragraph-space\">Niille, jotka haaveilevat omituisuudesta, voit kuvitella tuikkivien t\u00e4htien t\u00e4htikuvion ja hymyilev\u00e4n kuunsirpin, joka on painettu hienovaraisesti syd\u00e4men poikki. Jokainen t\u00e4hti n\u00e4ytt\u00e4\u00e4 sis\u00e4lt\u00e4v\u00e4n unelmien maailmankaikkeuden ja luo taivaallisen turvapaikan, joka rauhoittaa ja kiehtoo. Jos haluat luonnon kauneutta, kuvittele rehev\u00e4t, vihre\u00e4t lehdet, jotka kietoutuvat toisiinsa herkkien, kukkivien kukkien kanssa. Pehmeill\u00e4, rauhoittavilla s\u00e4vyill\u00e4 toteutetut ter\u00e4lehdet tuovat tyynyyn kev\u00e4isen puutarhan raikkauden ja tarjoavat seesteisen ja virkist\u00e4v\u00e4n visuaalisen syleilyn.<\/div>\n<p>&nbsp;<\/p>\n<div class=\"auto-hide-last-sibling-br paragraph-qzbcQC paragraph-element br-paragraph-space\">Nykyaikaisille - ajatteleville, puhtaat, minimalistiset linjat ja geometriset kuviot voidaan integroida saumattomasti. Ter\u00e4v\u00e4t kulmat ja pehme\u00e4t k\u00e4yr\u00e4t riste\u00e4v\u00e4t nykyaikaisen muotoilun tanssissa luoden ulkoasun, joka on sek\u00e4 tyylik\u00e4s ett\u00e4 l\u00e4mminhenkinen. N\u00e4m\u00e4 kuviot eiv\u00e4t ole pelkki\u00e4 koristeita, vaan kannanottoja, jotka heijastavat vauvan lastenhuoneen ainutlaatuista persoonallisuutta ja makua.<\/div>\n<p>&nbsp;<\/p>\n<div class=\"auto-hide-last-sibling-br paragraph-qzbcQC paragraph-element br-paragraph-space\">Jokainen r\u00e4\u00e4t\u00e4l\u00f6ity kuvio toteutetaan \u00e4\u00e4rimm\u00e4isen tarkasti ja huolella k\u00e4ytt\u00e4en vain turvallisimpia, myrkytt\u00f6mi\u00e4 m\u00e4\u00e4ri\u00e4. N\u00e4in varmistetaan, ett\u00e4 jokainen tyynyn ydin on paitsi visuaalinen mestariteos my\u00f6s turvallinen ja mukava turvapaikka pienelle lapsellesi.<\/div>\n<p>&nbsp;<\/p>\n<div class=\"auto-hide-last-sibling-br paragraph-qzbcQC paragraph-element br-paragraph-space\">Tarjoamalla n\u00e4in laajan r\u00e4\u00e4t\u00e4l\u00f6intivalikoiman annamme sinulle mahdollisuuden vastata kaikkiin esteettisiin mieltymyksiisi. Olipa kyseess\u00e4 sitten omituinen ihmemaa, luonnollinen pakopaikka tai moderni minimalistinen keidas, t\u00e4m\u00e4 syd\u00e4men muotoinen tyynyn ydin voidaan muuntaa vastaamaan ja ylitt\u00e4m\u00e4\u00e4n odotukset. Yleisten tuotteiden kyll\u00e4st\u00e4mill\u00e4 markkinoilla r\u00e4\u00e4t\u00e4l\u00f6idyt mallimme varmistavat, ett\u00e4 tarjouksesi erottuu edukseen, her\u00e4tt\u00e4\u00e4 huomiota ja voittaa syd\u00e4met. T\u00e4m\u00e4 personoinnin taso ei vain lis\u00e4\u00e4 myynti\u00e4, vaan luo syvemm\u00e4n yhteyden asiakkaisiisi ja tarjoaa heille tuotteen, joka on yht\u00e4 ainutlaatuinen kuin heid\u00e4n pikkuisensa.<\/div>\n<p>&nbsp;<\/p>\n<div class=\"auto-hide-last-sibling-br paragraph-qzbcQC paragraph-element br-paragraph-space\">Nosta tuotevalikoimaasi Memory Foam Pillow - Heart - shaped Pillow Core -tyynyll\u00e4, jossa r\u00e4\u00e4t\u00e4l\u00f6inti kohtaa ylellisyyden ja jokainen tyyny kertoo ainutlaatuisen tarinan.<\/div>\n<\/div>\n<\/div>\n<\/div>\n<\/div>\n<\/div>\n<\/div>\n<\/div>\n<\/div>\n<\/div>\n<\/div>\n<\/div>\n<\/div>\n<\/div>\n<\/div>\n<\/div>","protected":false},"excerpt":{"rendered":"<div class=\"auto-hide-last-sibling-br paragraph-qzbcQC paragraph-element br-paragraph-space\">T\u00e4m\u00e4 0-6 kuukauden ik\u00e4isille vauvoille suunniteltu Memory Foam Pillow - Heart - shaped Pillow Core tarjoaa tehokkaan r\u00e4\u00e4t\u00e4l\u00f6intiedun. Voimme valmistaa hienoja, r\u00e4\u00e4t\u00e4l\u00f6ityj\u00e4 malleja vastaamaan erityistarpeitasi. Jos asiakkaasi esimerkiksi ihailevat s\u00f6p\u00f6j\u00e4 tyylej\u00e4, voimme painattaa vieh\u00e4tt\u00e4vi\u00e4 sarjakuvahahmoja tai siroja kukka-aiheita. Pid\u00e4tk\u00f6 mieluummin tyylikk\u00e4\u00e4st\u00e4 ilmeest\u00e4? Voimme k\u00e4ytt\u00e4\u00e4 yksinkertaisia mutta tyylikk\u00e4it\u00e4 geometrisia kuvioita tai pehme\u00e4\u00e4 pastelliv\u00e4ri\u00e4. N\u00e4m\u00e4 r\u00e4\u00e4t\u00e4l\u00f6idyt kuviot eiv\u00e4t ainoastaan kohota tuotteen visuaalista houkuttelevuutta, vaan tekev\u00e4t siit\u00e4 my\u00f6s markkinoilla erottuvan, mik\u00e4 houkuttelee lis\u00e4\u00e4 ostajia ja lis\u00e4\u00e4 myynti\u00e4. Mukautumalla erilaisiin muotoilumieltymyksiin voit tarjota tuotteen, joka sopii t\u00e4ydellisesti eri kuluttajien estetiikkaan ja varmistaa kilpailuedun.<\/div>","protected":false},"featured_media":3498,"comment_status":"open","ping_status":"closed","template":"","meta":{"_uag_custom_page_level_css":"","site-sidebar-layout":"default","site-content-layout":"","ast-site-content-layout":"default","site-content-style":"default","site-sidebar-style":"default","ast-global-header-display":"","ast-banner-title-visibility":"","ast-main-header-display":"","ast-hfb-above-header-display":"","ast-hfb-below-header-display":"","ast-hfb-mobile-header-display":"","site-post-title":"","ast-breadcrumbs-content":"","ast-featured-img":"","footer-sml-layout":"","ast-disable-related-posts":"","theme-transparent-header-meta":"default","adv-header-id-meta":"","stick-header-meta":"","header-above-stick-meta":"","header-main-stick-meta":"","header-below-stick-meta":"","astra-migrate-meta-layouts":"set","ast-page-background-enabled":"default","ast-page-background-meta":{"desktop":{"background-color":"","background-image":"","background-repeat":"repeat","background-position":"center center","background-size":"auto","background-attachment":"scroll","background-type":"","background-media":"","overlay-type":"","overlay-color":"","overlay-opacity":"","overlay-gradient":""},"tablet":{"background-color":"","background-image":"","background-repeat":"repeat","background-position":"center center","background-size":"auto","background-attachment":"scroll","background-type":"","background-media":"","overlay-type":"","overlay-color":"","overlay-opacity":"","overlay-gradient":""},"mobile":{"background-color":"","background-image":"","background-repeat":"repeat","background-position":"center center","background-size":"auto","background-attachment":"scroll","background-type":"","background-media":"","overlay-type":"","overlay-color":"","overlay-opacity":"","overlay-gradient":""}},"ast-content-background-meta":{"desktop":{"background-color":"var(--ast-global-color-5)","background-image":"","background-repeat":"repeat","background-position":"center center","background-size":"auto","background-attachment":"scroll","background-type":"","background-media":"","overlay-type":"","overlay-color":"","overlay-opacity":"","overlay-gradient":""},"tablet":{"background-color":"var(--ast-global-color-5)","background-image":"","background-repeat":"repeat","background-position":"center center","background-size":"auto","background-attachment":"scroll","background-type":"","background-media":"","overlay-type":"","overlay-color":"","overlay-opacity":"","overlay-gradient":""},"mobile":{"background-color":"var(--ast-global-color-5)","background-image":"","background-repeat":"repeat","background-position":"center center","background-size":"auto","background-attachment":"scroll","background-type":"","background-media":"","overlay-type":"","overlay-color":"","overlay-opacity":"","overlay-gradient":""}}},"product_brand":[],"product_cat":[65,32],"product_tag":[70,68,71,69],"class_list":{"0":"post-3497","1":"product","2":"type-product","3":"status-publish","4":"has-post-thumbnail","6":"product_cat-0-to-6months-oem","7":"product_cat-customize","8":"product_tag-babypillow","9":"product_tag-cuteanimalpillow","10":"product_tag-headshapesupport","11":"product_tag-kouniushapingpillow","12":"desktop-align-left","13":"tablet-align-left","14":"mobile-align-left","16":"first","17":"instock","18":"shipping-taxable","19":"product-type-simple"},"aioseo_notices":[],"uagb_featured_image_src":{"full":["https:\/\/babypillowwholesale.com\/wp-content\/uploads\/2025\/04\/0020.jpg",1000,1000,false],"thumbnail":["https:\/\/babypillowwholesale.com\/wp-content\/uploads\/2025\/04\/0020-150x150.jpg",150,150,true],"medium":["https:\/\/babypillowwholesale.com\/wp-content\/uploads\/2025\/04\/0020-300x300.jpg",300,300,true],"medium_large":["https:\/\/babypillowwholesale.com\/wp-content\/uploads\/2025\/04\/0020-768x768.jpg",768,768,true],"large":["https:\/\/babypillowwholesale.com\/wp-content\/uploads\/2025\/04\/0020.jpg",1000,1000,false],"1536x1536":["https:\/\/babypillowwholesale.com\/wp-content\/uploads\/2025\/04\/0020.jpg",1000,1000,false],"2048x2048":["https:\/\/babypillowwholesale.com\/wp-content\/uploads\/2025\/04\/0020.jpg",1000,1000,false],"trp-custom-language-flag":["https:\/\/babypillowwholesale.com\/wp-content\/uploads\/2025\/04\/0020.jpg",12,12,false],"woocommerce_thumbnail":["https:\/\/babypillowwholesale.com\/wp-content\/uploads\/2025\/04\/0020-300x300.jpg",300,300,true],"woocommerce_single":["https:\/\/babypillowwholesale.com\/wp-content\/uploads\/2025\/04\/0020-600x600.jpg",600,600,true],"woocommerce_gallery_thumbnail":["https:\/\/babypillowwholesale.com\/wp-content\/uploads\/2025\/04\/0020-100x100.jpg",100,100,true]},"uagb_author_info":{"display_name":"Etnen zhong","author_link":"https:\/\/babypillowwholesale.com\/fi\/author\/"},"uagb_comment_info":0,"uagb_excerpt":"This Memory Foam Pillow - Heart - shaped Pillow Core, designed for babies aged 0 - 6 months, offers a powerful customization advantage. We can craft exquisite, tailored patterns to meet your specific needs. For example, if your customers adore cute styles, we can print charming cartoon characters or dainty floral motifs. Prefer an elegant&hellip;","jetpack_sharing_enabled":true,"_links":{"self":[{"href":"https:\/\/babypillowwholesale.com\/fi\/wp-json\/wp\/v2\/product\/3497","targetHints":{"allow":["GET"]}}],"collection":[{"href":"https:\/\/babypillowwholesale.com\/fi\/wp-json\/wp\/v2\/product"}],"about":[{"href":"https:\/\/babypillowwholesale.com\/fi\/wp-json\/wp\/v2\/types\/product"}],"replies":[{"embeddable":true,"href":"https:\/\/babypillowwholesale.com\/fi\/wp-json\/wp\/v2\/comments?post=3497"}],"wp:featuredmedia":[{"embeddable":true,"href":"https:\/\/babypillowwholesale.com\/fi\/wp-json\/wp\/v2\/media\/3498"}],"wp:attachment":[{"href":"https:\/\/babypillowwholesale.com\/fi\/wp-json\/wp\/v2\/media?parent=3497"}],"wp:term":[{"taxonomy":"product_brand","embeddable":true,"href":"https:\/\/babypillowwholesale.com\/fi\/wp-json\/wp\/v2\/product_brand?post=3497"},{"taxonomy":"product_cat","embeddable":true,"href":"https:\/\/babypillowwholesale.com\/fi\/wp-json\/wp\/v2\/product_cat?post=3497"},{"taxonomy":"product_tag","embeddable":true,"href":"https:\/\/babypillowwholesale.com\/fi\/wp-json\/wp\/v2\/product_tag?post=3497"}],"curies":[{"name":"wp","href":"https:\/\/api.w.org\/{rel}","templated":true}]}}