{"id":3491,"date":"2025-04-19T09:25:10","date_gmt":"2025-04-19T09:25:10","guid":{"rendered":"https:\/\/babypillowwholesale.com\/?post_type=product&#038;p=3491"},"modified":"2025-06-05T14:43:03","modified_gmt":"2025-06-05T14:43:03","slug":"memory-foam-pillow-small-apple-shaped-pillow-core","status":"publish","type":"product","link":"https:\/\/babypillowwholesale.com\/fi\/product\/memory-foam-pillow-small-apple-shaped-pillow-core\/","title":{"rendered":"Muistivaahtotyyny - Pieni omena - muotoinen tyynyn ydin"},"content":{"rendered":"<div class=\"auto-hide-last-sibling-br paragraph-qzbcQC paragraph-element br-paragraph-space\">\n<div class=\"auto-hide-last-sibling-br paragraph-qzbcQC paragraph-element br-paragraph-space\">\n<div class=\"auto-hide-last-sibling-br paragraph-qzbcQC paragraph-element br-paragraph-space\">\n<div class=\"auto-hide-last-sibling-br paragraph-qzbcQC paragraph-element br-paragraph-space\">Esittelyss\u00e4 Memory Foam Pillow - Small Apple - muotoinen tyynyydin, joka on ihastuttava, 0-6 kuukauden ik\u00e4isille unelmoijille r\u00e4\u00e4t\u00e4l\u00f6ity unen v\u00e4ltt\u00e4m\u00e4tt\u00f6myys. Sen vieh\u00e4tt\u00e4v\u00e4 omenan inspiroima siluetti ei ole vain visuaalinen herkku, vaan portti vertaansa vailla olevaan r\u00e4\u00e4t\u00e4l\u00f6innin maailmaan.<\/div>\n<p>&nbsp;<\/p>\n<div class=\"auto-hide-last-sibling-br paragraph-qzbcQC paragraph-element br-paragraph-space\">Tunnustamme, ett\u00e4 jokainen vauva on ainutlaatuinen, ja niin tulisi olla my\u00f6s h\u00e4nen mukavuutensa. Siksi tarjoamme mahdollisuuden hienos\u00e4\u00e4t\u00e4\u00e4 hydrofiilisen vaahtomuovin tiheytt\u00e4. Olipa pikkuisesi sitten mieluummin pilvim\u00e4isen pehme\u00e4n pehme\u00e4n syleilyn tai rauhoittavan j\u00e4m\u00e4k\u00e4n, lempe\u00e4\u00e4 tukea tarjoavan pehmeyden vallassa, me voimme luoda t\u00e4ydellisen tuntumakokemuksen.<\/div>\n<p>&nbsp;<\/p>\n<div class=\"auto-hide-last-sibling-br paragraph-qzbcQC paragraph-element br-paragraph-space\">T\u00e4m\u00e4n omenan muotoisen ihmeen pinta on tyhj\u00e4 kangas luovuudelle. K\u00e4ytt\u00e4m\u00e4ll\u00e4 vain turvallisimpia, myrkytt\u00f6mi\u00e4 painov\u00e4rej\u00e4 voimme koristella sen lumoavilla painatuksilla. Kuvittele t\u00e4htikuvio siroista omenankukista, joiden ter\u00e4lehdet n\u00e4ytt\u00e4v\u00e4t lepattavat lempe\u00e4ss\u00e4 tuulessa, tai leikkis\u00e4 lepp\u00e4kerttujen paraati, joka ik\u00e4\u00e4n kuin on matkalla tuomaan hymyj\u00e4 vauvasi uneen. N\u00e4m\u00e4 kuviot eiv\u00e4t ole pelkki\u00e4 koristeita, vaan tarinoita, jotka odottavat, ett\u00e4 ne kerrotaan, ja ne tuovat taikaa jokaiseen p\u00e4iv\u00e4uneen.<\/div>\n<p>&nbsp;<\/p>\n<div class=\"auto-hide-last-sibling-br paragraph-qzbcQC paragraph-element br-paragraph-space\">R\u00e4\u00e4t\u00e4l\u00f6inti ei kuitenkaan lopu t\u00e4h\u00e4n. Keskimm\u00e4ist\u00e4 syvennyst\u00e4, joka on vauvasi mukavuuden kannalta ratkaiseva ominaisuus, voidaan s\u00e4\u00e4t\u00e4\u00e4 huolellisesti. Voimme muokata sen kokoa ja kaarevuutta tarkasti ja varmistaa, ett\u00e4 se syleilee vauvasi p\u00e4\u00e4t\u00e4 kuin rakastava syli. Juuri t\u00e4m\u00e4 yksityiskohtiin kiinnitetty huomio, t\u00e4m\u00e4 sitoutuminen ainutlaatuisuuteen, tekee Memory Foam Pillow - Small Apple - shaped Pillow Core -tyynyst\u00e4mme ei vain tuotteen, vaan vaalitun muistoesineen, ainutlaatuisen tuutulaulun pienen lapsesi unille.<\/div>\n<\/div>\n<\/div>\n<\/div>","protected":false},"excerpt":{"rendered":"<div class=\"auto-hide-last-sibling-br paragraph-qzbcQC paragraph-element br-paragraph-space\">T\u00e4m\u00e4 0-6 kuukauden ik\u00e4isille vauvoille sopiva Memory Foam Pillow - Small Apple - muotoinen tyynyydin tarjoaa huomattavat r\u00e4\u00e4t\u00e4l\u00f6inti- ja suunnittelumahdollisuudet. Sen s\u00f6p\u00f6 omenamainen muoto on vain l\u00e4ht\u00f6kohta. Voimme muokata hydrofiilisen vaahtomuovin tiheytt\u00e4 vauvasi erityisten mukavuusvaatimusten mukaan, olipa kyseess\u00e4 sitten pehme\u00e4mpi tuntuma lis\u00e4mukavuutta varten tai kiinte\u00e4mpi rakenne parempaa tukea varten.Pinta voidaan personoida vauvojen turvallisilla, myrkytt\u00f6mill\u00e4 painatuksilla. Ajattele herkki\u00e4 omenankukkakuvioita tai pieni\u00e4 lepp\u00e4kerttukuvioita, jotka tuovat oudon tunnelman. Lis\u00e4ksi keskimm\u00e4isen syvennyksen kokoa ja kaarevuutta voidaan s\u00e4\u00e4t\u00e4\u00e4 tarkasti, jotta se sopii t\u00e4ydellisesti vauvan p\u00e4\u00e4h\u00e4n ja takaa optimaalisen mukavuuden ja tuen. N\u00e4in voit luoda todella ainutlaatuisen tyynyn ytimen, joka vastaa sek\u00e4 vauvasi tarpeita ett\u00e4 esteettisi\u00e4 mieltymyksi\u00e4si.<\/div>","protected":false},"featured_media":3492,"comment_status":"open","ping_status":"closed","template":"","meta":{"_uag_custom_page_level_css":"","site-sidebar-layout":"default","site-content-layout":"","ast-site-content-layout":"default","site-content-style":"default","site-sidebar-style":"default","ast-global-header-display":"","ast-banner-title-visibility":"","ast-main-header-display":"","ast-hfb-above-header-display":"","ast-hfb-below-header-display":"","ast-hfb-mobile-header-display":"","site-post-title":"","ast-breadcrumbs-content":"","ast-featured-img":"","footer-sml-layout":"","ast-disable-related-posts":"","theme-transparent-header-meta":"default","adv-header-id-meta":"","stick-header-meta":"","header-above-stick-meta":"","header-main-stick-meta":"","header-below-stick-meta":"","astra-migrate-meta-layouts":"set","ast-page-background-enabled":"default","ast-page-background-meta":{"desktop":{"background-color":"","background-image":"","background-repeat":"repeat","background-position":"center center","background-size":"auto","background-attachment":"scroll","background-type":"","background-media":"","overlay-type":"","overlay-color":"","overlay-opacity":"","overlay-gradient":""},"tablet":{"background-color":"","background-image":"","background-repeat":"repeat","background-position":"center center","background-size":"auto","background-attachment":"scroll","background-type":"","background-media":"","overlay-type":"","overlay-color":"","overlay-opacity":"","overlay-gradient":""},"mobile":{"background-color":"","background-image":"","background-repeat":"repeat","background-position":"center center","background-size":"auto","background-attachment":"scroll","background-type":"","background-media":"","overlay-type":"","overlay-color":"","overlay-opacity":"","overlay-gradient":""}},"ast-content-background-meta":{"desktop":{"background-color":"var(--ast-global-color-5)","background-image":"","background-repeat":"repeat","background-position":"center center","background-size":"auto","background-attachment":"scroll","background-type":"","background-media":"","overlay-type":"","overlay-color":"","overlay-opacity":"","overlay-gradient":""},"tablet":{"background-color":"var(--ast-global-color-5)","background-image":"","background-repeat":"repeat","background-position":"center center","background-size":"auto","background-attachment":"scroll","background-type":"","background-media":"","overlay-type":"","overlay-color":"","overlay-opacity":"","overlay-gradient":""},"mobile":{"background-color":"var(--ast-global-color-5)","background-image":"","background-repeat":"repeat","background-position":"center center","background-size":"auto","background-attachment":"scroll","background-type":"","background-media":"","overlay-type":"","overlay-color":"","overlay-opacity":"","overlay-gradient":""}}},"product_brand":[],"product_cat":[65,32],"product_tag":[70,68,71,69],"class_list":{"0":"post-3491","1":"product","2":"type-product","3":"status-publish","4":"has-post-thumbnail","6":"product_cat-0-to-6months-oem","7":"product_cat-customize","8":"product_tag-babypillow","9":"product_tag-cuteanimalpillow","10":"product_tag-headshapesupport","11":"product_tag-kouniushapingpillow","12":"desktop-align-left","13":"tablet-align-left","14":"mobile-align-left","16":"first","17":"instock","18":"shipping-taxable","19":"product-type-simple"},"aioseo_notices":[],"uagb_featured_image_src":{"full":["https:\/\/babypillowwholesale.com\/wp-content\/uploads\/2025\/04\/0004.jpg",1000,1000,false],"thumbnail":["https:\/\/babypillowwholesale.com\/wp-content\/uploads\/2025\/04\/0004-150x150.jpg",150,150,true],"medium":["https:\/\/babypillowwholesale.com\/wp-content\/uploads\/2025\/04\/0004-300x300.jpg",300,300,true],"medium_large":["https:\/\/babypillowwholesale.com\/wp-content\/uploads\/2025\/04\/0004-768x768.jpg",768,768,true],"large":["https:\/\/babypillowwholesale.com\/wp-content\/uploads\/2025\/04\/0004.jpg",1000,1000,false],"1536x1536":["https:\/\/babypillowwholesale.com\/wp-content\/uploads\/2025\/04\/0004.jpg",1000,1000,false],"2048x2048":["https:\/\/babypillowwholesale.com\/wp-content\/uploads\/2025\/04\/0004.jpg",1000,1000,false],"trp-custom-language-flag":["https:\/\/babypillowwholesale.com\/wp-content\/uploads\/2025\/04\/0004.jpg",12,12,false],"woocommerce_thumbnail":["https:\/\/babypillowwholesale.com\/wp-content\/uploads\/2025\/04\/0004-300x300.jpg",300,300,true],"woocommerce_single":["https:\/\/babypillowwholesale.com\/wp-content\/uploads\/2025\/04\/0004-600x600.jpg",600,600,true],"woocommerce_gallery_thumbnail":["https:\/\/babypillowwholesale.com\/wp-content\/uploads\/2025\/04\/0004-100x100.jpg",100,100,true]},"uagb_author_info":{"display_name":"Etnen zhong","author_link":"https:\/\/babypillowwholesale.com\/fi\/author\/"},"uagb_comment_info":0,"uagb_excerpt":"This Memory Foam Pillow - Small Apple - shaped Pillow Core, suitable for babies aged 0 - 6 months, offers remarkable customization and design potential. Its cute apple - like shape is just the starting point. We can modify the density of the hydrophilic foam to suit your baby's specific comfort requirements, whether it's a&hellip;","jetpack_sharing_enabled":true,"_links":{"self":[{"href":"https:\/\/babypillowwholesale.com\/fi\/wp-json\/wp\/v2\/product\/3491","targetHints":{"allow":["GET"]}}],"collection":[{"href":"https:\/\/babypillowwholesale.com\/fi\/wp-json\/wp\/v2\/product"}],"about":[{"href":"https:\/\/babypillowwholesale.com\/fi\/wp-json\/wp\/v2\/types\/product"}],"replies":[{"embeddable":true,"href":"https:\/\/babypillowwholesale.com\/fi\/wp-json\/wp\/v2\/comments?post=3491"}],"wp:featuredmedia":[{"embeddable":true,"href":"https:\/\/babypillowwholesale.com\/fi\/wp-json\/wp\/v2\/media\/3492"}],"wp:attachment":[{"href":"https:\/\/babypillowwholesale.com\/fi\/wp-json\/wp\/v2\/media?parent=3491"}],"wp:term":[{"taxonomy":"product_brand","embeddable":true,"href":"https:\/\/babypillowwholesale.com\/fi\/wp-json\/wp\/v2\/product_brand?post=3491"},{"taxonomy":"product_cat","embeddable":true,"href":"https:\/\/babypillowwholesale.com\/fi\/wp-json\/wp\/v2\/product_cat?post=3491"},{"taxonomy":"product_tag","embeddable":true,"href":"https:\/\/babypillowwholesale.com\/fi\/wp-json\/wp\/v2\/product_tag?post=3491"}],"curies":[{"name":"wp","href":"https:\/\/api.w.org\/{rel}","templated":true}]}}