{"id":3488,"date":"2025-04-19T02:55:35","date_gmt":"2025-04-19T02:55:35","guid":{"rendered":"https:\/\/babypillowwholesale.com\/?post_type=product&#038;p=3488"},"modified":"2025-06-05T14:47:34","modified_gmt":"2025-06-05T14:47:34","slug":"memory-foam-pillow-thin-bear-shaped-pillow-core","status":"publish","type":"product","link":"https:\/\/babypillowwholesale.com\/fi\/product\/memory-foam-pillow-thin-bear-shaped-pillow-core\/","title":{"rendered":"Muistivaahtotyyny - Ohut karhu - muotoinen tyynyn ydin"},"content":{"rendered":"<div class=\"auto-hide-last-sibling-br paragraph-qzbcQC paragraph-element br-paragraph-space\">\n<div class=\"auto-hide-last-sibling-br paragraph-qzbcQC paragraph-element br-paragraph-space\">\n<div class=\"auto-hide-last-sibling-br paragraph-qzbcQC paragraph-element br-paragraph-space\">Katso Memory Foam Pillow - Thin Bear - muotoinen tyynyydin, mestariteos, joka on suunniteltu erityisesti 0-6 kuukauden ik\u00e4isille pienimmille nukkujille. Sen kiehtova karhun n\u00e4k\u00f6inen siluetti ei ole vain esteettinen valinta, vaan se on portti r\u00e4\u00e4t\u00e4l\u00f6ityjen mahdollisuuksien universumiin.<\/div>\n<p>&nbsp;<\/p>\n<div class=\"auto-hide-last-sibling-br paragraph-qzbcQC paragraph-element br-paragraph-space\">Ymm\u00e4rr\u00e4mme, ett\u00e4 mukavuus on yht\u00e4 yksil\u00f6llist\u00e4 kuin lapsesi suloinen hymy. Siksi tarjoamme mahdollisuuden hienos\u00e4\u00e4t\u00e4\u00e4 hydrofiilisen vaahtomuovin pehmeytt\u00e4. Halusitpa sitten pilvim\u00e4ist\u00e4 pehmeytt\u00e4 herkimmille p\u00e4ille tai hieman kovempaa pehmeytt\u00e4 lis\u00e4tukea varten, meilt\u00e4 l\u00f6ytyy kaikki mit\u00e4 tarvitset. T\u00e4m\u00e4 r\u00e4\u00e4t\u00e4l\u00f6innin taso muuttaa t\u00e4m\u00e4n tyynyn ytimen pelk\u00e4st\u00e4 lis\u00e4varusteesta yksil\u00f6lliseksi lepoparatiisiksi.<\/div>\n<p>&nbsp;<\/p>\n<div class=\"auto-hide-last-sibling-br paragraph-qzbcQC paragraph-element br-paragraph-space\">T\u00e4m\u00e4n karhun muotoisen ihmeen pinta on tyhj\u00e4 kangas, joka odottaa taiteellista ilmaisua. K\u00e4ytt\u00e4m\u00e4ll\u00e4 vain turvallisimpia, myrkytt\u00f6mi\u00e4 musteita voimme koristella sen lumoavilla painatuksilla. Kuvittele t\u00e4htikuvio herkullisista p\u00e4iv\u00e4nkakkaroista, joiden ter\u00e4lehdet n\u00e4ytt\u00e4v\u00e4t heiluvan lempe\u00e4ss\u00e4 tuulessa, tai suloisten pupuj\u00e4lkien j\u00e4lki, joka ik\u00e4\u00e4n kuin johdattaa vauvasi unelmien maailmaan. N\u00e4m\u00e4 painatukset eiv\u00e4t ole pelkki\u00e4 koristeita, vaan ne ovat tarinoita, jotka odottavat kertomista ja tuovat taikaa jokaiseen p\u00e4iv\u00e4uneen.<\/div>\n<p>&nbsp;<\/p>\n<div class=\"auto-hide-last-sibling-br paragraph-qzbcQC paragraph-element br-paragraph-space\">Ja sitten on viel\u00e4 keskell\u00e4 oleva syvennys, joka on ratkaisevan t\u00e4rke\u00e4 ominaisuus, joka on suunniteltu uudelleen vauvan mukavuuden vuoksi. Voimme s\u00e4\u00e4t\u00e4\u00e4 sen kokoa ja syvyytt\u00e4 kirurgisella tarkkuudella ja varmistaa, ett\u00e4 se syleilee vauvan p\u00e4\u00e4t\u00e4 kuin rakastava syli. Juuri t\u00e4m\u00e4 yksityiskohtiin kiinnitetty huomio, t\u00e4m\u00e4 sitoutuminen ainutlaatuisuuteen, tekee Memory Foam Pillow - Thin Bear - muotoisesta tyynyytimest\u00e4mme ei vain tuotteen, vaan vaalitun muistoesineen, ainutlaatuisen tuutulaulun pienen lapsesi unille.<\/div>\n<\/div>\n<\/div>","protected":false},"excerpt":{"rendered":"<p>T\u00e4m\u00e4 0 - 6 kuukauden ik\u00e4isille vauvoille suunniteltu Memory Foam Pillow - Thin Bear - muotoinen tyynyydin tarjoaa maailman r\u00e4\u00e4t\u00e4l\u00f6inti- ja suunnittelumahdollisuuksia. Sen herttainen karhun muotoinen muoto on t\u00e4ydellinen kangas luovuudelle. Voimme r\u00e4\u00e4t\u00e4l\u00f6id\u00e4 hydrofiilisen vaahtomuovin pehmeystason mieltymystesi mukaan, mik\u00e4 takaa ihanteellisen mukavuuden pienelle lapsellesi. Pinta voidaan koristella myrkytt\u00f6mill\u00e4, vauvoille turvallisilla painatuksilla, kuten pienill\u00e4 kukkakuvioilla tai s\u00f6p\u00f6ill\u00e4 el\u00e4inten jalanj\u00e4ljill\u00e4, jotka tuovat pehmoon ainutlaatuisen ja vieh\u00e4tt\u00e4v\u00e4n lis\u00e4n. Lis\u00e4ksi keskimm\u00e4isen syvennyksen kokoa ja syvyytt\u00e4 voidaan s\u00e4\u00e4t\u00e4\u00e4, jotta se tukee paremmin vauvan p\u00e4\u00e4n muotoa. N\u00e4in voit luoda todella yksil\u00f6llisen tyynyn ytimen, joka ei ainoastaan vastaa vauvasi mukavuuden tarpeita vaan my\u00f6s erottuu erityisen\u00e4, ainutlaatuisena esineen\u00e4.<\/p>","protected":false},"featured_media":3489,"comment_status":"open","ping_status":"closed","template":"","meta":{"_uag_custom_page_level_css":"","site-sidebar-layout":"default","site-content-layout":"","ast-site-content-layout":"default","site-content-style":"default","site-sidebar-style":"default","ast-global-header-display":"","ast-banner-title-visibility":"","ast-main-header-display":"","ast-hfb-above-header-display":"","ast-hfb-below-header-display":"","ast-hfb-mobile-header-display":"","site-post-title":"","ast-breadcrumbs-content":"","ast-featured-img":"","footer-sml-layout":"","ast-disable-related-posts":"","theme-transparent-header-meta":"default","adv-header-id-meta":"","stick-header-meta":"","header-above-stick-meta":"","header-main-stick-meta":"","header-below-stick-meta":"","astra-migrate-meta-layouts":"set","ast-page-background-enabled":"default","ast-page-background-meta":{"desktop":{"background-color":"","background-image":"","background-repeat":"repeat","background-position":"center center","background-size":"auto","background-attachment":"scroll","background-type":"","background-media":"","overlay-type":"","overlay-color":"","overlay-opacity":"","overlay-gradient":""},"tablet":{"background-color":"","background-image":"","background-repeat":"repeat","background-position":"center center","background-size":"auto","background-attachment":"scroll","background-type":"","background-media":"","overlay-type":"","overlay-color":"","overlay-opacity":"","overlay-gradient":""},"mobile":{"background-color":"","background-image":"","background-repeat":"repeat","background-position":"center center","background-size":"auto","background-attachment":"scroll","background-type":"","background-media":"","overlay-type":"","overlay-color":"","overlay-opacity":"","overlay-gradient":""}},"ast-content-background-meta":{"desktop":{"background-color":"var(--ast-global-color-5)","background-image":"","background-repeat":"repeat","background-position":"center center","background-size":"auto","background-attachment":"scroll","background-type":"","background-media":"","overlay-type":"","overlay-color":"","overlay-opacity":"","overlay-gradient":""},"tablet":{"background-color":"var(--ast-global-color-5)","background-image":"","background-repeat":"repeat","background-position":"center center","background-size":"auto","background-attachment":"scroll","background-type":"","background-media":"","overlay-type":"","overlay-color":"","overlay-opacity":"","overlay-gradient":""},"mobile":{"background-color":"var(--ast-global-color-5)","background-image":"","background-repeat":"repeat","background-position":"center center","background-size":"auto","background-attachment":"scroll","background-type":"","background-media":"","overlay-type":"","overlay-color":"","overlay-opacity":"","overlay-gradient":""}}},"product_brand":[],"product_cat":[65,32],"product_tag":[70,68,71,69],"class_list":{"0":"post-3488","1":"product","2":"type-product","3":"status-publish","4":"has-post-thumbnail","6":"product_cat-0-to-6months-oem","7":"product_cat-customize","8":"product_tag-babypillow","9":"product_tag-cuteanimalpillow","10":"product_tag-headshapesupport","11":"product_tag-kouniushapingpillow","12":"desktop-align-left","13":"tablet-align-left","14":"mobile-align-left","16":"first","17":"instock","18":"shipping-taxable","19":"product-type-simple"},"aioseo_notices":[],"uagb_featured_image_src":{"full":["https:\/\/babypillowwholesale.com\/wp-content\/uploads\/2025\/04\/0003.jpg",1000,1000,false],"thumbnail":["https:\/\/babypillowwholesale.com\/wp-content\/uploads\/2025\/04\/0003-150x150.jpg",150,150,true],"medium":["https:\/\/babypillowwholesale.com\/wp-content\/uploads\/2025\/04\/0003-300x300.jpg",300,300,true],"medium_large":["https:\/\/babypillowwholesale.com\/wp-content\/uploads\/2025\/04\/0003-768x768.jpg",768,768,true],"large":["https:\/\/babypillowwholesale.com\/wp-content\/uploads\/2025\/04\/0003.jpg",1000,1000,false],"1536x1536":["https:\/\/babypillowwholesale.com\/wp-content\/uploads\/2025\/04\/0003.jpg",1000,1000,false],"2048x2048":["https:\/\/babypillowwholesale.com\/wp-content\/uploads\/2025\/04\/0003.jpg",1000,1000,false],"trp-custom-language-flag":["https:\/\/babypillowwholesale.com\/wp-content\/uploads\/2025\/04\/0003.jpg",12,12,false],"woocommerce_thumbnail":["https:\/\/babypillowwholesale.com\/wp-content\/uploads\/2025\/04\/0003-300x300.jpg",300,300,true],"woocommerce_single":["https:\/\/babypillowwholesale.com\/wp-content\/uploads\/2025\/04\/0003-600x600.jpg",600,600,true],"woocommerce_gallery_thumbnail":["https:\/\/babypillowwholesale.com\/wp-content\/uploads\/2025\/04\/0003-100x100.jpg",100,100,true]},"uagb_author_info":{"display_name":"Etnen zhong","author_link":"https:\/\/babypillowwholesale.com\/fi\/author\/"},"uagb_comment_info":0,"uagb_excerpt":"This Memory Foam Pillow - Thin Bear - shaped Pillow Core, designed for babies aged 0 - 6 months, offers a world of customization and design opportunities. Its endearing bear - shaped form is the perfect canvas for creativity. We can customize the softness level of the hydrophilic foam according to your preference, ensuring the&hellip;","jetpack_sharing_enabled":true,"_links":{"self":[{"href":"https:\/\/babypillowwholesale.com\/fi\/wp-json\/wp\/v2\/product\/3488","targetHints":{"allow":["GET"]}}],"collection":[{"href":"https:\/\/babypillowwholesale.com\/fi\/wp-json\/wp\/v2\/product"}],"about":[{"href":"https:\/\/babypillowwholesale.com\/fi\/wp-json\/wp\/v2\/types\/product"}],"replies":[{"embeddable":true,"href":"https:\/\/babypillowwholesale.com\/fi\/wp-json\/wp\/v2\/comments?post=3488"}],"wp:featuredmedia":[{"embeddable":true,"href":"https:\/\/babypillowwholesale.com\/fi\/wp-json\/wp\/v2\/media\/3489"}],"wp:attachment":[{"href":"https:\/\/babypillowwholesale.com\/fi\/wp-json\/wp\/v2\/media?parent=3488"}],"wp:term":[{"taxonomy":"product_brand","embeddable":true,"href":"https:\/\/babypillowwholesale.com\/fi\/wp-json\/wp\/v2\/product_brand?post=3488"},{"taxonomy":"product_cat","embeddable":true,"href":"https:\/\/babypillowwholesale.com\/fi\/wp-json\/wp\/v2\/product_cat?post=3488"},{"taxonomy":"product_tag","embeddable":true,"href":"https:\/\/babypillowwholesale.com\/fi\/wp-json\/wp\/v2\/product_tag?post=3488"}],"curies":[{"name":"wp","href":"https:\/\/api.w.org\/{rel}","templated":true}]}}