{"id":3485,"date":"2025-04-19T02:35:27","date_gmt":"2025-04-19T02:35:27","guid":{"rendered":"https:\/\/babypillowwholesale.com\/?post_type=product&#038;p=3485"},"modified":"2025-06-05T14:53:09","modified_gmt":"2025-06-05T14:53:09","slug":"memory-foam-pillow-thick-bear-shaped-pillow-core","status":"publish","type":"product","link":"https:\/\/babypillowwholesale.com\/fi\/product\/memory-foam-pillow-thick-bear-shaped-pillow-core\/","title":{"rendered":"Muistivaahtotyyny - Paksu karhu - muotoinen tyynyn ydin"},"content":{"rendered":"<div class=\"auto-hide-last-sibling-br paragraph-qzbcQC paragraph-element br-paragraph-space\">\n<div class=\"auto-hide-last-sibling-br paragraph-qzbcQC paragraph-element br-paragraph-space\">T\u00e4m\u00e4 Memory Foam Pillow - Paksu karhu - muotoinen tyynyydin, joka on suunniteltu erityisesti 0 - 6 kuukauden ik\u00e4isille vauvoille, on ainutlaatuisuuden ja r\u00e4\u00e4t\u00e4l\u00f6intimahdollisuuksien perikuva. Sen luonnostaan vieh\u00e4tt\u00e4v\u00e4 karhumainen siluetti ei ole vain s\u00f6p\u00f6 muotoiluvalinta; se on l\u00e4ht\u00f6kohta ainutlaatuisen vauvalle v\u00e4ltt\u00e4m\u00e4tt\u00f6m\u00e4n tuotteen luomiselle.<\/div>\n<p>&nbsp;<\/p>\n<div class=\"auto-hide-last-sibling-br paragraph-qzbcQC paragraph-element br-paragraph-space\">Ilmanvaihtoaukot, jotka ovat keskeinen toiminnallinen ominaisuus, eiv\u00e4t ole kiveen hakattuja. Voimme s\u00e4\u00e4t\u00e4\u00e4 niiden lukum\u00e4\u00e4r\u00e4\u00e4 ja mittoja huolellisesti ja hienos\u00e4\u00e4t\u00e4\u00e4 tyynyn ytimen hengitt\u00e4vyytt\u00e4 vauvasi erityisten mukavuustarpeiden mukaan. T\u00e4m\u00e4 on tavallista korkeampi r\u00e4\u00e4t\u00e4l\u00f6intitaso, joka takaa optimaalisen ilmankierron pikkuisen rauhalliselle unelle.<\/div>\n<p>&nbsp;<\/p>\n<div class=\"auto-hide-last-sibling-br paragraph-qzbcQC paragraph-element br-paragraph-space\">Ulkon\u00e4\u00f6n suhteen mahdollisuudet ovat yht\u00e4 rajattomat kuin mielikuvituksesi. K\u00e4ytt\u00e4m\u00e4ll\u00e4 vain turvallisimpia, myrkytt\u00f6mi\u00e4 pigmenttej\u00e4 voimme muuttaa karhun \"turkin\" v\u00e4riloistoksi. Kuvittele karhu, jonka turkki on pehmeimpien pastelliv\u00e4rien s\u00e4vyiss\u00e4 ja her\u00e4tt\u00e4\u00e4 rauhallisuuden tunteen, tai karhu, joka on koristeltu kirkkailla, iloisilla s\u00e4vyill\u00e4, jotka her\u00e4tt\u00e4v\u00e4t vauvasi uteliaisuuden. Kyse ei ole vain estetiikasta, vaan visuaalisen kokemuksen luomisesta, joka rauhoittaa ja stimuloi yht\u00e4 lailla.<\/div>\n<p>&nbsp;<\/p>\n<div class=\"auto-hide-last-sibling-br paragraph-qzbcQC paragraph-element br-paragraph-space\">R\u00e4\u00e4t\u00e4l\u00f6inti ei kuitenkaan lopu t\u00e4h\u00e4n. Voimme lis\u00e4t\u00e4 ihastuttavia koristeita, kuten k\u00e4sin kirjaillut silm\u00e4t, jotka n\u00e4ytt\u00e4v\u00e4t tuikkivan l\u00e4mm\u00f6st\u00e4, tai ommellun nen\u00e4n, joka antaa karhulle ripauksen el\u00e4v\u00e4\u00e4 charmia. N\u00e4m\u00e4 pienet yksityiskohdat eiv\u00e4t ole vain koristeellisia, vaan ne muuttavat tyynyn ytimen yksinkertaisesta lis\u00e4varusteesta vauvasi rakkaaksi kumppaniksi.<\/div>\n<p>&nbsp;<\/p>\n<div class=\"auto-hide-last-sibling-br paragraph-qzbcQC paragraph-element br-paragraph-space\">T\u00e4m\u00e4n Memory Foam Pillow - paksun karhun muotoisen tyynyn ytimen avulla et hanki vain tuotetta, vaan luot henkil\u00f6kohtaisen mukavuuden ja s\u00f6p\u00f6yden tyyssijan, muistoesineen, jolla on erityinen paikka vauvasi varhaisissa muistoissa.<\/div>\n<\/div>","protected":false},"excerpt":{"rendered":"<p>T\u00e4m\u00e4 0-6 kuukauden ik\u00e4isille vauvoille suunniteltu Memory Foam Pillow - Paksu karhu - muotoinen tyynyydin tarjoaa laajat r\u00e4\u00e4t\u00e4l\u00f6inti- ja suunnittelumahdollisuudet. Sen ihastuttava karhumainen muoto toimii vieh\u00e4tt\u00e4v\u00e4n\u00e4 pohjana muulle personoinnille. Tuuletusreikien m\u00e4\u00e4r\u00e4\u00e4 ja kokoa voidaan s\u00e4\u00e4t\u00e4\u00e4 erityistarpeiden mukaan, mik\u00e4 optimoi hengitt\u00e4vyyden. Ulkon\u00e4\u00f6n osalta karhun \"turkki\" voidaan maalata myrkytt\u00f6mill\u00e4, vauvoille turvallisilla v\u00e4reill\u00e4, jolloin voidaan luoda erilaisia s\u00f6p\u00f6j\u00e4 v\u00e4rimalleja, kuten pehme\u00e4n pastellinv\u00e4rinen karhu lempe\u00e4\u00e4 ilmett\u00e4 varten tai eloisampi karhu leikkis\u00e4\u00e4 ilmett\u00e4 varten. Lis\u00e4ksi voidaan lis\u00e4t\u00e4 pieni\u00e4 koristeita, kuten kirjailtuja silmi\u00e4 tai ommeltu nen\u00e4, jotta karhun muodosta tulee el\u00e4v\u00e4isempi ja herttaisempi. T\u00e4m\u00e4n r\u00e4\u00e4t\u00e4l\u00f6innin ansiosta vanhemmat voivat luoda ainutlaatuisen ja erityisen tyynyn ytimen, joka ei t\u00e4yt\u00e4 ainoastaan toiminnallisia vaatimuksia, vaan siit\u00e4 tulee my\u00f6s rakastettu muisto pienokaisilleen.<\/p>","protected":false},"featured_media":3486,"comment_status":"open","ping_status":"closed","template":"","meta":{"_uag_custom_page_level_css":"","site-sidebar-layout":"default","site-content-layout":"","ast-site-content-layout":"default","site-content-style":"default","site-sidebar-style":"default","ast-global-header-display":"","ast-banner-title-visibility":"","ast-main-header-display":"","ast-hfb-above-header-display":"","ast-hfb-below-header-display":"","ast-hfb-mobile-header-display":"","site-post-title":"","ast-breadcrumbs-content":"","ast-featured-img":"","footer-sml-layout":"","ast-disable-related-posts":"","theme-transparent-header-meta":"default","adv-header-id-meta":"","stick-header-meta":"","header-above-stick-meta":"","header-main-stick-meta":"","header-below-stick-meta":"","astra-migrate-meta-layouts":"set","ast-page-background-enabled":"default","ast-page-background-meta":{"desktop":{"background-color":"","background-image":"","background-repeat":"repeat","background-position":"center center","background-size":"auto","background-attachment":"scroll","background-type":"","background-media":"","overlay-type":"","overlay-color":"","overlay-opacity":"","overlay-gradient":""},"tablet":{"background-color":"","background-image":"","background-repeat":"repeat","background-position":"center center","background-size":"auto","background-attachment":"scroll","background-type":"","background-media":"","overlay-type":"","overlay-color":"","overlay-opacity":"","overlay-gradient":""},"mobile":{"background-color":"","background-image":"","background-repeat":"repeat","background-position":"center center","background-size":"auto","background-attachment":"scroll","background-type":"","background-media":"","overlay-type":"","overlay-color":"","overlay-opacity":"","overlay-gradient":""}},"ast-content-background-meta":{"desktop":{"background-color":"var(--ast-global-color-5)","background-image":"","background-repeat":"repeat","background-position":"center center","background-size":"auto","background-attachment":"scroll","background-type":"","background-media":"","overlay-type":"","overlay-color":"","overlay-opacity":"","overlay-gradient":""},"tablet":{"background-color":"var(--ast-global-color-5)","background-image":"","background-repeat":"repeat","background-position":"center center","background-size":"auto","background-attachment":"scroll","background-type":"","background-media":"","overlay-type":"","overlay-color":"","overlay-opacity":"","overlay-gradient":""},"mobile":{"background-color":"var(--ast-global-color-5)","background-image":"","background-repeat":"repeat","background-position":"center center","background-size":"auto","background-attachment":"scroll","background-type":"","background-media":"","overlay-type":"","overlay-color":"","overlay-opacity":"","overlay-gradient":""}}},"product_brand":[],"product_cat":[65,32],"product_tag":[70,68,71,69],"class_list":{"0":"post-3485","1":"product","2":"type-product","3":"status-publish","4":"has-post-thumbnail","6":"product_cat-0-to-6months-oem","7":"product_cat-customize","8":"product_tag-babypillow","9":"product_tag-cuteanimalpillow","10":"product_tag-headshapesupport","11":"product_tag-kouniushapingpillow","12":"desktop-align-left","13":"tablet-align-left","14":"mobile-align-left","16":"first","17":"instock","18":"shipping-taxable","19":"product-type-simple"},"aioseo_notices":[],"uagb_featured_image_src":{"full":["https:\/\/babypillowwholesale.com\/wp-content\/uploads\/2025\/04\/0002.jpg",1000,1000,false],"thumbnail":["https:\/\/babypillowwholesale.com\/wp-content\/uploads\/2025\/04\/0002-150x150.jpg",150,150,true],"medium":["https:\/\/babypillowwholesale.com\/wp-content\/uploads\/2025\/04\/0002-300x300.jpg",300,300,true],"medium_large":["https:\/\/babypillowwholesale.com\/wp-content\/uploads\/2025\/04\/0002-768x768.jpg",768,768,true],"large":["https:\/\/babypillowwholesale.com\/wp-content\/uploads\/2025\/04\/0002.jpg",1000,1000,false],"1536x1536":["https:\/\/babypillowwholesale.com\/wp-content\/uploads\/2025\/04\/0002.jpg",1000,1000,false],"2048x2048":["https:\/\/babypillowwholesale.com\/wp-content\/uploads\/2025\/04\/0002.jpg",1000,1000,false],"trp-custom-language-flag":["https:\/\/babypillowwholesale.com\/wp-content\/uploads\/2025\/04\/0002.jpg",12,12,false],"woocommerce_thumbnail":["https:\/\/babypillowwholesale.com\/wp-content\/uploads\/2025\/04\/0002-300x300.jpg",300,300,true],"woocommerce_single":["https:\/\/babypillowwholesale.com\/wp-content\/uploads\/2025\/04\/0002-600x600.jpg",600,600,true],"woocommerce_gallery_thumbnail":["https:\/\/babypillowwholesale.com\/wp-content\/uploads\/2025\/04\/0002-100x100.jpg",100,100,true]},"uagb_author_info":{"display_name":"Etnen zhong","author_link":"https:\/\/babypillowwholesale.com\/fi\/author\/"},"uagb_comment_info":0,"uagb_excerpt":"This Memory Foam Pillow - Thick Bear - shaped Pillow Core, designed for babies aged 0 - 6 months, offers extensive customization and design potential. Its adorable bear - like form serves as a charming base for further personalization. The number and size of the ventilation holes can be adjusted according to specific needs, optimizing&hellip;","jetpack_sharing_enabled":true,"_links":{"self":[{"href":"https:\/\/babypillowwholesale.com\/fi\/wp-json\/wp\/v2\/product\/3485","targetHints":{"allow":["GET"]}}],"collection":[{"href":"https:\/\/babypillowwholesale.com\/fi\/wp-json\/wp\/v2\/product"}],"about":[{"href":"https:\/\/babypillowwholesale.com\/fi\/wp-json\/wp\/v2\/types\/product"}],"replies":[{"embeddable":true,"href":"https:\/\/babypillowwholesale.com\/fi\/wp-json\/wp\/v2\/comments?post=3485"}],"wp:featuredmedia":[{"embeddable":true,"href":"https:\/\/babypillowwholesale.com\/fi\/wp-json\/wp\/v2\/media\/3486"}],"wp:attachment":[{"href":"https:\/\/babypillowwholesale.com\/fi\/wp-json\/wp\/v2\/media?parent=3485"}],"wp:term":[{"taxonomy":"product_brand","embeddable":true,"href":"https:\/\/babypillowwholesale.com\/fi\/wp-json\/wp\/v2\/product_brand?post=3485"},{"taxonomy":"product_cat","embeddable":true,"href":"https:\/\/babypillowwholesale.com\/fi\/wp-json\/wp\/v2\/product_cat?post=3485"},{"taxonomy":"product_tag","embeddable":true,"href":"https:\/\/babypillowwholesale.com\/fi\/wp-json\/wp\/v2\/product_tag?post=3485"}],"curies":[{"name":"wp","href":"https:\/\/api.w.org\/{rel}","templated":true}]}}