{"id":3474,"date":"2025-04-18T16:21:06","date_gmt":"2025-04-18T16:21:06","guid":{"rendered":"https:\/\/babypillowwholesale.com\/?post_type=product&#038;p=3474"},"modified":"2025-06-05T14:55:58","modified_gmt":"2025-06-05T14:55:58","slug":"memory-foam-pillow-round-pillow-core","status":"publish","type":"product","link":"https:\/\/babypillowwholesale.com\/fi\/product\/memory-foam-pillow-round-pillow-core\/","title":{"rendered":"Muistivaahtotyyny - py\u00f6re\u00e4 tyynyn ydin"},"content":{"rendered":"<div class=\"auto-hide-last-sibling-br paragraph-qzbcQC paragraph-element br-paragraph-space\">T\u00e4m\u00e4 0-6 kuukauden ik\u00e4isille vauvoille r\u00e4\u00e4t\u00e4l\u00f6ity Memory Foam Pillow - Round Pillow Core -muistivaahtotyyny tarjoaa loputtomasti mahdollisuuksia kuvion r\u00e4\u00e4t\u00e4l\u00f6intiin ja suunnitteluun. Sen sile\u00e4 pinta on valmis muokkaukseen, ja se tarjoaa ainutlaatuisen tilaisuuden valmistaa uniikki kappale.<\/div>\n<p>&nbsp;<\/p>\n<div class=\"auto-hide-last-sibling-br paragraph-qzbcQC paragraph-element br-paragraph-space\">Kuvittele, ett\u00e4 voit koristella sen lumoavilla kuvioilla, jotka eiv\u00e4t ole vain visuaalisesti kiehtovia vaan my\u00f6s vauvai\u00e4n viattomuutta ilment\u00e4vi\u00e4. Herk\u00e4t painatukset mets\u00e4n el\u00e4imist\u00e4, kuten lempeist\u00e4 peuroista tai uteliaista oravista, voivat tuoda ripauksen luonnon vieh\u00e4tyst\u00e4. Tai ehk\u00e4p\u00e4 ripaus unenomaisia t\u00e4htikuvioita, tuikkivia t\u00e4hti\u00e4 ja hymyilev\u00e4 kuu, jotka tuudittavat pikkuisen taivaalliseen uneen. N\u00e4m\u00e4 kuviot eiv\u00e4t ole sattumanvaraisesti valittuja, vaan ne on valittu huolellisesti, jotta ne luovat vauvallesi rauhoittavan visuaalisen kokemuksen.<\/div>\n<p>&nbsp;<\/p>\n<div class=\"auto-hide-last-sibling-br paragraph-qzbcQC paragraph-element br-paragraph-space\">K\u00e4ytt\u00e4m\u00e4ll\u00e4 uusinta tekniikkaa ja myrkytt\u00f6mi\u00e4 painotekniikoita varmistamme, ett\u00e4 jokainen malli ei ole vain silm\u00e4nruokaa vaan my\u00f6s t\u00e4ysin turvallinen vauvasi herk\u00e4lle iholle. T\u00e4m\u00e4 r\u00e4\u00e4t\u00e4l\u00f6innin taso ylitt\u00e4\u00e4 pelk\u00e4n estetiikan; se antaa vanhemmille mahdollisuuden sis\u00e4llytt\u00e4\u00e4 henkil\u00f6kohtaisen tyylins\u00e4 ja lastenhuoneen ainutlaatuisen tunnelman t\u00e4h\u00e4n t\u00e4rke\u00e4\u00e4n esineeseen. Tavoittelitpa sitten modernia, minimalistista ilmett\u00e4 tai omituista, satukirjoista inspiroitunutta teemaa, t\u00e4m\u00e4 tyynyn ydin voidaan r\u00e4\u00e4t\u00e4l\u00f6id\u00e4 niin, ett\u00e4 se on erottuva, yksil\u00f6llinen lis\u00e4 vauvasi maailmaan.<\/div>","protected":false},"excerpt":{"rendered":"<p>T\u00e4m\u00e4 Memory Foam Pillow - Round Pillow Core, joka sopii vauvoille 0 - 6 kuukautta, tarjoaa suuret mahdollisuudet kuvion r\u00e4\u00e4t\u00e4l\u00f6intiin ja suunnitteluun. Tyynyn ytimen sile\u00e4 pinta tarjoaa ihanteellisen kankaan erilaisille kuvioille. Tyynyyn voidaan lis\u00e4t\u00e4 hell\u00e4varaisia, vauvayst\u00e4v\u00e4llisi\u00e4 motiiveja, kuten s\u00f6p\u00f6j\u00e4 el\u00e4inkuvioita, pehmeit\u00e4 kukkakuvioita tai omituisia taivaallisia elementtej\u00e4, kuten t\u00e4hti\u00e4 ja kuita. N\u00e4m\u00e4 kuviot voidaan painaa myrkytt\u00f6mill\u00e4, vauvoille turvallisilla painotekniikoilla, jotta ne ovat turvallisia vauvan herk\u00e4lle iholle. Mukautetut kuviot voivat tehd\u00e4 tyynyst\u00e4 visuaalisesti houkuttelevamman, mutta my\u00f6s antaa vanhemmille mahdollisuuden valita lastenhuoneen sisustukseen tai henkil\u00f6kohtaisiin mieltymyksiin sopivat kuviot, mik\u00e4 lis\u00e4\u00e4 ainutlaatuisen kosketuksen t\u00e4h\u00e4n t\u00e4rke\u00e4\u00e4n vauvan tarvikkeeseen.<\/p>","protected":false},"featured_media":3484,"comment_status":"open","ping_status":"closed","template":"","meta":{"_uag_custom_page_level_css":"","site-sidebar-layout":"default","site-content-layout":"","ast-site-content-layout":"default","site-content-style":"default","site-sidebar-style":"default","ast-global-header-display":"","ast-banner-title-visibility":"","ast-main-header-display":"","ast-hfb-above-header-display":"","ast-hfb-below-header-display":"","ast-hfb-mobile-header-display":"","site-post-title":"","ast-breadcrumbs-content":"","ast-featured-img":"","footer-sml-layout":"","ast-disable-related-posts":"","theme-transparent-header-meta":"default","adv-header-id-meta":"","stick-header-meta":"","header-above-stick-meta":"","header-main-stick-meta":"","header-below-stick-meta":"","astra-migrate-meta-layouts":"set","ast-page-background-enabled":"default","ast-page-background-meta":{"desktop":{"background-color":"","background-image":"","background-repeat":"repeat","background-position":"center center","background-size":"auto","background-attachment":"scroll","background-type":"","background-media":"","overlay-type":"","overlay-color":"","overlay-opacity":"","overlay-gradient":""},"tablet":{"background-color":"","background-image":"","background-repeat":"repeat","background-position":"center center","background-size":"auto","background-attachment":"scroll","background-type":"","background-media":"","overlay-type":"","overlay-color":"","overlay-opacity":"","overlay-gradient":""},"mobile":{"background-color":"","background-image":"","background-repeat":"repeat","background-position":"center center","background-size":"auto","background-attachment":"scroll","background-type":"","background-media":"","overlay-type":"","overlay-color":"","overlay-opacity":"","overlay-gradient":""}},"ast-content-background-meta":{"desktop":{"background-color":"var(--ast-global-color-5)","background-image":"","background-repeat":"repeat","background-position":"center center","background-size":"auto","background-attachment":"scroll","background-type":"","background-media":"","overlay-type":"","overlay-color":"","overlay-opacity":"","overlay-gradient":""},"tablet":{"background-color":"var(--ast-global-color-5)","background-image":"","background-repeat":"repeat","background-position":"center center","background-size":"auto","background-attachment":"scroll","background-type":"","background-media":"","overlay-type":"","overlay-color":"","overlay-opacity":"","overlay-gradient":""},"mobile":{"background-color":"var(--ast-global-color-5)","background-image":"","background-repeat":"repeat","background-position":"center center","background-size":"auto","background-attachment":"scroll","background-type":"","background-media":"","overlay-type":"","overlay-color":"","overlay-opacity":"","overlay-gradient":""}}},"product_brand":[],"product_cat":[65,32],"product_tag":[70,68,71,69],"class_list":{"0":"post-3474","1":"product","2":"type-product","3":"status-publish","4":"has-post-thumbnail","6":"product_cat-0-to-6months-oem","7":"product_cat-customize","8":"product_tag-babypillow","9":"product_tag-cuteanimalpillow","10":"product_tag-headshapesupport","11":"product_tag-kouniushapingpillow","12":"desktop-align-left","13":"tablet-align-left","14":"mobile-align-left","16":"first","17":"instock","18":"shipping-taxable","19":"product-type-simple"},"aioseo_notices":[],"uagb_featured_image_src":{"full":["https:\/\/babypillowwholesale.com\/wp-content\/uploads\/2025\/04\/0001.jpg",1000,1000,false],"thumbnail":["https:\/\/babypillowwholesale.com\/wp-content\/uploads\/2025\/04\/0001-150x150.jpg",150,150,true],"medium":["https:\/\/babypillowwholesale.com\/wp-content\/uploads\/2025\/04\/0001-300x300.jpg",300,300,true],"medium_large":["https:\/\/babypillowwholesale.com\/wp-content\/uploads\/2025\/04\/0001-768x768.jpg",768,768,true],"large":["https:\/\/babypillowwholesale.com\/wp-content\/uploads\/2025\/04\/0001.jpg",1000,1000,false],"1536x1536":["https:\/\/babypillowwholesale.com\/wp-content\/uploads\/2025\/04\/0001.jpg",1000,1000,false],"2048x2048":["https:\/\/babypillowwholesale.com\/wp-content\/uploads\/2025\/04\/0001.jpg",1000,1000,false],"trp-custom-language-flag":["https:\/\/babypillowwholesale.com\/wp-content\/uploads\/2025\/04\/0001.jpg",12,12,false],"woocommerce_thumbnail":["https:\/\/babypillowwholesale.com\/wp-content\/uploads\/2025\/04\/0001-300x300.jpg",300,300,true],"woocommerce_single":["https:\/\/babypillowwholesale.com\/wp-content\/uploads\/2025\/04\/0001-600x600.jpg",600,600,true],"woocommerce_gallery_thumbnail":["https:\/\/babypillowwholesale.com\/wp-content\/uploads\/2025\/04\/0001-100x100.jpg",100,100,true]},"uagb_author_info":{"display_name":"Etnen zhong","author_link":"https:\/\/babypillowwholesale.com\/fi\/author\/"},"uagb_comment_info":0,"uagb_excerpt":"This Memory Foam Pillow - Round Pillow Core, suitable for babies from 0 - 6 months, offers great potential for pattern customization and design. The smooth surface of the pillow core provides an ideal canvas for various designs. Gentle, baby - friendly motifs such as cute animal prints, soft floral patterns, or whimsical celestial elements&hellip;","jetpack_sharing_enabled":true,"_links":{"self":[{"href":"https:\/\/babypillowwholesale.com\/fi\/wp-json\/wp\/v2\/product\/3474","targetHints":{"allow":["GET"]}}],"collection":[{"href":"https:\/\/babypillowwholesale.com\/fi\/wp-json\/wp\/v2\/product"}],"about":[{"href":"https:\/\/babypillowwholesale.com\/fi\/wp-json\/wp\/v2\/types\/product"}],"replies":[{"embeddable":true,"href":"https:\/\/babypillowwholesale.com\/fi\/wp-json\/wp\/v2\/comments?post=3474"}],"wp:featuredmedia":[{"embeddable":true,"href":"https:\/\/babypillowwholesale.com\/fi\/wp-json\/wp\/v2\/media\/3484"}],"wp:attachment":[{"href":"https:\/\/babypillowwholesale.com\/fi\/wp-json\/wp\/v2\/media?parent=3474"}],"wp:term":[{"taxonomy":"product_brand","embeddable":true,"href":"https:\/\/babypillowwholesale.com\/fi\/wp-json\/wp\/v2\/product_brand?post=3474"},{"taxonomy":"product_cat","embeddable":true,"href":"https:\/\/babypillowwholesale.com\/fi\/wp-json\/wp\/v2\/product_cat?post=3474"},{"taxonomy":"product_tag","embeddable":true,"href":"https:\/\/babypillowwholesale.com\/fi\/wp-json\/wp\/v2\/product_tag?post=3474"}],"curies":[{"name":"wp","href":"https:\/\/api.w.org\/{rel}","templated":true}]}}