{"id":3448,"date":"2025-04-17T15:43:57","date_gmt":"2025-04-17T15:43:57","guid":{"rendered":"https:\/\/babypillowwholesale.com\/?post_type=product&#038;p=3448"},"modified":"2025-06-08T02:18:25","modified_gmt":"2025-06-08T02:18:25","slug":"hug-style-multi-purpose-nursing-pillow","status":"publish","type":"product","link":"https:\/\/babypillowwholesale.com\/fi\/product\/hug-style-multi-purpose-nursing-pillow\/","title":{"rendered":"Hug - tyyli Monik\u00e4ytt\u00f6inen hoitotyyny"},"content":{"rendered":"<div class=\"auto-hide-last-sibling-br paragraph-qzbcQC paragraph-element br-paragraph-space\" data-immersive-translate-walked=\"8e61f2e7-6af2-46e5-9672-3b9e4f4033d9\" data-immersive-translate-paragraph=\"1\">\n<div class=\"auto-hide-last-sibling-br paragraph-qzbcQC paragraph-element br-paragraph-space\">\n<div class=\"auto-hide-last-sibling-br paragraph-qzbcQC paragraph-element br-paragraph-space\">\n<div class=\"auto-hide-last-sibling-br paragraph-qzbcQC paragraph-element br-paragraph-space\">\n<div class=\"auto-hide-last-sibling-br paragraph-qzbcQC paragraph-element br-paragraph-space\">\n<div class=\"auto-hide-last-sibling-br paragraph-qzbcQC paragraph-element br-paragraph-space\">\n<div class=\"inter-wlTS5w\">\n<div class=\"container-QE4ayg\">\n<div class=\"item-jU10IN\">\n<div class=\"container-jODEnh chrome70-container\">\n<div class=\"inner-eE95c9 inner-item-aL3Ui_\" data-target-id=\"message-box-target-id\" data-testid=\"union_message\">\n<div class=\"message-block-container-liuetz\" data-testid=\"message-block-container\">\n<div class=\"message-box-ZWbBdF\" data-testid=\"receive_message\">\n<div class=\"message-box-content-wrapper-srHdUj\">\n<div class=\"message-content message-box-content-otxGGw receive-message-box-content-_lREFj samantha-message-box-content-Qjmpja\" data-testid=\"message_content\">\n<div class=\"container-hfX5E8 flow-markdown-body theme-samantha-yJEgBp\" dir=\"ltr\" data-testid=\"message_text_content\" data-show-indicator=\"false\">\n<div class=\"auto-hide-last-sibling-br paragraph-qzbcQC paragraph-element br-paragraph-space\">\n<div class=\"auto-hide-last-sibling-br paragraph-qzbcQC paragraph-element br-paragraph-space\">\n<div class=\"auto-hide-last-sibling-br paragraph-qzbcQC paragraph-element br-paragraph-space\">\n<div class=\"auto-hide-last-sibling-br paragraph-qzbcQC paragraph-element br-paragraph-space\">\n<div class=\"message-box-content-wrapper-srHdUj\">\n<div class=\"message-content message-box-content-otxGGw receive-message-box-content-_lREFj samantha-message-box-content-Qjmpja\" data-testid=\"message_content\">\n<div class=\"container-hfX5E8 flow-markdown-body theme-samantha-yJEgBp\" dir=\"ltr\" data-testid=\"message_text_content\" data-show-indicator=\"false\">\n<div class=\"auto-hide-last-sibling-br paragraph-qzbcQC paragraph-element br-paragraph-space\">Esittelyss\u00e4 Hug - style Multi - purpose Nursing Pillow, joka on rakkaudella suunniteltu imett\u00e4ville \u00e4ideille. Sen ergonomisesti muotoiltu U-muotoinen, mitoiltaan 46* *<em>42*<\/em>13cm, ymp\u00e4r\u00f6i kauniisti \u00e4idin vartalon ja luo l\u00e4mpim\u00e4n, tukevan syleilyn. T\u00e4m\u00e4 harkittu muotoilu muuttaa pelin ruokinta-aikana, sill\u00e4 se tarjoaa vauvalle vakaan ja mukavan istuinpaikan ja kevent\u00e4\u00e4 samalla \u00e4idin k\u00e4sien ja sel\u00e4n rasitusta. Tyynyn pinta, jota koristaa pehme\u00e4, kuvioitu viimeistely, hyv\u00e4ilee vauvan herkk\u00e4\u00e4 ihoa ja takaa hell\u00e4varaisen ja miellytt\u00e4v\u00e4n kokemuksen.<\/div>\n<p>&nbsp;<\/p>\n<div class=\"auto-hide-last-sibling-br paragraph-qzbcQC paragraph-element br-paragraph-space\">Saatavana kauniissa v\u00e4reiss\u00e4 - pehme\u00e4ss\u00e4 vaaleanpunaisessa, rauhoittavassa sinisess\u00e4, neutraalissa harmaassa ja iloisessa keltaisessa - se yhdist\u00e4\u00e4 saumattomasti toiminnallisuuden ja ripauksen tyyli\u00e4, ja se sopii mihin tahansa lastenhuoneen sisustukseen. Mutta sen monipuolisuus ei lopu hoitoty\u00f6h\u00f6n. Se muuttuu vauvan luotettavaksi tueksi leikkien aikana ja tarjoaa turvallisen ja viihtyis\u00e4n paikan tutkimiseen. \u00c4idit voivat k\u00e4ytt\u00e4\u00e4 sit\u00e4 my\u00f6s pehmoisena selk\u00e4nojana, joka sopii t\u00e4ydellisesti rentoutumiseen pienen lapsen hoitamisen v\u00e4liss\u00e4.<\/div>\n<p>&nbsp;<\/p>\n<div class=\"auto-hide-last-sibling-br paragraph-qzbcQC paragraph-element br-paragraph-space\">\u00c4idit ovat olleet ylist\u00e4vi\u00e4. \"T\u00e4m\u00e4 imetystyyny on hengenpelastaja! Se tekee imett\u00e4misest\u00e4 paljon helpompaa ja mukavampaa. En tied\u00e4, miten p\u00e4rj\u00e4sin ilman sit\u00e4\", er\u00e4s tuore \u00e4iti kertoi. Toinen lis\u00e4si: \"Pid\u00e4n siit\u00e4, ett\u00e4 se ei ole vain imetyst\u00e4 varten. K\u00e4yt\u00e4n sit\u00e4 vauvani tukemiseen vatsan aikana ja selk\u00e4nojana, kun luen s\u00e4ngyss\u00e4. Se on niin k\u00e4tev\u00e4, monik\u00e4ytt\u00f6inen tuote.\"<\/div>\n<p>&nbsp;<\/p>\n<div class=\"auto-hide-last-sibling-br paragraph-qzbcQC paragraph-element br-paragraph-space\">Pohjimmiltaan Hug-tyylinen monik\u00e4ytt\u00f6inen imetystyyny on enemm\u00e4n kuin pelkk\u00e4 tyyny; se on \u00e4itien luotettava kumppani, joka parantaa yhteenkuuluvuutta vauvojen kanssa ja tuo mukavuutta ja helppoutta n\u00e4ihin arvokkaisiin ensimm\u00e4isiin p\u00e4iviin ja sen j\u00e4lkeen.<\/div>\n<\/div>\n<\/div>\n<\/div>\n<\/div>\n<\/div>\n<\/div>\n<\/div>\n<\/div>\n<\/div>\n<\/div>\n<\/div>\n<\/div>\n<\/div>\n<\/div>\n<\/div>\n<\/div>\n<\/div>\n<\/div>\n<\/div>\n<\/div>\n<\/div>\n<\/div>\n<\/div>","protected":false},"excerpt":{"rendered":"<p>Hug - style Multi - purpose Nursing Pillow on v\u00e4ltt\u00e4m\u00e4t\u00f6n apuv\u00e4line imett\u00e4ville \u00e4ideille. Sen ergonominen U-muotoinen muotoilu, jonka koko on 46**.<em>42*<\/em>13cm, kietoutuu mukavasti \u00e4idin vartalon ymp\u00e4rille ja antaa vakaan tuen vauvalle ruokinnan aikana. T\u00e4m\u00e4 auttaa v\u00e4hent\u00e4m\u00e4\u00e4n \u00e4idin k\u00e4sivarsien ja sel\u00e4n rasitusta, mik\u00e4 tekee imetysprosessista mukavamman ja rentouttavamman. Pinnassa on pehme\u00e4, kuvioitu pinta, joka on hell\u00e4varainen vauvan ihoa vasten. Saatavana useissa eri v\u00e4reiss\u00e4, kuten vaaleanpunaisena, sinisen\u00e4, harmaana ja keltaisena, siin\u00e4 yhdistyv\u00e4t toiminnallisuus ja ripaus tyyli\u00e4. Imetyksen lis\u00e4ksi sit\u00e4 voidaan k\u00e4ytt\u00e4\u00e4 my\u00f6s vauvan tukemiseen leikin aikana tai \u00e4idin mukavana selk\u00e4nojana, joten se on todella monik\u00e4ytt\u00f6inen lis\u00e4 lastenhuoneeseen.<\/p>","protected":false},"featured_media":3449,"comment_status":"open","ping_status":"closed","template":"","meta":{"_uag_custom_page_level_css":"","site-sidebar-layout":"default","site-content-layout":"","ast-site-content-layout":"default","site-content-style":"default","site-sidebar-style":"default","ast-global-header-display":"","ast-banner-title-visibility":"","ast-main-header-display":"","ast-hfb-above-header-display":"","ast-hfb-below-header-display":"","ast-hfb-mobile-header-display":"","site-post-title":"","ast-breadcrumbs-content":"","ast-featured-img":"","footer-sml-layout":"","ast-disable-related-posts":"","theme-transparent-header-meta":"default","adv-header-id-meta":"","stick-header-meta":"","header-above-stick-meta":"","header-main-stick-meta":"","header-below-stick-meta":"","astra-migrate-meta-layouts":"set","ast-page-background-enabled":"default","ast-page-background-meta":{"desktop":{"background-color":"","background-image":"","background-repeat":"repeat","background-position":"center center","background-size":"auto","background-attachment":"scroll","background-type":"","background-media":"","overlay-type":"","overlay-color":"","overlay-opacity":"","overlay-gradient":""},"tablet":{"background-color":"","background-image":"","background-repeat":"repeat","background-position":"center center","background-size":"auto","background-attachment":"scroll","background-type":"","background-media":"","overlay-type":"","overlay-color":"","overlay-opacity":"","overlay-gradient":""},"mobile":{"background-color":"","background-image":"","background-repeat":"repeat","background-position":"center center","background-size":"auto","background-attachment":"scroll","background-type":"","background-media":"","overlay-type":"","overlay-color":"","overlay-opacity":"","overlay-gradient":""}},"ast-content-background-meta":{"desktop":{"background-color":"var(--ast-global-color-5)","background-image":"","background-repeat":"repeat","background-position":"center center","background-size":"auto","background-attachment":"scroll","background-type":"","background-media":"","overlay-type":"","overlay-color":"","overlay-opacity":"","overlay-gradient":""},"tablet":{"background-color":"var(--ast-global-color-5)","background-image":"","background-repeat":"repeat","background-position":"center center","background-size":"auto","background-attachment":"scroll","background-type":"","background-media":"","overlay-type":"","overlay-color":"","overlay-opacity":"","overlay-gradient":""},"mobile":{"background-color":"var(--ast-global-color-5)","background-image":"","background-repeat":"repeat","background-position":"center center","background-size":"auto","background-attachment":"scroll","background-type":"","background-media":"","overlay-type":"","overlay-color":"","overlay-opacity":"","overlay-gradient":""}}},"product_brand":[],"product_cat":[21],"product_tag":[70,68,71,69],"class_list":{"0":"post-3448","1":"product","2":"type-product","3":"status-publish","4":"has-post-thumbnail","6":"product_cat-others","7":"product_tag-babypillow","8":"product_tag-cuteanimalpillow","9":"product_tag-headshapesupport","10":"product_tag-kouniushapingpillow","11":"desktop-align-left","12":"tablet-align-left","13":"mobile-align-left","15":"first","16":"instock","17":"shipping-taxable","18":"product-type-simple"},"aioseo_notices":[],"uagb_featured_image_src":{"full":["https:\/\/babypillowwholesale.com\/wp-content\/uploads\/2025\/04\/1021.jpg",1000,1000,false],"thumbnail":["https:\/\/babypillowwholesale.com\/wp-content\/uploads\/2025\/04\/1021-150x150.jpg",150,150,true],"medium":["https:\/\/babypillowwholesale.com\/wp-content\/uploads\/2025\/04\/1021-300x300.jpg",300,300,true],"medium_large":["https:\/\/babypillowwholesale.com\/wp-content\/uploads\/2025\/04\/1021-768x768.jpg",768,768,true],"large":["https:\/\/babypillowwholesale.com\/wp-content\/uploads\/2025\/04\/1021.jpg",1000,1000,false],"1536x1536":["https:\/\/babypillowwholesale.com\/wp-content\/uploads\/2025\/04\/1021.jpg",1000,1000,false],"2048x2048":["https:\/\/babypillowwholesale.com\/wp-content\/uploads\/2025\/04\/1021.jpg",1000,1000,false],"trp-custom-language-flag":["https:\/\/babypillowwholesale.com\/wp-content\/uploads\/2025\/04\/1021.jpg",12,12,false],"woocommerce_thumbnail":["https:\/\/babypillowwholesale.com\/wp-content\/uploads\/2025\/04\/1021-300x300.jpg",300,300,true],"woocommerce_single":["https:\/\/babypillowwholesale.com\/wp-content\/uploads\/2025\/04\/1021-600x600.jpg",600,600,true],"woocommerce_gallery_thumbnail":["https:\/\/babypillowwholesale.com\/wp-content\/uploads\/2025\/04\/1021-100x100.jpg",100,100,true]},"uagb_author_info":{"display_name":"Etnen zhong","author_link":"https:\/\/babypillowwholesale.com\/fi\/author\/"},"uagb_comment_info":0,"uagb_excerpt":"The Hug - style Multi - purpose Nursing Pillow is an essential aid for nursing mothers. Its ergonomic U - shaped design, sized at 46*42*13CM, comfortably wraps around the mother's body, providing stable support for the baby during feeding. This helps reduce strain on the mother's arms and back, making the nursing process more comfortable&hellip;","jetpack_sharing_enabled":true,"_links":{"self":[{"href":"https:\/\/babypillowwholesale.com\/fi\/wp-json\/wp\/v2\/product\/3448","targetHints":{"allow":["GET"]}}],"collection":[{"href":"https:\/\/babypillowwholesale.com\/fi\/wp-json\/wp\/v2\/product"}],"about":[{"href":"https:\/\/babypillowwholesale.com\/fi\/wp-json\/wp\/v2\/types\/product"}],"replies":[{"embeddable":true,"href":"https:\/\/babypillowwholesale.com\/fi\/wp-json\/wp\/v2\/comments?post=3448"}],"wp:featuredmedia":[{"embeddable":true,"href":"https:\/\/babypillowwholesale.com\/fi\/wp-json\/wp\/v2\/media\/3449"}],"wp:attachment":[{"href":"https:\/\/babypillowwholesale.com\/fi\/wp-json\/wp\/v2\/media?parent=3448"}],"wp:term":[{"taxonomy":"product_brand","embeddable":true,"href":"https:\/\/babypillowwholesale.com\/fi\/wp-json\/wp\/v2\/product_brand?post=3448"},{"taxonomy":"product_cat","embeddable":true,"href":"https:\/\/babypillowwholesale.com\/fi\/wp-json\/wp\/v2\/product_cat?post=3448"},{"taxonomy":"product_tag","embeddable":true,"href":"https:\/\/babypillowwholesale.com\/fi\/wp-json\/wp\/v2\/product_tag?post=3448"}],"curies":[{"name":"wp","href":"https:\/\/api.w.org\/{rel}","templated":true}]}}