{"id":3445,"date":"2025-04-17T15:32:05","date_gmt":"2025-04-17T15:32:05","guid":{"rendered":"https:\/\/babypillowwholesale.com\/?post_type=product&#038;p=3445"},"modified":"2025-06-08T02:21:40","modified_gmt":"2025-06-08T02:21:40","slug":"u-shaped-neck-protecting-travel-pillow","status":"publish","type":"product","link":"https:\/\/babypillowwholesale.com\/fi\/product\/u-shaped-neck-protecting-travel-pillow\/","title":{"rendered":"U-muotoinen niskan - suojaava matkatyyny"},"content":{"rendered":"<div class=\"auto-hide-last-sibling-br paragraph-qzbcQC paragraph-element br-paragraph-space\" data-immersive-translate-walked=\"8e61f2e7-6af2-46e5-9672-3b9e4f4033d9\" data-immersive-translate-paragraph=\"1\">\n<div class=\"auto-hide-last-sibling-br paragraph-qzbcQC paragraph-element br-paragraph-space\">\n<div class=\"auto-hide-last-sibling-br paragraph-qzbcQC paragraph-element br-paragraph-space\">\n<div class=\"auto-hide-last-sibling-br paragraph-qzbcQC paragraph-element br-paragraph-space\">\n<div class=\"auto-hide-last-sibling-br paragraph-qzbcQC paragraph-element br-paragraph-space\">\n<div class=\"auto-hide-last-sibling-br paragraph-qzbcQC paragraph-element br-paragraph-space\">\n<div class=\"inter-wlTS5w\">\n<div class=\"container-QE4ayg\">\n<div class=\"item-jU10IN\">\n<div class=\"container-jODEnh chrome70-container\">\n<div class=\"inner-eE95c9 inner-item-aL3Ui_\" data-target-id=\"message-box-target-id\" data-testid=\"union_message\">\n<div class=\"message-block-container-liuetz\" data-testid=\"message-block-container\">\n<div class=\"message-box-ZWbBdF\" data-testid=\"receive_message\">\n<div class=\"message-box-content-wrapper-srHdUj\">\n<div class=\"message-content message-box-content-otxGGw receive-message-box-content-_lREFj samantha-message-box-content-Qjmpja\" data-testid=\"message_content\">\n<div class=\"container-hfX5E8 flow-markdown-body theme-samantha-yJEgBp\" dir=\"ltr\" data-testid=\"message_text_content\" data-show-indicator=\"false\">\n<div class=\"auto-hide-last-sibling-br paragraph-qzbcQC paragraph-element br-paragraph-space\">\n<div class=\"auto-hide-last-sibling-br paragraph-qzbcQC paragraph-element br-paragraph-space\">\n<div class=\"auto-hide-last-sibling-br paragraph-qzbcQC paragraph-element br-paragraph-space\">\n<div class=\"auto-hide-last-sibling-br paragraph-qzbcQC paragraph-element br-paragraph-space\">Nauti vertaansa vailla olevasta mukavuudesta liikkeell\u00e4 U-muotoisen, aikuisille huolellisesti suunnitellun, niskoja suojaavan matkatyynyn avulla. Mitat 30*<em>30*<\/em>10cm, sen ergonomisesti muotoiltu U-muotoinen muoto mukautuu kauniisti niskasi \u00e4\u00e4riviivoihin ja ymp\u00e4r\u00f6i sen tukevalla kehdolla. T\u00e4m\u00e4 harkittu muotoilu suojaa niskan rasitusta vastaan, olitpa sitten matkustamassa mantereita pitk\u00e4nmatkan lennolla, l\u00e4hd\u00f6ss\u00e4 luonnonkauniille automatkalle tai varastamassa hetken lepoa toimistossa.<\/div>\n<p>&nbsp;<\/p>\n<div class=\"auto-hide-last-sibling-br paragraph-qzbcQC paragraph-element br-paragraph-space\">Se on valmistettu eritt\u00e4in pehmeist\u00e4, korkealaatuisista materiaaleista, jotka hyv\u00e4ilev\u00e4t ihoa hell\u00e4varaisesti ja takaavat ylellisen kokemuksen. Saatavana tyylikk\u00e4iss\u00e4 s\u00e4vyiss\u00e4 - klassisen harmaana, vieh\u00e4tt\u00e4v\u00e4n\u00e4 vaaleanpunaisena ja seesteisen\u00e4 sinisen\u00e4 - se ei ole vain k\u00e4yt\u00e4nn\u00f6llinen ja v\u00e4ltt\u00e4m\u00e4t\u00f6n, vaan se tuo my\u00f6s ripauksen persoonallista tunnelmaa matkakokonaisuuteesi.<\/div>\n<p>&nbsp;<\/p>\n<div class=\"auto-hide-last-sibling-br paragraph-qzbcQC paragraph-element br-paragraph-space\">Matkustajat ovat ylist\u00e4neet sit\u00e4. \"T\u00e4m\u00e4 matkatyyny on peli - changer! Ennen pelk\u00e4sin pitki\u00e4 lentoja niskakipujen takia, mutta t\u00e4m\u00e4 tyyny teki viimeisimm\u00e4st\u00e4 matkastani tuulahduksen. Se on niin pehme\u00e4 ja sopii t\u00e4ydellisesti\", kertoi er\u00e4s kanta-asiakas. Toinen asiakas kehui: \"Otan sen mukaani jokaiselle automatkalle. Se on kompakti, mukava ja v\u00e4rivaihtoehdot ovat upeita. Siit\u00e4 on tullut v\u00e4ltt\u00e4m\u00e4t\u00f6n osa matkavarustustani.\"<\/div>\n<p>&nbsp;<\/p>\n<div class=\"auto-hide-last-sibling-br paragraph-qzbcQC paragraph-element br-paragraph-space\">Pohjimmiltaan U-muotoinen kaulaa suojaava matkatyyny ei ole vain lis\u00e4varuste, vaan se on passi mukavuuteen, joka tekee jokaisesta matkasta, olipa se pitk\u00e4 tai lyhyt, levollisen ja nautinnollisen kokemuksen.<\/div>\n<\/div>\n<\/div>\n<\/div>\n<\/div>\n<\/div>\n<\/div>\n<\/div>\n<\/div>\n<\/div>\n<\/div>\n<\/div>\n<\/div>\n<\/div>\n<\/div>\n<\/div>\n<\/div>\n<\/div>\n<\/div>\n<\/div>","protected":false},"excerpt":{"rendered":"<p>U-muotoinen kaulaa suojaava matkatyyny on r\u00e4\u00e4t\u00e4l\u00f6ity aikuisille. Erittelyss\u00e4 30*<em>30*<\/em>10cm, sen ergonominen U-muotoinen muoto mukautuu niskaan, antaa erinomaisen tuen ja ehk\u00e4isee tehokkaasti niskan rasitusta matkan aikana. Olitpa sitten pitk\u00e4ll\u00e4 lennolla, automatkalla tai vain ottamassa p\u00e4iv\u00e4unia toimistossa, t\u00e4m\u00e4 tyyny tarjoaa mukavan ja k\u00e4tev\u00e4n ratkaisun. Se on valmistettu pehmeist\u00e4 ja korkealaatuisista materiaaleista, joten se tuntuu hell\u00e4varaiselta ihoa vasten. Saatavana kolmessa tyylikk\u00e4\u00e4ss\u00e4 v\u00e4riss\u00e4 - harmaassa, vaaleanpunaisessa ja sinisess\u00e4 - siin\u00e4 yhdistyv\u00e4t toiminnallisuus ja persoonallinen tyyli, mik\u00e4 tekee siit\u00e4 v\u00e4ltt\u00e4m\u00e4tt\u00f6m\u00e4n matkatarvikkeen niille, jotka etsiv\u00e4t mukavuutta matkalla.<\/p>","protected":false},"featured_media":3446,"comment_status":"open","ping_status":"closed","template":"","meta":{"_uag_custom_page_level_css":"","site-sidebar-layout":"default","site-content-layout":"","ast-site-content-layout":"default","site-content-style":"default","site-sidebar-style":"default","ast-global-header-display":"","ast-banner-title-visibility":"","ast-main-header-display":"","ast-hfb-above-header-display":"","ast-hfb-below-header-display":"","ast-hfb-mobile-header-display":"","site-post-title":"","ast-breadcrumbs-content":"","ast-featured-img":"","footer-sml-layout":"","ast-disable-related-posts":"","theme-transparent-header-meta":"default","adv-header-id-meta":"","stick-header-meta":"","header-above-stick-meta":"","header-main-stick-meta":"","header-below-stick-meta":"","astra-migrate-meta-layouts":"set","ast-page-background-enabled":"default","ast-page-background-meta":{"desktop":{"background-color":"","background-image":"","background-repeat":"repeat","background-position":"center center","background-size":"auto","background-attachment":"scroll","background-type":"","background-media":"","overlay-type":"","overlay-color":"","overlay-opacity":"","overlay-gradient":""},"tablet":{"background-color":"","background-image":"","background-repeat":"repeat","background-position":"center center","background-size":"auto","background-attachment":"scroll","background-type":"","background-media":"","overlay-type":"","overlay-color":"","overlay-opacity":"","overlay-gradient":""},"mobile":{"background-color":"","background-image":"","background-repeat":"repeat","background-position":"center center","background-size":"auto","background-attachment":"scroll","background-type":"","background-media":"","overlay-type":"","overlay-color":"","overlay-opacity":"","overlay-gradient":""}},"ast-content-background-meta":{"desktop":{"background-color":"var(--ast-global-color-5)","background-image":"","background-repeat":"repeat","background-position":"center center","background-size":"auto","background-attachment":"scroll","background-type":"","background-media":"","overlay-type":"","overlay-color":"","overlay-opacity":"","overlay-gradient":""},"tablet":{"background-color":"var(--ast-global-color-5)","background-image":"","background-repeat":"repeat","background-position":"center center","background-size":"auto","background-attachment":"scroll","background-type":"","background-media":"","overlay-type":"","overlay-color":"","overlay-opacity":"","overlay-gradient":""},"mobile":{"background-color":"var(--ast-global-color-5)","background-image":"","background-repeat":"repeat","background-position":"center center","background-size":"auto","background-attachment":"scroll","background-type":"","background-media":"","overlay-type":"","overlay-color":"","overlay-opacity":"","overlay-gradient":""}}},"product_brand":[],"product_cat":[21],"product_tag":[70,68,71,69],"class_list":{"0":"post-3445","1":"product","2":"type-product","3":"status-publish","4":"has-post-thumbnail","6":"product_cat-others","7":"product_tag-babypillow","8":"product_tag-cuteanimalpillow","9":"product_tag-headshapesupport","10":"product_tag-kouniushapingpillow","11":"desktop-align-left","12":"tablet-align-left","13":"mobile-align-left","15":"first","16":"instock","17":"shipping-taxable","18":"product-type-simple"},"aioseo_notices":[],"uagb_featured_image_src":{"full":["https:\/\/babypillowwholesale.com\/wp-content\/uploads\/2025\/04\/\u4ea7\u54c1\u4e3b\u56fe-7.jpg",1000,1000,false],"thumbnail":["https:\/\/babypillowwholesale.com\/wp-content\/uploads\/2025\/04\/\u4ea7\u54c1\u4e3b\u56fe-7-150x150.jpg",150,150,true],"medium":["https:\/\/babypillowwholesale.com\/wp-content\/uploads\/2025\/04\/\u4ea7\u54c1\u4e3b\u56fe-7-300x300.jpg",300,300,true],"medium_large":["https:\/\/babypillowwholesale.com\/wp-content\/uploads\/2025\/04\/\u4ea7\u54c1\u4e3b\u56fe-7-768x768.jpg",768,768,true],"large":["https:\/\/babypillowwholesale.com\/wp-content\/uploads\/2025\/04\/\u4ea7\u54c1\u4e3b\u56fe-7.jpg",1000,1000,false],"1536x1536":["https:\/\/babypillowwholesale.com\/wp-content\/uploads\/2025\/04\/\u4ea7\u54c1\u4e3b\u56fe-7.jpg",1000,1000,false],"2048x2048":["https:\/\/babypillowwholesale.com\/wp-content\/uploads\/2025\/04\/\u4ea7\u54c1\u4e3b\u56fe-7.jpg",1000,1000,false],"trp-custom-language-flag":["https:\/\/babypillowwholesale.com\/wp-content\/uploads\/2025\/04\/\u4ea7\u54c1\u4e3b\u56fe-7.jpg",12,12,false],"woocommerce_thumbnail":["https:\/\/babypillowwholesale.com\/wp-content\/uploads\/2025\/04\/\u4ea7\u54c1\u4e3b\u56fe-7-300x300.jpg",300,300,true],"woocommerce_single":["https:\/\/babypillowwholesale.com\/wp-content\/uploads\/2025\/04\/\u4ea7\u54c1\u4e3b\u56fe-7-600x600.jpg",600,600,true],"woocommerce_gallery_thumbnail":["https:\/\/babypillowwholesale.com\/wp-content\/uploads\/2025\/04\/\u4ea7\u54c1\u4e3b\u56fe-7-100x100.jpg",100,100,true]},"uagb_author_info":{"display_name":"Etnen zhong","author_link":"https:\/\/babypillowwholesale.com\/fi\/author\/"},"uagb_comment_info":0,"uagb_excerpt":"The U - shaped Neck - protecting Travel Pillow is tailor - made for adults. With a specification of 30*30*10CM, its ergonomic U - shape snugly contours to the neck, providing excellent support and effectively preventing neck strain during travel. Whether you're on a long - haul flight, a road trip, or simply taking a&hellip;","jetpack_sharing_enabled":true,"_links":{"self":[{"href":"https:\/\/babypillowwholesale.com\/fi\/wp-json\/wp\/v2\/product\/3445","targetHints":{"allow":["GET"]}}],"collection":[{"href":"https:\/\/babypillowwholesale.com\/fi\/wp-json\/wp\/v2\/product"}],"about":[{"href":"https:\/\/babypillowwholesale.com\/fi\/wp-json\/wp\/v2\/types\/product"}],"replies":[{"embeddable":true,"href":"https:\/\/babypillowwholesale.com\/fi\/wp-json\/wp\/v2\/comments?post=3445"}],"wp:featuredmedia":[{"embeddable":true,"href":"https:\/\/babypillowwholesale.com\/fi\/wp-json\/wp\/v2\/media\/3446"}],"wp:attachment":[{"href":"https:\/\/babypillowwholesale.com\/fi\/wp-json\/wp\/v2\/media?parent=3445"}],"wp:term":[{"taxonomy":"product_brand","embeddable":true,"href":"https:\/\/babypillowwholesale.com\/fi\/wp-json\/wp\/v2\/product_brand?post=3445"},{"taxonomy":"product_cat","embeddable":true,"href":"https:\/\/babypillowwholesale.com\/fi\/wp-json\/wp\/v2\/product_cat?post=3445"},{"taxonomy":"product_tag","embeddable":true,"href":"https:\/\/babypillowwholesale.com\/fi\/wp-json\/wp\/v2\/product_tag?post=3445"}],"curies":[{"name":"wp","href":"https:\/\/api.w.org\/{rel}","templated":true}]}}