{"id":3417,"date":"2025-04-15T10:05:43","date_gmt":"2025-04-15T10:05:43","guid":{"rendered":"https:\/\/babypillowwholesale.com\/?post_type=product&#038;p=3417"},"modified":"2025-06-08T02:51:20","modified_gmt":"2025-06-08T02:51:20","slug":"hydrophilic-foam-childrens-pillow","status":"publish","type":"product","link":"https:\/\/babypillowwholesale.com\/fi\/product\/hydrophilic-foam-childrens-pillow\/","title":{"rendered":"Hydrofiilinen vaahtomuovinen lasten tyyny"},"content":{"rendered":"<div class=\"auto-hide-last-sibling-br paragraph-qzbcQC paragraph-element br-paragraph-space\" data-immersive-translate-walked=\"8e61f2e7-6af2-46e5-9672-3b9e4f4033d9\" data-immersive-translate-paragraph=\"1\">\n<div class=\"auto-hide-last-sibling-br paragraph-qzbcQC paragraph-element br-paragraph-space\">\n<div class=\"auto-hide-last-sibling-br paragraph-qzbcQC paragraph-element br-paragraph-space\">\n<div class=\"auto-hide-last-sibling-br paragraph-qzbcQC paragraph-element br-paragraph-space\">\n<div class=\"auto-hide-last-sibling-br paragraph-qzbcQC paragraph-element br-paragraph-space\">\n<div class=\"auto-hide-last-sibling-br paragraph-qzbcQC paragraph-element br-paragraph-space\">\n<div class=\"inter-wlTS5w\">\n<div class=\"container-QE4ayg\">\n<div class=\"item-jU10IN\">\n<div class=\"container-jODEnh chrome70-container\">\n<div class=\"inner-eE95c9 inner-item-aL3Ui_\" data-target-id=\"message-box-target-id\" data-testid=\"union_message\">\n<div class=\"message-block-container-liuetz\" data-testid=\"message-block-container\">\n<div class=\"message-box-ZWbBdF\" data-testid=\"receive_message\">\n<div class=\"message-box-content-wrapper-srHdUj\">\n<div class=\"message-content message-box-content-otxGGw receive-message-box-content-_lREFj samantha-message-box-content-Qjmpja\" data-testid=\"message_content\">\n<div class=\"container-hfX5E8 flow-markdown-body theme-samantha-yJEgBp\" dir=\"ltr\" data-testid=\"message_text_content\" data-show-indicator=\"false\">\n<div class=\"auto-hide-last-sibling-br paragraph-qzbcQC paragraph-element br-paragraph-space\">\n<div class=\"auto-hide-last-sibling-br paragraph-qzbcQC paragraph-element br-paragraph-space\">\n<div class=\"auto-hide-last-sibling-br paragraph-qzbcQC paragraph-element br-paragraph-space\">\n<div class=\"auto-hide-last-sibling-br paragraph-qzbcQC paragraph-element br-paragraph-space\">\n<div class=\"auto-hide-last-sibling-br paragraph-qzbcQC paragraph-element br-paragraph-space\">\n<div class=\"auto-hide-last-sibling-br paragraph-qzbcQC paragraph-element br-paragraph-space\">Esittelyss\u00e4 Hydrophilic Foam Children's Pillow, unenomainen unikaveri, joka on r\u00e4\u00e4t\u00e4l\u00f6ity 2-8-vuotiaille lapsille. Mitat 45*<em>28*<\/em>3\/5cm, se on mitoiltaan t\u00e4ydellinen lapsen p\u00e4\u00e4n ja niskan kehdoksi ja tarjoaa optimaalisen tuen levolliselle unelle.<\/div>\n<p>&nbsp;<\/p>\n<div class=\"auto-hide-last-sibling-br paragraph-qzbcQC paragraph-element br-paragraph-space\">T\u00e4m\u00e4 tyyny on valmistettu ensiluokkaisesta hydrofiilisest\u00e4 vaahtomuovista, ja se on mukavuuden perikuva. Se on erinomaisen pehme\u00e4 ja kutsuu pienen lapsesi uppoamaan sen pehme\u00e4\u00e4n syleilyyn. Lis\u00e4ksi sen hengitt\u00e4v\u00e4 luonne takaa viile\u00e4n ja miellytt\u00e4v\u00e4n nukkumisymp\u00e4rist\u00f6n, joka pit\u00e4\u00e4 ep\u00e4mukavuuden loitolla, olipa kyseess\u00e4 sitten l\u00e4mmin kes\u00e4y\u00f6 tai kotoisa talvi-ilta.<\/div>\n<p>&nbsp;<\/p>\n<div class=\"auto-hide-last-sibling-br paragraph-qzbcQC paragraph-element br-paragraph-space\">Tyynyn pinta on vieh\u00e4tt\u00e4v\u00e4 ja el\u00e4v\u00e4inen kangas, jota koristaa ihastuttava valikoima Kaakaokarhun kuvioita. Seikkailunhaluisesta Kaakaokarhusta avaruusmatkalla, joka her\u00e4tt\u00e4\u00e4 mielikuvitusta maailmankaikkeuden ihmeist\u00e4, sankarilliseen Kaakaokarhuun surffauksen mestarina, joka inspiroi tarinoita rohkeudesta ja seikkailusta avomerell\u00e4. Jokainen kuva on portti erilaiseen maailmaan, joka on t\u00e4ynn\u00e4 hauskuutta ja fantasiaa, kiehtoo lapsen mielikuvitusta ja tekee nukkumaanmenosta j\u00e4nnitt\u00e4v\u00e4n matkan.<\/div>\n<p>&nbsp;<\/p>\n<div class=\"auto-hide-last-sibling-br paragraph-qzbcQC paragraph-element br-paragraph-space\">N\u00e4m\u00e4 vieh\u00e4tt\u00e4v\u00e4t kuviot tuovat my\u00f6s ripaus persoonallisuutta lapsen makuuhuoneeseen. Siit\u00e4 tulee heid\u00e4n nukkumatilansa keskipiste, ilon ja mukavuuden l\u00e4hde. Kun peittelet lapsesi s\u00e4nkyyn sadun aikana, suloiset Kaakaokarhun kuvitukset luovat pohjan makeille unille. Viikonlopun laiskojen p\u00e4iv\u00e4unien aikana se on pehme\u00e4 turvapaikka, jossa lapsesi voi rentoutua ja rentoutua.<\/div>\n<p>&nbsp;<\/p>\n<div class=\"auto-hide-last-sibling-br paragraph-qzbcQC paragraph-element br-paragraph-space\">Vanhemmat ovat olleet innoissaan t\u00e4st\u00e4 tyynyst\u00e4. \"Minun 5-vuotias lapseni jumaloi ehdottomasti Hydrophilic Foam Children's Pillow -lastentyyny\u00e4! Erilaiset kaakaokarhumallit ovat hitti, ja rakastan sit\u00e4, miten pehme\u00e4 ja hengitt\u00e4v\u00e4 se on. Se on tehnyt nukkumaanmenosta helppoa\", iloitsee er\u00e4s \u00e4iti. Er\u00e4s is\u00e4 lis\u00e4si: \"Olemme huomanneet todellisen eron lapsemme unenlaadussa t\u00e4m\u00e4n tyynyn hankkimisen j\u00e4lkeen. Se on kest\u00e4nyt hyvin, ja s\u00f6p\u00f6t kuviot tekev\u00e4t siit\u00e4 makuuhuoneen sisustuksen suosikkiosan.\"<\/div>\n<p>&nbsp;<\/p>\n<div class=\"auto-hide-last-sibling-br paragraph-qzbcQC paragraph-element br-paragraph-space\">Pohjimmiltaan Hydrophilic Foam Children's Pillow ei ole pelkk\u00e4 vuodevaatteet; se on arvostettu osa lapsesi p\u00e4ivitt\u00e4ist\u00e4 rutiinia, jossa yhdistyv\u00e4t mukavuus, toiminnallisuus ja ripaus omituisuutta luodakseen unikokemuksen, jollaista ei ole ennen n\u00e4hty.<\/div>\n<\/div>\n<\/div>\n<\/div>\n<\/div>\n<\/div>\n<\/div>\n<\/div>\n<\/div>\n<\/div>\n<\/div>\n<\/div>\n<\/div>\n<\/div>\n<\/div>\n<\/div>\n<\/div>\n<\/div>\n<\/div>\n<\/div>\n<\/div>\n<\/div>","protected":false},"excerpt":{"rendered":"<div class=\"container-QE4ayg\">\n<div class=\"item-jU10IN\">\n<div class=\"container-jODEnh chrome70-container\">\n<div class=\"inner-eE95c9 inner-item-aL3Ui_\" data-target-id=\"message-box-target-id\" data-testid=\"union_message\">\n<div class=\"message-block-container-liuetz\" data-testid=\"message-block-container\">\n<div class=\"message-box-ZWbBdF\" data-testid=\"receive_message\" data-message-id=\"3087713235977218\">\n<div class=\"message-box-content-wrapper-srHdUj\">\n<div class=\"message-content message-box-content-otxGGw receive-message-box-content-_lREFj samantha-message-box-content-Qjmpja\" data-testid=\"message_content\">\n<div class=\"container-hfX5E8 flow-markdown-body theme-samantha-yJEgBp\" dir=\"ltr\" data-testid=\"message_text_content\" data-show-indicator=\"false\">\n<div class=\"auto-hide-last-sibling-br paragraph-qzbcQC paragraph-element br-paragraph-space\">Hydrofiilinen vaahtomuovinen lastentyyny on ihanteellinen nukkumistarvike 2-8-vuotiaille lapsille. Erittely 45*<em>28*<\/em>3\/5cm, se on mukavan kokoinen ja tarjoaa kunnon tuen p\u00e4\u00e4h\u00e4n ja niskaan. Tyyny on valmistettu hydrofiilisest\u00e4 vaahtomuovista, joka on pehme\u00e4\u00e4 ja hengitt\u00e4v\u00e4\u00e4, mik\u00e4 takaa viile\u00e4n ja viihtyis\u00e4n nukkumisymp\u00e4rist\u00f6n. Sen pinta on koristeltu useilla suloisilla Cocoa Bear -kuvioilla, mukaan lukien erilaiset teemat, kuten avaruusmatkat ja supersankariseikkailut. N\u00e4m\u00e4 vieh\u00e4tt\u00e4v\u00e4t kuviot eiv\u00e4t ainoastaan puhuttele lasten mielikuvitusta, vaan tuovat my\u00f6s ripauksen hauskuutta heid\u00e4n makuuhuoneisiinsa. T\u00e4ss\u00e4 tyynyss\u00e4 yhdistyv\u00e4t mukavuus, toiminnallisuus ja s\u00f6p\u00f6ys, joten se on erinomainen valinta lasten unen laadun parantamiseen.<\/div>\n<\/div>\n<\/div>\n<\/div>\n<\/div>\n<\/div>\n<\/div>\n<\/div>\n<\/div>\n<\/div>\n<div class=\"container-QE4ayg\">\n<div class=\"item-jU10IN\">\n<div class=\"container-jODEnh chrome70-container\">\n<div class=\"inner-eE95c9 inner-item-aL3Ui_\" data-target-id=\"message-box-target-id\" data-testid=\"union_message\">\n<div class=\"message-block-container-liuetz\" data-testid=\"message-block-container\">\n<div class=\"message-box-ZWbBdF message-box__reverse-vkxp8L\" data-testid=\"send_message\" data-message-id=\"3087382231145474\">\n<div class=\"message-box-content-wrapper-srHdUj send-message-e0EUGT\">\n<div class=\"message-content message-box-content-otxGGw send-message-box-content-N1r3Gh samantha-message-box-content-Qjmpja\" data-testid=\"message_content\"><\/div>\n<\/div>\n<\/div>\n<\/div>\n<\/div>\n<\/div>\n<\/div>\n<\/div>","protected":false},"featured_media":3418,"comment_status":"open","ping_status":"closed","template":"","meta":{"_uag_custom_page_level_css":"","site-sidebar-layout":"default","site-content-layout":"","ast-site-content-layout":"default","site-content-style":"default","site-sidebar-style":"default","ast-global-header-display":"","ast-banner-title-visibility":"","ast-main-header-display":"","ast-hfb-above-header-display":"","ast-hfb-below-header-display":"","ast-hfb-mobile-header-display":"","site-post-title":"","ast-breadcrumbs-content":"","ast-featured-img":"","footer-sml-layout":"","ast-disable-related-posts":"","theme-transparent-header-meta":"default","adv-header-id-meta":"","stick-header-meta":"","header-above-stick-meta":"","header-main-stick-meta":"","header-below-stick-meta":"","astra-migrate-meta-layouts":"set","ast-page-background-enabled":"default","ast-page-background-meta":{"desktop":{"background-color":"","background-image":"","background-repeat":"repeat","background-position":"center center","background-size":"auto","background-attachment":"scroll","background-type":"","background-media":"","overlay-type":"","overlay-color":"","overlay-opacity":"","overlay-gradient":""},"tablet":{"background-color":"","background-image":"","background-repeat":"repeat","background-position":"center center","background-size":"auto","background-attachment":"scroll","background-type":"","background-media":"","overlay-type":"","overlay-color":"","overlay-opacity":"","overlay-gradient":""},"mobile":{"background-color":"","background-image":"","background-repeat":"repeat","background-position":"center center","background-size":"auto","background-attachment":"scroll","background-type":"","background-media":"","overlay-type":"","overlay-color":"","overlay-opacity":"","overlay-gradient":""}},"ast-content-background-meta":{"desktop":{"background-color":"var(--ast-global-color-5)","background-image":"","background-repeat":"repeat","background-position":"center center","background-size":"auto","background-attachment":"scroll","background-type":"","background-media":"","overlay-type":"","overlay-color":"","overlay-opacity":"","overlay-gradient":""},"tablet":{"background-color":"var(--ast-global-color-5)","background-image":"","background-repeat":"repeat","background-position":"center center","background-size":"auto","background-attachment":"scroll","background-type":"","background-media":"","overlay-type":"","overlay-color":"","overlay-opacity":"","overlay-gradient":""},"mobile":{"background-color":"var(--ast-global-color-5)","background-image":"","background-repeat":"repeat","background-position":"center center","background-size":"auto","background-attachment":"scroll","background-type":"","background-media":"","overlay-type":"","overlay-color":"","overlay-opacity":"","overlay-gradient":""}}},"product_brand":[],"product_cat":[57,42],"product_tag":[70,68,71,69],"class_list":{"0":"post-3417","1":"product","2":"type-product","3":"status-publish","4":"has-post-thumbnail","6":"product_cat-2-to-8-years","7":"product_cat-merchandise","8":"product_tag-babypillow","9":"product_tag-cuteanimalpillow","10":"product_tag-headshapesupport","11":"product_tag-kouniushapingpillow","12":"desktop-align-left","13":"tablet-align-left","14":"mobile-align-left","16":"first","17":"instock","18":"shipping-taxable","19":"product-type-simple"},"aioseo_notices":[],"uagb_featured_image_src":{"full":["https:\/\/babypillowwholesale.com\/wp-content\/uploads\/2025\/04\/1709.jpg",1000,1000,false],"thumbnail":["https:\/\/babypillowwholesale.com\/wp-content\/uploads\/2025\/04\/1709-150x150.jpg",150,150,true],"medium":["https:\/\/babypillowwholesale.com\/wp-content\/uploads\/2025\/04\/1709-300x300.jpg",300,300,true],"medium_large":["https:\/\/babypillowwholesale.com\/wp-content\/uploads\/2025\/04\/1709-768x768.jpg",768,768,true],"large":["https:\/\/babypillowwholesale.com\/wp-content\/uploads\/2025\/04\/1709.jpg",1000,1000,false],"1536x1536":["https:\/\/babypillowwholesale.com\/wp-content\/uploads\/2025\/04\/1709.jpg",1000,1000,false],"2048x2048":["https:\/\/babypillowwholesale.com\/wp-content\/uploads\/2025\/04\/1709.jpg",1000,1000,false],"trp-custom-language-flag":["https:\/\/babypillowwholesale.com\/wp-content\/uploads\/2025\/04\/1709.jpg",12,12,false],"woocommerce_thumbnail":["https:\/\/babypillowwholesale.com\/wp-content\/uploads\/2025\/04\/1709-300x300.jpg",300,300,true],"woocommerce_single":["https:\/\/babypillowwholesale.com\/wp-content\/uploads\/2025\/04\/1709-600x600.jpg",600,600,true],"woocommerce_gallery_thumbnail":["https:\/\/babypillowwholesale.com\/wp-content\/uploads\/2025\/04\/1709-100x100.jpg",100,100,true]},"uagb_author_info":{"display_name":"Etnen zhong","author_link":"https:\/\/babypillowwholesale.com\/fi\/author\/"},"uagb_comment_info":0,"uagb_excerpt":"The Hydrophilic Foam Children's Pillow is an ideal sleep accessory for children aged 2 - 8 years. With a specification of 45*28*3\/5CM, it provides a comfortable size that offers proper support for the head and neck. The pillow is made of hydrophilic foam, which is soft and breathable, ensuring a cool and cozy sleep environment.&hellip;","jetpack_sharing_enabled":true,"_links":{"self":[{"href":"https:\/\/babypillowwholesale.com\/fi\/wp-json\/wp\/v2\/product\/3417","targetHints":{"allow":["GET"]}}],"collection":[{"href":"https:\/\/babypillowwholesale.com\/fi\/wp-json\/wp\/v2\/product"}],"about":[{"href":"https:\/\/babypillowwholesale.com\/fi\/wp-json\/wp\/v2\/types\/product"}],"replies":[{"embeddable":true,"href":"https:\/\/babypillowwholesale.com\/fi\/wp-json\/wp\/v2\/comments?post=3417"}],"wp:featuredmedia":[{"embeddable":true,"href":"https:\/\/babypillowwholesale.com\/fi\/wp-json\/wp\/v2\/media\/3418"}],"wp:attachment":[{"href":"https:\/\/babypillowwholesale.com\/fi\/wp-json\/wp\/v2\/media?parent=3417"}],"wp:term":[{"taxonomy":"product_brand","embeddable":true,"href":"https:\/\/babypillowwholesale.com\/fi\/wp-json\/wp\/v2\/product_brand?post=3417"},{"taxonomy":"product_cat","embeddable":true,"href":"https:\/\/babypillowwholesale.com\/fi\/wp-json\/wp\/v2\/product_cat?post=3417"},{"taxonomy":"product_tag","embeddable":true,"href":"https:\/\/babypillowwholesale.com\/fi\/wp-json\/wp\/v2\/product_tag?post=3417"}],"curies":[{"name":"wp","href":"https:\/\/api.w.org\/{rel}","templated":true}]}}